{"id":1002,"date":"2015-01-03T00:49:51","date_gmt":"2015-01-03T00:49:51","guid":{"rendered":"https:\/\/apreis.eu\/newapreis\/?page_id=1002"},"modified":"2017-03-13T11:18:31","modified_gmt":"2017-03-13T11:18:31","slug":"programme-essas-2","status":"publish","type":"page","link":"https:\/\/apreis.eu\/apreis\/programme-essas-2\/","title":{"rendered":"Cartographie ESSAS"},"content":{"rendered":"<p style=\"text-align: center;\"><span style=\"font-size: large;\">\u00a0<\/span><span style=\"font-size: medium;\"><span style=\"font-size: large;\"><strong>INNOVATIONS DURABLES DE L&rsquo;ECONOMIE SOLIDAIRE EN AMERIQUE DU SUD<br \/>\n<\/strong><\/span><\/span><\/p>\n<p style=\"text-align: justify;\">Identifier, classer, cartographier, diffuser, partager, discuter, essaimer et articuler en lignes collaboratives et interactives, les innovations durables locales de l\u2019\u00e9conomie solidaire peuvent contribuer \u00e0 la coh\u00e9rence, au d\u00e9veloppement et \u00e0 la durabilit\u00e9 de cette \u00e9conomie et permettre la territorialisation de la durabilit\u00e9, l\u2019auto estimation de ses acteurs et le d\u00e9veloppement local en Am\u00e9rique Latine.<br \/>\nMais cette action peut \u00e9galement servir \u00e0 l\u2019\u00e9mergence institutionnelle et scientifique de ce troisi\u00e8me p\u00f4le de la rationalit\u00e9 \u00e9conomique \u00e0 l\u2019\u00e9chelle mondiale. Ce p\u00f4le construit et requiert la mise en oeuvre par le local de la durabilit\u00e9 globale, durabilit\u00e9 globale dans laquelle l\u2019acteur civil serait reconnu comme un partenaire majeur.<br \/>\nLe programme ESSAS de cartographie se consacre initialement \u00e0 ces sept domaines cl\u00e9s: * Agriculture rurale et urbaine. * Fabrication de biens \u00e0 partir de la r\u00e9cup\u00e9ration des d\u00e9chets. * Commerce. * Finances. *Tourisme. * Production culturelle, artistique ou artisanale. * Actions culturelles, formatives, \u00e9ducatives ou sportives.<\/p>\n<p style=\"text-align: center;\">Inventaire.\u00a0\u00a0Cartographie. \u00a0Inclusion\u00a0en r\u00e9seau<\/p>\n<p style=\"text-align: center;\"><iframe src=\"https:\/\/mapsengine.google.com\/map\/embed?mid=ziJ_gGP_umZc.kWgnPh0_mHoE\" width=\"614\" height=\"469\" frameborder=\"0\" marginwidth=\"0\" marginheight=\"0\" scrolling=\"no\"><\/iframe><\/p>\n<p>&nbsp;<\/p>\n<p>&nbsp;<\/p>\n<p><strong>\u00a0ETES VOUS UN ACTEUR DE L\u2019ECONOMIE SOLIDAIRE ?<\/strong><\/p>\n<p>Si vous souhaitez, d\u00e9crire votre exp\u00e9rience et appara\u00eetre sur la carte : \u00a0<a href=\"https:\/\/apreis.eu\/essas\/essfr\/?ptype=post_listing\" target=\"_blank\"><strong>Cliquar aqui<\/strong><\/a><\/p>\n<p style=\"text-align: justify;\"><strong>ETES VOUS\u00a0INT\u00c9RESS\u00c9S\u00a0PAR L\u2019ECONOMIE SOLIDAIRE\u00a0?\u00a0<\/strong><\/p>\n<p>Si vous souhaitez contribuer \u00e0\u00a0la r\u00e9alisation du Programme ESSAS,\u00a0interagir avec lui ou mettre en \u0153uvre un projet d\u2019\u00e9conomie solidaire<strong>\u00a0:\u00a0<a href=\"https:\/\/docs.google.com\/forms\/d\/1_i8mYtTF3jYOyyXAuTW9ZYRhOijo0TBvfseggd4Vm9k\/viewform?formkey=dEJWQ25zUmZqcTF6Rm9zVTMxTW5oeUE6MA#gid=0\" target=\"_blank\">Cliquer ici\u00a0<\/a><\/strong><\/p>\n","protected":false},"excerpt":{"rendered":"<p>\u00a0INNOVATIONS DURABLES DE L&rsquo;ECONOMIE SOLIDAIRE EN AMERIQUE DU SUD Identifier, classer, cartographier, diffuser, partager, discuter, essaimer et articuler en lignes collaboratives et interactives, les innovations durables locales de l\u2019\u00e9conomie solidaire peuvent contribuer \u00e0 la coh\u00e9rence, au d\u00e9veloppement et \u00e0 la [&hellip;]<\/p>\n","protected":false},"author":1,"featured_media":0,"parent":0,"menu_order":0,"comment_status":"open","ping_status":"closed","template":"tpl_full_page.php","meta":[],"_links":{"self":[{"href":"https:\/\/apreis.eu\/apreis\/wp-json\/wp\/v2\/pages\/1002"}],"collection":[{"href":"https:\/\/apreis.eu\/apreis\/wp-json\/wp\/v2\/pages"}],"about":[{"href":"https:\/\/apreis.eu\/apreis\/wp-json\/wp\/v2\/types\/page"}],"author":[{"embeddable":true,"href":"https:\/\/apreis.eu\/apreis\/wp-json\/wp\/v2\/users\/1"}],"replies":[{"embeddable":true,"href":"https:\/\/apreis.eu\/apreis\/wp-json\/wp\/v2\/comments?post=1002"}],"version-history":[{"count":0,"href":"https:\/\/apreis.eu\/apreis\/wp-json\/wp\/v2\/pages\/1002\/revisions"}],"wp:attachment":[{"href":"https:\/\/apreis.eu\/apreis\/wp-json\/wp\/v2\/media?parent=1002"}],"curies":[{"name":"wp","href":"https:\/\/api.w.org\/{rel}","templated":true}]}}