{"id":1040,"date":"2015-01-03T18:25:53","date_gmt":"2015-01-03T18:25:53","guid":{"rendered":"https:\/\/apreis.eu\/newapreis\/?page_id=1040"},"modified":"2021-07-30T17:27:19","modified_gmt":"2021-07-30T17:27:19","slug":"presentation","status":"publish","type":"page","link":"https:\/\/apreis.eu\/apreis\/presentation\/","title":{"rendered":"PRESENTATION"},"content":{"rendered":"<p>&nbsp;<\/p>\n<p style=\"text-align: center;\"><span style=\"font-size: 20px; font-family: tahoma, arial, helvetica, sans-serif;\"><strong>Acteurs Pratiques Recherches Europ\u00e9ennes et Internationales <\/strong><\/span><\/p>\n<p style=\"text-align: center;\"><span style=\"font-size: 20px; font-family: tahoma, arial, helvetica, sans-serif;\"><strong>Pour la Soutenabilit\u00e9<\/strong><\/span><\/p>\n<p>&nbsp;<\/p>\n<p><img loading=\"lazy\" class=\"aligncenter size-full wp-image-211\" src=\"https:\/\/apreis.eu\/apreis\/wp-content\/uploads\/2014\/12\/soucoupeb.jpg\" alt=\"soucoupeb\" width=\"694\" height=\"560\" srcset=\"https:\/\/apreis.eu\/apreis\/wp-content\/uploads\/2014\/12\/soucoupeb.jpg 694w, https:\/\/apreis.eu\/apreis\/wp-content\/uploads\/2014\/12\/soucoupeb-300x242.jpg 300w\" sizes=\"(max-width: 694px) 100vw, 694px\" \/><\/p>\n<p>&nbsp;<\/p>\n<p>&nbsp;<\/p>\n<p>&nbsp;<\/p>\n<blockquote><p><strong><span class=\"titrs\">\u00a0 \u00a0 Identit\u00e9 &#8211; Gen\u00e8se<\/span><\/strong><\/p><\/blockquote>\n<p><span class=\"tx\">Laboratoire-r\u00e9seau coop\u00e9ratif mondial, nomade et flexible, sur plate forme num\u00e9rique, cr\u00e9\u00e9 en septembre 2003 par le laboratoire civil de recherches et d&rsquo;actions locales pour le d\u00e9veloppement durable, \u00a0<\/span><img loading=\"lazy\" src=\"https:\/\/apreis.eu\/apreis\/wp-content\/uploads\/2015\/01\/logo-EPICpti-e1457570630805.gif\" alt=\"logo-EPICpti\" width=\"50\" height=\"40\" \/><span class=\"tx\">\u00a0,\u00a0\u00a0association loi fran\u00e7aise 1901<\/span><\/p>\n<p>&nbsp;<\/p>\n<blockquote><p><strong>\u00a0 \u00a0 Objet<\/strong><\/p><\/blockquote>\n<p>&#8211; Un laboratoire scientifique civil \u00a0<em>interg\u00e9n\u00e9rationnel, interculturel, interdisciplinaire, interprofessionnel \u00a0<\/em>de recherches-formations-actions-r\u00e9alisations pour la mise en oeuvre partenariale, d\u00e9centralis\u00e9e et interactive de la durabilit\u00e9 locale et globale<br \/>\n<span class=\"tx\">&#8211; Une source transversale d&rsquo;informations, de propositions, d&rsquo;initiatives, d&rsquo;\u00e9tudes, <\/span><span class=\"tx\">de projets \u00a0et de r\u00e9alisations pour le d\u00e9veloppement local durable<\/span><\/p>\n<p>&nbsp;<\/p>\n<blockquote><p><strong>\u00a0 \u00a0 \u00a0 Th\u00e9matiques<\/strong><\/p><\/blockquote>\n<p>&#8211; Imaginaires, cultures, strat\u00e9gies, modes d&rsquo;organisation, formes de gouvernance<br \/>\n&#8211; Ecologie industrielle, \u00e9conomie circulaire, \u00e9conomie des \u00e9coliaisons, \u00e9nergies\u00a0renouvelables<br \/>\n&#8211; Entreprise durable, \u00e9conomie solidaire, investissement \u00e9thique<br \/>\n&#8211; Commerce \u00e9quitable, tourisme durable<br \/>\n&#8211; Pr\u00e9vention locale et globale du risque climatique et environnemental<br \/>\n&#8211; Dynamiques interculturelles, solidarit\u00e9s r\u00e9gionales, coop\u00e9rations \u00a0internationales d\u00e9centralis\u00e9es<br \/>\n<span class=\"tx\">&#8211; D\u00e9veloppement local, d\u00e9mocratie locale de responsabilit\u00e9,\u00a0monnaie compl\u00e9mentaire locale<\/span><\/p>\n<p>&nbsp;<\/p>\n<blockquote><p><strong><span class=\"titrs\">\u00a0 \u00a0 Principes<\/span><\/strong><\/p><\/blockquote>\n<p>&#8211; D\u00e9cloisonnement spatial, g\u00e9n\u00e9rationnel, social, culturel, disciplinaire et professionnel<br \/>\n&#8211; Cr\u00e9ativit\u00e9s interactionnelles<br \/>\n&#8211; Approche globale et contextualit\u00e9s locales<br \/>\n&#8211; Ethiques du bien commun , de la citoyennet\u00e9, de l&rsquo;\u00a0\u00e9galit\u00e9, de la coop\u00e9ration et de la responsabilit\u00e9 personnelle<br \/>\n&#8211; Ing\u00e9nierie humaine, g\u00e9nie populaire et innovations sociales locales<\/p>\n<p>&nbsp;<\/p>\n<blockquote><p><strong><span class=\"titrs\">\u00a0 \u00a0 Actions<\/span><\/strong><\/p><\/blockquote>\n<p>&#8211; Recherches conceptuelles, techniques et\u00a0pratiques<br \/>\n&#8211; Circulation crois\u00e9e et transfert multingue des connaissances et des comp\u00e9tences<br \/>\n&#8211; Conception et mise en oeuvre partenariales de projets de d\u00e9veloppement local durable<br \/>\n&#8211; Promotion de l&rsquo;expression des jeunes et des femmes<br \/>\n&#8211; Ascension des propositions de la soci\u00e9t\u00e9 civile<br \/>\n&#8211; Aide \u00e0 la d\u00e9cision publique et priv\u00e9e<\/p>\n<p>&nbsp;<\/p>\n","protected":false},"excerpt":{"rendered":"<p>&nbsp; Acteurs Pratiques Recherches Europ\u00e9ennes et Internationales Pour la Soutenabilit\u00e9 &nbsp; &nbsp; &nbsp; &nbsp; \u00a0 \u00a0 Identit\u00e9 &#8211; Gen\u00e8se Laboratoire-r\u00e9seau coop\u00e9ratif mondial, nomade et flexible, sur plate forme num\u00e9rique, cr\u00e9\u00e9 en septembre 2003 par le laboratoire civil de recherches et [&hellip;]<\/p>\n","protected":false},"author":1,"featured_media":0,"parent":0,"menu_order":0,"comment_status":"closed","ping_status":"closed","template":"tpl_full_page.php","meta":[],"_links":{"self":[{"href":"https:\/\/apreis.eu\/apreis\/wp-json\/wp\/v2\/pages\/1040"}],"collection":[{"href":"https:\/\/apreis.eu\/apreis\/wp-json\/wp\/v2\/pages"}],"about":[{"href":"https:\/\/apreis.eu\/apreis\/wp-json\/wp\/v2\/types\/page"}],"author":[{"embeddable":true,"href":"https:\/\/apreis.eu\/apreis\/wp-json\/wp\/v2\/users\/1"}],"replies":[{"embeddable":true,"href":"https:\/\/apreis.eu\/apreis\/wp-json\/wp\/v2\/comments?post=1040"}],"version-history":[{"count":0,"href":"https:\/\/apreis.eu\/apreis\/wp-json\/wp\/v2\/pages\/1040\/revisions"}],"wp:attachment":[{"href":"https:\/\/apreis.eu\/apreis\/wp-json\/wp\/v2\/media?parent=1040"}],"curies":[{"name":"wp","href":"https:\/\/api.w.org\/{rel}","templated":true}]}}