{"id":1171,"date":"2015-02-10T13:23:09","date_gmt":"2015-02-10T13:23:09","guid":{"rendered":"https:\/\/apreis.eu\/newapreis\/?page_id=1171"},"modified":"2025-11-08T12:05:16","modified_gmt":"2025-11-08T12:05:16","slug":"equipe-de-direction","status":"publish","type":"page","link":"https:\/\/apreis.eu\/apreis\/equipe-de-direction\/","title":{"rendered":"Equipe de direction"},"content":{"rendered":"<p style=\"text-align: center;\"><span style=\"font-size: 24px;\"><strong>Equipe de Direction<\/strong><\/span><\/p>\n<p><strong>\u00a0<\/strong><\/p>\n<p><img loading=\"lazy\" class=\"aligncenter wp-image-2113 size-medium\" src=\"https:\/\/apreis.eu\/apreis\/wp-content\/uploads\/piments-2-300x211.jpg\" alt=\"piments 2\" width=\"300\" height=\"211\" \/><\/p>\n<p>&nbsp;<\/p>\n<p><strong><span style=\"font-size: 14px;\">Direction G\u00e9n\u00e9rale \u00a0<\/span>\u00a0<\/strong><\/p>\n<p><span style=\"font-size: 12px;\"><strong>Gian Pietro Armanetti<\/strong>, President de\u00a0l&rsquo;APREIS (<em>European and International Actors, Practices and Research for Sustainability)<\/em><\/span><\/p>\n<p><span style=\"font-size: 12px;\"><strong>Genevi\u00e8ve Blan\u00e9s,\u00a0<\/strong>\u00a0 Coordination du r\u00e9seau\u00a0 international de l&rsquo;APREIS\u00a0<\/span><\/p>\n<p>&nbsp;<\/p>\n<p><span style=\"font-size: 14px; font-family: georgia, palatino, serif;\"><strong>Direction scientifique<\/strong><\/span><\/p>\n<p><span style=\"font-size: 12px;\"><strong>L\u00e9o Dayan,<\/strong> \u00e9conomiste de la Durabilit\u00e9,\u00a0 Directeur \u00a0scientifique de l&rsquo;APREIS<\/span><\/p>\n<p>&nbsp;<\/p>\n<p><span style=\"font-family: tahoma, arial, helvetica, sans-serif; font-size: 14px;\"><strong><span style=\"font-family: georgia, palatino, serif;\">Conseil Scientifique et Ethique (CSE<\/span>)\u00a0<\/strong><\/span><\/p>\n<p><span style=\"font-family: tahoma, arial, helvetica, sans-serif; font-size: 12px;\"><strong>Aude Lorion, <\/strong>dipl\u00f4m\u00e9e de Peace studies. <\/span><span style=\"font-family: tahoma, arial, helvetica, sans-serif; font-size: 12px;\">Interactions sociales et culturelles, <em>France<\/em><\/span><\/p>\n<p><span style=\"font-family: tahoma, arial, helvetica, sans-serif; font-size: 12px;\"><strong>Camille Contoux<\/strong>, chercheuse climatologue, <em>France<\/em><br \/>\n<\/span><\/p>\n<p><span style=\"font-family: tahoma, arial, helvetica, sans-serif; font-size: 12px;\"><strong>\u00a0Eduin Coa, <\/strong>Enseignant de Quechua \u00e0 l &lsquo;Institut National des Langues Orientales (Inalco), <em>France<\/em><\/span><\/p>\n<p><span style=\"font-family: tahoma, arial, helvetica, sans-serif; font-size: 12px;\"><strong>Hugo Dayan<\/strong>, Docteur en Climatologie,\u00a0 Chercheur, Sc\u00e9nariste, R\u00e9alisateur &amp; Monteur de documentaires narratifs sur la Durabilit\u00e9 des d\u00e9veloppements, <em>France<\/em><br \/>\n<\/span><\/p>\n<p><span style=\"font-size: 12px; font-family: tahoma, arial, helvetica, sans-serif;\"><strong>Genevi\u00e8ve Blan\u00e9s, <\/strong>\u00a0litt\u00e9ratures fran\u00e7aise et latino am\u00e9ricaine, <em>France<\/em><\/span><\/p>\n<p><span style=\"font-family: tahoma, arial, helvetica, sans-serif; font-size: 12px;\"><strong>Irena Pietrzky<\/strong>, Universit\u00e9 de sciences \u00e9conomiques de Krakow , <em>Pologne<\/em><\/span><\/p>\n<p><span style=\"font-family: tahoma, arial, helvetica, sans-serif; font-size: 12px;\"><strong>Jun Li<\/strong>, South China Agricultural University, <em>China<\/em><br \/>\n<\/span><\/p>\n<p><span style=\"font-family: tahoma, arial, helvetica, sans-serif; font-size: 12px;\"><strong>Naouffel Ziadi<\/strong>,\u00a0Centre d\u2019Etudes et de Recherches Economiques et Sociales, <em>Tunisie<\/em><\/span><\/p>\n<p><span style=\"font-family: tahoma, arial, helvetica, sans-serif; font-size: 12px;\"><strong>Raouf Jaziri,\u00a0<\/strong> IHEC de Sousse, Universit\u00e9 de Sousse, <em>Tunisie<\/em><\/span><\/p>\n<p><span style=\"font-family: tahoma, arial, helvetica, sans-serif; font-size: 12px;\"><strong>Sabrina Liberatoscioli<\/strong>, ONG Centro Studi Americanistici, <em>Italia<\/em><\/span><\/p>\n<p><span style=\"font-family: tahoma, arial, helvetica, sans-serif; font-size: 12px;\"><strong>Sergio Castro<\/strong>, Pontif\u00edcia Universidade Cat\u00f3lica de Goi\u00e1s , <em>Brasil<\/em><\/span><\/p>\n<p>&nbsp;<\/p>\n<p><img loading=\"lazy\" class=\"aligncenter wp-image-16914 size-full\" src=\"https:\/\/apreis.eu\/apreis\/wp-content\/uploads\/jusfruits2.jpg\" alt=\"\" width=\"341\" height=\"250\" srcset=\"https:\/\/apreis.eu\/apreis\/wp-content\/uploads\/jusfruits2.jpg 341w, https:\/\/apreis.eu\/apreis\/wp-content\/uploads\/jusfruits2-300x220.jpg 300w\" sizes=\"(max-width: 341px) 100vw, 341px\" \/><\/p>\n<p>&nbsp;<\/p>\n","protected":false},"excerpt":{"rendered":"<p>Equipe de Direction \u00a0 &nbsp; Direction G\u00e9n\u00e9rale \u00a0\u00a0 Gian Pietro Armanetti, President de\u00a0l&rsquo;APREIS (European and International Actors, Practices and Research for Sustainability) Genevi\u00e8ve Blan\u00e9s,\u00a0\u00a0 Coordination du r\u00e9seau\u00a0 international de l&rsquo;APREIS\u00a0 &nbsp; Direction scientifique L\u00e9o Dayan, \u00e9conomiste de la Durabilit\u00e9,\u00a0 Directeur [&hellip;]<\/p>\n","protected":false},"author":1,"featured_media":0,"parent":0,"menu_order":0,"comment_status":"closed","ping_status":"closed","template":"tpl_full_page.php","meta":[],"_links":{"self":[{"href":"https:\/\/apreis.eu\/apreis\/wp-json\/wp\/v2\/pages\/1171"}],"collection":[{"href":"https:\/\/apreis.eu\/apreis\/wp-json\/wp\/v2\/pages"}],"about":[{"href":"https:\/\/apreis.eu\/apreis\/wp-json\/wp\/v2\/types\/page"}],"author":[{"embeddable":true,"href":"https:\/\/apreis.eu\/apreis\/wp-json\/wp\/v2\/users\/1"}],"replies":[{"embeddable":true,"href":"https:\/\/apreis.eu\/apreis\/wp-json\/wp\/v2\/comments?post=1171"}],"version-history":[{"count":10,"href":"https:\/\/apreis.eu\/apreis\/wp-json\/wp\/v2\/pages\/1171\/revisions"}],"predecessor-version":[{"id":37031,"href":"https:\/\/apreis.eu\/apreis\/wp-json\/wp\/v2\/pages\/1171\/revisions\/37031"}],"wp:attachment":[{"href":"https:\/\/apreis.eu\/apreis\/wp-json\/wp\/v2\/media?parent=1171"}],"curies":[{"name":"wp","href":"https:\/\/api.w.org\/{rel}","templated":true}]}}