{"id":1182,"date":"2015-02-10T13:27:23","date_gmt":"2015-02-10T13:27:23","guid":{"rendered":"https:\/\/apreis.eu\/newapreis\/?page_id=1182"},"modified":"2019-04-13T18:39:08","modified_gmt":"2019-04-13T18:39:08","slug":"archives","status":"publish","type":"page","link":"https:\/\/apreis.eu\/apreis\/archives\/","title":{"rendered":"Archives"},"content":{"rendered":"<div><\/div>\n<div class=\"panel-grid panel-no-style\"><span style=\"font-size: 12px;\">3 f\u00e9vrier 2011<\/span><\/div>\n<div id=\"pl-1182\" class=\"panel-layout\">\n<div id=\"pg-1182-2\" class=\"panel-grid panel-no-style\">\n<div id=\"pgc-1182-2-0\" class=\"panel-grid-cell\" data-weight=\"1\">\n<div id=\"panel-1182-2-0-0\" class=\"so-panel widget widget_sow-editor panel-first-child panel-last-child\" data-index=\"2\" data-style=\"{&quot;background_display&quot;:&quot;tile&quot;}\">\n<div class=\"so-widget-sow-editor so-widget-sow-editor-base\">\n<div class=\"siteorigin-widget-tinymce textwidget\">\n<div id=\"c546136\" class=\"csc-default\">\n<div class=\"csc-header csc-header-n25\">\n<h3 class=\"csc-header-alignment-center\"><span style=\"font-size: 16px;\">\u00ab\u00a0HA\u00cfTI, AVANT ET APR\u00c8S LE S\u00c9ISME: LE D\u00c9FI DU D\u00c9VELOPPEMENT\u00a0\u00bb<\/span><\/h3>\n<\/div>\n<div class=\"csc-textpic csc-textpic-intext-right csc-textpic-equalheight\">\n<div class=\"csc-textpic-imagewrap\">\n<div class=\"csc-textpic-image csc-textpic-last\"><img loading=\"lazy\" src=\"http:\/\/www.pantheonsorbonne.fr\/fileadmin\/_processed_\/csm_800px-Flag_of_Haiti.svg_01_1f0e7b11e2.png\" alt=\"\" width=\"150\" height=\"90\" border=\"0\" \/><\/div>\n<\/div>\n<div class=\"csc-textpic-text\">\n<p>&nbsp;<\/p>\n<p class=\"align-justify\"><span id=\"text\"><span style=\"font-size: 14px;\">La Chaire des Am\u00e9riques a organis\u00e9\u00a0 la conf\u00e9rence\u00a0 \u00ab\u00a0<strong>Ha\u00efti, avant et apr\u00e8s le s\u00e9isme: le d\u00e9fi du d\u00e9veloppement<\/strong>\u00ab\u00a0<\/span><br \/>\n<\/span><\/p>\n<p>&nbsp;<\/p>\n<p class=\"align-justify\"><span id=\"text\"><img loading=\"lazy\" class=\"aligncenter wp-image-16984 size-full\" src=\"https:\/\/apreis.eu\/apreis\/wp-content\/uploads\/haiticonference-paris-1-e1555180184952.jpg\" alt=\"\" width=\"600\" height=\"365\" \/><\/span><\/p>\n<p>&nbsp;<\/p>\n<p class=\"align-justify\"><span id=\"text\" style=\"font-size: 14px;\">Maison des Sciences \u00c9conomiques (MSE) \u00e0 Paris.<\/span><\/p>\n<p class=\"align-justify\"><span style=\"font-size: 14px;\"><span id=\"text\">Conf\u00e9rencier : M. Camille Chalmers, Professeur d&rsquo;Universit\u00e9, \u00c9conomiste et Intellectuel ha\u00eftien, Directeur ex\u00e9cutif de la Plateforme Ha\u00eftienne de Plaidoyer pour un D\u00e9veloppement Alternatif (PAPDA)<\/span><\/span><\/p>\n<p>Discutant-Mod\u00e9rateur: L\u00e9o Dayan, Directeur scientifique de l&rsquo;Acteurs,Pratiques,Recherches Internationales pour le d\u00e9veloppement durable (APREIS)<\/p>\n<p class=\"bodytext\"><a title=\"APPLICATION, Haiti, Haiti.pdf, 811 KB\" href=\"http:\/\/www.pantheonsorbonne.fr\/fileadmin\/Chaire_Ameriques\/Photographies\/Haiti.pdf\">Photographies<\/a><\/p>\n<\/div>\n<\/div>\n<\/div>\n<div id=\"c546135\" class=\"csc-default\">\n<div class=\"csc-textpic-text\">\n<hr \/>\n<\/div>\n<p><span id=\"text\" style=\"font-size: 12px;\">\u00a025 janvier 2011<\/span><\/p>\n<div class=\"csc-textpic-text\">\n<p class=\"bodytext\"><span style=\"font-size: 20px;\"><strong>APR\u00c8S LA CONF\u00c9RENCE DE CANCUN, LES ENJEUX LI\u00c9S AUX FONDS VERTS<\/strong><\/span><\/p>\n<\/div>\n<\/div>\n<div id=\"c546134\" class=\"csc-default\">\n<div class=\"csc-textpic csc-textpic-intext-right csc-textpic-equalheight\">\n<div class=\"csc-textpic-imagewrap\">\n<div class=\"csc-textpic-image csc-textpic-last\"><img loading=\"lazy\" src=\"http:\/\/www.pantheonsorbonne.fr\/fileadmin\/_processed_\/csm_cancun-mexico-climate-change-conference-2010_01_24771b1a38.jpg\" alt=\"\" width=\"120\" height=\"90\" border=\"0\" \/><\/div>\n<\/div>\n<div class=\"csc-textpic-text\">\n<p class=\"align-justify\"><span id=\"text\" style=\"font-size: 14px;\"><strong>La Chaire des Am\u00e9riques et la French-American Foundation &#8211; France<\/strong> ont organis\u00e9 une conf\u00e9rence le 25 janvier 2011, \u00e0 la Sorbonne, sur les enjeux li\u00e9s aux fonds verts<\/span><\/p>\n<p class=\"align-justify\"><span id=\"text\"><br \/>\n<img loading=\"lazy\" class=\"wp-image-16985 size-full aligncenter\" src=\"https:\/\/apreis.eu\/apreis\/wp-content\/uploads\/cancun-Paris-1-2-e1555180377127.jpg\" alt=\"\" width=\"600\" height=\"232\" \/><\/span><\/p>\n<p class=\"align-justify\" style=\"text-align: justify;\"><span id=\"text\"><br \/>\n<span style=\"font-size: 14px;\">Cette conf\u00e9rence a \u00e9t\u00e9 pr\u00e9sent\u00e9e par Christophe Guillemin, Directeur G\u00e9n\u00e9ral de la French-American Foundation &#8211; France.<\/span><br \/>\n<span style=\"font-size: 14px;\">avec Paul Watkinson, Chef de l&rsquo;\u00e9quipe de n\u00e9gociation climat pour la France et Claude Nahon,\u00a0 EDF, Directrice du D\u00e9veloppement Durable.<\/span><\/span><\/p>\n<p><span style=\"font-size: 14px;\">Discutant: L\u00e9o Dayan, Universit\u00e9 de Paris 1 Panth\u00e9on Sorbonne Paris I, Ma\u00eetre de conf\u00e9rences, Directeur scientifique de l&rsquo;APREIS (Acteurs,Pratiques,Recherches Internationales pour le d\u00e9veloppement durable )<\/span><\/p>\n<p class=\"align-justify\"><span style=\"font-size: 14px;\"><a title=\"APPLICATION, Bulletin d inscription conference 25 janvier 2011, Bulletin_d_inscription_conference_25_janvier_2011.pdf, 83 KB\" href=\"http:\/\/www.pantheonsorbonne.fr\/fileadmin\/Chaire_Ameriques\/Photographies\/Cancun.pdf\" target=\"_blank\" rel=\"noopener noreferrer\">Photographies<\/a><\/span><\/p>\n<\/div>\n<\/div>\n<\/div>\n<\/div>\n<\/div>\n<div id=\"c546136\" class=\"csc-default\">\n<div class=\"csc-textpic csc-textpic-intext-right csc-textpic-equalheight\">\n<div class=\"csc-textpic-text\">\n<p class=\"bodytext\">\n<\/div>\n<\/div>\n<\/div>\n<div id=\"c546135\" class=\"csc-default\">\n<div class=\"csc-textpic-text\">\n<hr \/>\n<\/div>\n<\/div>\n<p class=\"align-justify\"><span style=\"font-size: 12px; font-family: tahoma, arial, helvetica, sans-serif;\">12\/12\/2010<\/span><\/p>\n<div class=\"so-widget-sow-editor so-widget-sow-editor-base\">\n<div class=\"siteorigin-widget-tinymce textwidget\">\n<p style=\"text-align: center;\"><span style=\"font-size: 20px; font-family: tahoma, arial, helvetica, sans-serif;\"><strong>SE NOURRIR AUJOURD&rsquo;HUI, NOURRIR LA PLANETE DEMAIN<\/strong><\/span><\/p>\n<p>&nbsp;<\/p>\n<p>&nbsp;<\/p>\n<p><a href=\"https:\/\/apreis.eu\/apreis\/wp-content\/uploads\/stTrop.jpg\"><img loading=\"lazy\" class=\"aligncenter wp-image-5293 size-full\" src=\"https:\/\/apreis.eu\/apreis\/wp-content\/uploads\/stTrop.jpg\" sizes=\"(max-width: 600px) 100vw, 600px\" alt=\"\" width=\"600\" height=\"351\" srcset=\"https:\/\/apreis.eu\/apreis\/wp-content\/uploads\/stTrop.jpg 600w, https:\/\/apreis.eu\/apreis\/wp-content\/uploads\/stTrop-300x176.jpg 300w\" \/><\/a><\/p>\n<p style=\"text-align: justify;\"><span style=\"font-size: 10px; font-family: tahoma, arial, helvetica, sans-serif;\"><br \/>\n<\/span><span style=\"font-size: 12px;\"><span style=\"font-family: tahoma, arial, helvetica, sans-serif;\">Dr.Cocaul, m\u00e9decin nutritionniste \u00e0 la Piti\u00e9-Salp\u00e9tri\u00e8re, Christian Trouv\u00e9, vice-pr\u00e9sident d\u2019Action contre la Faim, Gilles Fumey, ma\u00eetre de conf\u00e9rence en g\u00e9ographie \u00e0 la SorbonneYves de Kermel, pr\u00e9sident de Var-Equitable, et \u00a0L\u00e9o Dayan, professeur d\u2019\u00e9conomie \u00e0 la Sorbonne\u00a0se sont <\/span><span style=\"font-family: tahoma, arial, helvetica, sans-serif;\">se sont succ\u00e9d\u00e9s \u00a0\u00e0 la 10<sup>eme<\/sup> \u00e9dition des colloques scientifiques \u00abLes Myst\u00e8res du 21e si\u00e8cle\u00bb\u00a0pour d\u00e9battre\u00a0sur le th\u00e8me\u00a0<em>\u00abse nourrir aujourd\u2019hui, nourrir la plan\u00e8te demain\u00bb<\/em>.\u00a0<span style=\"color: #000000;\"><strong><a style=\"color: #000000;\" href=\"https:\/\/www.saint-tropez.fr\/fr\/Actualit%C3%A9s\/Retourenimage\/tabid\/526\/EntryId\/46\/L-alimentation-au-coeur-des-Mysteres.aspx\" target=\"_blank\" rel=\"noopener noreferrer\">Lire la suite<\/a><\/strong><\/span><\/span><\/span><\/p>\n<p>&nbsp;<\/p>\n<p><strong><span style=\"font-size: 20px; font-family: tahoma, arial, helvetica, sans-serif;\">COMMENT GAGNER DURABLEMENT DU POUVOIR D&rsquo;ACHAT ?<\/span><\/strong><\/p>\n<p><span style=\"font-size: 10px; font-family: tahoma, arial, helvetica, sans-serif;\">La Tribune 10 Juillet 2008<\/span><\/p>\n<p style=\"text-align: justify;\"><span style=\"font-size: 12px; font-family: tahoma, arial, helvetica, sans-serif;\">Le pouvoir d&rsquo;achat du salaire est le salaire nominal &#8211; une quantit\u00e9 de monnaie vers\u00e9e en contrepartie d&rsquo;un travail &#8211; rapport\u00e9 \u00e0 l&rsquo;indice des prix \u00e0 la consommation, c&rsquo;est-\u00e0-dire le prix de production auquel s&rsquo;appliquent d&rsquo;autres charges fiscales, dont la TVA. Il se d\u00e9grade parce que le salaire nominal cro\u00eet moins vite que les prix. Que faire pour inciter les entreprises \u00e0 augmenter le salaire nominal sans faire monter les prix? <span style=\"color: #000000;\"><a style=\"color: #000000;\" href=\"https:\/\/apreis.eu\/apreis\/wp-content\/uploads\/2015\/02\/Pouvoir-dachat-tribune.pdf\" target=\"_blank\" rel=\"noopener noreferrer\"><strong>Lire plus<\/strong><\/a><\/span><\/span><\/p>\n<p>&nbsp;<\/p>\n<p><span style=\"font-size: 20px; font-family: tahoma, arial, helvetica, sans-serif;\"><strong><span style=\"color: #333333; text-transform: uppercase;\">&#8230; \u00a0Et si on rempla\u00e7ait les<\/span><\/strong><strong><span style=\"color: #333333; text-transform: uppercase;\">cotisations\u00a0 patronales par<\/span><\/strong><\/span><span style=\"font-size: 20px; font-family: tahoma, arial, helvetica, sans-serif;\"><strong><span style=\"color: #333333; text-transform: uppercase;\">\u00a0un \u00e9co-imp\u00f4t sur le capital polluant ?<\/span><\/strong><\/span><\/p>\n<p><span style=\"font-size: 10px; font-family: tahoma, arial, helvetica, sans-serif;\">Le Figaro , 6 d\u00e9cembre 2007<\/span><\/p>\n<p style=\"text-align: justify;\"><span style=\"font-size: 12px; font-family: tahoma, arial, helvetica, sans-serif;\">En rempla\u00e7ant la part patronale des cotisations sociales par un \u00e9co imp\u00f4t sur le capital polluant, la d\u00e9formation de la fonction de production, provoqu\u00e9e par une fiscalit\u00e9 directe favorable au capital non polluant et au travail, prot\u00e8ge pr\u00e9ventivement la nature et la sant\u00e9 et augmente le volume de l\u2019emploi et le pouvoir d\u2019achat mesur\u00e9 en produits durables. La fixation combin\u00e9e des taux de cotisations sociales et d&rsquo;\u00e9co-imp\u00f4t sur le capital polluant permet l\u2019\u00e9quilibre des comptes sociaux, la stabilit\u00e9 globale des prix et la neutralit\u00e9 budg\u00e9taire de la r\u00e9forme fiscale.\u00a0<strong><a style=\"color: #000000;\" href=\"https:\/\/apreis.eu\/apreis\/wp-content\/uploads\/2015\/02\/Le_Figaro.pdf\" target=\"_blank\" rel=\"noopener noreferrer\">Lire plus<\/a><\/strong><\/span><\/p>\n<p>&nbsp;<\/p>\n<p><span style=\"font-size: 20px;\"><strong><span style=\"font-family: tahoma, arial, helvetica, sans-serif;\">L&rsquo;ORGANISATION TERRITORIALE DE LA GOUVERNANCE, POINT CRITIQUE DE LA MISE EN OEUVRE DU D\u00c9VELOPPEMENT LOCAL DURABLE.<\/span><\/strong><\/span> <span style=\"font-family: tahoma, arial, helvetica, sans-serif; font-size: 16px;\">Exemple du \u00a0territoire de projets du Bu\u00ebch-Durance (France).<\/span><\/p>\n<p><span style=\"font-family: tahoma, arial, helvetica, sans-serif; font-size: 8px;\"><span style=\"font-size: 10px;\">\u00a0Le D\u00e9veloppement territorial. \u00a0Ed. ADICUEER &#8211; Canada. Septembre 2004<\/span><\/span><\/p>\n<p style=\"text-align: justify;\"><span style=\"font-size: 12px; font-family: tahoma, arial, helvetica, sans-serif;\">Une des originalit\u00e9s de l&rsquo;exp\u00e9rience \u00e9tudi\u00e9e dans ce chapitre est qu&rsquo;elle\u00a0concerne un territoire de projets. Une seconde originalit\u00e9 tient \u00e0 ce qu&rsquo;elle est soutenue et financ\u00e9e par programmes europ\u00e9ens inspir\u00e9e d&rsquo;une culture fort divergente avec la culture \u00ab jacobine \u00bb classique fran\u00e7aise. Sa\u00a0troisi\u00e8me originalit\u00e9 r\u00e9side en ce qu&rsquo;elle est une des seules parmi\u00a0toutes les autres du programme europ\u00e9en LEADER I et II\u00a0\u00e0 s&rsquo;\u00eatre appuy\u00e9e d&rsquo;abord sur l&rsquo;ing\u00e9nierie sociale et humaine.<br \/>\n<\/span><span style=\"font-size: 12px; font-family: tahoma, arial, helvetica, sans-serif;\">Cette exp\u00e9rience situ\u00e9e en Bu\u00ebch-Durance, dans les Hautes Alpes, s&rsquo;est traduite par une cr\u00e9ation d&#8217;emplois int\u00e9gr\u00e9s, tr\u00e8s remarquable en nombre comme comp\u00e9tences r\u00e9unies sur un territoire dans lequel la plus petite commune comporte seulement 9 habitants (Nossages-et-B\u00e9nevent), et la plus importante 372 habitants (Laragne-Mont\u00e9glin). Son analyse met \u00e0 jour une diff\u00e9rence entre la d\u00e9marche fran\u00e7aise de la VOYNET sur les Pays et celle de la Commission europ\u00e9enne ax\u00e9e sur le\u00a0territoire de projet \u00bb. Dans le premier cas, les Conseils de d\u00e9veloppement des pays n\u2019ont qu\u2019un r\u00f4le consultatif, dans le deuxi\u00e8me, l&rsquo;instance partenariale est d\u00e9cisionnelle.<br \/>\n<\/span><span style=\"font-size: 12px; font-family: tahoma, arial, helvetica, sans-serif;\">La question du devenir et du contenu des emplois du d\u00e9veloppement local cr\u00e9\u00e9s sur ce territoire de projet ainsi que l&rsquo;\u00e9mergence de v\u00e9ritables m\u00e9tiers d\u00e9veloppement durable local apparaissent subordonn\u00e9es au devenir m\u00eame la dynamique micro-locale qui sous tend et justifie les emplois cr\u00e9\u00e9s. Avec les modalit\u00e9s d&rsquo;application de la loi VOYNET, le cap pourrait ne plus \u00eatre le m\u00eame. Les conditions d&rsquo;exercice, d&rsquo;apprentissage et d&rsquo;\u00e9mergence d&rsquo;un m\u00e9tier qui pourrait \u00eatre essentiel \u00e0 la mise en oeuvre du d\u00e9veloppement durable, l&rsquo;ing\u00e9nierie du d\u00e9veloppement local en territoire rural, pourrait rencontrer des obstacles institutionnels de taille, que les programmes europ\u00e9ens avaient permis contourner.<br \/>\n<\/span><span style=\"color: #000000; font-size: 12px; font-family: tahoma, arial, helvetica, sans-serif;\"><strong><a style=\"color: #000000;\" href=\"https:\/\/apreis.eu\/apreis\/wp-content\/uploads\/2017\/01\/dev.ter_.ld_vc_fm.pdf\" target=\"_blank\" rel=\"noopener noreferrer\">Lire plus<\/a><\/strong><\/span><\/p>\n<p>&nbsp;<\/p>\n<p><span style=\"font-family: tahoma, arial, helvetica, sans-serif; font-size: 20px;\"><span style=\"color: #000000;\"><strong>LE DEVELOPPEMENT EN QUESTION:<\/strong><\/span><\/span><span style=\"font-family: tahoma, arial, helvetica, sans-serif;\"><span style=\"font-size: 28px;\"><strong><span style=\"color: #000000;\"><span style=\"font-size: 20px;\">DU BON SAUVAGE AU SOUS-DEVELOPPE\u00a0<\/span><\/span><\/strong><\/span><\/span><\/p>\n<h2 style=\"text-align: left;\"><span style=\"font-family: tahoma, arial, helvetica, sans-serif;\"><span style=\"font-size: 10px; color: #000000;\"><a style=\"color: #000000;\" href=\"https:\/\/www.persee.fr\/issue\/tiers_0040-7356_1984_num_25_100\" target=\"_blank\" rel=\"noopener noreferrer\"><span class=\"collection\">Tiers-Monde <\/span><span class=\"documentVolume\">\u00a01989 .\u00a0<\/span><span class=\"documentIssueName\">Num\u00e9ro 100\u00a0<\/span>sous la direction de Serge Latouche : Le d\u00e9veloppement en question<\/a><\/span><\/span><\/h2>\n<p style=\"text-align: justify;\"><span style=\"color: #000000; font-family: tahoma, arial, helvetica, sans-serif;\"><span style=\"font-size: 12px;\">\u00ab\u00a0La mort du colonialiste\u00a0\u00bb n&rsquo;a pas \u00e9t\u00e9 \u00ab\u00a0la mort du colonis\u00e9\u00a0\u00bb comme l &lsquo;esp\u00e9rait F. Fanon.\u00a0<\/span><span style=\"font-size: 12px;\">Dans la repr\u00e9sentation nationale, port\u00e9e par l&rsquo;Etat nationalitaire, investie par la repr\u00e9sentation \u00e9conomiciste , se f\u00e9condent et prosp\u00e8rent de nouveaux \u00ab\u00a0sous-d\u00e9veloppements\u00a0\u00bb: l&rsquo;entreprise de d\u00e9valorisation du diff\u00e9rent(d), entam\u00e9e par le colonialisme, se poursuit de l&rsquo;int\u00e9rieur m\u00eame, qui plus est par un autre soi-m\u00eame.<br \/>\n<span style=\"color: #000000;\"><strong><a style=\"color: #000000;\" href=\"https:\/\/apreis.eu\/apreis\/wp-content\/uploads\/2017\/01\/bon-sauvage.pdf\" target=\"_blank\" rel=\"noopener noreferrer\">Lire plus<\/a><\/strong><\/span><\/span><\/span><\/p>\n<p style=\"text-align: justify;\"><span style=\"color: #000000;\"><span style=\"font-size: 12px;\"><span style=\"color: #000000;\"><strong><a style=\"color: #000000;\" href=\"https:\/\/apreis.eu\/apreis\/wp-content\/uploads\/2017\/01\/bon-sauvage.pdf\" target=\"_blank\" rel=\"noopener noreferrer\">\u00a0<\/a><\/strong><\/span><\/span><\/span><\/p>\n<\/div>\n<\/div>\n<\/div>\n<\/div>\n<\/div>\n<\/div>\n","protected":false},"excerpt":{"rendered":"<p>3 f\u00e9vrier 2011 \u00ab\u00a0HA\u00cfTI, AVANT ET APR\u00c8S LE S\u00c9ISME: LE D\u00c9FI DU D\u00c9VELOPPEMENT\u00a0\u00bb &nbsp; La Chaire des Am\u00e9riques a organis\u00e9\u00a0 la conf\u00e9rence\u00a0 \u00ab\u00a0Ha\u00efti, avant et apr\u00e8s le s\u00e9isme: le d\u00e9fi du d\u00e9veloppement\u00ab\u00a0 &nbsp; &nbsp; Maison des Sciences \u00c9conomiques (MSE) \u00e0 [&hellip;]<\/p>\n","protected":false},"author":1,"featured_media":0,"parent":0,"menu_order":0,"comment_status":"open","ping_status":"open","template":"tpl_full_page.php","meta":[],"_links":{"self":[{"href":"https:\/\/apreis.eu\/apreis\/wp-json\/wp\/v2\/pages\/1182"}],"collection":[{"href":"https:\/\/apreis.eu\/apreis\/wp-json\/wp\/v2\/pages"}],"about":[{"href":"https:\/\/apreis.eu\/apreis\/wp-json\/wp\/v2\/types\/page"}],"author":[{"embeddable":true,"href":"https:\/\/apreis.eu\/apreis\/wp-json\/wp\/v2\/users\/1"}],"replies":[{"embeddable":true,"href":"https:\/\/apreis.eu\/apreis\/wp-json\/wp\/v2\/comments?post=1182"}],"version-history":[{"count":0,"href":"https:\/\/apreis.eu\/apreis\/wp-json\/wp\/v2\/pages\/1182\/revisions"}],"wp:attachment":[{"href":"https:\/\/apreis.eu\/apreis\/wp-json\/wp\/v2\/media?parent=1182"}],"curies":[{"name":"wp","href":"https:\/\/api.w.org\/{rel}","templated":true}]}}