{"id":16367,"date":"2019-02-09T12:33:43","date_gmt":"2019-02-09T12:33:43","guid":{"rendered":"https:\/\/apreis.eu\/apreis\/?page_id=16367"},"modified":"2022-10-02T16:03:19","modified_gmt":"2022-10-02T16:03:19","slug":"configurer-navigateur","status":"publish","type":"page","link":"https:\/\/apreis.eu\/apreis\/configurer-navigateur\/","title":{"rendered":"Configurer Navigateur"},"content":{"rendered":"<p>&nbsp;<\/p>\n<p style=\"text-align: center;\"><span style=\"font-size: 28px;\"><strong>CONFIGURER VOTRE NAVIGATEUR<\/strong><\/span><\/p>\n<p>&nbsp;<\/p>\n<p style=\"text-align: justify;\">Nous n&rsquo;avons aucun contr\u00f4le sur le processus employ\u00e9 par les r\u00e9seaux sociaux pour collecter des informations relatives \u00e0 votre navigation sur notre site et associ\u00e9es aux donn\u00e9es personnelles dont ils disposent. Nous vous invitons \u00e0 consulter les politiques de protection de la vie priv\u00e9e de ces r\u00e9seaux sociaux afin de prendre connaissance des finalit\u00e9s d&rsquo;utilisation, notamment publicitaires, des informations de navigation qu&rsquo;ils peuvent recueillir gr\u00e2ce \u00e0 ces boutons applicatifs. Ces politiques de protection doivent notamment vous permettre d&rsquo;exercer vos choix et droits aupr\u00e8s de ces r\u00e9seaux sociaux, notamment en param\u00e9trant vos comptes d&rsquo;utilisation de chacun de ces r\u00e9seaux.<\/p>\n<p>&nbsp;<\/p>\n<p><strong>Pour la gestion des cookies et de vos choix, la configuration de chaque navigateur est diff\u00e9rente. Elle est d\u00e9crite dans le menu d&rsquo;aide de votre navigateur, qui vous permettra de savoir de quelle mani\u00e8re modifier vos souhaits en mati\u00e8re de cookies. Pour\u00a0<\/strong>:<\/p>\n<p>&#8211; Firefox\u00a0:\u00a0<a class=\"spip_out\" href=\"https:\/\/support.mozilla.org\/fr\/kb\/activer-desactiver-cookies-preferences\" rel=\"nofollow\">https:\/\/support.mozilla.org\/fr\/kb\/activer-desactiver-cookies-preferences<\/a><\/p>\n<p>&#8211;\u00a0Google Chrome\u00a0:\u00a0<a class=\"spip_out\" href=\"https:\/\/support.google.com\/chrome\/answer\/95647?hl=fr\" rel=\"nofollow\">https:\/\/support.google.com\/chrome\/answer\/95647?hl=fr<\/a><\/p>\n<p>&#8211;\u00a0Safari\u00a0:\u00a0<a class=\"spip_out\" href=\"https:\/\/support.apple.com\/fr-fr\/guide\/safari\/sfri11471\/mac\" rel=\"nofollow\">https:\/\/support.apple.com\/fr-fr\/guide\/safari\/sfri11471\/mac<\/a><\/p>\n<p>&#8211;\u00a0Microsoft Internet Explorer\u00a0:\u00a0<a class=\"spip_out\" href=\"https:\/\/support.microsoft.com\/fr-fr\/help\/17442\/windows-internet-explorer-delete-manage-cookies\" rel=\"nofollow\">https:\/\/support.microsoft.com\/fr-fr\/help\/17442\/windows-internet-explorer-delete-manage-cookies<\/a><\/p>\n<p>&nbsp;<\/p>\n<p><strong>Vous pouvez \u00e9galement param\u00e9trer votre navigateur afin que celui-ci envoie un code signalant aux sites Web que vous ne souhaitez pas \u00eatre suivis (option \u00ab\u00a0Do\u00a0No Track\u00a0\u00bb). Pour\u00a0:<\/strong><\/p>\n<p>&#8211; Firefox\u00a0:\u00a0<a class=\"spip_out\" href=\"https:\/\/support.mozilla.org\/fr\/kb\/comment-activer-option-ne-pas-pister\" rel=\"nofollow\">https:\/\/support.mozilla.org\/fr\/kb\/comment-activer-option-ne-pas-pister<\/a><\/p>\n<p>&#8211;\u00a0Chrome\u00a0:\u00a0<a class=\"spip_out\" href=\"https:\/\/webkit.org\/blog\/10218\/full-third-party-cookie-blocking-and-more\/\" target=\"_blank\" rel=\"nofollow noopener noreferrer\">https:\/\/support.google.com\/chrome\/answer\/2790761?hl=fr<\/a><\/p>\n<p>&#8211; Safari : <a href=\"https:\/\/webkit.org\/blog\/10218\/full-third-party-cookie-blocking-and-more\/\" target=\"_blank\" rel=\"noopener noreferrer\">https:\/\/webkit.org\/blog\/10218\/full-third-party-cookie-blocking-and-more\/<\/a><\/p>\n<p>&#8211;\u00a0Internet Explorer\u00a0:\u00a0<a class=\"spip_out\" href=\"https:\/\/support.microsoft.com\/fr-fr\/help\/17288\/windows-internet-explorer-11-use-do-not-track\" rel=\"nofollow\">https:\/\/support.microsoft.com\/fr-fr\/help\/17288\/windows-internet-explorer-11-use-do-not-track<\/a><\/p>\n<p><strong>En savoir plus<\/strong>\u00a0:\u00a0<a class=\"spip_out\" href=\"https:\/\/fr.wikipedia.org\/wiki\/Do_Not_Track\" rel=\"nofollow\">https:\/\/fr.wikipedia.org\/wiki\/Do_Not_Track<\/a><\/p>\n<p>&nbsp;<\/p>\n<p><strong>Si vous ne souhaitez pas que notre site enregistre des Cookies \u00e9mis par les r\u00e9seaux sociaux dans votre navigateur , vous pouvez cliquer sur les liens de d\u00e9sactivation suivants qui enregistreront au sein de votre navigateur un Cookie ayant pour unique objet de neutraliser l\u2019utilisation des autres cookies provenant d\u2019un m\u00eame \u00e9metteur. <\/strong><strong>D\u00e9sactiver ces Cookies emp\u00eachera donc toute interaction avec le ou les r\u00e9seaux sociaux concern\u00e9s<\/strong><\/p>\n<ul>\n<li>Pour FACEBOOK :\u00a0<a href=\"https:\/\/www.facebook.com\/help\/568137493302217\">https:\/\/www.facebook.com\/help\/568137493302217<\/a><\/li>\n<li>Pour TWITTER :<br \/>\n<a href=\"https:\/\/support.twitter.com\/articles\/20171379\">https:\/\/support.twitter.com\/articles\/20171379#<\/a><br \/>\n<a href=\"https:\/\/twitter.com\/en\/privacy\" target=\"_blank\" rel=\"noopener noreferrer\">https:\/\/twitter.com\/en\/privacy<\/a><br \/>\n<a href=\"https:\/\/help.twitter.com\/en\/rules-and-policies\/twitter-cookies\" target=\"_blank\" rel=\"noopener noreferrer\">https:\/\/help.twitter.com\/en\/rules-and-policies\/twitter-cookies<\/a><\/li>\n<li>Pour GOOGLE + :\u00a0<a href=\"https:\/\/support.google.com\/accounts\/answer\/61416?hl=fr\">https:\/\/support.google.com\/accounts\/answer\/61416?hl=fr<\/a><\/li>\n<li>Pour LINKEDIN :\u00a0<a href=\"https:\/\/www.linkedin.com\/legal\/cookie-policy\">https:\/\/www.linkedin.com\/legal\/cookie-policy<\/a><\/li>\n<li>Pour YAHOO :\u00a0<a href=\"https:\/\/policies.yahoo.com\/us\/en\/yahoo\/privacy\/topics\/cookies\/index.htm\">https:\/\/policies.yahoo.com\/us\/en\/yahoo\/privacy\/topics\/cookies\/index.htm<\/a><\/li>\n<li>Pour YOUTUBE :\u00a0https:\/\/support.google.com\/accounts\/answer\/61416?hl=fr<\/li>\n<li>Pour VIMEO :\u00a0<a href=\"https:\/\/vimeo.com\/cookie_policy\" target=\"_blank\" rel=\"noopener noreferrer\">https:\/\/vimeo.com\/cookie_policy<\/a><\/li>\n<\/ul>\n<p><strong>Pour vous guider dans la d\u00e9marche de limiter vos traces sur le web, si vous le souhaitez, et en ayant conscience que cela pourra d\u00e9grader votre navigation sur notre site et l\u2019acc\u00e8s \u00e0 nos services, nous vous invitons \u00e0 consulter la page suivante :\u00a0<\/strong><\/p>\n<p><a href=\"https:\/\/www.cnil.fr\/vos-droits\/vos-traces\/les-cookies\/conseils-aux-internautes\/\">https:\/\/www.cnil.fr\/vos-droits\/vos-traces\/les-cookies\/conseils-aux-internautes\/<\/a><\/p>\n<p>La CNIL (Commission Nationale Informatique et Libert\u00e9s) a r\u00e9alis\u00e9 une vid\u00e9o pour tout savoir sur les cookies. La vid\u00e9o est accessible ici :\u00a0<a href=\"https:\/\/www.cnil.fr\/vos-droits\/vos-traces\/les-cookies\/#c5554\">https:\/\/www.cnil.fr\/vos-droits\/vos-traces\/les-cookies\/#c5554<\/a><\/p>\n","protected":false},"excerpt":{"rendered":"<p>&nbsp; CONFIGURER VOTRE NAVIGATEUR &nbsp; Nous n&rsquo;avons aucun contr\u00f4le sur le processus employ\u00e9 par les r\u00e9seaux sociaux pour collecter des informations relatives \u00e0 votre navigation sur notre site et associ\u00e9es aux donn\u00e9es personnelles dont ils disposent. Nous vous invitons \u00e0 [&hellip;]<\/p>\n","protected":false},"author":1,"featured_media":0,"parent":0,"menu_order":0,"comment_status":"closed","ping_status":"closed","template":"tpl_full_page.php","meta":[],"_links":{"self":[{"href":"https:\/\/apreis.eu\/apreis\/wp-json\/wp\/v2\/pages\/16367"}],"collection":[{"href":"https:\/\/apreis.eu\/apreis\/wp-json\/wp\/v2\/pages"}],"about":[{"href":"https:\/\/apreis.eu\/apreis\/wp-json\/wp\/v2\/types\/page"}],"author":[{"embeddable":true,"href":"https:\/\/apreis.eu\/apreis\/wp-json\/wp\/v2\/users\/1"}],"replies":[{"embeddable":true,"href":"https:\/\/apreis.eu\/apreis\/wp-json\/wp\/v2\/comments?post=16367"}],"version-history":[{"count":0,"href":"https:\/\/apreis.eu\/apreis\/wp-json\/wp\/v2\/pages\/16367\/revisions"}],"wp:attachment":[{"href":"https:\/\/apreis.eu\/apreis\/wp-json\/wp\/v2\/media?parent=16367"}],"curies":[{"name":"wp","href":"https:\/\/api.w.org\/{rel}","templated":true}]}}