{"id":4096,"date":"2016-04-04T12:19:24","date_gmt":"2016-04-04T12:19:24","guid":{"rendered":"https:\/\/apreis.eu\/apreis\/?page_id=4096"},"modified":"2021-10-07T23:40:07","modified_gmt":"2021-10-07T23:40:07","slug":"une-strategie-economique-globale-pour-un-developpement-durable-de-la-france","status":"publish","type":"page","link":"https:\/\/apreis.eu\/apreis\/une-strategie-economique-globale-pour-un-developpement-durable-de-la-france\/","title":{"rendered":"Une strat\u00e9gie \u00e9conomique globale  pour un d\u00e9veloppement durable de la France"},"content":{"rendered":"<h1 style=\"text-align: center;\"><span style=\"font-family: tahoma, arial, helvetica, sans-serif;\">Une strat\u00e9gie \u00e9conomique globale<br \/>\n<\/span><em><span style=\"font-family: tahoma, arial, helvetica, sans-serif; font-size: 16px;\">Pour une \u00e9conomie dynamique, cr\u00e9ative et d\u00e9centralis\u00e9e<br \/>\n<\/span><\/em><em><span style=\"font-family: tahoma, arial, helvetica, sans-serif; font-size: 16px;\">lib\u00e9rant l\u2019emploi et permettant la durabilit\u00e9 des societ\u00e9s<\/span><\/em><\/h1>\n<p>&nbsp;<\/p>\n<p style=\"text-align: justify;\"><span style=\"font-family: tahoma, arial, helvetica, sans-serif; font-size: 12px;\">D\u00e9consid\u00e9r\u00e9 par ses d\u00e9ficits \u00a0avant d\u2019appara\u00eetre, hier, \u00a0comme le sauveux miraculeux du syst\u00e8me financier mondial, l\u2019Etat risque, aujourd\u2019 hui, d\u2019appara\u00eetre l\u2019acteur par lequel le syt\u00e8me \u00e9conomique mondial peut poursuivre \u00a0ses ravages politiques, \u00e9cologiques, culturels et sociaux. En raison de la cha\u00eene des interd\u00e9pendances \u00e9conomiques et politiques \u00a0internationales, une politique d\u2019aust\u00e9rit\u00e9 ajoute du ravage \u00e0 ces ravages, y compris \u00a0celui de nourrir \u00a0les appels au protectionnisme.<\/span><\/p>\n<p style=\"text-align: justify;\"><span style=\"font-family: tahoma, arial, helvetica, sans-serif; font-size: 12px;\">Comment en sortir ? Ne \u00a0pas se contenter de la baisse des charges\u00a0sur le travail\u00a0 pour\u00a0 cr\u00e9er de l\u2019emploi <em>ni de la rationalisation <\/em>de l\u2019organisation territoriale<em> pour assainir les comptes de l\u2019Etat. Il s\u2019agit d\u2019abord de permettre l\u2019investissement<\/em>\u00a0 propre des entreprises \u00a0et le d\u00e9veloppement des comp\u00e9tences locales qui\u00a0 viseraient la<em> performance \u00e9conomique, <\/em>la cr\u00e9ation d\u2019emploi et l\u2019augmentation du \u00a0pouvoir d\u2019achat,<span style=\"text-decoration: underline;\"> mesur\u00e9es en termes de biens non polluants.<\/span><\/span><\/p>\n<p style=\"text-align: justify;\"><span style=\"font-family: tahoma, arial, helvetica, sans-serif; font-size: 12px;\">Cela commande une strat\u00e9gie globale, fiscale, mon\u00e9taire et sociale qui rendrait l\u2019\u00e9conomie cr\u00e9atrice.\u00a0 Une strat\u00e9gie qui construirait l\u2019\u00e9conomie du d\u00e9veloppement durable en tournant \u00a0la page des taxes \u00e9cologiques punitives, du march\u00e9 in\u00e9quitable et sp\u00e9culatif des droits \u00e0 polluer, des charges sur l\u2019embauche, du r\u00e9glementarisme et du monopole mon\u00e9taire pour encourager \u00a0l\u2019auto-organisation du d\u00e9veloppement local, les inititiatives de l&rsquo;acteur local et\u00a0 les \u00e9nergies entreprenantes du local (intra et extra muros), dont leurs \u00e9changes coop\u00e9ratifs avec l\u2019acteur civil mondial,\u00a0 pour mettre en oeuvre \u00e0 partir du local un d\u00e9veloppement durable \u00e0 l\u2019\u00e9chelle mondiale.<\/span><\/p>\n<p><span style=\"font-family: tahoma, arial, helvetica, sans-serif;\"><strong>\u00a0<\/strong><\/span><\/p>\n<ol>\n<li><span style=\"font-family: tahoma, arial, helvetica, sans-serif;\"><strong> B\u00e2tir l\u2019\u00e9conomie de la durabilit\u00e9 locale et mondiale du d\u00e9veloppement: <\/strong><strong>l\u2019\u00e9conomie des \u00e9co-liaisons locales<\/strong><\/span><\/li>\n<\/ol>\n<p style=\"text-align: justify;\"><span style=\"font-family: tahoma, arial, helvetica, sans-serif; font-size: 12px;\">Pr\u00e9ventive plut\u00f4t que r\u00e9parative, l\u2019\u00e9conomie de la durabilit\u00e9 se donne une perspective strat\u00e9gique d&rsquo;ensemble et de long terme pour relier les questions de la protection environnementale, du pouvoir d&rsquo;achat et de l&#8217;emploi, de la performance, de la responsabilit\u00e9 sociale et de la relocalisation des entreprises, de la protection sociale, des d\u00e9ficits publics et des in\u00e9galit\u00e9s tout autant que celles du\u00a0 r\u00f4le de l&rsquo;Etat, des collectivit\u00e9s r\u00e9gionales, de la monnaie, de la fiscalit\u00e9\u00a0 et des \u00e9changes internationaux. Ces objectifs ne sont en conflit que si la durabilit\u00e9 du d\u00e9veloppement est r\u00e9duite \u00e0 la question environnementale.<\/span><\/p>\n<p style=\"text-align: justify;\"><span style=\"font-family: tahoma, arial, helvetica, sans-serif; font-size: 12px;\">Une \u00e9conomie produit des biens durables en consid\u00e9rant \u00a0les d\u00e9chets d\u2019une activit\u00e9 comme ressource d\u2019une autre, en rapprochant zones de production et zones de retraitement des d\u00e9chets, en ne concevant, ne produisant et n&rsquo;important que les biens dont les d\u00e9chets sont localement r\u00e9utilisables et les polluants confin\u00e9s en milieu \u00e9tanche. Cette \u00e9conomie d&rsquo;\u00e9co-liaisons locales transforme le produit local en service \u00e0 la fois local et mondial, sobre en mati\u00e8re et intensive en intelligence humaine, en coop\u00e9ration, en travail et en emplois locaux. Mettant localement en boucle le cycle \u00e9conomique global (de l&rsquo;extraction de mati\u00e8re \u00e0 sa r\u00e9utilsation), elle trace les p\u00e9rim\u00e8tres \u00e9conomiques territoriaux durables. Faisant pr\u00e9valoir la qualit\u00e9 de l\u2019information et privil\u00e9giant la productivit\u00e9 des ressources naturelles (produire plus et mieux avec moins de mati\u00e8re et d\u2019\u00e9nergie)\u00a0 \u00a0sur celle du travail, les performances\u00a0 des \u00e9cosyt\u00e8mes \u00e9conomiques locaux qu&rsquo;elle dessinent ne reposent\u00a0 pas sur la r\u00e9duction des salaires\u00a0 mais sur la qualification du travail, la d\u00e9croissance des co\u00fbts des inputs, du traitement des d\u00e9chets, de la r\u00e9glementation environnementale et du transport. Elle donne forme et contenu au \u00a0concept global de durabilit\u00e9 dans des \u00e9co r\u00e9seaux de territoires et\u00a0 des territoires d\u2019\u00e9co r\u00e9seaux\u00a0 et offre les conditions \u00e9conomiques, technologiques et sociales d&rsquo;une strat\u00e9gie autonome et endog\u00e8ne de d\u00e9veloppement local et d\u2019inclusion sociale productive.<\/span><\/p>\n<p style=\"text-align: justify;\"><span style=\"font-family: tahoma, arial, helvetica, sans-serif; font-size: 12px;\">Cette autonomie du d\u00e9veloppement des communaut\u00e9s locales inscrit son ambition dans le projet d\u2019un d\u00e9veloppement durable de l\u2019\u00e9conomie mondiale. Seule cette ambition, forc\u00e9ment interculturelle, o\u00f9 l&rsquo;audace serait de mettre en t\u00eate le\u00a0 plein emploi,\u00a0 la satisfaction des besoins humains essentiels et la conservation du bien commun mondial (l\u2019environnement, l\u2019\u00e9ducation, la connaissance, la sant\u00e9, la biodiversit\u00e9 naturelle et culturelle, etc.), permettrait \u00a0d\u2019emp\u00eacher\u00a0 tant la sph\u00e8re des affaires que celle de l\u2018Etat de tenir un r\u00f4le de carcan d&rsquo;une soci\u00e9t\u00e9 menac\u00e9e par des chocs autant climatiques que civilisationnels.<\/span><\/p>\n<p><span style=\"font-family: tahoma, arial, helvetica, sans-serif;\"><strong>\u00a0<\/strong><\/span><\/p>\n<ol start=\"2\">\n<li><span style=\"font-family: tahoma, arial, helvetica, sans-serif;\"><strong> D\u00e9fiscaliser l\u2019emploi, \u00e9co-imposer les \u00e9quipements polluants et taxer les importations de biens non durables pour abonder un Fonds mondial de la durabilit\u00e9 mondiale\u00a0 et donner sens au libre \u00e9change.<\/strong><\/span><\/li>\n<\/ol>\n<p style=\"text-align: justify;\"><span style=\"font-family: tahoma, arial, helvetica, sans-serif; font-size: 12px;\">Un Etat servirait \u00e0\u00a0 cette construction en faisant d\u00e9battre trois mesures, dont\u00a0 les modalit\u00e9s de leur application:<\/span><\/p>\n<p style=\"text-align: justify;\"><span style=\"font-family: tahoma, arial, helvetica, sans-serif; font-size: 12px;\"><strong>1<\/strong>.la suppression \u00a0progressive mais g\u00e9n\u00e9rale \u00a0des cotisations patronales pour lib\u00e9rer l&#8217;emploi, une des conditions de mise en oeuvre des technologies des \u00e9co liaisons, intensives en main d\u2019oeuvre.<\/span><br \/>\n<span style=\"font-family: tahoma, arial, helvetica, sans-serif; font-size: 12px;\"> <strong>2.<\/strong> l\u2019instauration d\u2019un \u00e9co-imp\u00f4t compensatoire sur les \u00e9quipements polluants \u00a0pour solvabiliser la protection sociale et inciter les entreprises \u00e0 modifier leurs technologies de production aux d\u00e9pens du capital polluant,\u00a0 qui deviendrait plus co\u00fbteux,\u00a0 et\u00a0 en faveur du capital non polluant et de l\u2019emploi, rendus moins co\u00fbteux<\/span><br \/>\n<span style=\"font-family: tahoma, arial, helvetica, sans-serif; font-size: 12px;\"><strong>3.<\/strong>la taxation des importations de biens polluants pour abonder un Fonds Mondial de la durabilit\u00e9 mondiale. <\/span><span style=\"font-size: 12px; font-family: tahoma, arial, helvetica, sans-serif;\">Cette\u00a0 mesure n\u2019est donc\u00a0 pas une mesure de protectionniste. nationale\u00a0 En participant \u00e0 la r\u00e9duction de la surproduction\u00a0 plan\u00e9taire\u00a0 de d\u00e9chets et de polluants, cette mesure entrainera d&rsquo;autres pays, et en premier lieu , de la communaut\u00e9 europ\u00e9enne.<\/span><\/p>\n<p><span style=\"font-size: 12px; font-family: tahoma, arial, helvetica, sans-serif;\">Ensemble,\u00a0 ces trois mesures permettent d&rsquo;orienter le march\u00e9 local, national et mondial vers les investissements de la durabilit\u00e9 et de contribuer \u00e0 construire \u00a0la durabilit\u00e9 \u00e0 l&rsquo;\u00e9chelle locale et mondiale. Tout en permettant d&rsquo;\u00e9conomiser les ressources de l&rsquo;Etat, elles incitent au d\u00e9veloppement des\u00a0 technologies des \u00e9co liaisons locales, augmente le volume global de l\u2019emploi et\u00a0 le pouvoir d&rsquo;achat mesur\u00e9 en\u00a0 biens et services durables. Puisque l&rsquo;offre des biens non polluants\u00a0 s&rsquo;accro\u00eet et leurs prix\u00a0 baissent, la suppression des charges sociales n&rsquo;\u00e9tant pas compens\u00e9e par l&rsquo;\u00e9co-imp\u00f4t pour les entreprises qui les produisent, le pouvoir d\u2019achat\u00a0 des consommateurs\u00a0 ne d\u00e9pendra que de leurs pr\u00e9f\u00e9rences entre \u00a0biens polluants et non polluants, produit localement ou import\u00e9s.<\/span><\/p>\n<p style=\"text-align: justify;\"><span style=\"font-size: 12px; font-family: tahoma, arial, helvetica, sans-serif;\">Cette fiscalit\u00e9 dispense de la\u00a0 tentation de la surr\u00e9glementation qui\u00a0 p\u00e8se sur l&rsquo;entrepreneur et de la tentative permanente des Etats\u00a0 \u00e0 transf\u00e8rer la charge de la r\u00e9forme sur les m\u00e9nages\u00a0par la voie de la taxation \u00e9cologique \u00a0ou de la r\u00e9duction de la protection sociale au lieu de chercher la durabilit\u00e9 d\u00e8s la conception du produit. En\u00a0 donnant\u00a0 sens et direction aux \u00e9changes internationaux: \u00e9manciper l\u2019\u00e9conomie mondiale des technologies polluantes et destructices du travail, elle privil\u00e9gie le libre \u00e9change\u00a0 &#8211; tel que red\u00e9fini en son objet &#8211; au march\u00e9 in\u00e9quitable et sp\u00e9culatif des droits \u00e0 polluer.<\/span><\/p>\n<p style=\"text-align: justify;\"><span style=\"font-family: tahoma, arial, helvetica, sans-serif; font-size: 12px;\">Cette politique renforce\u00a0 l\u2019initiative individuelle, oriente la recherche-d\u00e9veloppement,\u00a0 responsabilise\u00a0 les \u00e9nergies cr\u00e9atrices et entreprenantes du local et, avec l\u2019aide des r\u00e9seaux num\u00e9riques sociaux civils, permet \u00e0\u00a0 la soci\u00e9t\u00e9 civile mondiale et aux communaut\u00e9s locales de se polliniser mutuellement.<\/span><\/p>\n<p style=\"text-align: justify;\"><span style=\"font-family: tahoma, arial, helvetica, sans-serif; font-size: 12px;\">Le retrait des technologies polluantes une fois atteint, d\u2019autres outils fiscaux\u00a0 devront\u00a0 se substituer \u00e0 l\u2019\u00e9co-imp\u00f4t pour financer la protection sociale, mais ils s&rsquo;appliqueront dans un contexte de plein emploi,de diminution des d\u00e9penses li\u00e9es aux maladies environnementales et de la qualit\u00e9 humaine d\u2019une formation multidimensionnelle.<\/span><\/p>\n<p><span style=\"font-family: tahoma, arial, helvetica, sans-serif;\"><strong>\u00a0<\/strong><\/span><\/p>\n<ol start=\"3\">\n<li><span style=\"font-family: tahoma, arial, helvetica, sans-serif;\"><strong> D\u00e9centraliser la gouvernance de la durabilit\u00e9 du d\u00e9veloppement de l&rsquo;\u00e9conomie mondiale: des \u00e9cosyst\u00e8mes \u00e9conomiques locaux, ouverts, bi-mon\u00e9taires et coop\u00e9ratifs. <\/strong><\/span><\/li>\n<\/ol>\n<p><span style=\"font-family: tahoma, arial, helvetica, sans-serif;\"><strong>\u00a0<\/strong><\/span><\/p>\n<p style=\"text-align: justify;\"><span style=\"font-family: tahoma, arial, helvetica, sans-serif; font-size: 12px;\">Pour maintenir \u00a0l&rsquo;autonomie du d\u00e9veloppement de l&rsquo;\u00e9conomie\u00a0 locale et \u00a0soutenir sa capacit\u00e9 de r\u00e9silence\u00a0 dans le syst\u00e8me mon\u00e9taire mondial,\u00a0 \u00a0la construction des \u00e9co liaisons locales doit s\u2019accompagner\u00a0 de la mise en place de syst\u00e8mes locaux bi-mon\u00e9taires, une monnaie compl\u00e9mentaire \u00a0locale et une monnaie internationale. Cette \u00e9conomie globale \u00e0 l&rsquo;\u00e9chelle locale\u00a0 contribue \u00e0 une gouvernance \u00a0d\u00e9centralis\u00e9e de la durabilit\u00e9 de l&rsquo;\u00e9conomie mondiale en favorisant la mise en r\u00e9seau local et mondial des \u00a0acteurs des\u00a0 innovations durables de l&rsquo;\u00e9conomie \u00a0locale, dont\u00a0 ceux de l\u2019\u00e9conomie solidaire, \u00a0pour \u00e9changer leurs biens \u00a0et connaissances \u00a0et celle \u00a0des acteurs civils locaux, nationaux\u00a0 et mondiaux \u00a0pour \u00e9changer des informations et \u00a0cr\u00e9er des projets concrets de durabilit\u00e9 globale.\u00a0<\/span><span style=\"font-family: tahoma, arial, helvetica, sans-serif; font-size: 12px;\">Enfin, cette \u00e9conomie d\u00e9veloppe la\u00a0 coop\u00e9ration internationale institutionnelle et civile \u00a0d\u00e9centralis\u00e9e &#8211; compl\u00e9mentaire et r\u00e9ciproque &#8211;\u00a0 pour mettre en oeuvre des projets de durabilit\u00e9 locale conjoints,\u00a0 co-construits et contextualis\u00e9s.<\/span><\/p>\n<p style=\"text-align: justify;\"><span style=\"font-family: tahoma, arial, helvetica, sans-serif; font-size: 12px;\">Se lancer en pionni\u00e8re d&rsquo;une nouvelle <em>\u00ab\u00a0exception culturelle\u00a0\u00bb<\/em>:\u00a0 la sauvegarde du\u00a0 bien commun mondial et local, dont l&rsquo;\u00e9panouissement des droits humains, est la seule perspective qui offrirait \u00e0 la France un r\u00f4le d\u00e9terminant dans le monde.<\/span><\/p>\n<p style=\"text-align: justify;\"><span style=\"font-size: 10px; font-family: tahoma, arial, helvetica, sans-serif;\">L\u00e9o Dayan<\/span><\/p>\n<p><span style=\"font-family: tahoma, arial, helvetica, sans-serif;\">.<\/span><\/p>\n","protected":false},"excerpt":{"rendered":"<p>Une strat\u00e9gie \u00e9conomique globale Pour une \u00e9conomie dynamique, cr\u00e9ative et d\u00e9centralis\u00e9e lib\u00e9rant l\u2019emploi et permettant la durabilit\u00e9 des societ\u00e9s &nbsp; D\u00e9consid\u00e9r\u00e9 par ses d\u00e9ficits \u00a0avant d\u2019appara\u00eetre, hier, \u00a0comme le sauveux miraculeux du syst\u00e8me financier mondial, l\u2019Etat risque, aujourd\u2019 hui, d\u2019appara\u00eetre [&hellip;]<\/p>\n","protected":false},"author":1,"featured_media":0,"parent":0,"menu_order":0,"comment_status":"closed","ping_status":"closed","template":"tpl_full_page.php","meta":[],"_links":{"self":[{"href":"https:\/\/apreis.eu\/apreis\/wp-json\/wp\/v2\/pages\/4096"}],"collection":[{"href":"https:\/\/apreis.eu\/apreis\/wp-json\/wp\/v2\/pages"}],"about":[{"href":"https:\/\/apreis.eu\/apreis\/wp-json\/wp\/v2\/types\/page"}],"author":[{"embeddable":true,"href":"https:\/\/apreis.eu\/apreis\/wp-json\/wp\/v2\/users\/1"}],"replies":[{"embeddable":true,"href":"https:\/\/apreis.eu\/apreis\/wp-json\/wp\/v2\/comments?post=4096"}],"version-history":[{"count":0,"href":"https:\/\/apreis.eu\/apreis\/wp-json\/wp\/v2\/pages\/4096\/revisions"}],"wp:attachment":[{"href":"https:\/\/apreis.eu\/apreis\/wp-json\/wp\/v2\/media?parent=4096"}],"curies":[{"name":"wp","href":"https:\/\/api.w.org\/{rel}","templated":true}]}}