{"id":6396,"date":"2018-03-24T02:29:22","date_gmt":"2018-03-24T02:29:22","guid":{"rendered":"https:\/\/apreis.eu\/apreis\/?page_id=6396"},"modified":"2023-12-10T18:18:24","modified_gmt":"2023-12-10T18:18:24","slug":"film","status":"publish","type":"page","link":"https:\/\/apreis.eu\/apreis\/film\/","title":{"rendered":"Film resum\u00e9"},"content":{"rendered":"<div id=\"pl-6396\"  class=\"panel-layout\" ><div id=\"pg-6396-0\"  class=\"panel-grid panel-no-style\" ><div id=\"pgc-6396-0-0\"  class=\"panel-grid-cell\" ><div id=\"panel-6396-0-0-0\" class=\"so-panel widget widget_magictextwidget MagicTextWidget panel-first-child panel-last-child\" data-index=\"0\" ><div class=\"panel-widget-style panel-widget-style-for-6396-0-0-0\" ><h3 class=\"widget-title\">travailler<\/h3><div class=\"magictextwidget_box\" style=\"margin-top:0px !important;margin-bottom:0px !important;max-width:779px;height:auto;background-color:;\"><div class=\"magictextwidget_box_inner\" style=\"padding-top:0px !important; padding-right:0px!important;padding-left:0px !important;padding-bottom:0px !important;\"><div class=\"magictextwidget_accroche\" style=\"margin-top:30px !important;margin-bottom:30px !important;color:#1e73be; font-family:inherit !important; font-size:36px !important;letter-spacing:3px !important; font-weight:bold !important; line-height:17px !important; text-align:center !important;\"><p>TRAVAILLER JOLI<\/p>\n<\/div><div class=\"magictextwidget_widget_text\" style=\"margin-top:4px !important;margin-bottom:30px !important;color:#1e73be!important; font-family:inherit !important; font-size:25px !important; font-weight:bold !important; line-height:17px!important; text-align:center!important;  \"><p>pour le nouveau clair de lune<\/p>\n<\/div><\/div><\/div><\/div><\/div><\/div><\/div><div id=\"pg-6396-1\"  class=\"panel-grid panel-no-style\" ><div id=\"pgc-6396-1-0\"  class=\"panel-grid-cell\" ><div id=\"panel-6396-1-0-0\" class=\"so-panel widget widget_black-studio-tinymce widget_black_studio_tinymce panel-first-child\" data-index=\"1\" ><h3 class=\"widget-title\">suite<\/h3><div class=\"textwidget\"><div id=\"pl-5123\" class=\"panel-layout\">\n<div id=\"pg-5123-0\" class=\"panel-grid panel-no-style\" data-style=\"{&quot;background_display&quot;:&quot;tile&quot;}\">\n<div id=\"pgc-5123-0-0\" class=\"panel-grid-cell\" data-weight=\"1\">\n<div id=\"panel-5123-0-0-0\" class=\"so-panel widget widget_magictextwidget MagicTextWidget panel-first-child panel-last-child\" data-index=\"0\" data-style=\"{&quot;background_display&quot;:&quot;tile&quot;}\">\n<p style=\"text-align: justify;\"><span style=\"font-family: arial, helvetica, sans-serif; font-size: 20px; color: #000000;\"><strong>Les cr\u00e9ativit\u00e9s des cultures populaires locales et l\u2019imaginaire de la d<\/strong><strong>ura<\/strong><strong>bilit\u00e9 des d\u00e9veloppements en Am\u00e9rique du Sud \u00e0 travers le voyage au Br\u00e9sil et en Bolivie\u00a0 d\u2019un musicien et po\u00e8te br\u00e9silien composant une chanson.<\/strong><\/span><\/p>\n<p><span style=\"color: #000000;\">\u00a0<\/span><\/p>\n<p><img class=\"aligncenter wp-image-17058 size-full\" src=\"https:\/\/apreis.eu\/apreis\/wp-content\/uploads\/AFFICHE-TJ-VERS-sl-FRANC-60X80-tiers-e1580061916972.png\" alt=\"\" width=\"500\" height=\"594\" \/><\/p>\n<div id=\"pl-4633\" class=\"panel-layout\">\n<div id=\"pg-4611-2\" class=\"panel-grid panel-no-style\">\n<div id=\"pgc-4611-2-0\" class=\"panel-grid-cell\" data-weight=\"1\">\n<div id=\"panel-4611-2-0-1\" class=\"so-panel widget widget_slidedeck2_widget slidedeck2_widget panel-last-child\" data-index=\"3\" data-style=\"{&quot;padding&quot;:&quot;1cm 2cm 1cm 1cm&quot;,&quot;mobile_padding&quot;:&quot;1cm 2cm 1cm 1cm&quot;,&quot;background_image_attachment&quot;:false,&quot;background_display&quot;:&quot;tile&quot;}\">\n<div class=\"panel-widget-style panel-widget-style-for-4611-2-0-1\" style=\"text-align: center;\"><\/div>\n<\/div>\n<\/div>\n<\/div>\n<\/div>\n<\/div>\n<\/div>\n<\/div>\n<\/div>\n<\/div><\/div><div id=\"panel-6396-1-0-1\" class=\"so-panel widget widget_slidedeck2_widget slidedeck2_widget panel-last-child\" data-index=\"2\" ><div class=\"panel-widget-style panel-widget-style-for-6396-1-0-1\" ><div id=\"slidedeck_4625_69d806708d6e6-wrapper\"><iframe class=\"slidedeck-iframe-embed\" id=\"slidedeck_4625_69d806708d6e6\" frameborder=\"0\" allowtransparency=\"yes\"  src=\"https:\/\/apreis.eu\/apreis\/wp-admin\/admin-ajax.php?action=slidedeck_preview_iframe&uniqueid=1580215288&slidedeck=4625&width=740&height=380&outer_width=740&outer_height=380&slidedeck_unique_id=slidedeck_4625_69d806708d6e6&post_id=6396&front_page=false&start=1\" style=\"width:740px;height:380px;\"><\/iframe><\/div><\/div><\/div><\/div><\/div><\/div>","protected":false},"excerpt":{"rendered":"<p>Les cr\u00e9ativit\u00e9s des cultures populaires locales et l\u2019imaginaire de la durabilit\u00e9 des d\u00e9veloppements en Am\u00e9rique du Sud \u00e0 travers le voyage au Br\u00e9sil et en Bolivie\u00a0 d\u2019un musicien et po\u00e8te br\u00e9silien composant une chanson. \u00a0<\/p>\n","protected":false},"author":1,"featured_media":0,"parent":0,"menu_order":0,"comment_status":"closed","ping_status":"closed","template":"tpl_full_page.php","meta":[],"_links":{"self":[{"href":"https:\/\/apreis.eu\/apreis\/wp-json\/wp\/v2\/pages\/6396"}],"collection":[{"href":"https:\/\/apreis.eu\/apreis\/wp-json\/wp\/v2\/pages"}],"about":[{"href":"https:\/\/apreis.eu\/apreis\/wp-json\/wp\/v2\/types\/page"}],"author":[{"embeddable":true,"href":"https:\/\/apreis.eu\/apreis\/wp-json\/wp\/v2\/users\/1"}],"replies":[{"embeddable":true,"href":"https:\/\/apreis.eu\/apreis\/wp-json\/wp\/v2\/comments?post=6396"}],"version-history":[{"count":10,"href":"https:\/\/apreis.eu\/apreis\/wp-json\/wp\/v2\/pages\/6396\/revisions"}],"predecessor-version":[{"id":36965,"href":"https:\/\/apreis.eu\/apreis\/wp-json\/wp\/v2\/pages\/6396\/revisions\/36965"}],"wp:attachment":[{"href":"https:\/\/apreis.eu\/apreis\/wp-json\/wp\/v2\/media?parent=6396"}],"curies":[{"name":"wp","href":"https:\/\/api.w.org\/{rel}","templated":true}]}}