{"id":1040,"date":"2015-01-03T18:25:53","date_gmt":"2015-01-03T18:25:53","guid":{"rendered":"https:\/\/apreis.eu\/newapreis\/?page_id=1040"},"modified":"2019-03-03T18:37:43","modified_gmt":"2019-03-03T18:37:43","slug":"apresentacao","status":"publish","type":"page","link":"https:\/\/apreis.eu\/apreisbr\/apresentacao\/","title":{"rendered":"APRESENTACAO"},"content":{"rendered":"<p>&nbsp;<\/p>\n<p style=\"text-align: center;\"><span style=\"font-size: 20px; font-family: tahoma, arial, helvetica, sans-serif;\"><strong>Atores Pr\u00e1ticas Investiga\u00e7\u00f5es Europeias e Internacionais<\/strong><\/span><\/p>\n<p style=\"text-align: center;\"><strong><span style=\"font-size: 20px; font-family: tahoma, arial, helvetica, sans-serif;\">Para a Sustentabilidade\u00a0<\/span><\/strong><\/p>\n<p>&nbsp;<\/p>\n<p>&nbsp;<\/p>\n<p><img loading=\"lazy\" class=\"aligncenter size-full wp-image-211\" src=\"https:\/\/apreis.eu\/apreisbr\/wp-content\/uploads\/2014\/12\/soucoupeb.jpg\" alt=\"\" width=\"694\" height=\"560\" srcset=\"https:\/\/apreis.eu\/apreisbr\/wp-content\/uploads\/2014\/12\/soucoupeb.jpg 694w, https:\/\/apreis.eu\/apreisbr\/wp-content\/uploads\/2014\/12\/soucoupeb-300x242.jpg 300w\" sizes=\"(max-width: 694px) 100vw, 694px\" \/><\/p>\n<p>&nbsp;<\/p>\n<p>&nbsp;<\/p>\n<blockquote>\n<p style=\"text-align: justify;\"><strong><span class=\"titrs\"><strong>\u00a0 \u00a0 \u00a0<span class=\"titrs\" style=\"color: #cc3333;\">Identidade &#8211; G\u00e9nese <\/span><\/strong><br \/>\n<\/span><\/strong><span style=\"font-size: 12px; font-family: tahoma, arial, helvetica, sans-serif;\"><span class=\"titrs\">Laborat\u00f3rio-Rede <\/span><span class=\"titrs\"> cooperativo\u00a0\u00a0mundial, m\u00f3vel, n\u00f3made e flex\u00edvel, sobre plataforma num\u00e9rica, criado em Setembro de 2003 pelo laborat\u00f3rio civil de pesquisas e de a\u00e7\u00e3os locais sobre o desenvolvimento sustent\u00e1vel, uma associa\u00e7\u00e3o de Lei francesa 1901 sobre as associa\u00e7\u00e3os,<img loading=\"lazy\" src=\"https:\/\/apreis.eu\/apreisbr\/wp-content\/uploads\/2015\/01\/logo-EPICpti-e1457570778464.gif\" alt=\"logo-EPICpti\" width=\"45\" height=\"36\" \/> , fundada en 1989<\/span><\/span><\/p>\n<p>&nbsp;<\/p>\n<blockquote><p><strong><span class=\"titrs\"><strong><span class=\"titrs\" style=\"color: #cc3333;\">\u00a0 \u00a0 Natureza &#8211; Objeto<\/span><\/strong><br \/>\n<\/span><\/strong><span style=\"font-size: 12px; font-family: tahoma, arial, helvetica, sans-serif;\"><span class=\"titrs\">Laborat\u00f3rio cient\u00edfico civil\u00a0<\/span><span class=\"titrs\"><em>intergerencial, interdisciplinar, interprofissional, intercultural\u00a0<\/em>de investiga\u00e7\u00f5es &#8211; forma\u00e7\u00f5es &#8211; ac\u00e7\u00f5es &#8211; realiza\u00e7\u00f5es para a implementa\u00e7\u00e3o de\u00a0parceria e interactiva da sustentabilidade local e global<br \/>\nFonte transversal\u00a0civil de informa\u00e7a\u00f5es, de propostas, de iniciativas, de estudos, de projectos\u00a0<\/span><span class=\"titrs\">e de realiza\u00e7\u00f5es para o desenvolvimento sustent\u00e1vel local<\/span><\/span><strong><span class=\"titrs\"><br \/>\n<\/span><\/strong><\/p>\n<p>&nbsp;<\/p>\n<blockquote><p><strong><span class=\"titrs\"><span class=\"titrs\" style=\"color: #cc3333;\">\u00a0 \u00a0 Tem\u00e1ticas <\/span><br \/>\n<\/span><\/strong><span style=\"font-size: 12px; font-family: tahoma, arial, helvetica, sans-serif;\"><span class=\"titrs\">Imagin\u00e1rios, estrat\u00e9gias, modos de organiza\u00e7\u00e3o, formas de\u00a0<\/span><span class=\"titrs\">governa\u00e7\u00e3o<br \/>\nEcologia industrial, economia circular,\u00a0economia de eco-liga\u00e7\u00f5es,\u00a0energias renov\u00e1veis<br \/>\nEmpresa sustent\u00e1vel, economia solid\u00e1ria, investimento \u00e9tico<br \/>\nCom\u00e9rcio equitativo, turismo sustentavel<br \/>\nPreven\u00e7\u00e3o global do risco clim\u00e1tico e meio ambiental<br \/>\nDin\u00e2micas interculturais, solidariedades regionais, coopera\u00e7\u00f5es descentralizadas<br \/>\nSolidariedades regionais Coopera\u00e7\u00f5es internacionais descentralizadas<br \/>\nDesenvolvimento local, democracia local de responsabilidade,\u00a0moeda local social<\/span><\/span><strong><span class=\"titrs\"><br \/>\n<\/span><\/strong><\/p>\n<p>&nbsp;<\/p>\n<blockquote><p><strong><span class=\"titrs\"><strong><span class=\"titrs\" style=\"color: #cc3333;\">\u00a0 \u00a0 Princ\u00edpios<\/span><br \/>\n<\/strong><\/span><\/strong><span style=\"font-size: 12px; font-family: tahoma, arial, helvetica, sans-serif;\"><span class=\"titrs\"><span class=\"tx\">Descompartimenta\u00e7\u00e3o<b class=\"b4\">\u00a0<\/b>espacial, g\u00e9n\u00e9rationel, social, cultural, disciplinar e profissional<\/span><\/span><span class=\"titrs\"><span class=\"tx\"><br \/>\n<\/span><\/span><span class=\"titrs\"><span class=\"tx\"> Criatividades\u00a0interacionais<\/span><\/span><strong><span class=\"titrs\"><span class=\"tx\"><br \/>\n<\/span><\/span><\/strong><span class=\"titrs\"><span class=\"tx\">Abordagem global e contextos locais<\/span><\/span><strong><span class=\"titrs\"><span class=\"tx\"><br \/>\n<\/span><\/span><\/strong><span class=\"titrs\"><span class=\"tx\">\u00c9tica do bem commun, da cidadania, da egalidad, da \u00a0parceria \u00a0e da responsabiliza\u00e7\u00e3o pessoal<\/span><\/span><strong><span class=\"titrs\"><span class=\"tx\"><br \/>\n<\/span><\/span><\/strong>Engenharia humana, g\u00e9nio popular e inova\u00e7\u00e3o social<\/span><\/p>\n<p>&nbsp;<\/p>\n<blockquote><p><strong><span class=\"titrs\"><strong><span class=\"titrs\" style=\"color: #cc3333;\">\u00a0 Ac\u00e7\u00f5es<\/span><br \/>\n<\/strong><\/span><\/strong><span style=\"font-family: tahoma, arial, helvetica, sans-serif; font-size: 12px;\"><span class=\"titrs\"><span class=\"tx\">Investiga\u00e7\u00f5es conceituais, t\u00e9cnicas e\u00a0pr\u00e1ticas<br \/>\n<\/span><\/span><span class=\"titrs\"><span class=\"tx\">Circula\u00e7\u00e3o \u00a0e transfer\u00eancia multingue dos conhecimentos e das compet\u00eancias<\/span><\/span><strong><span class=\"titrs\"><span class=\"tx\"><br \/>\n<\/span><\/span><\/strong><span class=\"titrs\"><span class=\"tx\">Concep\u00e7\u00e3o e <\/span><\/span><span class=\"titrs\"><span class=\"tx\">implementa\u00e7\u00e3o de projetos em<\/span><\/span><span class=\"titrs\"><span class=\"tx\">\u00a0parceria de desenvolvimento local<\/span><\/span><strong><span class=\"titrs\"><span class=\"tx\"><br \/>\n<\/span><\/span><\/strong><span class=\"titrs\"><span class=\"tx\">Promo\u00e7\u00e3o da express\u00e3o jovens e mulheres<\/span><\/span><strong><span class=\"titrs\"><span class=\"tx\"><br \/>\n<\/span><\/span><\/strong><span class=\"titrs\"><span class=\"tx\">Ascens\u00e3o das proposi\u00e7\u00f5es da sociedade civil<\/span><\/span><strong><span class=\"titrs\"><span class=\"tx\"><br \/>\n<\/span><\/span><\/strong><span class=\"titrs\"><span class=\"tx\">Apoios\u00a0\u00e0 decis\u00e3o p\u00fablica e privada<\/span><\/span><\/span><\/p><\/blockquote>\n<\/blockquote>\n<\/blockquote>\n<\/blockquote>\n<p>&nbsp;<\/p><\/blockquote>\n","protected":false},"excerpt":{"rendered":"<p>&nbsp; Atores Pr\u00e1ticas Investiga\u00e7\u00f5es Europeias e Internacionais Para a Sustentabilidade\u00a0 &nbsp; &nbsp; &nbsp; &nbsp; \u00a0 \u00a0 \u00a0Identidade &#8211; G\u00e9nese Laborat\u00f3rio-Rede cooperativo\u00a0\u00a0mundial, m\u00f3vel, n\u00f3made e flex\u00edvel, sobre plataforma num\u00e9rica, criado em Setembro de 2003 pelo laborat\u00f3rio civil de pesquisas e de [&hellip;]<\/p>\n","protected":false},"author":1,"featured_media":0,"parent":0,"menu_order":0,"comment_status":"closed","ping_status":"closed","template":"tpl_full_page.php","meta":[],"_links":{"self":[{"href":"https:\/\/apreis.eu\/apreisbr\/wp-json\/wp\/v2\/pages\/1040"}],"collection":[{"href":"https:\/\/apreis.eu\/apreisbr\/wp-json\/wp\/v2\/pages"}],"about":[{"href":"https:\/\/apreis.eu\/apreisbr\/wp-json\/wp\/v2\/types\/page"}],"author":[{"embeddable":true,"href":"https:\/\/apreis.eu\/apreisbr\/wp-json\/wp\/v2\/users\/1"}],"replies":[{"embeddable":true,"href":"https:\/\/apreis.eu\/apreisbr\/wp-json\/wp\/v2\/comments?post=1040"}],"version-history":[{"count":2,"href":"https:\/\/apreis.eu\/apreisbr\/wp-json\/wp\/v2\/pages\/1040\/revisions"}],"predecessor-version":[{"id":17851,"href":"https:\/\/apreis.eu\/apreisbr\/wp-json\/wp\/v2\/pages\/1040\/revisions\/17851"}],"wp:attachment":[{"href":"https:\/\/apreis.eu\/apreisbr\/wp-json\/wp\/v2\/media?parent=1040"}],"curies":[{"name":"wp","href":"https:\/\/api.w.org\/{rel}","templated":true}]}}