{"id":3218,"date":"2015-01-03T00:49:51","date_gmt":"2015-01-03T00:49:51","guid":{"rendered":"https:\/\/apreis.eu\/newapreis\/?page_id=1002"},"modified":"2019-03-03T18:38:22","modified_gmt":"2019-03-03T18:38:22","slug":"cartografia-essas","status":"publish","type":"page","link":"https:\/\/apreis.eu\/apreisbr\/cartografia-essas\/","title":{"rendered":"Cartografia ESSAS"},"content":{"rendered":"<p style=\"text-align: center;\"><span style=\"font-size: 14pt;\">\u00a0<\/span><\/p>\n<p style=\"text-align: center;\"><span style=\"font-size: medium;\"><span style=\"font-size: 14pt;\"><strong>INOVA\u00c7\u00d5ES LOCAIS SUSTENTAVEIS DA ECONOMIA SOLIDARIA\u00a0<\/strong><\/span><strong><span style=\"font-size: 14pt;\">NA AM\u00c9RICA DO SUL\u00a0<\/span><br \/>\n<\/strong><\/span><\/p>\n<p style=\"text-align: justify;\"><span style=\"font-size: small;\"> Inventariar, classificar, mapear, difundir, partilhar, discutir,\u00a0semear e articular, em linhas colaborativas e em liga\u00e7\u00f5es\u00a0interativas as inova\u00e7\u00f5es sustent\u00e1veis locais da economia\u00a0solid\u00e1ria\u00a0podem contribuir conjuntamente na\u00a0 coer\u00eancia,\u00a0 crescimento e sustentabilidade e permitir a territorializa\u00e7\u00e3o\u00a0da sustentabilidade, a \u00a0auto-estima dos actores e o desenvolvimento local na Am\u00e9rica Latina.<br \/>\n<\/span><span style=\"font-size: small;\">Mas esta\u00a0ac\u00e7\u00e3o pode tamb\u00e9m servir \u00e0 emerg\u00eancia institucional e cient\u00edfica na escala mundial deste terceiro polo de racionalidade econ\u00f4mica, que reatualiza e requer a pr\u00e1tica da sustentabilidade pelo local e para a sustentabilidade global e na qual o ator civil \u00e9 reconhecido como um parceiro maior.<\/span><\/p>\n<p style=\"text-align: justify;\">O \u00a0mapeamento \u00a0ESSAS contemplara inicialmente sete campos chaves :<br \/>\n<strong>*Agricultura rural e urbana \u00a0 *Fabrica\u00e7\u00e3o de bens a partir da recupera\u00e7\u00e3o dos residuos \u00a0 *Com\u00e9rcio \u00a0 *Finan\u00e7a \u00a0\u00a0*Turismo \u00a0\u00a0*Produ\u00e7\u00e3o cultural, art\u00edstica e artesanal \u00a0 \u00a0*Ac\u00e7\u00f5es culturais, \u00a0formativas, educativas ou desportivas.<\/strong><\/p>\n<p>&nbsp;<\/p>\n<p style=\"text-align: center;\"><span style=\"font-size: 24pt;\"><strong>MAPA ESSAS GLOBAL<\/strong><\/span><\/p>\n<p style=\"text-align: center;\"><span style=\"font-size: 12pt;\"><span style=\"font-size: 10pt;\">\u00a0<\/span><span style=\"font-size: 14pt;\"><span style=\"font-size: 10pt;\">I<\/span><span style=\"font-size: 10pt;\">nvent\u00e1rio. Mapeamento. Inclus\u00e3o em rede<\/span><br \/>\n<\/span><strong><br \/>\n<\/strong><\/span><\/p>\n<p style=\"text-align: center;\"><iframe src=\"https:\/\/mapsengine.google.com\/map\/embed?mid=ziJ_gGP_umZc.kCSJv7JewvIw\" width=\"100%\" height=\"631\"><\/iframe><\/p>\n<p>&nbsp;<\/p>\n<p><strong style=\"text-align: justify;\">Voc\u00ea \u00e9 ator da Economia Solidaria?\u00a0<\/strong><\/p>\n<p style=\"text-align: justify;\">Se sim, gostaria de descrever sua\u00a0experi\u00eancia e aparecer sobre o mapa :<a href=\"https:\/\/apreis.eu\/essas\/?ptype=post_listing\" target=\"_blank\" rel=\"noopener noreferrer\">\u00a0<strong>Cliquar aqui<\/strong><\/a><\/p>\n<p style=\"text-align: justify;\"><strong>Sao interessados pela economia solidaria\u00a0?\u00a0<\/strong><\/p>\n<p style=\"text-align: justify;\">Se quiser contribuir para a realiza\u00e7\u00e3o do\u00a0Programa ESSAS ou interagir com ele ou\u00a0implementar\u00a0um\u00a0projecto de economia solid\u00e1rio<strong> :<\/strong>\u00a0<strong><a href=\"https:\/\/docs.google.com\/forms\/d\/1zBMTtDVEacY5x_0EpmCG_m5CMbWyUn5RfoLZSqhLWJY\/viewform?formkey=dGgxVjdoN0xBdWpWdW15WFdFcGk1cFE6MA#gid=0\" target=\"_blank\" rel=\"noopener noreferrer\">Cliquar aqui\u00a0<\/a><\/strong><\/p>\n","protected":false},"excerpt":{"rendered":"<p>\u00a0 INOVA\u00c7\u00d5ES LOCAIS SUSTENTAVEIS DA ECONOMIA SOLIDARIA\u00a0NA AM\u00c9RICA DO SUL\u00a0 Inventariar, classificar, mapear, difundir, partilhar, discutir,\u00a0semear e articular, em linhas colaborativas e em liga\u00e7\u00f5es\u00a0interativas as inova\u00e7\u00f5es sustent\u00e1veis locais da economia\u00a0solid\u00e1ria\u00a0podem contribuir conjuntamente na\u00a0 coer\u00eancia,\u00a0 crescimento e sustentabilidade e permitir a [&hellip;]<\/p>\n","protected":false},"author":1,"featured_media":0,"parent":0,"menu_order":0,"comment_status":"closed","ping_status":"closed","template":"tpl_full_page.php","meta":[],"_links":{"self":[{"href":"https:\/\/apreis.eu\/apreisbr\/wp-json\/wp\/v2\/pages\/3218"}],"collection":[{"href":"https:\/\/apreis.eu\/apreisbr\/wp-json\/wp\/v2\/pages"}],"about":[{"href":"https:\/\/apreis.eu\/apreisbr\/wp-json\/wp\/v2\/types\/page"}],"author":[{"embeddable":true,"href":"https:\/\/apreis.eu\/apreisbr\/wp-json\/wp\/v2\/users\/1"}],"replies":[{"embeddable":true,"href":"https:\/\/apreis.eu\/apreisbr\/wp-json\/wp\/v2\/comments?post=3218"}],"version-history":[{"count":1,"href":"https:\/\/apreis.eu\/apreisbr\/wp-json\/wp\/v2\/pages\/3218\/revisions"}],"predecessor-version":[{"id":7197,"href":"https:\/\/apreis.eu\/apreisbr\/wp-json\/wp\/v2\/pages\/3218\/revisions\/7197"}],"wp:attachment":[{"href":"https:\/\/apreis.eu\/apreisbr\/wp-json\/wp\/v2\/media?parent=3218"}],"curies":[{"name":"wp","href":"https:\/\/api.w.org\/{rel}","templated":true}]}}