{"id":3222,"date":"2015-02-10T13:23:09","date_gmt":"2015-02-10T13:23:09","guid":{"rendered":"https:\/\/apreis.eu\/newapreis\/?page_id=1171"},"modified":"2019-09-03T16:45:42","modified_gmt":"2019-09-03T16:45:42","slug":"equipe-de-direcao","status":"publish","type":"page","link":"https:\/\/apreis.eu\/apreisbr\/equipe\/equipe-de-direcao\/","title":{"rendered":"Equipa de dire\u00e7\u00e3o"},"content":{"rendered":"<p>&nbsp;<\/p>\n<p style=\"text-align: center;\"><span style=\"font-size: 24px;\"><strong>Equipe de Dire\u00e7\u00e3o<\/strong><\/span><\/p>\n<p>&nbsp;<\/p>\n<p><img loading=\"lazy\" class=\"aligncenter wp-image-16701 size-full\" src=\"https:\/\/apreis.eu\/apreisbr\/wp-content\/uploads\/2019\/04\/piments-2-300x211.jpg\" alt=\"\" width=\"300\" height=\"211\" srcset=\"https:\/\/apreis.eu\/apreisbr\/wp-content\/uploads\/2019\/04\/piments-2-300x211.jpg 300w, https:\/\/apreis.eu\/apreisbr\/wp-content\/uploads\/2019\/04\/piments-2-300x211-150x105.jpg 150w\" sizes=\"(max-width: 300px) 100vw, 300px\" \/><\/p>\n<p>&nbsp;<\/p>\n<p>&nbsp;<\/p>\n<p><span style=\"font-size: 14px; font-family: tahoma, arial, helvetica, sans-serif;\"><strong>Dire\u00e7\u00e3o \u00a0Geral \u00a0<\/strong><\/span><\/p>\n<p><span style=\"font-size: 12px; font-family: tahoma, arial, helvetica, sans-serif;\"><strong>Gian Pietro Armanetti<\/strong>, Presidente da APREIS (<em>European and International Actors, Practices and Research for Sustainability)<\/em><\/span><\/p>\n<p><span style=\"font-size: 12px; font-family: tahoma, arial, helvetica, sans-serif;\"><strong>Genevi\u00e8ve Blan\u00e9s, \u00a0<\/strong>Coordena\u00e7\u00e3o da rede internacional da APREIS<\/span><\/p>\n<p>&nbsp;<\/p>\n<p><strong><span style=\"font-size: 14px; font-family: tahoma, arial, helvetica, sans-serif;\">Dire\u00e7\u00e3o\u00a0Cientifica<\/span><\/strong><\/p>\n<p><span style=\"font-size: 12px; font-family: tahoma, arial, helvetica, sans-serif;\"><strong>L\u00e9o Dayan,<\/strong>\u00a0Universit\u00e9 de Paris I Panth\u00e9on Sorbonne, France. Diretor\u00a0cient\u00edfico\u00a0da APREIS<\/span><\/p>\n<p>&nbsp;<\/p>\n<p><span style=\"font-size: 14px; font-family: tahoma, arial, helvetica, sans-serif;\"><strong>Conselho cientifico \u00a0e Etico \u00a0( CSE)\u00a0<\/strong><\/span><\/p>\n<p><span style=\"font-family: tahoma, arial, helvetica, sans-serif; font-size: 12px;\"><strong>Camille Contoux<\/strong>,chercheuse climatologue CNRS, France<br \/>\n<\/span><\/p>\n<p><span style=\"font-family: tahoma, arial, helvetica, sans-serif; font-size: 12px;\"><strong>Hugo Dayan<\/strong>, chercheur climatologue CNRS, France<br \/>\n<\/span><\/p>\n<p><span style=\"font-family: tahoma, arial, helvetica, sans-serif; font-size: 12px;\"><strong>Irena Pietrzky<\/strong>, Universit\u00e9 de sciences \u00e9conomiques de Krakow , Pologne<\/span><\/p>\n<p><span style=\"font-family: tahoma, arial, helvetica, sans-serif; font-size: 12px;\"><strong>Jun Li<\/strong>, South China Agricultural University<\/span><\/p>\n<p><span style=\"font-family: tahoma, arial, helvetica, sans-serif; font-size: 12px;\"><strong>Naouffel Ziadi<\/strong>, Centre d\u2019Etudes et de Recherches Economiques et Sociales, Tunisie<\/span><\/p>\n<p><span style=\"font-family: tahoma, arial, helvetica, sans-serif; font-size: 12px;\"><strong>Raouf Jaziri, <\/strong> IHEC de Sousse, Universit\u00e9 de Sousse, Tunisie<\/span><\/p>\n<p><span style=\"font-family: tahoma, arial, helvetica, sans-serif; font-size: 12px;\"><strong>Sabrina Liberatoscioli<\/strong>, ONG Centro Studi Americanistici, Italia<\/span><\/p>\n<p><span style=\"font-family: tahoma, arial, helvetica, sans-serif; font-size: 12px;\"><strong>Sergio Castro<\/strong>, Pontif\u00edcia Universidade Cat\u00f3lica de Goi\u00e1s , Brasil<\/span><\/p>\n<p>&nbsp;<\/p>\n<p>&nbsp;<\/p>\n<p><img loading=\"lazy\" class=\"aligncenter wp-image-16704 size-full\" src=\"https:\/\/apreis.eu\/apreisbr\/wp-content\/uploads\/2019\/04\/jusfruits2.jpg\" alt=\"\" width=\"341\" height=\"250\" srcset=\"https:\/\/apreis.eu\/apreisbr\/wp-content\/uploads\/2019\/04\/jusfruits2.jpg 341w, https:\/\/apreis.eu\/apreisbr\/wp-content\/uploads\/2019\/04\/jusfruits2-300x220.jpg 300w\" sizes=\"(max-width: 341px) 100vw, 341px\" \/><\/p>\n","protected":false},"excerpt":{"rendered":"<p>&nbsp; Equipe de Dire\u00e7\u00e3o &nbsp; &nbsp; &nbsp; Dire\u00e7\u00e3o \u00a0Geral \u00a0 Gian Pietro Armanetti, Presidente da APREIS (European and International Actors, Practices and Research for Sustainability) Genevi\u00e8ve Blan\u00e9s, \u00a0Coordena\u00e7\u00e3o da rede internacional da APREIS &nbsp; Dire\u00e7\u00e3o\u00a0Cientifica L\u00e9o Dayan,\u00a0Universit\u00e9 de Paris I [&hellip;]<\/p>\n","protected":false},"author":1,"featured_media":0,"parent":3221,"menu_order":0,"comment_status":"closed","ping_status":"closed","template":"tpl_full_page.php","meta":[],"_links":{"self":[{"href":"https:\/\/apreis.eu\/apreisbr\/wp-json\/wp\/v2\/pages\/3222"}],"collection":[{"href":"https:\/\/apreis.eu\/apreisbr\/wp-json\/wp\/v2\/pages"}],"about":[{"href":"https:\/\/apreis.eu\/apreisbr\/wp-json\/wp\/v2\/types\/page"}],"author":[{"embeddable":true,"href":"https:\/\/apreis.eu\/apreisbr\/wp-json\/wp\/v2\/users\/1"}],"replies":[{"embeddable":true,"href":"https:\/\/apreis.eu\/apreisbr\/wp-json\/wp\/v2\/comments?post=3222"}],"version-history":[{"count":10,"href":"https:\/\/apreis.eu\/apreisbr\/wp-json\/wp\/v2\/pages\/3222\/revisions"}],"predecessor-version":[{"id":17016,"href":"https:\/\/apreis.eu\/apreisbr\/wp-json\/wp\/v2\/pages\/3222\/revisions\/17016"}],"up":[{"embeddable":true,"href":"https:\/\/apreis.eu\/apreisbr\/wp-json\/wp\/v2\/pages\/3221"}],"wp:attachment":[{"href":"https:\/\/apreis.eu\/apreisbr\/wp-json\/wp\/v2\/media?parent=3222"}],"curies":[{"name":"wp","href":"https:\/\/api.w.org\/{rel}","templated":true}]}}