{"id":3224,"date":"2015-02-10T13:24:09","date_gmt":"2015-02-10T13:24:09","guid":{"rendered":"https:\/\/apreis.eu\/newapreis\/?page_id=1175"},"modified":"2019-03-03T18:39:03","modified_gmt":"2019-03-03T18:39:03","slug":"parceiros","status":"publish","type":"page","link":"https:\/\/apreis.eu\/apreisbr\/equipe\/parceiros\/","title":{"rendered":"Parceiros"},"content":{"rendered":"<p style=\"text-align: center;\"><span style=\"font-family: tahoma, arial, helvetica, sans-serif; font-size: 24px;\"><strong>PARCEIROS<\/strong><\/span><\/p>\n<p>&nbsp;<\/p>\n<p>&nbsp;<\/p>\n<p><a href=\"https:\/\/www.quiquiho.com\/\" target=\"_blank\" rel=\"noopener noreferrer\"><img loading=\"lazy\" class=\"aligncenter size-full wp-image-4047\" src=\"https:\/\/apreis.eu\/apreisbr\/wp-content\/uploads\/2017\/06\/quiquiho_production.jpg\" alt=\"quiquiho_production\" width=\"268\" height=\"83\" \/><\/a>\u00a0<img loading=\"lazy\" class=\"aligncenter wp-image-4056 size-full\" src=\"https:\/\/apreis.eu\/apreisbr\/wp-content\/uploads\/2017\/06\/logo-quyquyho-e1459712134488.jpg\" alt=\"\" width=\"150\" height=\"217\" \/><\/p>\n<p class=\"font_7\">Quiquiho\u00a0__segundo uma lenda guarani, Quyquyho foi o primeiro homem da tribo, criado por Tup\u00e3__ \u00e9 o personagem da can\u00e7\u00e3o do mesmo nome de Geraldo Esp\u00edndola e agora, denomina tamb\u00e9m a ag\u00eancia de produ\u00e7\u00f5es art\u00edsticas criada para gerenciar a realiza\u00e7\u00e3o das iniciativas culturais de artistas, produtores e empresas para o desenvolvimento de produtos art\u00edsticos e culturais.<br \/>\nA Quiquiho Produ\u00e7\u00f5es \u00e9 a interlocutora do mundo da cultura e das artes com o mundo dos neg\u00f3cios, especializada em gest\u00e3o cultural, num processo que relaciona a dimens\u00e3o simb\u00f3lica e econ\u00f4mica da cultura.<\/p>\n<p>&nbsp;<\/p>\n<p style=\"text-align: center;\"><img loading=\"lazy\" class=\"aligncenter wp-image-4222 size-full\" src=\"https:\/\/apreis.eu\/apreisbr\/wp-content\/uploads\/2015\/02\/logo.OFOR_-300x55.jpg\" alt=\"logo-ofor_-300x55\" width=\"450\" height=\"82\" \/>Brussels, Belgium<\/p>\n","protected":false},"excerpt":{"rendered":"<p>PARCEIROS &nbsp; &nbsp; \u00a0 Quiquiho\u00a0__segundo uma lenda guarani, Quyquyho foi o primeiro homem da tribo, criado por Tup\u00e3__ \u00e9 o personagem da can\u00e7\u00e3o do mesmo nome de Geraldo Esp\u00edndola e agora, denomina tamb\u00e9m a ag\u00eancia de produ\u00e7\u00f5es art\u00edsticas criada para [&hellip;]<\/p>\n","protected":false},"author":1,"featured_media":0,"parent":3221,"menu_order":0,"comment_status":"closed","ping_status":"closed","template":"tpl_full_page.php","meta":[],"_links":{"self":[{"href":"https:\/\/apreis.eu\/apreisbr\/wp-json\/wp\/v2\/pages\/3224"}],"collection":[{"href":"https:\/\/apreis.eu\/apreisbr\/wp-json\/wp\/v2\/pages"}],"about":[{"href":"https:\/\/apreis.eu\/apreisbr\/wp-json\/wp\/v2\/types\/page"}],"author":[{"embeddable":true,"href":"https:\/\/apreis.eu\/apreisbr\/wp-json\/wp\/v2\/users\/1"}],"replies":[{"embeddable":true,"href":"https:\/\/apreis.eu\/apreisbr\/wp-json\/wp\/v2\/comments?post=3224"}],"version-history":[{"count":1,"href":"https:\/\/apreis.eu\/apreisbr\/wp-json\/wp\/v2\/pages\/3224\/revisions"}],"predecessor-version":[{"id":7200,"href":"https:\/\/apreis.eu\/apreisbr\/wp-json\/wp\/v2\/pages\/3224\/revisions\/7200"}],"up":[{"embeddable":true,"href":"https:\/\/apreis.eu\/apreisbr\/wp-json\/wp\/v2\/pages\/3221"}],"wp:attachment":[{"href":"https:\/\/apreis.eu\/apreisbr\/wp-json\/wp\/v2\/media?parent=3224"}],"curies":[{"name":"wp","href":"https:\/\/api.w.org\/{rel}","templated":true}]}}