{"id":3228,"date":"2015-02-10T13:28:08","date_gmt":"2015-02-10T13:28:08","guid":{"rendered":"https:\/\/apreis.eu\/newapreis\/?page_id=1184"},"modified":"2019-03-03T18:38:12","modified_gmt":"2019-03-03T18:38:12","slug":"artigos","status":"publish","type":"page","link":"https:\/\/apreis.eu\/apreisbr\/biblioteca\/artigos\/","title":{"rendered":"Artigos"},"content":{"rendered":"<p style=\"text-align: center;\"><span style=\"font-size: 20px; font-family: tahoma, arial, helvetica, sans-serif;\"><strong>O \u00cdndio mundializado do Brasil sai de sua reserva local \u00a0<\/strong><\/span><\/p>\n<p style=\"text-align: center;\"><span style=\"font-size: 20px; font-family: tahoma, arial, helvetica, sans-serif;\"><strong>com a cabe\u00e7a erguida e de forma sustent\u00e1vel<\/strong><\/span><\/p>\n<p>&nbsp;<\/p>\n<p><span style=\"font-size: 12px; font-family: tahoma, arial, helvetica, sans-serif;\">O Indigena do Brasil<strong>\u00a0<\/strong>?<strong>&#8230; <\/strong>Nem \u00edndio. Nem amer\u00edndio. Mas&#8230;. Bororo, Guarani, Kaiow\u00e1, , Kayap\u00f3, Terena, Xavante, Yawanawa,&#8230;.Comunidades locais globalizadas que s\u00f3 representaria 0,25 % da popula\u00e7\u00e3o total\u00a0 mas que fazem parte das primeiras culturas e pr\u00e1ticas, no continente americano, do conceito de sustentabilidade.<br \/>\n<\/span><\/p>\n<p style=\"text-align: justify;\"><span style=\"font-family: tahoma, arial, helvetica, sans-serif; font-size: 12px;\"><br \/>\n<img loading=\"lazy\" class=\"alignright wp-image-4338 size-full\" src=\"https:\/\/apreis.eu\/apreisbr\/wp-content\/uploads\/2017\/02\/cartebresil4-e1485636035757.jpg\" width=\"312\" height=\"296\" srcset=\"https:\/\/apreis.eu\/apreisbr\/wp-content\/uploads\/2017\/02\/cartebresil4-e1485636035757.jpg 312w, https:\/\/apreis.eu\/apreisbr\/wp-content\/uploads\/2017\/02\/cartebresil4-e1485636035757-300x285.jpg 300w\" sizes=\"(max-width: 312px) 100vw, 312px\" \/><\/span><span style=\"font-family: tahoma, arial, helvetica, sans-serif; font-size: 12px;\">Ap\u00f3s uma lo<img loading=\"lazy\" class=\"alignleft wp-image-4337 size-full\" src=\"https:\/\/apreis.eu\/apreisbr\/wp-content\/uploads\/2017\/02\/bororo-e1485636050235.jpg\" width=\"222\" height=\"296\" \/>nga\u00a0historia obstinada dos sonhos gigantes do Estado desenvolvimentista e do universalismo arrogante e, sem as gra\u00e7as do ocidente, o\u00a0\u00cdndio do Brasil, terreno<em> &#8220;no qual a lenha em brasa \u00e9 abundante\u201d,<\/em> prepara-se para sair de sua reserva\u00a0<\/span><span style=\"font-size: 12px; font-family: tahoma, arial, helvetica, sans-serif;\">com a cabe\u00e7a erguida e de forma sustent\u00e1vel<\/span><span style=\"font-family: tahoma, arial, helvetica, sans-serif; font-size: 12px;\">. \u00c9 este o desejo expresso dos jovens Terena da \u201cTerra Ind\u00edgena Nioaque&#8221; no Mato Grosso do Sul. Eles constituem a experi\u00eancia vivida e a fonte desta contribui\u00e7\u00e3o, um contribui\u00e7\u00e3o para<\/span><em style=\"font-family: tahoma, arial, helvetica, sans-serif; font-size: 12px;\">&#8220;A Viagem de Retorno&#8221;<\/em><span style=\"font-family: tahoma, arial, helvetica, sans-serif; font-size: 12px;\"> dos Ind\u00edgenas do Brasil.\u00a0Os Terena, cujo esp\u00edrito de abertura\u00a0e coopera\u00e7\u00e3o manifestam-se constantemente em seus comportamentos, dizem que est\u00e3o entrando atualmente na quarta etapa de sua vida, que \u00e9 aquela de passar pelas escolas dos \u201cbrancos\u201d como forma de sobreviv\u00eancia,\u00a0 refor\u00e7o cultural de seu povo e\u00a0 como \u00a0ponte que permita combinar\u00a0 os conhecimentos populares e tradicionais e os conhecimentos t\u00e9cnico-cient\u00edficos. Eles tentam obter o reconhecimento dos seus direitos de propriedade e desenvolver coopera\u00e7\u00f5es transfronteiri\u00e7as menos\u00a0subordinados \u00e0s l\u00f3gicas territoriais dos Estados nacionais e da preval\u00eancia das leis de mercado.\u00a0<\/span><span style=\"color: #000000;\"><a style=\"color: #000000;\" href=\"https:\/\/apreis.eu\/apreisbr\/wp-content\/uploads\/2017\/02\/IndiodoBrasil_-vp.pdf\" target=\"_blank\" rel=\"noopener noreferrer\"><strong>Ler mais<\/strong><\/a><\/span><\/p>\n<p>&nbsp;<\/p>\n<p>&nbsp;<\/p>\n<p style=\"text-align: center;\"><span style=\"color: #000000; font-family: tahoma, arial, helvetica, sans-serif; font-size: 12px;\"><strong><span class=\"Style99\"><span style=\"font-size: 20px;\">Eco-imposi\u00e7\u00e3o do capital poluente, isen\u00e7\u00e3o fiscal do emprego<\/span><\/span><\/strong><\/span><\/p>\n<p>&nbsp;<\/p>\n<p class=\"Style208\" align=\"justify\"><span style=\"font-size: 12px; font-family: tahoma, arial, helvetica, sans-serif;\">Ap\u00f3s recordar a condi\u00e7\u00e3o de aplica\u00e7\u00e3o pr\u00e1tica da sustentabilidade, da constru\u00e7\u00e3o de uma eco-economia liga\u00e7\u00f5es, este trabalho apresenta um modelo de estrat\u00e9gia fiscal para o emprego, para o meio ambiente e para o equil\u00edbrio das contas sociais permitindo ao Estado \u00a0induzir as empresas a investir com efici\u00eancia, equidade e menor custo para os recursos p\u00fablicos nas trajetorias tecnol\u00f3gicas<b class=\"b5\"> <\/b> de sustentabilidade.<\/span><br \/>\n<span style=\"font-size: 12px; font-family: tahoma, arial, helvetica, sans-serif;\"> Ao substituir a parte das contribui\u00e7\u00f5es<em>\u00a0<\/em>sociais pagas pelo empregador por um eco imposto sobre o capital poluente, a\u00a0 deforma\u00e7\u00e3o da fun\u00e7ao de produ\u00e7\u00e3o, provocada por uma fiscalidade direta favor\u00e1vel<b class=\"b5\">,<\/b> ao capital nao poluente e ao trabalho, permite a prote\u00e7\u00e3o preventiva da natureza e da saude, aumenta o volume do emprego e eleva o poder de compra dos consumidores medido em produtos sustentaveis. A fixa\u00e7\u00e3o conjunta e combinada da taxa de contribui\u00e7oes sociais e da taxa de eco-imposto pode garantir a estabilidade global dos pre\u00e7os e a neutralidade or\u00e7amental dos efeitos da reforma fiscal.<strong><span class=\"Style199\">\u00a0 <\/span><span style=\"color: #000000;\"><span class=\"Style199\"><a style=\"color: #000000;\" href=\"https:\/\/apreis.eu\/apreis\/wp-content\/uploads\/2015\/11\/Fiscalite.dur-vp.pdf\" target=\"_blank\" rel=\"noopener noreferrer\">Ler mais<\/a><\/span><span class=\"Style199\"> \u00a0<\/span><\/span><\/strong><\/span><\/p>\n","protected":false},"excerpt":{"rendered":"<p>O \u00cdndio mundializado do Brasil sai de sua reserva local \u00a0 com a cabe\u00e7a erguida e de forma sustent\u00e1vel &nbsp; O Indigena do Brasil\u00a0?&#8230; Nem \u00edndio. Nem amer\u00edndio. Mas&#8230;. Bororo, Guarani, Kaiow\u00e1, , Kayap\u00f3, Terena, Xavante, Yawanawa,&#8230;.Comunidades locais globalizadas que [&hellip;]<\/p>\n","protected":false},"author":1,"featured_media":0,"parent":3220,"menu_order":0,"comment_status":"closed","ping_status":"closed","template":"tpl_full_page.php","meta":[],"_links":{"self":[{"href":"https:\/\/apreis.eu\/apreisbr\/wp-json\/wp\/v2\/pages\/3228"}],"collection":[{"href":"https:\/\/apreis.eu\/apreisbr\/wp-json\/wp\/v2\/pages"}],"about":[{"href":"https:\/\/apreis.eu\/apreisbr\/wp-json\/wp\/v2\/types\/page"}],"author":[{"embeddable":true,"href":"https:\/\/apreis.eu\/apreisbr\/wp-json\/wp\/v2\/users\/1"}],"replies":[{"embeddable":true,"href":"https:\/\/apreis.eu\/apreisbr\/wp-json\/wp\/v2\/comments?post=3228"}],"version-history":[{"count":1,"href":"https:\/\/apreis.eu\/apreisbr\/wp-json\/wp\/v2\/pages\/3228\/revisions"}],"predecessor-version":[{"id":7196,"href":"https:\/\/apreis.eu\/apreisbr\/wp-json\/wp\/v2\/pages\/3228\/revisions\/7196"}],"up":[{"embeddable":true,"href":"https:\/\/apreis.eu\/apreisbr\/wp-json\/wp\/v2\/pages\/3220"}],"wp:attachment":[{"href":"https:\/\/apreis.eu\/apreisbr\/wp-json\/wp\/v2\/media?parent=3228"}],"curies":[{"name":"wp","href":"https:\/\/api.w.org\/{rel}","templated":true}]}}