{"id":3545,"date":"2016-03-10T12:46:19","date_gmt":"2016-03-10T12:46:19","guid":{"rendered":"https:\/\/apreis.eu\/apreisbr\/?page_id=3545"},"modified":"2017-03-11T15:26:17","modified_gmt":"2017-03-11T15:26:17","slug":"publicacoes","status":"publish","type":"page","link":"https:\/\/apreis.eu\/apreisbr\/biblioteca\/publicacoes\/","title":{"rendered":"Publica\u00e7\u00f5es"},"content":{"rendered":"<p>&nbsp;<\/p>\n<div class=\"apreis-postheadericons apreis-metadata-icons\">\n<p style=\"text-align: center;\"><span style=\"font-size: 24px; font-family: tahoma,arial,helvetica,sans-serif;\"><strong><b class=\"b5\">Amea\u00e7as pa<\/b><b class=\"b4\">ra<\/b><b class=\"b3\">\u00a0<\/b>o Multiculturalismo<\/strong><\/span><\/p>\n<\/div>\n<h1 style=\"text-align: center;\"><a href=\"https:\/\/ekonomiczna24.osdw.pl\/ksiazka\/materialy-z-konferencji\/AKTUALNE-ZAGROZENIA-DLA-WARTOSCI-ZWIAZANYCH-Z-WIELOKULTUROWOSCIA-materialy-miedzynarodowej-konferencji-naukowej,ekonoIIA54HBP\" target=\"_blank\"><img loading=\"lazy\" class=\"alignnone wp-image-4108 size-full\" src=\"https:\/\/apreis.eu\/apreis\/wp-content\/uploads\/2016\/04\/Threats-to-multiculturalism-e1459780838543.jpg\" alt=\"\" width=\"246\" height=\"340\" \/><\/a><a href=\"https:\/\/ekonomiczna24.osdw.pl\/ksiazka\/materialy-z-konferencji\/AKTUALNE-ZAGROZENIA-DLA-WARTOSCI-ZWIAZANYCH-Z-WIELOKULTUROWOSCIA-materialy-miedzynarodowej-konferencji-naukowej,ekonoIIA54HBP\" target=\"_blank\"><img loading=\"lazy\" class=\"alignnone wp-image-4109 size-full\" src=\"https:\/\/apreis.eu\/apreis\/wp-content\/uploads\/2016\/04\/aktualne-e1459776369344.jpg\" alt=\"aktualne\" width=\"250\" height=\"340\" \/><\/a><\/h1>\n<h1 style=\"text-align: center;\"><span style=\"color: #000000; font-family: tahoma,arial,helvetica,sans-serif; font-size: 12px;\"><strong>Education in the world of Diaspora<\/strong> (Zygmunt Bauman)\u00a0<\/span><\/h1>\n<p style=\"text-align: center;\"><span style=\"color: #000000; font-family: tahoma,arial,helvetica,sans-serif; font-size: 12px;\"><strong>Liberal project of Multiculturalism<\/strong> (Bodgan Szarek)<\/span><\/p>\n<p style=\"text-align: center;\"><span style=\"color: #000000; font-family: tahoma,arial,helvetica,sans-serif; font-size: 12px;\"><strong>Al\u00e9m das Barreiras do Multiculturalismo, as Pontes interculturais da Sustentabilidade<\/strong>\u00a0<\/span><span style=\"color: #000000; font-family: tahoma,arial,helvetica,sans-serif; font-size: 12px;\">\u00a0(L.Dayan)<\/span><\/p>\n<p style=\"text-align: justify;\"><span style=\"color: #000000; font-family: tahoma,arial,helvetica,sans-serif; font-size: 12px;\"><br \/>\n<\/span><span style=\"color: #000000;\"><span style=\"font-family: tahoma, arial, helvetica, sans-serif; font-size: 12px;\">Ao estabelecer a exist\u00eancia de um bem p\u00fablico global, a sustentabilidade descompartimenta\u00a0e pluraliza as identidades humanas, <\/span><span style=\"font-family: tahoma, arial, helvetica, sans-serif; font-size: 12px;\">derrubando as barreiras de parti\u00e7\u00e3o do multiculturalismo\u00a0e d\u00e1 sentido e dire\u00e7\u00e3o ao intercultural em torno de um projeto civilizacional comum. Mas\u00a0o globaliza\u00e7\u00e3o dos desenvolvimentos, que requer a adapta\u00e7\u00e3o das necessidades humanas\u00a0para capacidades da natureza, p\u00f5e em duvida as racionalidades econ\u00f4micas da globaliza\u00e7\u00e3o\u00a0impostas pela casamento Estado\/Mercado. Ela exige o aparecimento do atuador civil, local e\u00a0mundial, para valorisar a biodiversidade cultural e para permitir a implementa\u00e7\u00e3o intercultural\u00a0de la\u00e7os cooperativas da sustentabilidade pelo local e para a sustentabilidade global. (<\/span><\/span><span style=\"color: #000000;\"><strong style=\"color: #993300; font-family: tahoma, arial, helvetica, sans-serif; font-size: 12px; text-align: center;\"><a style=\"color: #000000;\" href=\"https:\/\/apreis.eu\/apreis\/wp-content\/uploads\/2016\/04\/Threats-to-Multiculturalism_eng-2011-Dayan-_1_.pdf\" target=\"_blank\"><b class=\"b3\">te<\/b><b class=\"b4\">xto<\/b><b class=\"b5\"> original em ingl\u00eas<\/b><\/a>\u00a0 \u00a0; \u00a0\u00a0<a style=\"color: #000000;\" href=\"https:\/\/apreis.eu\/apreis\/wp-content\/uploads\/2015\/11\/Mult.Interac.v.f1.pdf\" target=\"_blank\"><b class=\"b5\" style=\"color: #000000;\">texto traduzido\u00a0<\/b><span style=\"color: #000000;\">em <\/span><b class=\"b5\" style=\"color: #000000;\">franc\u00eas<\/b><\/a>)<\/strong><\/span><\/p>\n<p style=\"text-align: justify;\"><span style=\"font-family: tahoma,arial,helvetica,sans-serif; font-size: 12px;\"><span style=\"color: #000000;\">\u00a0 \u00a0 \u00a0 \u00a0 \u00a0 \u00a0 \u00a0 \u00a0 \u00a0 \u00a0 \u00a0 \u00a0 \u00a0 \u00a0 \u00a0 \u00a0 \u00a0 \u00a0 \u00a0 \u00a0 \u00a0 \u00a0 \u00a0 \u00a0\u00a0<\/span><\/span><\/p>\n<p style=\"text-align: justify;\"><span style=\"font-family: tahoma,arial,helvetica,sans-serif; font-size: 12px;\"><span style=\"color: #000000;\">\u00a0 \u00a0 \u00a0 \u00a0 \u00a0 \u00a0 \u00a0 \u00a0 \u00a0 \u00a0 \u00a0 \u00a0 \u00a0 \u00a0 \u00a0 \u00a0 \u00a0 \u00a0 \u00a0 \u00a0 \u00a0 \u00a0 \u00a0 \u00a0 \u00a0 \u00a0 \u00a0 \u00a0 \u00a0 \u00a0 \u00a0 \u00a0 \u00a0 \u00a0 \u00a0 \u00a0 \u00a0 \u00a0 \u00a0\u00a0<strong>\u00a0<\/strong><\/span><\/span><\/p>\n<p style=\"text-align: center;\"><span style=\"font-size: 24px; font-family: tahoma,arial,helvetica,sans-serif; color: #000000;\"><strong><a style=\"color: #000000;\" href=\"https:\/\/www.editions-harmattan.fr\/index.asp?navig=catalogue&amp;obj=livre&amp;no=33265\" target=\"_blank\">L\u2019 ing\u00e9nierie du territoire \u00e0 l&#8217;\u00e9preuve de la\u00a0durabilit\u00e9<\/a><\/strong><\/span><\/p>\n<p style=\"text-align: center;\"><a href=\"https:\/\/www.editions-harmattan.fr\/index.asp?navig=catalogue&amp;obj=livre&amp;no=33265\"><br \/>\n<img loading=\"lazy\" class=\"alignnone wp-image-4275 size-full\" src=\"https:\/\/apreis.eu\/apreisbr\/wp-content\/uploads\/2016\/03\/ingenierie.recto_1-e1483143644246.jpg\" width=\"225\" height=\"348\" \/><\/a><a href=\"https:\/\/www.editions-harmattan.fr\/index.asp?navig=catalogue&amp;obj=livre&amp;no=33265\"><img loading=\"lazy\" class=\"alignnone wp-image-4273 size-full\" src=\"https:\/\/apreis.eu\/apreisbr\/wp-content\/uploads\/2016\/12\/ingenierie.verso_..jpg\" width=\"224\" height=\"348\" srcset=\"https:\/\/apreis.eu\/apreisbr\/wp-content\/uploads\/2016\/12\/ingenierie.verso_..jpg 224w, https:\/\/apreis.eu\/apreisbr\/wp-content\/uploads\/2016\/12\/ingenierie.verso_.-193x300.jpg 193w\" sizes=\"(max-width: 224px) 100vw, 224px\" \/><\/a><\/p>\n<p style=\"text-align: justify;\"><span style=\"font-family: tahoma, arial, helvetica, sans-serif; font-size: 12px;\">O territorialisation das pol\u00edticas p\u00fablicas convidaos actores civis a participar ao desenvolvimento local. O imperativo de sustentabilidade aparece nas orienta\u00e7\u00f5es essenciais das colectividades territoriais. A obriga\u00e7\u00e3o de competitividade incita o territ\u00f3rio a tornar se o chefe de orquestra do seu limpo desenvolvimento. A globaliza\u00e7\u00e3o econ\u00f3mica torna, sob formas m\u00faltiplas e \u00e0 graus diversos, as comunidades locais globalizadas e multiculturais.<\/span><br \/>\n<span style=\"font-family: tahoma, arial, helvetica, sans-serif; font-size: 12px;\">Como articular sustentabilidade local, que tem sentido apenas na sustentabilidade global, competitividade local, que necessita sinergias intersectoriais, solidariedade social,que exigeum a escala nacional reguladora e quadro, sistema econ\u00f3mico mundial, que volta a marcaros actores, as fronteiras e os mercados, e multiculturalit\u00e9 das sociedades, que &#8220;interculturalise&#8221; o desenvolvimento sustentavel, e permitir a sala jogar um papel nas concep\u00e7\u00f5es econ\u00f3micas e internacionais da sustentabilidade, trabalha planet\u00e1rio mas realiza\u00e7\u00e3o local?<\/span><br \/>\n<span style=\"font-family: tahoma, arial, helvetica, sans-serif; font-size: 12px;\">Os autores de esta obra interrogam conceitos, dilig\u00eancias e pr\u00e1ticas da engenharia de territ\u00f3rio sobre as suas capacidades a implementar esta ambi\u00e7\u00e3o e a oferecer aos territ\u00f3rios perspectivas novas capazes de contribuir para livrar as gera\u00e7\u00f5es futuras mais das pesadas amea\u00e7as que fazem pesar sobre o seu futuro o esgotamento dos recursos naturais, os excessos de poluentes, a sobreprodu\u00e7\u00e3o dos desperd\u00edcios, o crescimentodas desigualdades e os choques culturais.<\/span><br \/>\n<span style=\"font-family: tahoma, arial, helvetica, sans-serif; font-size: 12px;\">Se osmodos de entrada, pela sustentabilidade, pelo cultural, pela informa\u00e7\u00e3o ou pelo territ\u00f3rio distinguem-o, convidam esta engenharia a quebrar com as concep\u00e7\u00f5es mecanicistas e reducionistasde processos locais. Se qualquer territ\u00f3rio for um feixe de interac\u00e7\u00f5es entre actores, intra e extra muros, a condu\u00e7\u00e3o r\u00e9flexive desta constru\u00e7\u00e3o social e cultural deve ser dominado ao longo de toda a cadeia ing\u00e9nierale pelos actores locais<\/span><\/p>\n<p style=\"text-align: center;\"><span style=\"font-family: tahoma, arial, helvetica, sans-serif; font-size: 12px; color: #000000;\"><strong><b class=\"b5\">texto original em franc\u00eas\u00a0: \u00a0<\/b><\/strong>Chapitre 1 :<strong> <a style=\"color: #000000;\" href=\"https:\/\/apreis.eu\/apreis\/wp-content\/uploads\/2012\/06\/Ingenierie_DD_LD1.pdf\" target=\"_blank\">Le D\u00e9veloppement local durable\u00a0\u00e0 l\u2019\u00e9preuve de l\u2019Etat, du march\u00e9 et du mondial<\/a><\/strong><strong><br \/>\n<b class=\"b5\" style=\"color: #993300;\"><span style=\"color: #000000;\">texto original\u00a0em<\/span> <\/b><b class=\"b5\">franc\u00eas :<\/b><b class=\"b5\" style=\"color: #993300;\"> <\/b>\u00a0<\/strong>Chapitre 11\u00a0:<strong>\u00a0<a style=\"color: #000000;\" href=\"https:\/\/apreis.eu\/apreis\/wp-content\/uploads\/2012\/06\/Ingenierie_DD_LD2.pdf\" target=\"_blank\">Pour une\u00a0r\u00e9gulation d\u00e9centralis\u00e9e de\u00a0la durabilit\u00e9 de l\u2019\u00e9conomie mon<\/a><\/strong><strong style=\"color: #000000;\"><a style=\"color: #000000;\" href=\"https:\/\/apreis.eu\/apreis\/wp-content\/uploads\/2012\/06\/Ingenierie_DD_LD2.pdf\" target=\"_blank\">diale<\/a><\/strong><\/span><\/p>\n<p><span style=\"color: #000000;\">\u00a0<\/span><\/p>\n<p>&nbsp;<\/p>\n<p>&nbsp;<\/p>\n<p style=\"text-align: center;\"><span style=\"font-size: 24px; font-family: tahoma,arial,helvetica,sans-serif;\"><strong>La PME alg\u00e9rienne et le d\u00e9fi de\u00a0l&#8217;internationalisation<\/strong><\/span><\/p>\n<p style=\"text-align: center;\">\u00a0\u00a0<a href=\"https:\/\/www.editions-harmattan.fr\/index.asp?navig=catalogue&amp;obj=livre&amp;no=30652\" target=\"_blank\"><img loading=\"lazy\" class=\"alignnone wp-image-4162 size-full\" src=\"https:\/\/apreis.eu\/apreis\/wp-content\/uploads\/2015\/02\/PME.alg1_.jpg\" alt=\"PME.alg1\" width=\"289\" height=\"450\" \/><\/a><a href=\"https:\/\/www.editions-harmattan.fr\/index.asp?navig=catalogue&amp;obj=livre&amp;no=30652\" target=\"_blank\"><img loading=\"lazy\" class=\"alignnone wp-image-4163 size-full\" src=\"https:\/\/apreis.eu\/apreis\/wp-content\/uploads\/2015\/02\/PME.Alg2_.jpg\" alt=\"PME.Alg2\" width=\"291\" height=\"450\" \/><\/a><\/p>\n<p style=\"text-align: justify;\"><span style=\"font-size: 12px;\">As 300 000 pequenas e m\u00e9dias empresas operam na\u00a0Arg\u00e9lia\u00a0s\u00e3o os mais fr\u00e1geis do espa\u00e7o mediterr\u00e2neo. Preocupando sobre a internacionaliza\u00e7\u00e3o\u00a0destas empresas, as autoridades p\u00fablicas s\u00e3o confrontadas com perguntas m\u00faltiplas.<\/span><\/p>\n<p style=\"text-align: center;\"><span style=\"color: #000000;\"><strong><span style=\"font-family: tahoma, arial, helvetica, sans-serif;\"><span class=\"Style112\"><span style=\"font-size: 12px;\"><span class=\"Style4\"><span class=\"Style203\">texto original em franc\u00eas : \u00a0Chap.8\u00a0<a style=\"color: #000000;\" href=\"https:\/\/apreis.eu\/apreis\/wp-content\/uploads\/2015\/02\/PME.Algerie.l.day_.pdf\" target=\"_blank\">D\u00e9fis, atouts et strat\u00e9gies des TPE et PME du local : <\/a><\/span><\/span><\/span><span class=\"Style203\"><span class=\"Style18\"><span style=\"font-size: 12px;\"><a style=\"color: #000000;\" href=\"https:\/\/apreis.eu\/apreis\/wp-content\/uploads\/2015\/02\/PME.Algerie.l.day_.pdf\" target=\"_blank\">exemple du secteur du tourisme en Alg\u00e9rie<\/a><\/span><\/span><\/span><\/span><\/span><\/strong><\/span><strong>\u00a0 \u00a0 \u00a0\u00a0<\/strong><\/p>\n","protected":false},"excerpt":{"rendered":"<p>&nbsp; Amea\u00e7as para\u00a0o Multiculturalismo Education in the world of Diaspora (Zygmunt Bauman)\u00a0 Liberal project of Multiculturalism (Bodgan Szarek) Al\u00e9m das Barreiras do Multiculturalismo, as Pontes interculturais da Sustentabilidade\u00a0\u00a0(L.Dayan) Ao estabelecer a exist\u00eancia de um bem p\u00fablico global, a sustentabilidade descompartimenta\u00a0e [&hellip;]<\/p>\n","protected":false},"author":1,"featured_media":0,"parent":3220,"menu_order":0,"comment_status":"closed","ping_status":"closed","template":"tpl_full_page.php","meta":[],"_links":{"self":[{"href":"https:\/\/apreis.eu\/apreisbr\/wp-json\/wp\/v2\/pages\/3545"}],"collection":[{"href":"https:\/\/apreis.eu\/apreisbr\/wp-json\/wp\/v2\/pages"}],"about":[{"href":"https:\/\/apreis.eu\/apreisbr\/wp-json\/wp\/v2\/types\/page"}],"author":[{"embeddable":true,"href":"https:\/\/apreis.eu\/apreisbr\/wp-json\/wp\/v2\/users\/1"}],"replies":[{"embeddable":true,"href":"https:\/\/apreis.eu\/apreisbr\/wp-json\/wp\/v2\/comments?post=3545"}],"version-history":[{"count":0,"href":"https:\/\/apreis.eu\/apreisbr\/wp-json\/wp\/v2\/pages\/3545\/revisions"}],"up":[{"embeddable":true,"href":"https:\/\/apreis.eu\/apreisbr\/wp-json\/wp\/v2\/pages\/3220"}],"wp:attachment":[{"href":"https:\/\/apreis.eu\/apreisbr\/wp-json\/wp\/v2\/media?parent=3545"}],"curies":[{"name":"wp","href":"https:\/\/api.w.org\/{rel}","templated":true}]}}