{"id":5234,"date":"2017-05-08T12:17:00","date_gmt":"2017-05-08T12:17:00","guid":{"rendered":"https:\/\/apreis.eu\/apreisbr\/?page_id=5234"},"modified":"2018-03-25T20:16:07","modified_gmt":"2018-03-25T20:16:07","slug":"intencao","status":"publish","type":"page","link":"https:\/\/apreis.eu\/apreisbr\/intencao\/","title":{"rendered":"Inten\u00e7\u00e3o"},"content":{"rendered":"<div id=\"pl-4611\" class=\"panel-layout\">\n<div id=\"pg-4611-0\" class=\"panel-grid panel-no-style\" data-style=\"{&quot;background_display&quot;:&quot;tile&quot;,&quot;bottom_margin&quot;:&quot;20px&quot;,&quot;gutter&quot;:&quot;20px&quot;}\"><\/div>\n<div id=\"pl-4644\" class=\"panel-layout\">\n<div id=\"pg-4644-0\" class=\"panel-grid panel-no-style\">\n<div id=\"pgc-4644-0-0\" class=\"panel-grid-cell\" data-weight=\"1\">\n<div id=\"panel-4644-0-0-0\" class=\"so-panel widget widget_magictextwidget MagicTextWidget panel-first-child panel-last-child\" style=\"text-align: center;\" data-index=\"0\" data-style=\"{&quot;background_display&quot;:&quot;tile&quot;}\">\n<div class=\"magictextwidget_box\" style=\"margin-top:12px !important;margin-bottom:12px !important;max-width:700px;height:auto;background-color:#fff;\"><div class=\"magictextwidget_box_inner\" style=\"padding-top:10px !important; padding-right:10px!important;padding-left:10px !important;padding-bottom:10px !important;\"><div class=\"magictextwidget_accroche\" style=\"margin-top:10px !important;margin-bottom:10px !important;color:#1f4cc6; font-family:Bubblegum Sans, sans-serif  !important; font-size:36px !important;letter-spacing:0px !important; font-weight:bold !important; line-height:35px !important; text-align:center !important;\"><p>Trabalhar lindo para o novo luar<\/p>\n<\/div><div class=\"magictextwidget_widget_text\" style=\"margin-top:15px !important;margin-bottom:11px !important;color:#333!important; font-family:Georgia, Palatino !important; font-size:18px !important; font-weight:bold !important; line-height:13px!important; text-align:center!important;  \"><p>Um filme sobre a economia solidaria e a sustentabilidade <\/p>\n<\/div><\/div><\/div>\n<p>&nbsp;<\/p>\n<div id=\"pg-4611-2\" class=\"panel-grid panel-no-style\">\n<div id=\"pgc-4611-2-0\" class=\"panel-grid-cell\" data-weight=\"1\">\n<div id=\"panel-4611-2-0-0\" class=\"so-panel widget widget_sow-editor panel-first-child\" data-index=\"2\" data-style=\"{&quot;background_display&quot;:&quot;tile&quot;}\">\n<div class=\"so-widget-sow-editor so-widget-sow-editor-base\">\n<div class=\"siteorigin-widget-tinymce textwidget\">\n<p style=\"text-align: center;\"><img loading=\"lazy\" class=\"alignnone size-full wp-image-4734\" src=\"https:\/\/apreis.eu\/apreis\/wp-content\/uploads\/Jesus-pti.jpg\" sizes=\"(max-width: 333px) 100vw, 333px\" srcset=\"https:\/\/apreis.eu\/apreis\/wp-content\/uploads\/Jesus-pti.jpg 333w, https:\/\/apreis.eu\/apreis\/wp-content\/uploads\/Jesus-pti-165x300.jpg 165w\" alt=\"\" width=\"333\" height=\"606\" \/><br \/>\n<span style=\"font-size: 10px;\">\u00a0Alma origin\u00e1ria, tranquila e vibrante ,da cidade de Trancoso, Israel Jesus Filho \u00e9 animado pelo<br \/>\ndesejo <\/span><span style=\"font-size: 10px;\">de adequar sua atividade \u00e0s necessidades de sua comunidade e aos ritmos da natureza<span style=\"font-family: tahoma, arial, helvetica, sans-serif;\">\u00a0<\/span><\/span><\/p>\n<p style=\"text-align: center;\"><span style=\"font-family: tahoma, arial, helvetica, sans-serif; font-size: 32px;\"><strong><br \/>\n<span style=\"color: #000000;\">Inten\u00e7\u00e3o<\/span><\/strong><\/span><\/p>\n<p>&nbsp;<\/p>\n<\/div>\n<div class=\"siteorigin-widget-tinymce textwidget\">\n<p style=\"text-align: justify;\"><span style=\"font-size: 12px;\">A economia solid\u00e1ria \u00e9 muitas vezes limitada por discursos acad\u00eamicos, por suas representa\u00e7\u00f5es pol\u00edticas ou por uma n\u00e9voa de informa\u00e7\u00f5es que dominam o pensamento \u00fanico em economia: tantos concep\u00e7\u00f5es que \u00a0s\u00f3 conduzem a\u00a0edificar paredes \u00a0e que reduzem \u00a0a economia solidaria, assente na reciprocidade, em uma economia dos pobres para os pobres.<\/span><br \/>\n<span style=\"font-size: 12px;\"><br \/>\nEsta\u00a0representa\u00e7\u00e3o \u00a0\u00e9\u00a0uma\u00a0maneira de desqualificar n\u00e3o s\u00f3 \u00a0o\u00a0principio de solidaridade econ\u00f4mica mas tambem\u00a0 o \u00a0cuidado prestado pela \u00a0natureza e \u00a0Terra :\u00a0os dois s\u00e3o originalmente um conjunto\u00a0nas pr\u00e1ticas \u00a0utilizadas por ind\u00edgenas, estes &#8220;primeiros&#8221;\u00a0\u00a0sul-americanos. Esta\u00a0deprecia\u00e7\u00e3o\u00a0afeta, em graus diversos e com formas variadas,\u00a0os ind\u00edgenas, negros, as mulheres e nordestinos,\u00a0\u00a0Todos est\u00e3o sujeitos\u00a0a uma representa\u00e7\u00e3o tanto inferior ou pejorativa, com compaix\u00e3o ou caridade.\u00a0S\u00e3o justamente estas popula\u00e7\u00f5es que se aparecem nas cria\u00e7\u00f5es, freq\u00fcentemente introduzidas por mulheres, da economia solidaria na Am\u00e9rica do Sul.<\/span><\/p>\n<p style=\"text-align: justify;\"><span style=\"font-size: 12px;\">Simultaneamente modestos\u00a0e poderosos, os atores locais das\u00a0inova\u00e7\u00f5es sustent\u00e1veis da economia solid\u00e1ria em v\u00e1rios sectores (ac\u00e7\u00e3o de forma\u00e7\u00e3o, \u00a0agricultura, com\u00e9rcio, cria\u00e7\u00e3o art\u00edstica, res\u00edduos, finan\u00e7a, artesanato, turismo) podem melhorar a vida dos membros da\u00a0comunidade e responder \u00e0s necessidades locais, tentando \u00a0levar em considera\u00e7\u00e3o \u00e0\u00a0natureza, sa\u00fade, cultura e \u00e0s valores humanos. Eles contribuem para a (re)territorializa\u00e7\u00e3o necess\u00e1ria do conceito global de sustentabilidade e aumentam a influ\u00eancia do poder local nas\u00a0solu\u00e7\u00f5es econ\u00f4micas internacionais.<\/span><\/p>\n<p style=\"text-align: justify;\"><span style=\"font-size: 12px;\">Outra economia, outro estilo de vida, um outro imagin\u00e1rio e outra l\u00edngua, a economia solid\u00e1ria lib\u00e8re des paredes imposs\u00edveis do <em>&#8220;cada um por si&#8221;<\/em> ou\u00a0\u00a0<em>&#8220;todos por um&#8221;.\u00a0<\/em>Ela<em>\u00a0<\/em>\u00e9 portadora de\u00a0cidadanias locais e globais, que renova os poderes de\u00a0reuni\u00e3o, d<em>e <\/em>encantamento e de circula\u00e7\u00e3o de conhecimentos,<em> \u00a0<\/em>bens e pessoas, \u00a0ele inclui a parte da imagin\u00e1rio das mulheres, ele d\u00e1 um futuro ao cria\u00e7\u00e3o, ao trabalh<em>o<\/em> e a festa e ele \u00a0mant\u00e9m \u00a0juntos quotidianos locais e sustentabilidade do mundo<i>.<\/i><strong><i>\u00a0<\/i><\/strong>Ela\u00a0\u00e9 esta economia onde \u00e9 poss\u00edvel \u00ab<em>trabalhar lindo para o novo luar\u00bb,<\/em> significado da palavra &#8220;desenvolvimento&#8221; em qu\u00edchua.<\/span><\/p>\n<\/div>\n<p>&nbsp;<\/p>\n<div class=\"siteorigin-widget-tinymce textwidget\">\n<p><img loading=\"lazy\" class=\"aligncenter size-full wp-image-5693\" src=\"https:\/\/apreis.eu\/apreisbr\/wp-content\/uploads\/2018\/02\/hugo-faceptit.jpg\" alt=\"\" width=\"250\" height=\"284\" \/><span style=\"font-size: 10px;\">Hugo Dayan, o diretor do filme<\/span><\/p>\n<p>&nbsp;<\/p>\n<div class=\"siteorigin-widget-tinymce textwidget\">\n<p style=\"text-align: justify;\"><span style=\"font-size: 12px;\">Minha inten\u00e7\u00e3o inicial era explorar uma nova est\u00e9tica do conhecimento e de seu compartilhamento, uma est\u00e9tica capaz de mostrar os o sentido art\u00edstico e sens\u00edvel da vida e dar sentido a eles. O resultado \u00e9 um filme que ultrapassa as fronteiras usuais entre o document\u00e1rio e a fic\u00e7\u00e3o e leva a outra pol\u00edtica de est\u00e9tica e uma nova est\u00e9tica da pol\u00edtica.<br \/>\n<\/span><\/p>\n<p style=\"text-align: justify;\"><span style=\"font-size: 12px;\">Estou interessado nas intera\u00e7\u00f5es entre criadores sociais locais, seus meios de vida e o meio ambiente local e global. As maneiras cada criador &#8211; individual e coletivo &#8211; se representa, interpreta, vive e tanto actua na sua pr\u00f3pria vida e trabalho como na sociedad local s\u00e3o importantes para mostrar na imagem. Quando esses personagens &#8211; esses &#8220;cri-atores&#8221; &#8211; desempenham seu pr\u00f3prio papel em um filme sobre a cria\u00e7\u00e3o e as intera\u00e7\u00f5es, as imagens ganham em autenticidade e em espessura de vida: \u00e9 exatamente um espet\u00e1culo ao vivo que \u00e9 filmado.<\/span><\/p>\n<p style=\"text-align: justify;\"><span style=\"font-size: 12px;\">Ao ligar a cria\u00e7\u00e3o art\u00edstica e as iniciativas locais de cria\u00e7\u00e3o social, este filme conta e realiza a hist\u00f3ria de uma reuni\u00e3o &#8211; realidade e fic\u00e7\u00e3o &#8211; entre os sonhos e o imagin\u00e1rio de um m\u00fasico e os atores reais da vida. Atrav\u00e9s do sentimento do artista, este filme destaca o que esses atores, independentemente sem se conhecerem, t\u00eam em comum.<br \/>\n<\/span><\/p>\n<p style=\"text-align: justify;\"><span style=\"font-size: 12px;\">No final, esse longa-metragem \u00e9 tanto document\u00e1rio como uma fic\u00e7\u00e3o narrativa. Ele amplia o g\u00eanero &#8220;filme de fic\u00e7\u00e3o&#8221;, organizando os atores reais da hist\u00f3ria, al\u00e9m de enriquecer o g\u00eanero &#8220;document\u00e1rio&#8221;, criando uma narrativa sens\u00edvel e interativa\u00a0dentro<b class=\"b2\">\u00a0<\/b>de uma constru\u00e7\u00e3o\u00a0\u00a0l\u00fadica e art\u00edstica da realidade que torna mais vis\u00edvel o invis\u00edvel. Desta forma, oferece uma nova est\u00e9tica de produ\u00e7\u00e3o de conhecimentos e de suas transmiss\u00f5es : &#8221; unir o que \u00e9 diverso e reunir o que est\u00e1 ligado &#8220;, como Edgar Morin escreveu.\u00a0\u00a0<\/span><span style=\"font-size: 12px;\">Esta abordagem \u00e9 simultaneamente uma escolha art\u00edstica e \u00e9tica, mas se baseiam em conhecimentos cient\u00edficos s\u00f3lidos. Ela ajuda a explorar o imagin\u00e1rio da sustentabilidade, o sujeito forte deste filme.<\/span><\/p>\n<\/div>\n<\/div>\n<\/div>\n<div class=\"so-widget-sow-editor so-widget-sow-editor-base\">\n<div class=\"siteorigin-widget-tinymce textwidget\">\n<div class=\"siteorigin-widget-tinymce textwidget\">\n<p>&nbsp;<\/p>\n<\/div>\n<\/div>\n<\/div>\n<p>&nbsp;<\/p>\n<\/div>\n<div id=\"pgc-4083-1-0\" class=\"panel-grid-cell\" data-weight=\"1\">\n<div id=\"panel-4083-1-0-1\" class=\"so-panel widget widget_slidedeck2_widget slidedeck2_widget panel-last-child\" style=\"text-align: center;\" data-index=\"2\" data-style=\"{&quot;background_image_attachment&quot;:false,&quot;background_display&quot;:&quot;tile&quot;}\"><div id=\"slidedeck_5210_69e8e890d786b-wrapper\"><iframe class=\"slidedeck-iframe-embed\" id=\"slidedeck_5210_69e8e890d786b\" frameborder=\"0\" allowtransparency=\"yes\"  src=\"https:\/\/apreis.eu\/apreisbr\/wp-admin\/admin-ajax.php?action=slidedeck_preview_iframe&uniqueid=1502284615&slidedeck=5210&width=740&height=380&outer_width=740&outer_height=380&slidedeck_unique_id=slidedeck_5210_69e8e890d786b&post_id=5234&front_page=false&start=1\" style=\"width:740px;height:380px;\"><\/iframe><\/div><\/div>\n<\/div>\n<\/div>\n<\/div>\n<\/div>\n<\/div>\n<\/div>\n<\/div>\n<\/div>\n","protected":false},"excerpt":{"rendered":"<p>&nbsp; \u00a0Alma origin\u00e1ria, tranquila e vibrante ,da cidade de Trancoso, Israel Jesus Filho \u00e9 animado pelo desejo de adequar sua atividade \u00e0s necessidades de sua comunidade e aos ritmos da natureza\u00a0 Inten\u00e7\u00e3o &nbsp; A economia solid\u00e1ria \u00e9 muitas vezes limitada [&hellip;]<\/p>\n","protected":false},"author":1,"featured_media":0,"parent":0,"menu_order":0,"comment_status":"closed","ping_status":"closed","template":"tpl_full_page.php","meta":[],"_links":{"self":[{"href":"https:\/\/apreis.eu\/apreisbr\/wp-json\/wp\/v2\/pages\/5234"}],"collection":[{"href":"https:\/\/apreis.eu\/apreisbr\/wp-json\/wp\/v2\/pages"}],"about":[{"href":"https:\/\/apreis.eu\/apreisbr\/wp-json\/wp\/v2\/types\/page"}],"author":[{"embeddable":true,"href":"https:\/\/apreis.eu\/apreisbr\/wp-json\/wp\/v2\/users\/1"}],"replies":[{"embeddable":true,"href":"https:\/\/apreis.eu\/apreisbr\/wp-json\/wp\/v2\/comments?post=5234"}],"version-history":[{"count":8,"href":"https:\/\/apreis.eu\/apreisbr\/wp-json\/wp\/v2\/pages\/5234\/revisions"}],"predecessor-version":[{"id":6332,"href":"https:\/\/apreis.eu\/apreisbr\/wp-json\/wp\/v2\/pages\/5234\/revisions\/6332"}],"wp:attachment":[{"href":"https:\/\/apreis.eu\/apreisbr\/wp-json\/wp\/v2\/media?parent=5234"}],"curies":[{"name":"wp","href":"https:\/\/api.w.org\/{rel}","templated":true}]}}