{"id":5240,"date":"2017-05-08T12:46:00","date_gmt":"2017-05-08T12:46:00","guid":{"rendered":"https:\/\/apreis.eu\/apreisbr\/?page_id=5240"},"modified":"2018-03-25T09:47:43","modified_gmt":"2018-03-25T09:47:43","slug":"sinopse","status":"publish","type":"page","link":"https:\/\/apreis.eu\/apreisbr\/sinopse\/","title":{"rendered":"Sinopse"},"content":{"rendered":"<div id=\"pl-4611\" class=\"panel-layout\">\n<div id=\"pg-4611-0\" class=\"panel-grid panel-no-style\" data-style=\"{&quot;background_display&quot;:&quot;tile&quot;,&quot;bottom_margin&quot;:&quot;20px&quot;,&quot;gutter&quot;:&quot;20px&quot;}\"><\/div>\n<div id=\"pl-4644\" class=\"panel-layout\">\n<div id=\"pg-4644-0\" class=\"panel-grid panel-no-style\">\n<div id=\"pgc-4644-0-0\" class=\"panel-grid-cell\" data-weight=\"1\">\n<div id=\"panel-4644-0-0-0\" class=\"so-panel widget widget_magictextwidget MagicTextWidget panel-first-child panel-last-child\" style=\"text-align: center;\" data-index=\"0\" data-style=\"{&quot;background_display&quot;:&quot;tile&quot;}\">\n<div class=\"magictextwidget_box\" style=\"margin-top:12px !important;margin-bottom:12px !important;max-width:700px;height:auto;background-color:#fff;\"><div class=\"magictextwidget_box_inner\" style=\"padding-top:10px !important; padding-right:10px!important;padding-left:10px !important;padding-bottom:10px !important;\"><div class=\"magictextwidget_accroche\" style=\"margin-top:10px !important;margin-bottom:10px !important;color:#1f4cc6; font-family:Bubblegum Sans, sans-serif  !important; font-size:36px !important;letter-spacing:0px !important; font-weight:bold !important; line-height:35px !important; text-align:center !important;\"><p>Trabalhar lindo para o novo luar<\/p>\n<\/div><div class=\"magictextwidget_widget_text\" style=\"margin-top:15px !important;margin-bottom:11px !important;color:#333!important; font-family:Georgia, Palatino !important; font-size:18px !important; font-weight:bold !important; line-height:13px!important; text-align:center!important;  \"><p>Um filme sobre a economia solidaria e a sustentabilidade<\/p>\n<\/div><\/div><\/div>\n<div id=\"pg-4611-2\" class=\"panel-grid panel-no-style\">\n<div id=\"pgc-4611-2-0\" class=\"panel-grid-cell\" data-weight=\"1\">\n<div id=\"panel-4611-2-0-0\" class=\"so-panel widget widget_sow-editor panel-first-child\" data-index=\"2\" data-style=\"{&quot;background_display&quot;:&quot;tile&quot;}\">\n<div class=\"so-widget-sow-editor so-widget-sow-editor-base\">\n<div class=\"siteorigin-widget-tinymce textwidget\">\n<p><img loading=\"lazy\" class=\"size-full wp-image-4302 aligncenter\" src=\"https:\/\/apreis.eu\/apreis\/wp-content\/uploads\/2016\/03\/docu-campo-grande.jpg\" alt=\"\" width=\"610\" height=\"426\" \/><\/p>\n<p style=\"text-align: center;\"><span style=\"font-size: 12px;\"><a href=\"https:\/\/www.campograndenews.com.br\/lado-b\/artes-23-08-2011-08\/documentario-frances-grava-cenas-no-pantanal-e-tem-cancao-de-geraldo-espindola\" target=\"_blank\" rel=\"noopener\"><span style=\"color: #000000;\">Um filme grava cenas no Pantanal com <span style=\"font-family: tahoma, arial, helvetica, sans-serif;\"> o m\u00fasico,\u00a0<\/span>Geraldo Esp\u00edndola,\u00a0um dos<em> &#8220;cre-atores<\/em>&#8221; do\u00a0filme<\/span><\/a><\/span><\/p>\n<p>&nbsp;<\/p>\n<\/div>\n<div class=\"so-widget-sow-editor so-widget-sow-editor-base\">\n<div class=\"siteorigin-widget-tinymce textwidget\">\n<p style=\"text-align: center;\"><span style=\"color: #000000;\"><strong><span style=\"font-family: tahoma, arial, helvetica, sans-serif; font-size: 24px;\">Sinopse<\/span><\/strong><\/span><\/p>\n<p style=\"text-align: center;\"><span style=\"color: #000000;\"><strong><span style=\"font-family: tahoma, arial, helvetica, sans-serif; font-size: 24px;\">\u00a0<\/span><\/strong><\/span><\/p>\n<p style=\"text-align: justify;\"><span style=\"font-size: 12px; font-family: tahoma, arial, helvetica, sans-serif;\">Uma lenda brasileira \u00a0vida de m\u00fasica popular e po\u00e9tica do Pantanal, um m\u00fasico, cuja inspira\u00e7\u00e3o se alimenta do ambiente natural, a sensibilidade feminina e esperan\u00e7as daqueles que lutam para viver ou sobreviver, procura terminar can\u00e7\u00e3o que apresentar\u00e1 na ocasi\u00e3o do concerto \u00a0para o meio ambiente na capital brasileira do Pantanal, Corumb\u00e1, fronteiri\u00e7a da Bol\u00edvia.<\/span><\/p>\n<p style=\"text-align: justify;\"><span style=\"font-family: tahoma, arial, helvetica, sans-serif; font-size: 12px;\">Se as primeiras palavras de seu can\u00e7\u00e3o est\u00e3o inspiradas por suas viagens no mundo, em particular na Fran\u00e7a, eles levam forma para o interior do pa\u00eds mais rico, o mais populoso da Am\u00e9rica do Sul e concentrando-se a maior parte das pessoas negras mas com consequ\u00eancias pesadas da desvaloriza\u00e7\u00e3o das popula\u00e7\u00f5es negras e o exterm\u00ednio dos povos ind\u00edgenas:o Brazil. Este \u00e9 aqui onde a hist\u00f3ria de nosso filme come\u00e7a nos mostrando as lutas, esperan\u00e7as e dificuldades de fam\u00edlias, associa\u00e7\u00f5es, cooperativas e comunidades que incorporam outra economia baseada na solidariedade.<\/span><\/p>\n<p style=\"text-align: justify;\"><span style=\"font-size: 12px; font-family: tahoma, arial, helvetica, sans-serif;\">Para encontrar as palavras finais dessa can\u00e7\u00e3o, o m\u00fasico leva-nos para o pa\u00eds mais pobre e menos populosa da Am\u00e9rica do Sul mas que se re\u00fane a maior percentagem de nativos desta regi\u00e3o: a Bolivia. L\u00e1, ele nos faz descobrir outros atores da economia solidaria e faz um encontro inesperado com um economista brasileiro que sabe numerosas experi\u00eancias criativas de comunidades brasileiras. \u00c9 durante esta viagem que o m\u00fasico redescobre a incarna\u00e7\u00e3o andina da uni\u00e3o entre a Terra e a Mulher, entre a Terra e o Mundo, a <em>\u00ab\u00a0Pachamama\u00a0\u00bb,\u00a0<\/em> que remonta as culturas \u00a0indigenas. <\/span><span style=\"font-size: 12px; font-family: tahoma, arial, helvetica, sans-serif;\">Entrevendo a mulher como a m\u00e3o da terra e a m\u00e3o do tempo, ele ganha a convic\u00e7\u00e3o: o conceito de sustentabilidade \u00e9 feminino e a economia solid\u00e1ria n\u00e3o \u00e9 uma economia para os pobres nem uma economia dos pobres, \u00a0mas uma outra economia, uma outra cultura, um outro imagin\u00e1rio. Este imagin\u00e1rio, ecoando ao seu<b class=\"b4\">,\u00a0<\/b>\u00a0vai libertar \u00a0a inspira\u00e7\u00e3o do poeta e dar\u00e1 um nome a sua can\u00e7\u00e3o:\u00a0<em>trabalhar lindo para o novo luar.<\/em><\/span><\/p>\n<p>&nbsp;<\/p>\n<\/div>\n<\/div>\n<div id=\"pgc-4083-1-0\" class=\"panel-grid-cell\" data-weight=\"1\">\n<div id=\"panel-4083-1-0-1\" class=\"so-panel widget widget_slidedeck2_widget slidedeck2_widget panel-last-child\" style=\"text-align: center;\" data-index=\"2\" data-style=\"{&quot;background_image_attachment&quot;:false,&quot;background_display&quot;:&quot;tile&quot;}\"><div id=\"slidedeck_5210_69e8e5a50072c-wrapper\"><iframe class=\"slidedeck-iframe-embed\" id=\"slidedeck_5210_69e8e5a50072c\" frameborder=\"0\" allowtransparency=\"yes\"  src=\"https:\/\/apreis.eu\/apreisbr\/wp-admin\/admin-ajax.php?action=slidedeck_preview_iframe&uniqueid=1502284615&slidedeck=5210&width=740&height=380&outer_width=740&outer_height=380&slidedeck_unique_id=slidedeck_5210_69e8e5a50072c&post_id=5240&front_page=false&start=1\" style=\"width:740px;height:380px;\"><\/iframe><\/div><\/div>\n<\/div>\n<\/div>\n<\/div>\n<\/div>\n<\/div>\n<\/div>\n<\/div>\n<\/div>\n<\/div>\n<\/div>\n","protected":false},"excerpt":{"rendered":"<p>Um filme grava cenas no Pantanal com o m\u00fasico,\u00a0Geraldo Esp\u00edndola,\u00a0um dos &#8220;cre-atores&#8221; do\u00a0filme &nbsp; Sinopse \u00a0 Uma lenda brasileira \u00a0vida de m\u00fasica popular e po\u00e9tica do Pantanal, um m\u00fasico, cuja inspira\u00e7\u00e3o se alimenta do ambiente natural, a sensibilidade feminina e [&hellip;]<\/p>\n","protected":false},"author":1,"featured_media":0,"parent":0,"menu_order":0,"comment_status":"closed","ping_status":"closed","template":"tpl_full_page.php","meta":[],"_links":{"self":[{"href":"https:\/\/apreis.eu\/apreisbr\/wp-json\/wp\/v2\/pages\/5240"}],"collection":[{"href":"https:\/\/apreis.eu\/apreisbr\/wp-json\/wp\/v2\/pages"}],"about":[{"href":"https:\/\/apreis.eu\/apreisbr\/wp-json\/wp\/v2\/types\/page"}],"author":[{"embeddable":true,"href":"https:\/\/apreis.eu\/apreisbr\/wp-json\/wp\/v2\/users\/1"}],"replies":[{"embeddable":true,"href":"https:\/\/apreis.eu\/apreisbr\/wp-json\/wp\/v2\/comments?post=5240"}],"version-history":[{"count":9,"href":"https:\/\/apreis.eu\/apreisbr\/wp-json\/wp\/v2\/pages\/5240\/revisions"}],"predecessor-version":[{"id":6329,"href":"https:\/\/apreis.eu\/apreisbr\/wp-json\/wp\/v2\/pages\/5240\/revisions\/6329"}],"wp:attachment":[{"href":"https:\/\/apreis.eu\/apreisbr\/wp-json\/wp\/v2\/media?parent=5240"}],"curies":[{"name":"wp","href":"https:\/\/api.w.org\/{rel}","templated":true}]}}