{"id":5419,"date":"2017-06-15T01:14:48","date_gmt":"2017-06-15T01:14:48","guid":{"rendered":"https:\/\/apreis.eu\/apreisbr\/?page_id=5419"},"modified":"2020-08-30T11:15:58","modified_gmt":"2020-08-30T11:15:58","slug":"um-filme-sobre-a-economia-solidaria","status":"publish","type":"page","link":"https:\/\/apreis.eu\/apreisbr\/um-filme-sobre-a-economia-solidaria\/","title":{"rendered":"Um filme sobre a economia solid\u00e1ria"},"content":{"rendered":"<div id=\"pl-4611\" class=\"panel-layout\">\n<div id=\"pg-4611-0\" class=\"panel-grid panel-no-style\" data-style=\"{&quot;background_display&quot;:&quot;tile&quot;,&quot;bottom_margin&quot;:&quot;20px&quot;,&quot;gutter&quot;:&quot;20px&quot;}\"><\/div>\n<div id=\"pl-4644\" class=\"panel-layout\">\n<div id=\"pg-4644-0\" class=\"panel-grid panel-no-style\">\n<div id=\"pgc-4644-0-0\" class=\"panel-grid-cell\" data-weight=\"1\">\n<div id=\"panel-4644-0-0-0\" class=\"so-panel widget widget_magictextwidget MagicTextWidget panel-first-child panel-last-child\" style=\"text-align: center;\" data-index=\"0\" data-style=\"{&quot;background_display&quot;:&quot;tile&quot;}\">\n<div class=\"magictextwidget_box\" style=\"margin-top:12px !important;margin-bottom:12px !important;max-width:700px;height:auto;background-color:#fff;\"><div class=\"magictextwidget_box_inner\" style=\"padding-top:10px !important; padding-right:10px!important;padding-left:10px !important;padding-bottom:10px !important;\"><div class=\"magictextwidget_accroche\" style=\"margin-top:10px !important;margin-bottom:10px !important;color:#1f4cc6; font-family:Bubblegum Sans, sans-serif  !important; font-size:36px !important;letter-spacing:0px !important; font-weight:bold !important; line-height:35px !important; text-align:center !important;\"><p>Trabalhar lindo para o novo luar<\/p>\n<\/div><div class=\"magictextwidget_widget_text\" style=\"margin-top:15px !important;margin-bottom:11px !important;color:#333!important; font-family:Georgia, Palatino !important; font-size:18px !important; font-weight:bold !important; line-height:13px!important; text-align:center!important;  \"><p>Um filme sobre a economia solidaria e a sustentabilidade <\/p>\n<\/div><\/div><\/div>\n<div id=\"pg-4611-2\" class=\"panel-grid panel-no-style\">\n<div id=\"pgc-4611-2-0\" class=\"panel-grid-cell\" data-weight=\"1\">\n<div id=\"panel-4611-2-0-0\" class=\"so-panel widget widget_sow-editor panel-first-child\" data-index=\"2\" data-style=\"{&quot;background_display&quot;:&quot;tile&quot;}\">\n<div class=\"so-widget-sow-editor so-widget-sow-editor-base\">\n<div class=\"siteorigin-widget-tinymce textwidget\">\n<table class=\"aligncenter\" style=\"height: 535px; width: 599px; border-color: #050505; background-color: #ffffff;\" border=\"2\" cellspacing=\"10\" cellpadding=\"10\">\n<tbody>\n<tr style=\"height: 460.063px;\">\n<td style=\"border-color: #ffffff; background-color: #ffffff; text-align: center; vertical-align: middle; width: 285.556px; height: 460.063px;\" scope=\"col\">&nbsp;<\/p>\n<p><img loading=\"lazy\" class=\"aligncenter wp-image-17020 size-full\" src=\"https:\/\/apreis.eu\/apreisbr\/wp-content\/uploads\/2020\/06\/affiche_travailler_joli-BRESILIEN-vers-2pti-sans-Pan-e1592916322641.jpg\" alt=\"\" width=\"480\" height=\"640\" \/><\/td>\n<td style=\"border-color: #ffffff; width: 234.444px; background-color: #ffffff; text-align: center; vertical-align: middle; height: 460.063px;\">&nbsp;<\/p>\n<p><span style=\"font-size: 14px;\">Roteiro<\/span><br \/>\n<span style=\"font-size: 12px;\"> <strong>L\u00e9o Dayan <\/strong>\u00a0<\/span><\/p>\n<p><span style=\"font-size: 14px;\">Direc\u00e7\u00e3o<\/span><br \/>\n<span style=\"font-size: 12px;\"> <strong>\u00a0Hugo Dayan<\/strong><\/span><\/p>\n<p><span style=\"font-size: 14px;\">assistente\u00a0de\u00a0direc\u00e7\u00e3o<\/span><br \/>\n<span style=\"font-size: 12px;\"> <strong>No\u00e9mie Marot Saf\u00e9ris<\/strong><\/span><\/p>\n<p><span style=\"font-size: 14px;\">Montagem<\/span><br \/>\n<span style=\"font-size: 12px;\"><strong>Hugo Dayan . Lise Rouvelin<\/strong><\/span><\/p>\n<p><span style=\"font-size: 14px;\">Can\u00e7\u00f5es e musics<\/span><br \/>\n<span style=\"font-size: 10px;\"><strong><span style=\"font-size: 12px;\">Julien Dayan, L\u00e9o Dayan,<\/span><br \/>\n<span style=\"font-size: 12px;\">G\u00e9raldo Espindola<\/span><\/strong><span style=\"font-size: 12px;\"><strong>\u00a0<\/strong><\/span><\/span><\/p>\n<p><span style=\"font-size: 12px;\">Interpreta\u00e7\u00e3o \u2013 Tradu\u00e7\u00f5es<\/span><br \/>\n<span style=\"font-size: 12px;\"> <strong>Aude Lorion, \u00a0Cecile Petigand,<br \/>\nClaire Langevin,<br \/>\n<\/strong><strong> Genevi\u00e8ve Blan\u00e8s, Susan Slater<\/strong><\/span><\/td>\n<\/tr>\n<\/tbody>\n<\/table>\n<p style=\"text-align: left;\"><span style=\"font-size: 20px;\"><strong>Resumo<\/strong><\/span><\/p>\n<p style=\"text-align: justify;\"><span style=\"font-size: 20px;\">Um m\u00fasico e poeta brasileiro, cuja inspira\u00e7\u00e3o se alimenta da natureza, da sensibilidade feminina e das esperan\u00e7as daqueles que lutam para viver prestando aten\u00e7\u00e3o aos valores humanos, procura terminar can\u00e7\u00e3o que ele apresentar\u00e1 na ocasi\u00e3o do concerto para o meio ambiente na capital brasileira do Pantanal, Corumb\u00e1, fronteiri\u00e7a da Bol\u00edvia.<\/span><\/p>\n<p>&nbsp;<\/p>\n<\/div>\n<\/div>\n<\/div>\n<div id=\"pgc-4083-1-0\" class=\"panel-grid-cell\" data-weight=\"1\">\n<div id=\"panel-4083-1-0-1\" class=\"so-panel widget widget_slidedeck2_widget slidedeck2_widget panel-last-child\" style=\"text-align: center;\" data-index=\"2\" data-style=\"{&quot;background_image_attachment&quot;:false,&quot;background_display&quot;:&quot;tile&quot;}\"><div id=\"slidedeck_5210_69e8e87bd23a7-wrapper\"><iframe class=\"slidedeck-iframe-embed\" id=\"slidedeck_5210_69e8e87bd23a7\" frameborder=\"0\" allowtransparency=\"yes\"  src=\"https:\/\/apreis.eu\/apreisbr\/wp-admin\/admin-ajax.php?action=slidedeck_preview_iframe&uniqueid=1502284615&slidedeck=5210&width=740&height=380&outer_width=740&outer_height=380&slidedeck_unique_id=slidedeck_5210_69e8e87bd23a7&post_id=5419&front_page=false&start=1\" style=\"width:740px;height:380px;\"><\/iframe><\/div><\/div>\n<\/div>\n<\/div>\n<\/div>\n<\/div>\n<\/div>\n<\/div>\n<\/div>\n<\/div>\n","protected":false},"excerpt":{"rendered":"<p>&nbsp; &nbsp; Roteiro L\u00e9o Dayan \u00a0 Direc\u00e7\u00e3o \u00a0Hugo Dayan assistente\u00a0de\u00a0direc\u00e7\u00e3o No\u00e9mie Marot Saf\u00e9ris Montagem Hugo Dayan . Lise Rouvelin Can\u00e7\u00f5es e musics Julien Dayan, L\u00e9o Dayan, G\u00e9raldo Espindola\u00a0 Interpreta\u00e7\u00e3o \u2013 Tradu\u00e7\u00f5es Aude Lorion, \u00a0Cecile Petigand, Claire Langevin, Genevi\u00e8ve Blan\u00e8s, Susan [&hellip;]<\/p>\n","protected":false},"author":1,"featured_media":0,"parent":0,"menu_order":0,"comment_status":"closed","ping_status":"closed","template":"tpl_full_page.php","meta":[],"_links":{"self":[{"href":"https:\/\/apreis.eu\/apreisbr\/wp-json\/wp\/v2\/pages\/5419"}],"collection":[{"href":"https:\/\/apreis.eu\/apreisbr\/wp-json\/wp\/v2\/pages"}],"about":[{"href":"https:\/\/apreis.eu\/apreisbr\/wp-json\/wp\/v2\/types\/page"}],"author":[{"embeddable":true,"href":"https:\/\/apreis.eu\/apreisbr\/wp-json\/wp\/v2\/users\/1"}],"replies":[{"embeddable":true,"href":"https:\/\/apreis.eu\/apreisbr\/wp-json\/wp\/v2\/comments?post=5419"}],"version-history":[{"count":10,"href":"https:\/\/apreis.eu\/apreisbr\/wp-json\/wp\/v2\/pages\/5419\/revisions"}],"predecessor-version":[{"id":5674,"href":"https:\/\/apreis.eu\/apreisbr\/wp-json\/wp\/v2\/pages\/5419\/revisions\/5674"}],"wp:attachment":[{"href":"https:\/\/apreis.eu\/apreisbr\/wp-json\/wp\/v2\/media?parent=5419"}],"curies":[{"name":"wp","href":"https:\/\/api.w.org\/{rel}","templated":true}]}}