{"id":3222,"date":"2015-02-10T13:23:09","date_gmt":"2015-02-10T12:23:09","guid":{"rendered":"https:\/\/apreis.eu\/newapreis\/?page_id=1171"},"modified":"2019-04-08T00:38:02","modified_gmt":"2019-04-07T23:38:02","slug":"equipe-directivo","status":"publish","type":"page","link":"https:\/\/apreis.eu\/apreisesp\/equipe-directivo\/","title":{"rendered":"Equipe directivo"},"content":{"rendered":"<p>&nbsp;<\/p>\n<p>&nbsp;<\/p>\n<p style=\"text-align: center;\"><span style=\"font-size: 24px;\"><strong>EQUIPO DIRECTIVO<\/strong><\/span><\/p>\n<p><strong>\u00a0<\/strong><\/p>\n<p><img loading=\"lazy\" class=\"aligncenter size-full wp-image-16733\" src=\"https:\/\/apreis.eu\/apreisesp\/wp-content\/uploads\/2019\/04\/piments-2-300x211.jpg\" alt=\"\" width=\"300\" height=\"211\" srcset=\"https:\/\/apreis.eu\/apreisesp\/wp-content\/uploads\/2019\/04\/piments-2-300x211.jpg 300w, https:\/\/apreis.eu\/apreisesp\/wp-content\/uploads\/2019\/04\/piments-2-300x211-150x105.jpg 150w\" sizes=\"(max-width: 300px) 100vw, 300px\" \/><\/p>\n<p>&nbsp;<\/p>\n<p>&nbsp;<\/p>\n<p><span style=\"font-family: tahoma, arial, helvetica, sans-serif;\"><strong>Direcci<em>\u00f3<\/em>n General\u00a0 \u00a0\u00a0<\/strong><\/span><\/p>\n<p><span style=\"font-family: tahoma, arial, helvetica, sans-serif; font-size: 10pt;\"><strong>Gian Pietro Armanetti<\/strong>, Presidente de la APREIS (<em>European and International Actors, Practices and Research for Sustainability)<\/em><\/span><\/p>\n<p><span style=\"font-family: tahoma, arial, helvetica, sans-serif; font-size: 10pt;\"><strong>Genevi\u00e8ve Blan\u00e9s,\u00a0\u00a0 <\/strong>Coordinaci\u00f3n de la red internacional del APREIS<\/span><\/p>\n<p>&nbsp;<\/p>\n<p><span style=\"font-family: tahoma, arial, helvetica, sans-serif;\"><strong>Direcci\u00f3n <\/strong> <strong>Cientifica<\/strong><\/span><\/p>\n<p><span style=\"font-size: 10pt; font-family: tahoma, arial, helvetica, sans-serif;\"><strong>L\u00e9o Dayan,<\/strong>\u00a0Universit\u00e9 de Paris I Panth\u00e9on Sorbonne, France. Director\u00a0cient\u00edfico\u00a0de la APREIS<\/span><\/p>\n<p>&nbsp;<\/p>\n<p><span style=\"font-family: tahoma, arial, helvetica, sans-serif;\"><strong>Consejo cient\u00edfico y \u00e9tico ( CSE)\u00a0<\/strong><\/span><\/p>\n<p><span style=\"font-size: 10pt; font-family: tahoma, arial, helvetica, sans-serif;\"><strong>Andr\u00e9 Joyal<\/strong>, Universit\u00e9 de Quebec Trois Rivi\u00e8res, Canada<\/span><\/p>\n<p><span style=\"font-family: tahoma, arial, helvetica, sans-serif; font-size: 10pt;\"><strong>Hugo Dayan,\u00a0 <\/strong>Charg\u00e9 de mission APREIS<\/span><\/p>\n<p><span style=\"font-family: tahoma, arial, helvetica, sans-serif; font-size: 10pt;\"><strong>Sabrina Liberatoscioli<\/strong>, ONG Centro Studi Americanistici, Italie<\/span><\/p>\n<p><span style=\"font-family: tahoma, arial, helvetica, sans-serif; font-size: 10pt;\"><strong>Jun Li,\u00a0<\/strong>South China Agricultural University<\/span><\/p>\n<p><span style=\"font-family: tahoma, arial, helvetica, sans-serif; font-size: 10pt;\"><strong>Irena Pietrzky<\/strong>, Universit\u00e9 de sciences \u00e9conomiques de Krakow, Pologne<\/span><\/p>\n<p><span style=\"font-family: tahoma, arial, helvetica, sans-serif; font-size: 10pt;\"><strong>Naouffel Ziadi<\/strong>,\u00a0Centre d\u2019Etudes et de Recherches Economiques et Sociales, Tunisie<\/span><\/p>\n<p>&nbsp;<\/p>\n<p><span style=\"font-family: tahoma, arial, helvetica, sans-serif;\"><strong>Asociados<\/strong><\/span><\/p>\n<p><span style=\"font-size: 10pt; font-family: tahoma, arial, helvetica, sans-serif; color: #000000;\"><strong><a style=\"color: #000000;\" href=\"https:\/\/onefaceonerace.eu\" target=\"_blank\" rel=\"noopener noreferrer\">One Face One Race<\/a>\u00a0\u2013<\/strong>\u00a0Belgium<br \/>\n<strong><a style=\"color: #000000;\" href=\"https:\/\/www.quiquiho.com\/\" target=\"_blank\" rel=\"noopener noreferrer\">Quiquiho Produ\u00e7oes<\/a>\u00a0<\/strong>&#8211; Brasil<\/span><\/p>\n<p><a href=\"https:\/\/www.quiquiho.com\/\" target=\"_blank\" rel=\"noopener noreferrer\">\u00a0<\/a><br \/>\n<img loading=\"lazy\" class=\"aligncenter size-full wp-image-16735\" src=\"https:\/\/apreis.eu\/apreisesp\/wp-content\/uploads\/2019\/04\/jusfruits2.jpg\" alt=\"\" width=\"341\" height=\"250\" srcset=\"https:\/\/apreis.eu\/apreisesp\/wp-content\/uploads\/2019\/04\/jusfruits2.jpg 341w, https:\/\/apreis.eu\/apreisesp\/wp-content\/uploads\/2019\/04\/jusfruits2-300x220.jpg 300w\" sizes=\"(max-width: 341px) 100vw, 341px\" \/><\/p>\n","protected":false},"excerpt":{"rendered":"<p>&nbsp; &nbsp; EQUIPO DIRECTIVO \u00a0 &nbsp; &nbsp; Direcci\u00f3n General\u00a0 \u00a0\u00a0 Gian Pietro Armanetti, Presidente de la APREIS (European and International Actors, Practices and Research for Sustainability) Genevi\u00e8ve Blan\u00e9s,\u00a0\u00a0 Coordinaci\u00f3n de la red internacional del APREIS &nbsp; Direcci\u00f3n Cientifica L\u00e9o Dayan,\u00a0Universit\u00e9 [&hellip;]<\/p>\n","protected":false},"author":1,"featured_media":0,"parent":0,"menu_order":0,"comment_status":"closed","ping_status":"closed","template":"tpl_full_page.php","meta":[],"_links":{"self":[{"href":"https:\/\/apreis.eu\/apreisesp\/wp-json\/wp\/v2\/pages\/3222"}],"collection":[{"href":"https:\/\/apreis.eu\/apreisesp\/wp-json\/wp\/v2\/pages"}],"about":[{"href":"https:\/\/apreis.eu\/apreisesp\/wp-json\/wp\/v2\/types\/page"}],"author":[{"embeddable":true,"href":"https:\/\/apreis.eu\/apreisesp\/wp-json\/wp\/v2\/users\/1"}],"replies":[{"embeddable":true,"href":"https:\/\/apreis.eu\/apreisesp\/wp-json\/wp\/v2\/comments?post=3222"}],"version-history":[{"count":3,"href":"https:\/\/apreis.eu\/apreisesp\/wp-json\/wp\/v2\/pages\/3222\/revisions"}],"predecessor-version":[{"id":16734,"href":"https:\/\/apreis.eu\/apreisesp\/wp-json\/wp\/v2\/pages\/3222\/revisions\/16734"}],"wp:attachment":[{"href":"https:\/\/apreis.eu\/apreisesp\/wp-json\/wp\/v2\/media?parent=3222"}],"curies":[{"name":"wp","href":"https:\/\/api.w.org\/{rel}","templated":true}]}}