{"id":3227,"date":"2015-02-10T13:27:23","date_gmt":"2015-02-10T12:27:23","guid":{"rendered":"https:\/\/apreis.eu\/newapreis\/?page_id=1182"},"modified":"2019-03-03T19:32:57","modified_gmt":"2019-03-03T18:32:57","slug":"archivos","status":"publish","type":"page","link":"https:\/\/apreis.eu\/apreisesp\/archivos\/","title":{"rendered":"Archivos"},"content":{"rendered":"<div id=\"pl-3227\"  class=\"panel-layout\" ><div id=\"pg-3227-0\"  class=\"panel-grid panel-no-style\" ><div id=\"pgc-3227-0-0\"  class=\"panel-grid-cell\" ><div id=\"panel-3227-0-0-0\" class=\"so-panel widget widget_magictextwidget MagicTextWidget panel-first-child\" data-index=\"0\" ><div class=\"panel-widget-style panel-widget-style-for-3227-0-0-0\" ><div class=\"magictextwidget_box\" style=\"margin-top:10px !important;margin-bottom:10px !important;max-width:250px;height:auto;background-color:#fff;\"><div class=\"magictextwidget_box_inner\" style=\"padding-top:10px !important; padding-right:10px!important;padding-left:10px !important;padding-bottom:10px !important;\"><div class=\"magictextwidget_accroche\" style=\"margin-top:0px !important;margin-bottom:0px !important;color:#000000; font-family:Bubblegum Sans, sans-serif  !important; font-size:32px !important;letter-spacing:3px !important; font-weight:bold !important; line-height:24px !important; text-align:center !important;\"><p>ARCHIVOS<\/p>\n<\/div><\/div><\/div><\/div><\/div><div id=\"panel-3227-0-0-1\" class=\"so-panel widget widget_black-studio-tinymce widget_black_studio_tinymce panel-last-child\" data-index=\"1\" ><div class=\"textwidget\"><p style=\"text-align: center;\">\u00a0<\/p>\n<p style=\"text-align: center;\"><span style=\"color: #000000;\"><span style=\"font-size: 18pt; font-family: tahoma, arial, helvetica, sans-serif;\"><strong>Serviran para generar un desarrollo sostenible <br \/><\/strong><\/span><span style=\"font-size: 18pt; font-family: tahoma, arial, helvetica, sans-serif;\"><strong>los grandes programas de lucha contra la indigencia ?<\/strong><\/span><\/span><\/p>\n<p style=\"text-align: center;\">\u00a0<\/p>\n<p style=\"text-align: justify;\"><span style=\"font-family: tahoma, arial, helvetica, sans-serif; font-size: 10pt;\"><span style=\"color: #000000;\">En el a\u00f1o 1990, las Naciones Unidas establecieron ocho objetivos, llamados los \u201cObjetivos del Milenium para el Desarrollo\u201d1 , a alcanzar en el a\u00f1o 2015. En el mundo entero surgen iniciativas para reducir la indigencia. El programa Oportunidades en vigor desde el a\u00f1o 1997, proyecto financiado por fondos publicos mexicanos, no para de extenderse. La transferencia en efectivo condicional de sus ayudas, parece ser la prueba de su eficiencia desde el punto de vista de varios indicadores, los cuales abundan ya que Oportunidades es el centro de evaluaciones permanentes, lo que es otra de sus especificidades. Oportunidades parece demostrar la ventaja que tienen estos tipos de programas de ayuda de tal manera que ha sido un modelo de desarrollo para algunos pa\u00edses como Nicaragua, Malawi \u2026y que ha contado con el benepl\u00e1cito del Banco Mund\u00edal que se refiere a la experiencia mexicana como un ejemplo a tener en cuenta. Al mismo tiempo, aparte de los grandes programas que luchan contra la indigencia, se desarollan iniciativas locales al nivel de barrios, ciudades y comunidades, como por ejemplo \u00a0\u00a0bajo el impulso del \u201cGreen Institute\u201d, el Philips Eco Enterprise Center (PEEC) en Minneapolis, en el estado de Minnesota, en los Estados Unidos. El PEEC reune por una parte financiacion privada y publica, actividades asociativas, iniciativas individuales y por otra parte inovacion tecnologica, proteccion del medio ambiente y integracion social. <br \/><\/span><span style=\"color: #000000;\">En este estudio, nos interesaremos en el v\u00ednculo entre el primero y el s\u00e9ptimo objetivo, es decir: \u00ab reducir la indigencia y el hambre, y asegurar un medio ambiente sostenible \u00bb. Mas especificamente, se trata de reducir a la mitad la proporci\u00f3n de la poblaci\u00f3n que vive con menos de un d\u00f3lar por dia y asimismo reducir la proporci\u00f3n de la poblaci\u00f3n que sufre de hambre, la cual al comprometer el desarrollo adecuado de los m\u00e1s j\u00f3venes, hipoteca en gran modo el desarrollo de los pa\u00edses m\u00e1s pobres. Vivimos en un entorno, en el que la globalizaci\u00f3n transforma las fronteras existentes en elementos cada vez m\u00e1s porosos. Este proceso es cada d\u00eda m\u00e1s importante, debido a la influencia de los organismos internacionales para el desarrollo como el Banco Mund\u00edal, el FMI o otras instituciones internacionales los cu\u00e1les desempe\u00f1an una verdadera funci\u00f3n catalizadora por medio de un conjunto limitado de programas, de pol\u00edticas o, de forma m\u00e1s general, de medios de acci\u00f3n, calificados de \u00abbuena governanza\u00bb. Nos parece por tanto oportuno interesarse, a trav\u00e9s del ejemplo de Oportunidades y del PEEC, un ejemplo mas modesto, en el aspecto oculto de los grandes programas de lucha contra la indigencia, en su eficiencia a corto y largo plazo, en su coherencia con respecto a los otros objetivos del Milenium, y sobre todo con el que se refiere al concepto de sostenibilidad.Tambien se trata de cuestionarse sobre la pertinencia de su transposabilidad en otros paises<\/span><span style=\"color: #000000;\">.<\/span><\/span><span style=\"color: #000000; font-family: tahoma, arial, helvetica, sans-serif; font-size: 12pt;\"> \u00a0<span style=\"font-size: 10pt;\"><strong><a style=\"color: #000000;\" href=\"https:\/\/www.apreis.eu\/apreisesp\/wp-content\/uploads\/2017\/01\/Opp.durable_vesp.pdf\" target=\"_blank\">Leer <b class=\"b4\">m\u00e1s<\/b><\/a><\/strong><\/span><\/span><\/p>\n<\/div><\/div><\/div><\/div><\/div>","protected":false},"excerpt":{"rendered":"<p>\u00a0Serviran para generar un desarrollo sostenible los grandes programas de lucha contra la indigencia ?\u00a0En el a\u00f1o 1990, las Naciones Unidas establecieron ocho objetivos, llamados los \u201cObjetivos del Milenium para el Desarrollo\u201d1 , a alcanzar en el a\u00f1o 2015. En [&hellip;]<\/p>\n","protected":false},"author":1,"featured_media":0,"parent":0,"menu_order":0,"comment_status":"closed","ping_status":"closed","template":"tpl_full_page.php","meta":[],"_links":{"self":[{"href":"https:\/\/apreis.eu\/apreisesp\/wp-json\/wp\/v2\/pages\/3227"}],"collection":[{"href":"https:\/\/apreis.eu\/apreisesp\/wp-json\/wp\/v2\/pages"}],"about":[{"href":"https:\/\/apreis.eu\/apreisesp\/wp-json\/wp\/v2\/types\/page"}],"author":[{"embeddable":true,"href":"https:\/\/apreis.eu\/apreisesp\/wp-json\/wp\/v2\/users\/1"}],"replies":[{"embeddable":true,"href":"https:\/\/apreis.eu\/apreisesp\/wp-json\/wp\/v2\/comments?post=3227"}],"version-history":[{"count":3,"href":"https:\/\/apreis.eu\/apreisesp\/wp-json\/wp\/v2\/pages\/3227\/revisions"}],"predecessor-version":[{"id":7059,"href":"https:\/\/apreis.eu\/apreisesp\/wp-json\/wp\/v2\/pages\/3227\/revisions\/7059"}],"wp:attachment":[{"href":"https:\/\/apreis.eu\/apreisesp\/wp-json\/wp\/v2\/media?parent=3227"}],"curies":[{"name":"wp","href":"https:\/\/api.w.org\/{rel}","templated":true}]}}