{"id":3228,"date":"2015-02-10T13:28:08","date_gmt":"2015-02-10T12:28:08","guid":{"rendered":"https:\/\/apreis.eu\/newapreis\/?page_id=1184"},"modified":"2019-03-03T19:33:04","modified_gmt":"2019-03-03T18:33:04","slug":"articulos","status":"publish","type":"page","link":"https:\/\/apreis.eu\/apreisesp\/articulos\/","title":{"rendered":"Articulos"},"content":{"rendered":"<p>&nbsp;<\/p>\n<p style=\"text-align: center;\"><span style=\"font-family: tahoma, arial, helvetica, sans-serif; font-size: 18pt;\"><strong>El ind\u00edgena globalizado del Brasil sale de la reserva local<br \/>\n<\/strong><\/span><span style=\"font-family: tahoma, arial, helvetica, sans-serif; font-size: 18pt;\"><strong>con su cabeza en alto y\u00a0 sustentablemente\u00a0<\/strong><\/span><\/p>\n<p style=\"text-align: justify;\"><strong>Resumen<\/strong><\/p>\n<p style=\"text-align: justify;\"><span style=\"font-size: 10pt; font-family: tahoma, arial, helvetica, sans-serif;\">Los ind\u00edgenas de\u00a0 Brasil ? No son ni indios, ni Amerindios. Son Bororo, Guarani, Kaiowa, Kayapo, Terena, Xavabte o Yawanawai. Son alrededor del 0,25 %\u00a0 de la poblaci\u00f3n brasile\u00f1a,\u00a0 pero sobre todo\u00a0el continente americano, forman parte de las primeras comunidades locales globalizadas y de las culturas de\u00a0 la sustentabilidad.<\/span><\/p>\n<p style=\"text-align: justify;\"><span style=\"font-family: tahoma, arial, helvetica, sans-serif; font-size: 10pt;\"><img loading=\"lazy\" class=\"alignleft wp-image-4567\" src=\"https:\/\/apreis.eu\/apreisesp\/wp-content\/uploads\/2015\/02\/bor-225x300.jpg\" width=\"240\" height=\"320\" \/><img loading=\"lazy\" class=\"alignright wp-image-3841 size-full\" src=\"https:\/\/apreis.eu\/apreisesp\/wp-content\/uploads\/2016\/03\/cartebresil4-e1485448160770.jpg\" width=\"327\" height=\"310\" \/><span style=\"font-family: tahoma, arial, helvetica, sans-serif; font-size: 10pt;\">Despu\u00e9s de una larga historia obsinada contra los sue\u00f1os de gigante del Estado desarrollista y el universalismo sin gracia del Occidente, el indio del Brasil, \u201daparte donde la madera del carbonero se encuentra en abundancia\u201c, se prepara a salir de su reserva con su cabeza en alto y sustentablemente.<\/span><span style=\"font-family: tahoma, arial, helvetica, sans-serif; font-size: 10pt;\">\u00a0Es el deseo experimentado por los j\u00f3venes Terena de la Tierra Ind\u00edgena Nioaque en Mato Grosso do Sul. <\/span><\/span><span style=\"font-family: tahoma, arial, helvetica, sans-serif; font-size: 10pt;\"><span style=\"font-family: tahoma, arial, helvetica, sans-serif; font-size: 10pt;\">S<\/span><\/span><span style=\"font-family: tahoma, arial, helvetica, sans-serif; font-size: 10pt;\"><span style=\"font-family: tahoma, arial, helvetica, sans-serif; font-size: 10pt;\">on ellos la experiencia vivida y la fuente directa que ha inspirado a esta contribuci\u00f3n, un contribuci\u00f3n\u00a0sobre \u00ab<em>El Viaje Vuelta\u201d<\/em> de los Indigenas del Brasil.\u00a0<\/span><span style=\"font-family: tahoma, arial, helvetica, sans-serif; font-size: 10pt;\">El Terena, cuyo esp\u00edritu de apertura es un constante permanente, dice que su liberaci\u00f3n pasa actualmente por las escuelas de los \u00abblancos\u00bb como forma de supervivencia,\u00a0 como refuerzo cultural de su pueblo\u00a0 y para poder combinar sus conocimientos y sus tradiciones a los conocimientos scientifico-t\u00e9cnicos. Pretenden obtener el reconocimiento de sus\u00a0 plenos derechos de propiedad\u00a0 y\u00a0 desarrollarse de redes de territorios menos tributarios de las l\u00f3gicas territorialistas de los Estados y del predominio del mercado. <\/span><\/span><span style=\"font-family: tahoma, arial, helvetica, sans-serif; font-size: 10pt;\"><span style=\"color: #000000;\"><a style=\"color: #000000;\" href=\"https:\/\/apreis.eu\/apreisesp\/wp-content\/uploads\/2017\/02\/El-Indigena-del-Brasil-2006-esp.pdf\" target=\"_blank\" rel=\"noopener noreferrer\"><strong>Leer m\u00e1s<\/strong><\/a><\/span><\/span><\/p>\n<p>&nbsp;<\/p>\n<p>&nbsp;<\/p>\n<p style=\"text-align: center;\"><span style=\"font-size: 18pt;\"><strong>Sobre\u00a0el economia solidaria y el desarrollo del\u00a0Paraguay<\/strong><\/span><\/p>\n<p>&nbsp;<\/p>\n<p style=\"text-align: justify;\"><img loading=\"lazy\" class=\"aligncenter wp-image-4574 size-medium\" src=\"https:\/\/apreis.eu\/apreisesp\/wp-content\/uploads\/2015\/02\/fraises-parag-225x300.jpg\" width=\"225\" height=\"300\" \/><br \/>\n<span style=\"font-size: 10pt; font-family: tahoma, arial, helvetica, sans-serif;\">Una entrevista en el diario Paraguayo<em> \u201cLa Naci\u00f3n\u201d<\/em> (el 3 de septiembre de 2012) :<br \/>\n<\/span><span style=\"font-size: 10pt; font-family: tahoma, arial, helvetica, sans-serif;\">Existen cuatro claves para el desarrollo socio-econ\u00f3mico del pa\u00eds: valorizar los residuos, cambiar el sistema de movilidad en la ciudad, promover la agricultura urbana y rural y desarrollar el mercado interior. Y para que esto sea posible se requiere primeramente confianza hacia el esp\u00edritu emprendedor de las energ\u00edas populares locales y siguientemente una descentralizaci\u00f3n de los poderes del estado.\u00a0<span style=\"color: #000000;\"><a style=\"color: #000000;\" href=\"https:\/\/apreis.eu\/apreisesp\/wp-content\/uploads\/2017\/01\/Entrevista_LaNacion_esp-1.pdf\" target=\"_blank\" rel=\"noopener noreferrer\"><strong>Leer m\u00e1s<\/strong><\/a><\/span><\/span><\/p>\n<p>&nbsp;<\/p>\n<p>&nbsp;<\/p>\n<p style=\"text-align: center;\"><span style=\"font-family: tahoma, arial, helvetica, sans-serif; font-size: 18pt;\"><strong>Un modelo de estrategia fiscal del desarrollo sustentable<\/strong><\/span><\/p>\n<p><img loading=\"lazy\" class=\"aligncenter wp-image-2423 size-medium\" src=\"https:\/\/apreis.eu\/apreisesp\/wp-content\/uploads\/2015\/01\/jaburu-2-300x237.jpg\" width=\"300\" height=\"237\" srcset=\"https:\/\/apreis.eu\/apreisesp\/wp-content\/uploads\/2015\/01\/jaburu-2-300x237.jpg 300w, https:\/\/apreis.eu\/apreisesp\/wp-content\/uploads\/2015\/01\/jaburu-2.jpg 380w\" sizes=\"(max-width: 300px) 100vw, 300px\" \/><\/p>\n<p>&nbsp;<\/p>\n<p><span style=\"font-size: 14pt; font-family: tahoma, arial, helvetica, sans-serif;\"><strong>Eco-enlaces. Desfiscalizaci\u00f3n del empleo. Eco-imposici\u00f3n del capital contaminante\u00a0<\/strong><\/span><\/p>\n<p style=\"text-align: justify;\"><strong>Resumen<\/strong><br \/>\n<span style=\"font-size: 10pt; font-family: tahoma, arial, helvetica, sans-serif;\">Esta comunicaci\u00f3n expone la condici\u00f3n pr\u00e1ctica de la puesta en ejecuci\u00f3n de la sustenibilidad,\u00a0<\/span><span style=\"font-size: 10pt; font-family: tahoma, arial, helvetica, sans-serif;\">la construcci\u00f3n de una econom\u00eda de eco-enlaces, y propone un modelo de estrategia fiscal que\u00a0<\/span><span style=\"font-size: 10pt; font-family: tahoma, arial, helvetica, sans-serif;\">permite a la fuerza p\u00fablica orientar a los actores del mercado con coherencia, seguridad,\u00a0<\/span><span style=\"font-size: 10pt; font-family: tahoma, arial, helvetica, sans-serif;\">equidad y eficacia hacia las trayectorias tecnol\u00f3gicas sustentables y al menor coste para los\u00a0<\/span><span style=\"font-size: 10pt; font-family: tahoma, arial, helvetica, sans-serif;\">recursos p\u00fablicos.<br \/>\n<\/span><span style=\"font-size: 10pt; font-family: tahoma, arial, helvetica, sans-serif;\">1. Teniendo por objeto aumentar la productividad de los recursos naturales y limitar la\u00a0<\/span><span style=\"font-size: 10pt; font-family: tahoma, arial, helvetica, sans-serif;\">dispersi\u00f3n de los contaminantes, la econom\u00eda del eco enlaces reutiliza \u00aben definitiva\u00bb todo\u00a0<\/span><span style=\"font-size: 10pt; font-family: tahoma, arial, helvetica, sans-serif;\">residuo de una actividad en recurso para otra. Desconecta la creaci\u00f3n de riqueza del\u00a0<\/span><span style=\"font-size: 10pt; font-family: tahoma, arial, helvetica, sans-serif;\">crecimiento de los flujos y de las existencias de materia, de energ\u00eda y de residuos. Requiere\u00a0<\/span><span style=\"font-size: 10pt; font-family: tahoma, arial, helvetica, sans-serif;\">crear las condiciones que incitar\u00edan a las empresas que la desarrollan, en el mismo seno de sus\u00a0<\/span><span style=\"font-size: 10pt; font-family: tahoma, arial, helvetica, sans-serif;\">rivalidades, cooperaciones estrat\u00e9gicas para poner en marcha sus ciclos de producci\u00f3n y\u00a0<\/span><span style=\"font-size: 10pt; font-family: tahoma, arial, helvetica, sans-serif;\">participar en la postura del conjunto del ciclo econ\u00f3mico (producci\u00f3n, consumo). El sistema\u00a0<\/span><span style=\"font-size: 10pt; font-family: tahoma, arial, helvetica, sans-serif;\">econ\u00f3mico entonces ser\u00eda configurado en un ecosistema.<br \/>\n<\/span><span style=\"font-size: 10pt; font-family: tahoma, arial, helvetica, sans-serif;\">2. Reemplazando la parte de las cotizaciones sociales al cargo del empresario por un eco\u00a0<\/span><span style=\"font-size: 10pt; font-family: tahoma, arial, helvetica, sans-serif;\">impuesto sobre el capital contaminante, el Estado puede incitar a las empresas que invierten\u00a0<\/span><span style=\"font-size: 10pt; font-family: tahoma, arial, helvetica, sans-serif;\">en la puesta en ejecuci\u00f3n del eco enlaces. La fijaci\u00f3n conjunta y combinada por el \u00edndice de\u00a0<\/span><span style=\"font-size: 10pt; font-family: tahoma, arial, helvetica, sans-serif;\">cotizaciones sociales al cargo de los empresarios y al cargo del \u00edndice de eco impuesto sobre\u00a0<\/span><span style=\"font-size: 10pt; font-family: tahoma, arial, helvetica, sans-serif;\">el capital contaminante puede asegurar la estabilidad global de los precios, garantizar la\u00a0<\/span><span style=\"font-size: 10pt; font-family: tahoma, arial, helvetica, sans-serif;\">neutralidad presupuestaria de los efectos de la reforma fiscal y conservar en estas condiciones\u00a0<\/span><span style=\"font-size: 10pt; font-family: tahoma, arial, helvetica, sans-serif;\">la competitividad precio. La deformaci\u00f3n de la funci\u00f3n de producci\u00f3n, provocada por un\u00a0<\/span><span style=\"font-size: 10pt; font-family: tahoma, arial, helvetica, sans-serif;\">sistema de contribuciones directo favorable para el capital no contaminante y para el trabajo,\u00a0<\/span><span style=\"font-size: 10pt; font-family: tahoma, arial, helvetica, sans-serif;\">aumenta el volumen del empleo y aumenta el poder adquisitivo de los consumidores medido\u00a0<\/span><span style=\"font-size: 10pt; font-family: tahoma, arial, helvetica, sans-serif;\">en productos sostenibles. Permite la protecci\u00f3n preventiva de la naturaleza y de la salud y\u00a0<\/span><span style=\"font-size: 10pt; font-family: tahoma, arial, helvetica, sans-serif;\">asegura el equilibrio de las cuentas sociales (L\u00e9o Dayan &amp; Bernard Dupont )<strong><br \/>\nLeer m\u00e1s:<\/strong><span style=\"color: #000000;\"> en <a style=\"color: #000000;\" href=\"https:\/\/apreis.eu\/apreis\/wp-content\/\/uploads\/2015\/11\/Fiscal.model%20fin.apreis.EV.pdf\" target=\"_blank\" rel=\"noopener noreferrer\"><strong>ingl\u00e9s<\/strong><\/a>\u00a0, en<a style=\"color: #000000;\" href=\"https:\/\/apreis.eu\/apreis\/wp-content\/uploads\/2015\/11\/Eco-impot.acad_.apreis.fin_.pdf\" target=\"_blank\" rel=\"noopener noreferrer\"> <strong>franc\u00e9s<\/strong><\/a>\u00a0ou en <strong><a style=\"color: #000000;\" href=\"https:\/\/apreis.eu\/apreis\/wp-content\/uploads\/2015\/11\/Fiscalite.dur-vp.pdf\" target=\"_blank\" rel=\"noopener noreferrer\">portugu\u00e9s<\/a>\u00a0<\/strong><\/span><\/span><\/p>\n<p style=\"text-align: justify;\"><span style=\"font-size: 10pt; font-family: tahoma, arial, helvetica, sans-serif;\">\u00a0<\/span><\/p>\n<p>&nbsp;<\/p>\n","protected":false},"excerpt":{"rendered":"<p>&nbsp; El ind\u00edgena globalizado del Brasil sale de la reserva local con su cabeza en alto y\u00a0 sustentablemente\u00a0 Resumen Los ind\u00edgenas de\u00a0 Brasil ? No son ni indios, ni Amerindios. Son Bororo, Guarani, Kaiowa, Kayapo, Terena, Xavabte o Yawanawai. Son [&hellip;]<\/p>\n","protected":false},"author":1,"featured_media":0,"parent":0,"menu_order":0,"comment_status":"closed","ping_status":"closed","template":"tpl_full_page.php","meta":[],"_links":{"self":[{"href":"https:\/\/apreis.eu\/apreisesp\/wp-json\/wp\/v2\/pages\/3228"}],"collection":[{"href":"https:\/\/apreis.eu\/apreisesp\/wp-json\/wp\/v2\/pages"}],"about":[{"href":"https:\/\/apreis.eu\/apreisesp\/wp-json\/wp\/v2\/types\/page"}],"author":[{"embeddable":true,"href":"https:\/\/apreis.eu\/apreisesp\/wp-json\/wp\/v2\/users\/1"}],"replies":[{"embeddable":true,"href":"https:\/\/apreis.eu\/apreisesp\/wp-json\/wp\/v2\/comments?post=3228"}],"version-history":[{"count":4,"href":"https:\/\/apreis.eu\/apreisesp\/wp-json\/wp\/v2\/pages\/3228\/revisions"}],"predecessor-version":[{"id":7060,"href":"https:\/\/apreis.eu\/apreisesp\/wp-json\/wp\/v2\/pages\/3228\/revisions\/7060"}],"wp:attachment":[{"href":"https:\/\/apreis.eu\/apreisesp\/wp-json\/wp\/v2\/media?parent=3228"}],"curies":[{"name":"wp","href":"https:\/\/api.w.org\/{rel}","templated":true}]}}