{"id":4083,"date":"2016-03-30T10:30:26","date_gmt":"2016-03-30T10:30:26","guid":{"rendered":"https:\/\/apreis.eu\/apreisbr\/?page_id=4083"},"modified":"2020-08-30T12:47:46","modified_gmt":"2020-08-30T11:47:46","slug":"resumen-del-documental","status":"publish","type":"page","link":"https:\/\/apreis.eu\/apreisesp\/resumen-del-documental\/","title":{"rendered":"resumen del documental"},"content":{"rendered":"<div id=\"pl-4083\"  class=\"panel-layout\" ><div id=\"pg-4083-0\"  class=\"panel-grid panel-no-style\" ><div id=\"pgc-4083-0-0\"  class=\"panel-grid-cell\" ><div id=\"panel-4083-0-0-0\" class=\"so-panel widget widget_magictextwidget MagicTextWidget panel-first-child panel-last-child\" data-index=\"0\" ><h3 class=\"widget-title\">trabajar<\/h3><div class=\"magictextwidget_box\" style=\"margin-top:0px !important;margin-bottom:0px !important;max-width:850px;height:auto;background-color:;\"><div class=\"magictextwidget_box_inner\" style=\"padding-top:0px !important; padding-right:0px!important;padding-left:0px !important;padding-bottom:0px !important;\"><div class=\"magictextwidget_accroche\" style=\"margin-top:30px !important;margin-bottom:30px !important;color:#3177e0; font-family:inherit !important; font-size:28px !important;letter-spacing:2px !important; font-weight:bold !important; line-height:17px !important; text-align:center !important;\"><p>Sobre la economia solidaria y la sustentabilidad <\/p>\n<\/div><div class=\"magictextwidget_widget_text\" style=\"margin-top:20px !important;margin-bottom:20px !important;color:#3177e0!important; font-family:inherit !important; font-size:30px !important; font-weight:bold !important; line-height:17px!important; text-align:center!important;  \"><p>en America del Sur<\/p>\n<\/div><\/div><\/div><\/div><\/div><\/div><div id=\"pg-4083-1\"  class=\"panel-grid panel-no-style\" ><div id=\"pgc-4083-1-0\"  class=\"panel-grid-cell\" ><div id=\"panel-4083-1-0-0\" class=\"so-panel widget widget_black-studio-tinymce widget_black_studio_tinymce panel-first-child panel-last-child\" data-index=\"1\" ><h3 class=\"widget-title\">suite<\/h3><div class=\"textwidget\"><div id=\"pl-4611\" class=\"panel-layout\">\n<div id=\"pl-4644\" class=\"panel-layout\">\n<div data-index=\"0\" data-style=\"{&quot;background_display&quot;:&quot;tile&quot;}\"><\/div>\n<div data-index=\"0\" data-style=\"{&quot;background_display&quot;:&quot;tile&quot;}\"><\/div>\n<div data-index=\"0\" data-style=\"{&quot;background_display&quot;:&quot;tile&quot;}\"><img class=\"aligncenter wp-image-17012 size-full\" src=\"https:\/\/apreis.eu\/apreisesp\/wp-content\/uploads\/2020\/07\/AFFICHE-jpglibre-tresptieVERS-1-ESPA-60X80-e1595865671535.jpg\" alt=\"\" width=\"480\" height=\"571\" \/><\/div>\n<div class=\"so-panel widget widget_magictextwidget MagicTextWidget panel-first-child panel-last-child\" style=\"text-align: center;\" data-index=\"0\" data-style=\"{&quot;background_display&quot;:&quot;tile&quot;}\"><\/div>\n<div id=\"pg-4611-2\" class=\"panel-grid panel-no-style\">\n<div id=\"pgc-4611-2-0\" class=\"panel-grid-cell\" data-weight=\"1\">\n<div id=\"panel-4611-2-0-0\" class=\"so-panel widget widget_sow-editor panel-first-child\" data-index=\"2\" data-style=\"{&quot;background_display&quot;:&quot;tile&quot;}\">\n<div class=\"so-widget-sow-editor so-widget-sow-editor-base\">\n<div class=\"siteorigin-widget-tinymce textwidget\">\n<p><strong style=\"font-size: 20px; text-align: justify;\"><br \/>\nResumen<\/strong><\/p>\n<p style=\"text-align: justify;\"><span style=\"font-family: tahoma, arial, helvetica, sans-serif; font-size: 10pt;\">Un m\u00fasico y poeta brasile\u00f1o, cuya inspiraci\u00f3n se nutre de la naturaleza, la sensibilidad femenina y las esperanzas de quienes prestan atenci\u00f3n a el medio ambiente y a los valores humanos, busca crear una canci\u00f3n para un concierto por el Medio Ambiente en la capital del Pantanal brasile\u00f1o, Corumb\u00e1, frontera con Bolivia.<br \/>\nLas creatividades populares locales que el compositor descubre en Brasil y Bolivia hacen eco en su imaginario y refuerzan su convicci\u00f3n de que el concepto de la sustentabilidad es femenino.<br \/>\nRedescubriendo en Bolivia las figuras andinas de la uni\u00f3n entre la tierra y la mujer, que se remonta a las culturas ind\u00edgenas, y viendo a la mujer como la mano de la tierra y la mano del tiempo, se libera su inspiraci\u00f3n: es posible \"trabajar bonito para el nuevo claro de luna\", sentido de la palabra \"desarrollo\" en quechua y t\u00edtulo de una nueva canci\u00f3n.<\/span><\/p>\n<p>&nbsp;<\/p><\/div>\n<\/div>\n<\/div>\n<div id=\"panel-4611-2-0-1\" class=\"so-panel widget widget_slidedeck2_widget slidedeck2_widget panel-last-child\" data-index=\"3\" data-style=\"{&quot;padding&quot;:&quot;1cm 2cm 1cm 1cm&quot;,&quot;mobile_padding&quot;:&quot;1cm 2cm 1cm 1cm&quot;,&quot;background_image_attachment&quot;:false,&quot;background_display&quot;:&quot;tile&quot;}\">\n<div class=\"panel-widget-style panel-widget-style-for-4611-2-0-1\" style=\"text-align: center;\">\n<p><div id=\"slidedeck_4625_69d7f09d87d45-wrapper\"><iframe class=\"slidedeck-iframe-embed\" id=\"slidedeck_4625_69d7f09d87d45\" frameborder=\"0\" allowtransparency=\"yes\"  src=\"https:\/\/apreis.eu\/apreisesp\/wp-admin\/admin-ajax.php?action=slidedeck_preview_iframe&uniqueid=1536918889&slidedeck=4625&width=740&height=380&outer_width=740&outer_height=380&slidedeck_unique_id=slidedeck_4625_69d7f09d87d45&post_id=4083&front_page=false&start=1\" style=\"width:740px;height:380px;\"><\/iframe><\/div><\/div>\n<\/div>\n<\/div>\n<\/div>\n<\/div>\n<\/div>\n<\/div><\/div><\/div><\/div><div id=\"pg-4083-2\"  class=\"panel-grid panel-has-style\" ><div class=\"panel-row-style panel-row-style-for-4083-2\" ><div id=\"pgc-4083-2-0\"  class=\"panel-grid-cell\" ><div id=\"panel-4083-2-0-0\" class=\"so-panel widget widget_slidedeck2_widget slidedeck2_widget panel-first-child panel-last-child\" data-index=\"2\" ><div id=\"SlideDeck-4625-frame\" class=\"slidedeck-frame slidedeck_frame slidedeck-frame-4625 lens-block-title show-overlay-hover display-nav-never content-source-custom sd2-hideSpines sd2-show-author sd2-show-author-avatar sd2-show-title sd2-show-excerpt sd2-show-readmore sd2-custom sd2-large sd2-dark default-nav-styles\" style=\"width:740px;height:380px;\" data-sd2-lazy-load-padding=\"1\"><dl id=\"SlideDeck-4625\" class=\"slidedeck slidedeck-4625\" style=\"width:740px;height:380px;\"><dt><\/dt><dd style=\"\" class=\"has-image has-excerpt no-title custom-layout-body-text custom-caption-position-right sd2-image-scaling-none slide-type-image slide-source-custom\" data-thumbnail-src=\"https:\/\/apreis.eu\/apreisesp\/wp-content\/uploads\/2017\/06\/statuesnoires2.jpg\"><div class=\"sd2-content-wrapper\">\n    <div class=\"sd2-node-caption\">\n        <div class=\"sd2-vertical-center-outer\">\n            <div class=\"sd2-vertical-center-middle\">\n                <div class=\"sd2-vertical-center-inner\"> \n                    \n                    <div class=\"sd2-slide-title accent-color\">\n                        <span class=\"sd2-slide-title-inner\">\n                                                                                                                <\/span>\n                    <\/div>\n                    \n                                            <div class=\"sd2-slide-text\"><p style=\"text-align: center\"><span style=\"font-size: 16px\"><a href=\"https:\/\/apreis.eu\/apreisesp\/resumen-del-documental\/\" rel=\"noopener noreferrer\">Resumen<\/a><a href=\"https:\/\/apreis.eu\/apreis\/documentaire-leconomie-solidaire-amerique-sud\/\" target=\"_blank\" rel=\"noopener noreferrer\"><br \/>\n<\/a><\/span><\/p>\n<p style=\"text-align: center\"><span style=\"font-size: 16px\"><a href=\"https:\/\/apreis.eu\/apreisesp\/intencion\" rel=\"noopener noreferrer\">Intenci\u00f3n<\/a><\/span><\/p>\n<p style=\"text-align: center\"><span style=\"font-size: 16px\"><a href=\"https:\/\/apreis.eu\/apreisesp\/sinopsis\" rel=\"noopener noreferrer\">Sinopsis<\/a><\/span><\/p>\n<p style=\"text-align: center\"><span style=\"font-size: 16px\"><a href=\"https:\/\/apreis.eu\/apreisesp\/el-equipo\/\" rel=\"noopener noreferrer\">Equipo<\/a><\/span><\/p>\n<p style=\"text-align: center\"><span style=\"font-size: 16px\"><a href=\"https:\/\/apreis.eu\/apreisesp\/filmacion\" rel=\"noopener noreferrer\">Fotografias<\/a><\/span><\/p>\n<p style=\"text-align: center\"><span style=\"font-size: 16px\"><a href=\"https:\/\/apreis.eu\/apreisesp\/teasers\" rel=\"noopener noreferrer\">Teasers<\/a><\/span><\/p>\n<p style=\"text-align: center\"><span style=\"font-size: 16px\"><a href=\"https:\/\/apreis.eu\/apreisesp\/trailer\">Trailer<\/a><\/span><\/p>\n<\/div>\n                                    \n                <\/div>\n            <\/div>\n        <\/div>\n    <\/div>\n<\/div>\n\n    <div class=\"sd2-slide-background\" data-sd2-slide-image=\"https:\/\/apreis.eu\/apreisesp\/wp-content\/uploads\/2017\/06\/statuesnoires2.jpg\"><\/div>\n<\/dd><\/dl><div class=\"slidedeck-overlays\" data-for=\"SlideDeck-4625\"><a href=\"#slidedeck-overlays\" class=\"slidedeck-overlays-showhide\">Overlays<span class=\"open-icon\"><\/span><span class=\"close-icon\"><\/span><\/a><span class=\"slidedeck-overlays-wrapper\"><a href=\"http:\/\/www.facebook.com\/sharer.php?u=https:\/\/apreis.eu\/apreisesp\/resumen-del-documental\/#SlideDeck-4625&t=Pelicula\" target=\"_blank\" class=\"slidedeck-overlay slidedeck-overlay-type-facebook slidedeck-overlay-1\" data-popup-width=\"659\" data-popup-height=\"592\" data-type=\"facebook\"><span class=\"slidedeck-overlay-logo\"><\/span><span class=\"slidedeck-overlay-label\">Share<\/span><\/a><a href=\"https:\/\/twitter.com\/intent\/tweet?url=https%3A%2F%2Fapreis.eu%2Fapreisesp%2Fresumen-del-documental%2F%23SlideDeck-4625&via=slidedeck&related=slidedeck&text=Check+out+this+SlideDeck%21\" target=\"_blank\" class=\"slidedeck-overlay slidedeck-overlay-type-twitter slidedeck-overlay-2\" data-popup-width=\"466\" data-popup-height=\"484\" data-type=\"twitter\"><span class=\"slidedeck-overlay-logo\"><\/span><span class=\"slidedeck-overlay-label\">Tweet<\/span><\/a><\/span><\/div><a class=\"deck-navigation horizontal prev\" href=\"#prev-horizontal\"><span>Previous<\/span><\/a><a class=\"deck-navigation horizontal next\" href=\"#next-horizontal\"><span>Next<\/span><\/a><a class=\"deck-navigation vertical prev\" href=\"#prev-vertical\"><span>Previous<\/span><\/a><a class=\"deck-navigation vertical next\" href=\"#next-vertical\"><span>Next<\/span><\/a><\/div><\/div><\/div><\/div><\/div><\/div>","protected":false},"excerpt":{"rendered":"<p>Resumen Un m\u00fasico y poeta brasile\u00f1o, cuya inspiraci\u00f3n se nutre de la naturaleza, la sensibilidad femenina y las esperanzas de quienes prestan atenci\u00f3n a el medio ambiente y a los valores humanos, busca crear una canci\u00f3n para un concierto por [&hellip;]<\/p>\n","protected":false},"author":1,"featured_media":0,"parent":0,"menu_order":0,"comment_status":"closed","ping_status":"closed","template":"tpl_full_page.php","meta":[],"_links":{"self":[{"href":"https:\/\/apreis.eu\/apreisesp\/wp-json\/wp\/v2\/pages\/4083"}],"collection":[{"href":"https:\/\/apreis.eu\/apreisesp\/wp-json\/wp\/v2\/pages"}],"about":[{"href":"https:\/\/apreis.eu\/apreisesp\/wp-json\/wp\/v2\/types\/page"}],"author":[{"embeddable":true,"href":"https:\/\/apreis.eu\/apreisesp\/wp-json\/wp\/v2\/users\/1"}],"replies":[{"embeddable":true,"href":"https:\/\/apreis.eu\/apreisesp\/wp-json\/wp\/v2\/comments?post=4083"}],"version-history":[{"count":3,"href":"https:\/\/apreis.eu\/apreisesp\/wp-json\/wp\/v2\/pages\/4083\/revisions"}],"predecessor-version":[{"id":5625,"href":"https:\/\/apreis.eu\/apreisesp\/wp-json\/wp\/v2\/pages\/4083\/revisions\/5625"}],"wp:attachment":[{"href":"https:\/\/apreis.eu\/apreisesp\/wp-json\/wp\/v2\/media?parent=4083"}],"curies":[{"name":"wp","href":"https:\/\/api.w.org\/{rel}","templated":true}]}}