{"id":5136,"date":"2017-05-04T18:21:18","date_gmt":"2017-05-04T17:21:18","guid":{"rendered":"https:\/\/apreis.eu\/apreisesp\/?page_id=5136"},"modified":"2020-07-27T17:34:24","modified_gmt":"2020-07-27T16:34:24","slug":"sinopsis","status":"publish","type":"page","link":"https:\/\/apreis.eu\/apreisesp\/sinopsis\/","title":{"rendered":"Sinopsis"},"content":{"rendered":"<div id=\"pl-4636\" class=\"panel-layout\">\n<div id=\"pg-4636-0\" class=\"panel-grid panel-no-style\" data-style=\"{&quot;background_display&quot;:&quot;tile&quot;,&quot;gutter&quot;:&quot;20px&quot;}\">\n<div id=\"pgc-4636-0-0\" class=\"panel-grid-cell\" data-weight=\"1\">\n<div class=\"so-panel widget widget_magictextwidget MagicTextWidget panel-first-child panel-last-child\" style=\"text-align: center;\" data-index=\"0\" data-style=\"{&quot;background_display&quot;:&quot;tile&quot;}\"><\/div>\n<div id=\"panel-4636-0-0-0\" class=\"so-panel widget widget_magictextwidget MagicTextWidget panel-first-child panel-last-child\" style=\"text-align: center;\" data-index=\"0\" data-style=\"{&quot;background_display&quot;:&quot;tile&quot;}\"><div class=\"magictextwidget_box\" style=\"margin-top:12px !important;margin-bottom:12px !important;max-width:700px;height:auto;background-color:#fff;\"><div class=\"magictextwidget_box_inner\" style=\"padding-top:10px !important; padding-right:10px!important;padding-left:10px !important;padding-bottom:10px !important;\"><div class=\"magictextwidget_accroche\" style=\"margin-top:10px !important;margin-bottom:10px !important;color:#1f4cc6; font-family:Bubblegum Sans, sans-serif  !important; font-size:28px !important;letter-spacing:2px !important; font-weight:bold !important; line-height:24px !important; text-align:left !important;\"><p>Trabajar bonito para el nuevo claro de luna<\/p>\n<\/div><div class=\"magictextwidget_widget_text\" style=\"margin-top:15px !important;margin-bottom:10px !important;color:#333!important; font-family:Georgia, Palatino !important; font-size:18px !important; font-weight:bold !important; line-height:13px!important; text-align:center!important;  \"><p>Una pelicula sobre la economia solidaria y la sustentabilidad<\/p>\n<\/div><\/div><\/div><\/div>\n<\/div>\n<\/div>\n<\/div>\n<div class=\"so-panel widget widget_magictextwidget MagicTextWidget panel-first-child panel-last-child\" style=\"text-align: center;\" data-index=\"0\" data-style=\"{&quot;background_display&quot;:&quot;tile&quot;}\"><\/div>\n<div class=\"so-panel widget widget_magictextwidget MagicTextWidget panel-first-child panel-last-child\" style=\"text-align: center;\" data-index=\"0\" data-style=\"{&quot;background_display&quot;:&quot;tile&quot;}\"><\/div>\n<div class=\"so-panel widget widget_magictextwidget MagicTextWidget panel-first-child panel-last-child\" style=\"text-align: center;\" data-index=\"0\" data-style=\"{&quot;background_display&quot;:&quot;tile&quot;}\"><\/div>\n<div id=\"pl-4636\" class=\"panel-layout\">\n<div id=\"pg-4636-1\" class=\"panel-grid panel-no-style\">\n<div id=\"pgc-4636-1-0\" class=\"panel-grid-cell\" data-weight=\"1\">\n<div id=\"panel-4636-1-0-0\" class=\"so-panel widget widget_sow-editor panel-first-child panel-last-child\" data-index=\"1\" data-style=\"{&quot;background_display&quot;:&quot;tile&quot;}\">\n<div class=\"so-widget-sow-editor so-widget-sow-editor-base\">\n<div class=\"siteorigin-widget-tinymce textwidget\">\n<p><a href=\"https:\/\/apreis.eu\/apreisesp\/wp-content\/uploads\/2016\/03\/docu-campo-grande.jpg\"><img loading=\"lazy\" class=\"wp-image-4302 size-full aligncenter\" src=\"https:\/\/apreis.eu\/apreisesp\/wp-content\/uploads\/2016\/03\/docu-campo-grande.jpg\" alt=\"\" width=\"610\" height=\"426\" srcset=\"https:\/\/apreis.eu\/apreisesp\/wp-content\/uploads\/2016\/03\/docu-campo-grande.jpg 610w, https:\/\/apreis.eu\/apreisesp\/wp-content\/uploads\/2016\/03\/docu-campo-grande-150x105.jpg 150w, https:\/\/apreis.eu\/apreisesp\/wp-content\/uploads\/2016\/03\/docu-campo-grande-300x210.jpg 300w\" sizes=\"(max-width: 610px) 100vw, 610px\" \/><\/a><\/p>\n<p style=\"text-align: center;\"><span style=\"font-size: 10pt;\">O m\u00fasico brasileiro ,\u00a0Geraldo Esp\u00edndola,\u00a0um dos \u00abcre-atores\u00bb do\u00a0filme<\/span><\/p>\n<\/div>\n<\/div>\n<p>&nbsp;<\/p>\n<div class=\"so-widget-sow-editor so-widget-sow-editor-base\">\n<div class=\"siteorigin-widget-tinymce textwidget\">\n<p style=\"text-align: center;\"><span style=\"color: #000000;\"><strong><span style=\"font-family: tahoma, arial, helvetica, sans-serif; font-size: 24px;\">Sinopsis\u00a0<\/span><\/strong><\/span><\/p>\n<p>&nbsp;<\/p>\n<p style=\"text-align: justify;\"><span style=\"font-family: tahoma, arial, helvetica, sans-serif; font-size: 10pt;\">Leyenda brasilera viviente de la musica po\u00e9tica y popular del Pantanal, un m\u00fasico, cuya inspiraci\u00f3n se nutre del ambiente natural, de la sensibilidad femenina, y de la esperanza\u00a0 de los que luchan para vivir o sobrevivir, busca finalizar una canci\u00f3n que presentar\u00eda al concierto para el Medio Ambiente en la capital brasilera del Pantanal, Corumba, fronteriza de Bolivia.<\/span><\/p>\n<p style=\"text-align: justify;\"><span style=\"font-family: tahoma, arial, helvetica, sans-serif; font-size: 10pt;\">Si las primeras palabras de la canci\u00f3n se inspiran de sus viajes en el mundo, en particular en Francia, ellas toman forma en el interior del \u00a0pa\u00eds lo m\u00e1s rico, lo m\u00e1s poblado de America del Sur, y concentrando la mayor parte de las poblaciones negras, pero aguantando graves secuelas del exterminio de las poblaciones ind\u00edgenas\u00a0: Brasil. Aqu\u00ed empieza la historia de nuestra pel\u00edcula, haciendonos descubrir la lucha, la esperanza y las dificultades de familias, asociaciones, cooperativas y comunidades que simbolizan una otra econom\u00eda basada en la solidaridad.<\/span><\/p>\n<p style=\"text-align: justify;\"><span style=\"font-family: tahoma, arial, helvetica, sans-serif; font-size: 10pt;\">Para encontrar las ultimas palabras de esta canci\u00f3n, el m\u00fasico nos lleva hasta en el pa\u00eds lo m\u00e1s pobre, lo menos poblado de America del Sur y acogiendo lo m\u00e1s alto porcentaje de Indios del continente\u00a0: Bolivia. Ah\u00ed nos hace descubrir otros actores de la econom\u00eda solidaria y hace un encuentro inesperado con un economista brasilero que conoce numerosas experiencias creativas de comunidades brasileras. Durante este viaje el\u00a0 m\u00fasico descubre de nuevo la figura andina de la uni\u00f3n entre la Tierra y la mujer, entre la Tierra y el Mundo, la \u00abPachamama\u00bb, que procede de las culturas \u00a0ind\u00edgenas. Vislumbrando a la mujer como la mano de la Tierra y la mano del tiempo, consigue una certeza\u00a0: el concepto de sustenabilidad es femenino y la econom\u00eda solidaria no es una econom\u00eda de los pobres sino una otra econom\u00eda, una otra cultura, un otro imaginario. Este imaginario, resonando con el suyo, liberar\u00e1 la inspiraci\u00f3n del poeta y dar\u00e1 un nombre a su canci\u00f3n\u00a0: <em>trabajar bonito\u00a0para el nuevo claro de luna<\/em>.<\/span><\/p>\n<p style=\"text-align: justify;\"><span style=\"font-family: tahoma, arial, helvetica, sans-serif; font-size: 12px;\"><br \/>\n<\/span><\/p>\n<p>&nbsp;<\/p>\n<\/div>\n<\/div>\n<\/div>\n<\/div>\n<\/div>\n<div id=\"pg-4636-2\" class=\"panel-grid panel-no-style\">\n<div id=\"pgc-4636-2-0\" class=\"panel-grid-cell\" data-weight=\"1\">\n<div id=\"panel-4636-2-0-0\" class=\"so-panel widget widget_slidedeck2_widget slidedeck2_widget panel-first-child panel-last-child\" style=\"text-align: center;\" data-index=\"2\" data-style=\"{&quot;background_image_attachment&quot;:false,&quot;background_display&quot;:&quot;tile&quot;}\"><div id=\"slidedeck_4625_69e17dfda49c4-wrapper\"><iframe class=\"slidedeck-iframe-embed\" id=\"slidedeck_4625_69e17dfda49c4\" frameborder=\"0\" allowtransparency=\"yes\"  src=\"https:\/\/apreis.eu\/apreisesp\/wp-admin\/admin-ajax.php?action=slidedeck_preview_iframe&uniqueid=1536918889&slidedeck=4625&width=740&height=380&outer_width=740&outer_height=380&slidedeck_unique_id=slidedeck_4625_69e17dfda49c4&post_id=5136&front_page=false&start=1\" style=\"width:740px;height:380px;\"><\/iframe><\/div><\/div>\n<\/div>\n<\/div>\n<\/div>\n","protected":false},"excerpt":{"rendered":"<p>O m\u00fasico brasileiro ,\u00a0Geraldo Esp\u00edndola,\u00a0um dos \u00abcre-atores\u00bb do\u00a0filme &nbsp; Sinopsis\u00a0 &nbsp; Leyenda brasilera viviente de la musica po\u00e9tica y popular del Pantanal, un m\u00fasico, cuya inspiraci\u00f3n se nutre del ambiente natural, de la sensibilidad femenina, y de la esperanza\u00a0 de [&hellip;]<\/p>\n","protected":false},"author":1,"featured_media":0,"parent":0,"menu_order":0,"comment_status":"closed","ping_status":"closed","template":"tpl_full_page.php","meta":[],"_links":{"self":[{"href":"https:\/\/apreis.eu\/apreisesp\/wp-json\/wp\/v2\/pages\/5136"}],"collection":[{"href":"https:\/\/apreis.eu\/apreisesp\/wp-json\/wp\/v2\/pages"}],"about":[{"href":"https:\/\/apreis.eu\/apreisesp\/wp-json\/wp\/v2\/types\/page"}],"author":[{"embeddable":true,"href":"https:\/\/apreis.eu\/apreisesp\/wp-json\/wp\/v2\/users\/1"}],"replies":[{"embeddable":true,"href":"https:\/\/apreis.eu\/apreisesp\/wp-json\/wp\/v2\/comments?post=5136"}],"version-history":[{"count":3,"href":"https:\/\/apreis.eu\/apreisesp\/wp-json\/wp\/v2\/pages\/5136\/revisions"}],"predecessor-version":[{"id":17016,"href":"https:\/\/apreis.eu\/apreisesp\/wp-json\/wp\/v2\/pages\/5136\/revisions\/17016"}],"wp:attachment":[{"href":"https:\/\/apreis.eu\/apreisesp\/wp-json\/wp\/v2\/media?parent=5136"}],"curies":[{"name":"wp","href":"https:\/\/api.w.org\/{rel}","templated":true}]}}