{"id":5143,"date":"2017-05-04T18:32:56","date_gmt":"2017-05-04T17:32:56","guid":{"rendered":"https:\/\/apreis.eu\/apreisesp\/?page_id=5143"},"modified":"2020-07-27T17:53:13","modified_gmt":"2020-07-27T16:53:13","slug":"el-equipo","status":"publish","type":"page","link":"https:\/\/apreis.eu\/apreisesp\/el-equipo\/","title":{"rendered":"El Equipo"},"content":{"rendered":"<div id=\"pl-4644\" class=\"panel-layout\">\n<div id=\"pg-4644-0\" class=\"panel-grid panel-no-style\">\n<div id=\"pgc-4644-0-0\" class=\"panel-grid-cell\" data-weight=\"1\">\n<div id=\"panel-4644-0-0-0\" class=\"so-panel widget widget_magictextwidget MagicTextWidget panel-first-child panel-last-child\" style=\"text-align: center;\" data-index=\"0\" data-style=\"{&quot;background_display&quot;:&quot;tile&quot;}\"><div class=\"magictextwidget_box\" style=\"margin-top:12px !important;margin-bottom:12px !important;max-width:700px;height:auto;background-color:#fff;\"><div class=\"magictextwidget_box_inner\" style=\"padding-top:10px !important; padding-right:10px!important;padding-left:10px !important;padding-bottom:10px !important;\"><div class=\"magictextwidget_accroche\" style=\"margin-top:10px !important;margin-bottom:10px !important;color:#1f4cc6; font-family:Bubblegum Sans, sans-serif  !important; font-size:30px !important;letter-spacing:0px !important; font-weight:bold !important; line-height:35px !important; text-align:center !important;\"><p>Trabajar bonito para el nuevo claro de luna<\/p>\n<\/div><div class=\"magictextwidget_widget_text\" style=\"margin-top:15px !important;margin-bottom:11px !important;color:#333!important; font-family:Georgia, Palatino !important; font-size:18px !important; font-weight:bold !important; line-height:13px!important; text-align:center!important;  \"><p>Una pelicula sobre la economia solidaria y la sustentabilidad <\/p>\n<\/div><\/div><\/div><\/div>\n<\/div>\n<\/div>\n<div id=\"pg-4644-1\" class=\"panel-grid panel-no-style\">\n<div id=\"pgc-4644-1-0\" class=\"panel-grid-cell\" data-weight=\"1\">\n<div id=\"panel-4644-1-0-0\" class=\"so-panel widget widget_sow-editor panel-first-child panel-last-child\" data-index=\"1\" data-style=\"{&quot;background_image_attachment&quot;:false,&quot;background_display&quot;:&quot;tile&quot;}\">\n<div class=\"so-widget-sow-editor so-widget-sow-editor-base\">\n<h3 class=\"widget-title\"><\/h3>\n<div class=\"siteorigin-widget-tinymce textwidget\">\n<p style=\"text-align: center;\"><span style=\"font-size: 10px; font-family: tahoma, arial, helvetica, sans-serif;\"><a href=\"https:\/\/apreis.eu\/apreisesp\/wp-content\/uploads\/2017\/09\/cabane-HLNM.jpg\"><img loading=\"lazy\" class=\"aligncenter wp-image-5488 size-full\" src=\"https:\/\/apreis.eu\/apreisesp\/wp-content\/uploads\/2017\/09\/cabane-HLNM.jpg\" alt=\"\" width=\"655\" height=\"672\" \/><\/a>Una parte del equipo es, aqu\u00ed, delante del Caf\u00e9 Cultura del plaza de Quadrado de Trancoso (Estado da Bahia \/ Brasil )<\/span><\/p>\n<p>&nbsp;<\/p>\n<p><span style=\"font-family: tahoma, arial, helvetica, sans-serif; font-size: 10pt;\">Esa pel\u00edcula, es la de un equipo forjado por una investigaci\u00f3n de campo en inmersi\u00f3n sobre el terreno mismo de los lugares de vivienda y de trabajo de los empresarios de la econom\u00eda solidaria. La alcance juntada de sus creaciones\u00a0 va m\u00e1s\u00a0all\u00e1 de los intereses locales o individuales. Contribuye poner en marcha un mundo deshaciendose sin otra direcci\u00f3n que los muros imposibles del \u00abcada uno para s\u00ed\u00a0\u00bb.<br \/>\n<\/span><span style=\"font-family: tahoma, arial, helvetica, sans-serif; font-size: 10pt;\">A la vez mujeres y hombres de experienca pr\u00e1ctica, cient\u00edficos, periodistas, abiertos a la diversidad de las culturas y a los intercambios interculturales, cr\u00edticos del pensamiento \u00fanico en econom\u00eda, y narradores de historias, lo que nos une para esta pel\u00edcula documental tiene que ver con el anhelo de monstrar una otra visi\u00f3n de la econom\u00eda, y abrir el campo de posibilidades, aqu\u00ed\u00a0con la econom\u00eda solidaria.<\/span><\/p>\n<\/div>\n<\/div>\n<\/div>\n<\/div>\n<\/div>\n<\/div>\n<p>&nbsp;<\/p>\n<p style=\"text-align: center;\"><span style=\"font-size: 24px; font-family: tahoma, arial, helvetica, sans-serif;\"><strong>Los Autores<\/strong><\/span><\/p>\n<p>&nbsp;<\/p>\n<p>&nbsp;<\/p>\n<div id=\"pl-4644\" class=\"panel-layout\">\n<div id=\"pg-4644-1\" class=\"panel-grid panel-no-style\">\n<div id=\"pgc-4644-1-0\" class=\"panel-grid-cell\" data-weight=\"1\">\n<div id=\"panel-4644-1-0-0\" class=\"so-panel widget widget_sow-editor panel-first-child panel-last-child\" data-index=\"1\" data-style=\"{&quot;background_image_attachment&quot;:false,&quot;background_display&quot;:&quot;tile&quot;}\">\n<div class=\"so-widget-sow-editor so-widget-sow-editor-base\">\n<div class=\"siteorigin-widget-tinymce textwidget\">\n<p style=\"text-align: center;\"><span style=\"font-size: 12pt; font-family: georgia, palatino, serif;\"><strong>Hugo DAYAN,\u00a0 el director de la pelicula<\/strong><\/span><\/p>\n<p style=\"text-align: justify;\"><img loading=\"lazy\" class=\"aligncenter wp-image-5601 size-full\" src=\"https:\/\/apreis.eu\/apreisesp\/wp-content\/uploads\/2018\/03\/hugo-faceptit-e1521976224462.jpg\" alt=\"\" width=\"140\" height=\"159\" \/><\/p>\n<p>&nbsp;<\/p>\n<p style=\"text-align: justify;\"><span style=\"font-size: 10pt; font-family: tahoma, arial, helvetica, sans-serif;\">Despu\u00e9s de un doctorado en ciencia del clima en la Universidad Pierre et Marie Curie (Paris 6) acompa\u00f1ado por ense\u00f1anzas de econom\u00eda en la Universidad Paris 1 Panth\u00e9on-Sorbonne, mis problem\u00e1ticas cient\u00edficas y mis investigaciones se interesaron por las relaciones entre los fen\u00f3menos clim\u00e1ticos extremos, el medio ambiente, la sustentabilidad, los territorios y las sociedades. Mi enfoque interdisciplinario, de las relaciones \u00ab\u00a0cultura\/naturaleza\u00a0\u00bb y \u00ab\u00a0clima\/sociedad\u00a0\u00bb en particular, me llev\u00f3 a dirigir desde 2012 misiones de investigaci\u00f3n de campo en America del Sur en el laboratorio civil de investigaciones cient\u00edficas y pr\u00e1cticas, el APREIS, en el marco del programa ESSAS sobre las inovaciones sustentables de los modos\u00a0de\u00a0organizaci\u00f3n del trabajo en la econom\u00eda solidaria en America del Sur y el desarrollo local (apreis.eu\/essas).<\/span><\/p>\n<p style=\"text-align: justify;\"><span style=\"font-size: 12px;\">\u00a0<\/span><\/p>\n<p>&nbsp;<\/p>\n<p style=\"text-align: center;\"><span style=\"font-size: 12pt; font-family: georgia, palatino, serif;\"><strong>L\u00e9o DAYAN,<\/strong>\u00a0<strong>el guionista\u00a0<\/strong><\/span><\/p>\n<p style=\"text-align: justify;\"><span style=\"font-size: 12px; font-family: tahoma, arial, helvetica, sans-serif;\"><img loading=\"lazy\" class=\"wp-image-590 size-full aligncenter\" src=\"https:\/\/apreis.eu\/apreis\/wp-content\/uploads\/2014\/12\/phtoleokrakow3bis-e1488067558609.jpg\" width=\"100\" height=\"116\" \/><\/span><span style=\"font-size: 10pt; font-family: tahoma, arial, helvetica, sans-serif;\"><br \/>\n<\/span><\/p>\n<p style=\"text-align: justify;\"><span style=\"font-size: 10pt; font-family: tahoma, arial, helvetica, sans-serif;\">Despu\u00e9s de mi aporte en la elaboraci\u00f3n del documental \u00ab\u00a0Rien \u00e0 jeter\u00a0\u00bb para Wapiti Productions &amp; Canal + Plan\u00e8te2 \u00a0como asesor cient\u00edfico, tom\u00e9 conciencia de mi deseo de transformar en imagenes y guiones los conocimientos que s\u00e9 transmitir de manera tanta cient\u00edfica como ilustrada y concreta. Con un excelente conocimiento de la America del Sur, por haber dirigido varios programas ah\u00ed, de los cuales el programa cartogr\u00e1fico ESSAS (apreis.eu\/essas\/esp) al principio\u00a0de este documental, tengo la oportunidad de contar y hacer contar la econom\u00eda\u2026 una otra econom\u00eda, y as\u00ed \u00ab\u00a0trabajar lindo para la nueva luz de la luna\u00a0\u00bb.<\/span><\/p>\n<p style=\"text-align: justify;\"><span style=\"font-size: 12px; font-family: tahoma, arial, helvetica, sans-serif;\">\u00a0<\/span><\/p>\n<p>&nbsp;<\/p>\n<\/div>\n<\/div>\n<\/div>\n<\/div>\n<\/div>\n<div class=\"so-panel widget widget_slidedeck2_widget slidedeck2_widget panel-first-child panel-last-child\" data-index=\"2\" data-style=\"{&quot;background_display&quot;:&quot;tile&quot;}\"><\/div>\n<div id=\"pg-4644-2\" class=\"panel-grid panel-no-style\">\n<div id=\"pgc-4644-2-0\" class=\"panel-grid-cell\" data-weight=\"1\">\n<div class=\"so-panel widget widget_slidedeck2_widget slidedeck2_widget panel-first-child panel-last-child\" style=\"text-align: center;\" data-index=\"2\" data-style=\"{&quot;background_display&quot;:&quot;tile&quot;}\">\u00a0<div id=\"slidedeck_4625_69d7f0f037e8a-wrapper\"><iframe class=\"slidedeck-iframe-embed\" id=\"slidedeck_4625_69d7f0f037e8a\" frameborder=\"0\" allowtransparency=\"yes\"  src=\"https:\/\/apreis.eu\/apreisesp\/wp-admin\/admin-ajax.php?action=slidedeck_preview_iframe&uniqueid=1536918889&slidedeck=4625&width=740&height=380&outer_width=740&outer_height=380&slidedeck_unique_id=slidedeck_4625_69d7f0f037e8a&post_id=5143&front_page=false&start=1\" style=\"width:740px;height:380px;\"><\/iframe><\/div><\/div>\n<\/div>\n<\/div>\n<\/div>\n","protected":false},"excerpt":{"rendered":"<p>Una parte del equipo es, aqu\u00ed, delante del Caf\u00e9 Cultura del plaza de Quadrado de Trancoso (Estado da Bahia \/ Brasil ) &nbsp; Esa pel\u00edcula, es la de un equipo forjado por una investigaci\u00f3n de campo en inmersi\u00f3n sobre el [&hellip;]<\/p>\n","protected":false},"author":1,"featured_media":0,"parent":0,"menu_order":0,"comment_status":"closed","ping_status":"closed","template":"tpl_full_page.php","meta":[],"_links":{"self":[{"href":"https:\/\/apreis.eu\/apreisesp\/wp-json\/wp\/v2\/pages\/5143"}],"collection":[{"href":"https:\/\/apreis.eu\/apreisesp\/wp-json\/wp\/v2\/pages"}],"about":[{"href":"https:\/\/apreis.eu\/apreisesp\/wp-json\/wp\/v2\/types\/page"}],"author":[{"embeddable":true,"href":"https:\/\/apreis.eu\/apreisesp\/wp-json\/wp\/v2\/users\/1"}],"replies":[{"embeddable":true,"href":"https:\/\/apreis.eu\/apreisesp\/wp-json\/wp\/v2\/comments?post=5143"}],"version-history":[{"count":3,"href":"https:\/\/apreis.eu\/apreisesp\/wp-json\/wp\/v2\/pages\/5143\/revisions"}],"predecessor-version":[{"id":17040,"href":"https:\/\/apreis.eu\/apreisesp\/wp-json\/wp\/v2\/pages\/5143\/revisions\/17040"}],"wp:attachment":[{"href":"https:\/\/apreis.eu\/apreisesp\/wp-json\/wp\/v2\/media?parent=5143"}],"curies":[{"name":"wp","href":"https:\/\/api.w.org\/{rel}","templated":true}]}}