{"id":5569,"date":"2018-03-23T17:44:19","date_gmt":"2018-03-23T16:44:19","guid":{"rendered":"https:\/\/apreis.eu\/apreisesp\/?page_id=5569"},"modified":"2023-09-19T11:53:39","modified_gmt":"2023-09-19T10:53:39","slug":"trailer","status":"publish","type":"page","link":"https:\/\/apreis.eu\/apreisesp\/trailer\/","title":{"rendered":"TRAILER"},"content":{"rendered":"<div id=\"pl-5569\"  class=\"panel-layout\" ><div id=\"pg-5569-0\"  class=\"panel-grid panel-no-style\" ><div id=\"pgc-5569-0-0\"  class=\"panel-grid-cell\" ><div id=\"panel-5569-0-0-0\" class=\"so-panel widget widget_magictextwidget MagicTextWidget panel-first-child\" data-index=\"0\" ><div class=\"panel-widget-style panel-widget-style-for-5569-0-0-0\" ><h3 class=\"widget-title\">trabajar<\/h3><div class=\"magictextwidget_box\" style=\"margin-top:0px !important;margin-bottom:0px !important;max-width:779px;height:auto;background-color:;\"><div class=\"magictextwidget_box_inner\" style=\"padding-top:0px !important; padding-right:0px!important;padding-left:0px !important;padding-bottom:0px !important;\"><div class=\"magictextwidget_accroche\" style=\"margin-top:30px !important;margin-bottom:50px !important;color:#1e73be; font-family:inherit !important; font-size:36px !important;letter-spacing:3px !important; font-weight:bold !important; line-height:17px !important; text-align:center !important;\"><p>TRABAJAR BONITO<\/p>\n<\/div><div class=\"magictextwidget_widget_text\" style=\"margin-top:4px !important;margin-bottom:30px !important;color:#1e73be!important; font-family:inherit !important; font-size:25px !important; font-weight:bold !important; line-height:17px!important; text-align:center!important;  \"><p>para el nuevo claro de luna<\/p>\n<\/div><\/div><\/div><\/div><\/div><div id=\"panel-5569-0-0-1\" class=\"so-panel widget widget_slidedeck2_widget slidedeck2_widget\" data-index=\"1\" ><div class=\"panel-widget-style panel-widget-style-for-5569-0-0-1\" ><h3 class=\"widget-title\">trailer<\/h3><div id=\"SlideDeck-5560-frame\" class=\"slidedeck-frame slidedeck_frame slidedeck-frame-5560 lens-tool-kit show-overlay-hover display-nav-hover content-source-custom slidedeck-cover-style-glass slidedeck-cover-peek sd2-hyphenate sd2-show-front-cover sd2-hideSpines sd2-show-author sd2-show-author-avatar sd2-show-title sd2-show-excerpt sd2-show-readmore sd2-custom sd2-medium sd2-dark default-nav-styles sd2-no-nav sd2-frame sd2-nav-default sd2-nav-pos-bottom sd2-title-pos-top sd2-title-dark sd2-1 sd2-nav-arrow-style-1 sd2-arrowstyle-4\" style=\"width:657px;height:368px;\" data-sd2-lazy-load-padding=\"1\"><div class=\"slidedeck-cover slidedeck-cover-front\">\n    \n    <div class=\"slidedeck-cover-wrapper\">\n        \n\t    <div class=\"slidedeck-cover-binding\"><span class=\"slidedeck-cover-binding-highlight\"><\/span><span class=\"slidedeck-cover-color\" style=\"background-color:#3ea0c1\"><\/span><\/div>\n\t    \n        <div class=\"slidedeck-cover-copy\">\n            <div class=\"slidedeck-cover-outer\">\n                <div class=\"slidedeck-cover-middle\">\n                    <div class=\"slidedeck-cover-inner\">\n                        <span class=\"slidedeck-cover-title\" style=\"font-family:sans-serif;font-weight:bold;\">Trabajar Bonito Trailer<\/span>\n                    <\/div>\n\t\t\t        \n\t\t\t        <div class=\"slidedeck-cover-curatedby\"  style=\"display:none;\">\n\t\t\t            Curated by <span class=\"slidedeck-cover-author\">Apreis<\/span>\n\t\t\t            \t\t\t        <\/div>\n                <\/div>\n            <\/div>\n        <\/div>\n        \n        <a href=\"#open\" class=\"slidedeck-cover-nav-button slidedeck-cover-open\" title=\"Open\">\n            <span class=\"slidedeck-cover-button\"><\/span>\n            <span class=\"slidedeck-cover-color\" style=\"background-color:#3ea0c1;\"><\/span>\n            <span class=\"slidedeck-cover-semicircle\"><\/span>\n        <\/a>\n        \n        <span class=\"slidedeck-cover-wrapper-back\"><span class=\"slidedeck-cover-wrapper-back-inner\"><\/span><\/span>\n        <span class=\"slidedeck-cover-wrapper-nub\"><\/span>\n    <\/div>\n    \n    <div class=\"slidedeck-cover-mask\"><\/div>\n    \n<\/div><div class=\"sd-wrapper\"><dl id=\"SlideDeck-5560\" class=\"slidedeck slidedeck-5560\" style=\"width:633px;height:344px;\"><dt>Slide 2<\/dt><dd style=\"\" class=\"no-image has-excerpt has-title custom-layout-caption custom-caption-position-top sd2-image-scaling-cover slide-type-html slide-source-custom\" data-thumbnail-src=\"\"><div class=\"sd2-content-wrapper\"><iframe src=\"https:\/\/player.vimeo.com\/video\/259644430\" width=\"640\" height=\"346\" frameborder=\"0\" webkitallowfullscreen mozallowfullscreen allowfullscreen><\/iframe><\/div><\/dd><\/dl><div class=\"slidedeck-overlays\" data-for=\"SlideDeck-5560\"><a href=\"#slidedeck-overlays\" class=\"slidedeck-overlays-showhide\">Overlays<span class=\"open-icon\"><\/span><span class=\"close-icon\"><\/span><\/a><span class=\"slidedeck-overlays-wrapper\"><a href=\"http:\/\/www.facebook.com\/sharer.php?u=https:\/\/apreis.eu\/apreisesp\/trailer\/#SlideDeck-5560&t=TRAILER\" target=\"_blank\" class=\"slidedeck-overlay slidedeck-overlay-type-facebook slidedeck-overlay-1\" data-popup-width=\"659\" data-popup-height=\"592\" data-type=\"facebook\"><span class=\"slidedeck-overlay-logo\"><\/span><span class=\"slidedeck-overlay-label\">Share<\/span><\/a><a href=\"https:\/\/twitter.com\/intent\/tweet?url=https%3A%2F%2Fapreis.eu%2Fapreisesp%2Ftrailer%2F%23SlideDeck-5560&via=slidedeck&related=slidedeck&text=Check+out+this+SlideDeck%21\" target=\"_blank\" class=\"slidedeck-overlay slidedeck-overlay-type-twitter slidedeck-overlay-2\" data-popup-width=\"466\" data-popup-height=\"484\" data-type=\"twitter\"><span class=\"slidedeck-overlay-logo\"><\/span><span class=\"slidedeck-overlay-label\">Tweet<\/span><\/a><\/span><\/div><a class=\"deck-navigation horizontal prev\" href=\"#prev-horizontal\"><span>Previous<\/span><\/a><a class=\"deck-navigation horizontal next\" href=\"#next-horizontal\"><span>Next<\/span><\/a><a class=\"deck-navigation vertical prev\" href=\"#prev-vertical\"><span>Previous<\/span><\/a><a class=\"deck-navigation vertical next\" href=\"#next-vertical\"><span>Next<\/span><\/a><\/div><\/div><\/div><\/div><div id=\"panel-5569-0-0-2\" class=\"so-panel widget widget_magictextwidget MagicTextWidget\" data-index=\"2\" ><div class=\"panel-widget-style panel-widget-style-for-5569-0-0-2\" ><h3 class=\"widget-title\">sonrinsas<\/h3><div class=\"magictextwidget_box\" style=\"margin-top:0px !important;margin-bottom:0px !important;max-width:779px;height:auto;background-color:;\"><div class=\"magictextwidget_box_inner\" style=\"padding-top:0px !important; padding-right:0px!important;padding-left:0px !important;padding-bottom:0px !important;\"><div class=\"magictextwidget_accroche\" style=\"margin-top:50px !important;margin-bottom:50px !important;color:#f49922; font-family:inherit !important; font-size:23px !important;letter-spacing:3px !important; font-weight:bold !important; line-height:17px !important; text-align:center !important;\"><p>Sonrisas para hacer viajar los sue\u00f1os<\/p>\n<\/div><div class=\"magictextwidget_widget_image\" style=\"margin-top:50px !important;margin-bottom:25px!important;\"><img src=\"https:\/\/apreis.eu\/apreis\/wp-content\/uploads\/geraldo-samaipata-crowd2-e1517613168757.jpg\" alt=\"\"><\/div><\/div><\/div><\/div><\/div><div id=\"panel-5569-0-0-3\" class=\"so-panel widget widget_magictextwidget MagicTextWidget panel-last-child\" data-index=\"3\" ><div class=\"panel-widget-style panel-widget-style-for-5569-0-0-3\" ><h3 class=\"widget-title\">musique<\/h3><div class=\"magictextwidget_box\" style=\"margin-top:0px !important;margin-bottom:0px !important;max-width:750px;height:auto;background-color:;\"><div class=\"magictextwidget_box_inner\" style=\"padding-top:0px !important; padding-right:0px!important;padding-left:0px !important;padding-bottom:0px !important;\"><div class=\"magictextwidget_widget_text\" style=\"margin-top:-20px !important;margin-bottom:10px !important;color:#f49922!important; font-family:inherit !important; font-size:23px !important; font-weight:bold !important; line-height:13px!important; text-align:center!important;  \"><p>y escuchar m\u00fasicas de vida  que se componen juntos<\/p>\n<\/div><\/div><\/div><\/div><\/div><\/div><\/div><div id=\"pg-5569-1\"  class=\"panel-grid panel-no-style\" ><div id=\"pgc-5569-1-0\"  class=\"panel-grid-cell\" ><div id=\"panel-5569-1-0-0\" class=\"so-panel widget widget_magictextwidget MagicTextWidget panel-first-child\" data-index=\"4\" ><div class=\"panel-widget-style panel-widget-style-for-5569-1-0-0\" ><h3 class=\"widget-title\">resum\u00e9<\/h3><div class=\"magictextwidget_box\" style=\"margin-top:0px !important;margin-bottom:0px !important;max-width:750px;height:auto;background-color:;\"><div class=\"magictextwidget_box_inner\" style=\"padding-top:0px !important; padding-right:0px!important;padding-left:0px !important;padding-bottom:0px !important;\"><div class=\"magictextwidget_widget_text\" style=\"margin-top:2px !important;margin-bottom:2px !important;color:#000000!important; font-family:inherit !important; font-size:16px !important; font-weight:bold !important; line-height:22px!important; text-align:justify!important;  \"><p>Las creaciones de las culturas populares locales y el imaginario de la Sostenibilidad en Am\u00e9rica del Sur  a trav\u00e9s del viaje a Brasil y Bolivia de un m\u00fasico  componiendo una canci\u00f3n, papel interpretado por el compositor brasile\u00f1o  Geraldo Espindola. Desea presentarla con ocasi\u00f3n de un concierto para el D\u00eda Mundial del Medio Ambiente en la capital brasile\u00f1a del Pantanal, Corumb\u00e1, fronteriza con Bolivia.<\/p>\n<\/div><\/div><\/div><\/div><\/div><div id=\"panel-5569-1-0-1\" class=\"so-panel widget widget_black-studio-tinymce widget_black_studio_tinymce panel-last-child\" data-index=\"5\" ><h3 class=\"widget-title\">couronnes<\/h3><div class=\"textwidget\"><p style=\"text-align: center;\"><span style=\"font-family: tahoma, arial, helvetica, sans-serif; font-size: 8pt;\">Anunciado en Mayo de 2021<\/span><\/p>\n<p><a href=\"https:\/\/apreis.eu\/apreisesp\/wp-content\/uploads\/2022\/05\/TJ-AWARD-2022-RIO-30-1-e1651480979448.png\"><img class=\"aligncenter wp-image-17152 size-medium\" src=\"https:\/\/apreis.eu\/apreisesp\/wp-content\/uploads\/2022\/05\/TJ-AWARD-2022-RIO-30-1-300x199.png\" alt=\"\" width=\"300\" height=\"199\" \/><\/a><\/p>\n<p style=\"text-align: center;\"><span style=\"font-family: tahoma, arial, helvetica, sans-serif; font-size: 8pt;\"><br \/>\nAnunciado en diciembre de 2021<br \/>\n<\/span><sub><strong>MIAMI - FLORIDA (USA)<\/strong><\/sub><\/p>\n<h6 style=\"text-align: center;\"><img class=\"aligncenter wp-image-17071 size-medium\" src=\"https:\/\/apreis.eu\/apreisesp\/wp-content\/uploads\/2021\/12\/final-award-TJ-Winner__Documentary_original-300x169.png\" alt=\"\" width=\"300\" height=\"169\" \/><\/h6>\n<p>&nbsp;<\/p>\n<p><img class=\"aligncenter wp-image-17012 size-full\" src=\"https:\/\/apreis.eu\/apreisesp\/wp-content\/uploads\/2020\/07\/AFFICHE-jpglibre-tresptieVERS-1-ESPA-60X80-e1595865671535.jpg\" alt=\"\" width=\"480\" height=\"571\" \/><\/p>\n<p>&nbsp;<\/p>\n<p>&nbsp;<\/p>\n<table style=\"border-collapse: collapse; width: 100.345%; height: 168px;\" border=\"1\">\n<tbody>\n<tr>\n<td style=\"width: 28.6054%;\"><img class=\"wp-image-6373 size-full aligncenter\" src=\"https:\/\/apreis.eu\/apreisesp\/wp-content\/uploads\/2019\/04\/1TRABAJAR-BONITO-PARA-EL-NUEVO-CLARO-DE-LUNA-PELICULA-DOCUMENTAL-SOCIAL-e1536803393763.png\" alt=\"\" width=\"250\" height=\"176\" \/><\/td>\n<td style=\"width: 28.0365%;\"><img class=\"wp-image-6374 size-full aligncenter\" src=\"https:\/\/apreis.eu\/apreisesp\/wp-content\/uploads\/2019\/04\/2TRABAJAR-BONITO-PARA-EL-NUEVO-CLARO-DE-LUNA-DIRECCION-DOCUMENTAL-SOCIAL-e1536803436242.png\" alt=\"\" width=\"250\" height=\"176\" \/><\/td>\n<td style=\"width: 27.2685%;\"><img class=\"alignnone wp-image-6375 size-full aligncenter\" src=\"https:\/\/apreis.eu\/apreisesp\/wp-content\/uploads\/2019\/04\/3TRABAJAR-BONITO-PARA-EL-NUEVO-CLARO-DE-LUNA-FOTOGRAFIA-DOCUMENTAL-SOCIAL-e1536803486230.png\" alt=\"\" width=\"250\" height=\"176\" \/><\/td>\n<\/tr>\n<\/tbody>\n<\/table>\n<p>&nbsp;<\/p>\n<p><img class=\"aligncenter wp-image-16707 size-full\" src=\"https:\/\/apreis.eu\/apreisesp\/wp-content\/uploads\/2019\/04\/statuette-PL-e1538757554626.jpg\" alt=\"\" width=\"250\" height=\"500\" \/><\/p>\n<p>&nbsp;<\/p>\n<p>&nbsp;<\/p>\n<p>&nbsp;<\/p>\n<p><img class=\"aligncenter wp-image-16697 size-full\" src=\"https:\/\/apreis.eu\/apreisesp\/wp-content\/uploads\/2019\/04\/best-film-tonneinsbis-e1554677448815.jpg\" alt=\"\" width=\"240\" height=\"219\" \/><\/p>\n<p>&nbsp;<\/p>\n<p>&nbsp;<\/p>\n<p>&nbsp;<\/p>\n<p>&nbsp;<\/p>\n<p><img class=\"aligncenter wp-image-16693 size-full\" src=\"https:\/\/apreis.eu\/apreisesp\/wp-content\/uploads\/2019\/04\/PREMIO-DEL-PUBLICO-troph-e1536825606367.jpg\" alt=\"\" width=\"500\" height=\"667\" \/><\/p>\n<p><img class=\"aligncenter size-full wp-image-16695\" src=\"https:\/\/apreis.eu\/apreisesp\/wp-content\/uploads\/2019\/04\/couronne-premio-del-publico-part-1.jpg\" alt=\"\" width=\"246\" height=\"163\" \/><\/p>\n<p>&nbsp;<\/p>\n<p>&nbsp;<\/p>\n<p><img class=\"aligncenter size-full wp-image-16710\" src=\"https:\/\/apreis.eu\/apreisesp\/wp-content\/uploads\/2019\/04\/Selec\u0327a\u0303o_Oficial_Preto-e1554678427119.png\" alt=\"\" width=\"300\" height=\"199\" \/><\/p>\n<p>&nbsp;<\/p>\n<\/div><\/div><\/div><\/div><div id=\"pg-5569-2\"  class=\"panel-grid panel-no-style\" ><div id=\"pgc-5569-2-0\"  class=\"panel-grid-cell\" ><div id=\"panel-5569-2-0-0\" class=\"so-panel widget widget_slidedeck2_widget slidedeck2_widget panel-first-child panel-last-child\" data-index=\"6\" ><div class=\"panel-widget-style panel-widget-style-for-5569-2-0-0\" ><h3 class=\"widget-title\">rubrique<\/h3><div id=\"SlideDeck-4625-frame\" class=\"slidedeck-frame slidedeck_frame slidedeck-frame-4625 lens-block-title show-overlay-hover display-nav-never content-source-custom sd2-hideSpines sd2-show-author sd2-show-author-avatar sd2-show-title sd2-show-excerpt sd2-show-readmore sd2-custom sd2-large sd2-dark default-nav-styles\" style=\"width:740px;height:380px;\" data-sd2-lazy-load-padding=\"1\"><dl id=\"SlideDeck-4625\" class=\"slidedeck slidedeck-4625\" style=\"width:740px;height:380px;\"><dt><\/dt><dd style=\"\" class=\"has-image has-excerpt no-title custom-layout-body-text custom-caption-position-right sd2-image-scaling-none slide-type-image slide-source-custom\" data-thumbnail-src=\"https:\/\/apreis.eu\/apreisesp\/wp-content\/uploads\/2017\/06\/statuesnoires2.jpg\"><div class=\"sd2-content-wrapper\">\n    <div class=\"sd2-node-caption\">\n        <div class=\"sd2-vertical-center-outer\">\n            <div class=\"sd2-vertical-center-middle\">\n                <div class=\"sd2-vertical-center-inner\"> \n                    \n                    <div class=\"sd2-slide-title accent-color\">\n                        <span class=\"sd2-slide-title-inner\">\n                                                                                                                <\/span>\n                    <\/div>\n                    \n                                            <div class=\"sd2-slide-text\"><p style=\"text-align: center\"><span style=\"font-size: 16px\"><a href=\"https:\/\/apreis.eu\/apreisesp\/resumen-del-documental\/\" rel=\"noopener noreferrer\">Resumen<\/a><a href=\"https:\/\/apreis.eu\/apreis\/documentaire-leconomie-solidaire-amerique-sud\/\" target=\"_blank\" rel=\"noopener noreferrer\"><br \/>\n<\/a><\/span><\/p>\n<p style=\"text-align: center\"><span style=\"font-size: 16px\"><a href=\"https:\/\/apreis.eu\/apreisesp\/intencion\" rel=\"noopener noreferrer\">Intenci\u00f3n<\/a><\/span><\/p>\n<p style=\"text-align: center\"><span style=\"font-size: 16px\"><a href=\"https:\/\/apreis.eu\/apreisesp\/sinopsis\" rel=\"noopener noreferrer\">Sinopsis<\/a><\/span><\/p>\n<p style=\"text-align: center\"><span style=\"font-size: 16px\"><a href=\"https:\/\/apreis.eu\/apreisesp\/el-equipo\/\" rel=\"noopener noreferrer\">Equipo<\/a><\/span><\/p>\n<p style=\"text-align: center\"><span style=\"font-size: 16px\"><a href=\"https:\/\/apreis.eu\/apreisesp\/filmacion\" rel=\"noopener noreferrer\">Fotografias<\/a><\/span><\/p>\n<p style=\"text-align: center\"><span style=\"font-size: 16px\"><a href=\"https:\/\/apreis.eu\/apreisesp\/teasers\" rel=\"noopener noreferrer\">Teasers<\/a><\/span><\/p>\n<p style=\"text-align: center\"><span style=\"font-size: 16px\"><a href=\"https:\/\/apreis.eu\/apreisesp\/trailer\">Trailer<\/a><\/span><\/p>\n<\/div>\n                                    \n                <\/div>\n            <\/div>\n        <\/div>\n    <\/div>\n<\/div>\n\n    <div class=\"sd2-slide-background\" data-sd2-slide-image=\"https:\/\/apreis.eu\/apreisesp\/wp-content\/uploads\/2017\/06\/statuesnoires2.jpg\"><\/div>\n<\/dd><\/dl><div class=\"slidedeck-overlays\" data-for=\"SlideDeck-4625\"><a href=\"#slidedeck-overlays\" class=\"slidedeck-overlays-showhide\">Overlays<span class=\"open-icon\"><\/span><span class=\"close-icon\"><\/span><\/a><span class=\"slidedeck-overlays-wrapper\"><a href=\"http:\/\/www.facebook.com\/sharer.php?u=https:\/\/apreis.eu\/apreisesp\/trailer\/#SlideDeck-4625&t=Pelicula\" target=\"_blank\" class=\"slidedeck-overlay slidedeck-overlay-type-facebook slidedeck-overlay-1\" data-popup-width=\"659\" data-popup-height=\"592\" data-type=\"facebook\"><span class=\"slidedeck-overlay-logo\"><\/span><span class=\"slidedeck-overlay-label\">Share<\/span><\/a><a href=\"https:\/\/twitter.com\/intent\/tweet?url=https%3A%2F%2Fapreis.eu%2Fapreisesp%2Ftrailer%2F%23SlideDeck-4625&via=slidedeck&related=slidedeck&text=Check+out+this+SlideDeck%21\" target=\"_blank\" class=\"slidedeck-overlay slidedeck-overlay-type-twitter slidedeck-overlay-2\" data-popup-width=\"466\" data-popup-height=\"484\" data-type=\"twitter\"><span class=\"slidedeck-overlay-logo\"><\/span><span class=\"slidedeck-overlay-label\">Tweet<\/span><\/a><\/span><\/div><a class=\"deck-navigation horizontal prev\" href=\"#prev-horizontal\"><span>Previous<\/span><\/a><a class=\"deck-navigation horizontal next\" href=\"#next-horizontal\"><span>Next<\/span><\/a><a class=\"deck-navigation vertical prev\" href=\"#prev-vertical\"><span>Previous<\/span><\/a><a class=\"deck-navigation vertical next\" href=\"#next-vertical\"><span>Next<\/span><\/a><\/div><\/div><\/div><\/div><\/div><\/div>","protected":false},"excerpt":{"rendered":"<p>Anunciado en Mayo de 2021 Anunciado en diciembre de 2021 MIAMI &#8211; FLORIDA (USA) &nbsp; &nbsp; &nbsp; &nbsp; &nbsp; &nbsp; &nbsp; &nbsp; &nbsp; &nbsp; &nbsp; &nbsp; &nbsp; &nbsp;<\/p>\n","protected":false},"author":1,"featured_media":0,"parent":0,"menu_order":0,"comment_status":"closed","ping_status":"closed","template":"tpl_full_page.php","meta":[],"_links":{"self":[{"href":"https:\/\/apreis.eu\/apreisesp\/wp-json\/wp\/v2\/pages\/5569"}],"collection":[{"href":"https:\/\/apreis.eu\/apreisesp\/wp-json\/wp\/v2\/pages"}],"about":[{"href":"https:\/\/apreis.eu\/apreisesp\/wp-json\/wp\/v2\/types\/page"}],"author":[{"embeddable":true,"href":"https:\/\/apreis.eu\/apreisesp\/wp-json\/wp\/v2\/users\/1"}],"replies":[{"embeddable":true,"href":"https:\/\/apreis.eu\/apreisesp\/wp-json\/wp\/v2\/comments?post=5569"}],"version-history":[{"count":7,"href":"https:\/\/apreis.eu\/apreisesp\/wp-json\/wp\/v2\/pages\/5569\/revisions"}],"predecessor-version":[{"id":5637,"href":"https:\/\/apreis.eu\/apreisesp\/wp-json\/wp\/v2\/pages\/5569\/revisions\/5637"}],"wp:attachment":[{"href":"https:\/\/apreis.eu\/apreisesp\/wp-json\/wp\/v2\/media?parent=5569"}],"curies":[{"name":"wp","href":"https:\/\/api.w.org\/{rel}","templated":true}]}}