{"id":3909,"date":"2016-03-30T11:07:55","date_gmt":"2016-03-30T11:07:55","guid":{"rendered":"https:\/\/apreis.eu\/apreis\/?page_id=3909"},"modified":"2020-08-30T11:13:36","modified_gmt":"2020-08-30T11:13:36","slug":"short-summary-of-documentary","status":"publish","type":"page","link":"https:\/\/apreis.eu\/enapreis\/short-summary-of-documentary\/","title":{"rendered":"Short summary of the documentary"},"content":{"rendered":"<div id=\"pl-3909\"  class=\"panel-layout\">\n<div id=\"pg-3909-0\"  class=\"panel-grid panel-no-style\">\n<div id=\"pgc-3909-0-0\"  class=\"panel-grid-cell\"  data-weight=\"1\">\n<div id=\"panel-3909-0-0-0\" class=\"so-panel widget widget_magictextwidget MagicTextWidget panel-first-child panel-last-child\" data-index=\"0\" data-style=\"{&quot;background_display&quot;:&quot;tile&quot;}\"><div class=\"magictextwidget_box\" style=\"margin-top:21px !important;margin-bottom:21px !important;max-width:700px;height:auto;background-color:#fff;\"><div class=\"magictextwidget_box_inner\" style=\"padding-top:10px !important; padding-right:10px!important;padding-left:10px !important;padding-bottom:10px !important;\"><div class=\"magictextwidget_accroche\" style=\"margin-top:10px !important;margin-bottom:10px !important;color:#0066bf; font-family:Bubblegum Sans, sans-serif  !important; font-size:31px !important;letter-spacing:3px !important; font-weight:bold !important; line-height:35px !important; text-align:center !important;\"><p>Lovely Working for the new moonlight<\/p>\n<\/div><div class=\"magictextwidget_widget_text\" style=\"margin-top:20px !important;margin-bottom:20px !important;color:#333!important; font-family:Arial Black, Avant Garde !important; font-size:16px !important; font-weight:bold !important; line-height:15px!important; text-align:center!important;  \"><p>A film about the solidarity economy and sustainability in South America<\/p>\n<\/div><\/div><\/div><\/div>\n<\/div>\n<\/div>\n<div id=\"pg-3909-1\"  class=\"panel-grid panel-no-style\"  data-style=\"{&quot;background_image_attachment&quot;:false,&quot;background_display&quot;:&quot;tile&quot;,&quot;cell_alignment&quot;:&quot;flex-start&quot;}\"  data-ratio=\"1\"  data-ratio-direction=\"right\">\n<div id=\"pgc-3909-1-0\"  class=\"panel-grid-cell\"  data-weight=\"1\">\n<div id=\"panel-3909-1-0-0\" class=\"so-panel widget widget_sow-editor panel-first-child panel-last-child\" data-index=\"1\" data-style=\"{&quot;background_image_attachment&quot;:false,&quot;background_display&quot;:&quot;tile&quot;}\">\n<div class=\"so-widget-sow-editor so-widget-sow-editor-base\">\n<div class=\"siteorigin-widget-tinymce textwidget\">\n<div id=\"pg-4611-1\" class=\"panel-grid panel-no-style\" data-style=\"{&quot;background_display&quot;:&quot;tile&quot;,&quot;bottom_margin&quot;:&quot;20px&quot;,&quot;gutter&quot;:&quot;20px&quot;}\"><\/div>\n<div id=\"pg-4611-2\" class=\"panel-grid panel-no-style\">\n<div id=\"pgc-4611-2-0\" class=\"panel-grid-cell\" data-weight=\"1\">\n<div id=\"panel-4611-2-0-0\" class=\"so-panel widget widget_sow-editor panel-first-child\" data-index=\"2\" data-style=\"{&quot;background_display&quot;:&quot;tile&quot;}\">\n<div class=\"so-widget-sow-editor so-widget-sow-editor-base\">\n<div class=\"siteorigin-widget-tinymce textwidget\">\n<table class=\"aligncenter\" style=\"height: 531px; width: 76.9945%; border-color: #050505; background-color: #ffffff;\" border=\"2\" cellspacing=\"10\" cellpadding=\"10\">\n<tbody>\n<tr style=\"height: 460.063px;\">\n<td style=\"border-color: #ffffff; background-color: #ffffff; vertical-align: middle; width: 51.1628%; height: 460.063px;\" scope=\"col\"><img loading=\"lazy\" class=\"alignnone wp-image-17058 size-full\" src=\"https:\/\/apreis.eu\/enapreis\/wp-content\/uploads\/2020\/07\/ptiAFFICHE-TJVERS-1-ANGL-60X80-e1596128909799.png\" alt=\"\" width=\"520\" height=\"630\" \/><\/td>\n<td style=\"border-color: #ffffff; width: 42.691%; background-color: #ffffff; text-align: center; vertical-align: middle; height: 460.063px;\"><span style=\"font-size: 12px;\">Direction\u00a0<\/span><br \/>\n<span style=\"font-size: 12px;\"><strong>\u00a0Hugo Dayan<\/strong><\/span><\/p>\n<p style=\"text-align: center;\"><span style=\"font-size: 12px;\">Screenplay<\/span><br \/>\n<span style=\"font-size: 12px;\"> <strong> L\u00e9o Dayan<\/strong><\/span><\/p>\n<p style=\"text-align: center;\"><span style=\"font-size: 12px;\">Assistant director<\/span><br \/>\n<span style=\"font-size: 12px;\"> <strong> No\u00e9mie Marot Saf\u00e9ris<\/strong><\/span><\/p>\n<p style=\"text-align: center;\"><span style=\"font-size: 12px;\">Editing\u00a0<\/span><br \/>\n<span style=\"font-size: 12px;\"><strong>Hugo Dayan<br \/>\n<\/strong><\/span><span style=\"font-size: 12px;\"><strong>Lise Rouvelin<\/strong><\/span><\/p>\n<p style=\"text-align: center;\"><span style=\"font-size: 12px;\">Song\u00a0and music<\/span><br \/>\n<span style=\"font-size: 12px;\"> <strong> G\u00e9raldo Espindola <\/strong><strong>&amp; <\/strong><strong>Julien Dayan<\/strong><\/span><\/p>\n<p style=\"text-align: center;\"><span style=\"font-size: 12px; font-family: georgia, palatino, serif;\">Interpreting &#8211; Translations<br \/>\n<\/span><span style=\"font-size: 12px;\"><strong>Aude Lorion, Cecile Petigand,<br \/>\nClaire Langevin,\u00a0 Genevi\u00e8ve Blan\u00e8s. Susan Slater<\/strong><\/span><\/p>\n<\/td>\n<\/tr>\n<\/tbody>\n<\/table>\n<p style=\"text-align: center;\"><span style=\"font-size: 20px;\"><strong>Short summary<\/strong><\/span><\/p>\n<p style=\"text-align: justify;\"><span style=\"font-size: 16px; font-family: georgia, palatino, serif;\">A Brazilian musician, whose inspiration arises from nature, the feminine sensibility and the hopes of those who pay attention to the environment and human values, tries to finish writing a song that he would present at the occasion of the concert for the environment in the Brazilian capital of the Pantanal, Corumb\u00e1, bordering Bolivia.<\/span><\/p>\n<\/div>\n<\/div>\n<\/div>\n<\/div>\n<\/div>\n<\/div>\n<\/div>\n<\/div>\n<\/div>\n<\/div>\n<div id=\"pg-3909-2\"  class=\"panel-grid panel-has-style\"  data-style=\"{&quot;padding&quot;:&quot;0px 0px 0px 120px&quot;,&quot;background_image_attachment&quot;:false,&quot;background_display&quot;:&quot;tile&quot;,&quot;cell_alignment&quot;:&quot;center&quot;}\">\n<div class=\"panel-row-style panel-row-style-for-3909-2\">\n<div id=\"pgc-3909-2-0\"  class=\"panel-grid-cell\"  data-weight=\"1\">\n<div id=\"panel-3909-2-0-0\" class=\"so-panel widget widget_slidedeck2_widget slidedeck2_widget panel-first-child panel-last-child\" data-index=\"2\" data-style=\"{&quot;background_image_attachment&quot;:false,&quot;background_display&quot;:&quot;tile&quot;}\"><div id=\"SlideDeck-4492-frame\" class=\"slidedeck-frame slidedeck_frame slidedeck-frame-4492 lens-block-title show-overlay-hover display-nav-never content-source-custom sd2-hideSpines sd2-show-author sd2-show-author-avatar sd2-show-title sd2-show-excerpt sd2-show-readmore sd2-custom sd2-large sd2-dark default-nav-styles\" style=\"width:740px;height:380px;\" data-sd2-lazy-load-padding=\"1\"><dl id=\"SlideDeck-4492\" class=\"slidedeck slidedeck-4492\" style=\"width:740px;height:380px;\"><dt><\/dt><dd style=\"\" class=\"has-image has-excerpt no-title custom-layout-body-text custom-caption-position-right sd2-image-scaling-none slide-type-image slide-source-custom\" data-thumbnail-src=\"https:\/\/apreis.eu\/enapreis\/wp-content\/uploads\/2017\/07\/statuesnoires2-144x144.jpg\"><div class=\"sd2-content-wrapper\">\n    <div class=\"sd2-node-caption\">\n        <div class=\"sd2-vertical-center-outer\">\n            <div class=\"sd2-vertical-center-middle\">\n                <div class=\"sd2-vertical-center-inner\"> \n                    \n                    <div class=\"sd2-slide-title accent-color\">\n                        <span class=\"sd2-slide-title-inner\">\n                                                                                                                <\/span>\n                    <\/div>\n                    \n                                            <div class=\"sd2-slide-text\"><p style=\"text-align: center\"><span style=\"font-size: 16px\"><a href=\"https:\/\/apreis.eu\/enapreis\/short-summary-of-documentary\/\" rel=\"noopener\">Summary<\/a><br \/>\n<\/span><\/p>\n<p style=\"text-align: center\"><span style=\"font-size: 16px\"><a href=\"https:\/\/apreis.eu\/enapreis\/lovelyworking-director-statement\/\">Director Statement<\/a><\/span><\/p>\n<p style=\"text-align: center\"><span style=\"font-size: 16px\"><a href=\"https:\/\/apreis.eu\/enapreis\/storyline\/\" rel=\"noopener\">Storyline<\/a><\/span><\/p>\n<p style=\"text-align: center\"><span style=\"font-size: 16px\"><a href=\"https:\/\/apreis.eu\/enapreis\/the-filmmakers\/\" rel=\"noopener\">Filmmakers<\/a><\/span><\/p>\n<p style=\"text-align: center\"><span style=\"font-size: 16px\"><a class=\"accent-color\" href=\"https:\/\/apreis.eu\/enapreis\/photographs\/\" rel=\"noopener noreferrer\">Photographs<\/a><\/span><\/p>\n<p style=\"text-align: center\"><span style=\"font-size: 16px\"><a href=\"https:\/\/apreis.eu\/enapreis\/teasers\" target=\"_blank\" rel=\"noopener noreferrer\">Teasers<\/a><\/span><\/p>\n<p style=\"text-align: center\"><span style=\"font-size: 16px\"><a class=\"accent-color\" href=\"https:\/\/apreis.eu\/enapreis\/trailer\/\" rel=\"noopener noreferrer\">Trailer<\/a><\/span><\/p>\n<\/div>\n                                    \n                <\/div>\n            <\/div>\n        <\/div>\n    <\/div>\n<\/div>\n\n    <div class=\"sd2-slide-background\" data-sd2-slide-image=\"https:\/\/apreis.eu\/enapreis\/wp-content\/uploads\/2017\/07\/statuesnoires2.jpg\"><\/div>\n<\/dd><\/dl><div class=\"slidedeck-overlays\" data-for=\"SlideDeck-4492\"><a href=\"#slidedeck-overlays\" class=\"slidedeck-overlays-showhide\">Overlays<span class=\"open-icon\"><\/span><span class=\"close-icon\"><\/span><\/a><span class=\"slidedeck-overlays-wrapper\"><a href=\"https:\/\/www.facebook.com\/sharer.php?u=https:\/\/apreis.eu\/enapreis\/short-summary-of-documentary\/#SlideDeck-4492&t=Documentary\" target=\"_blank\" class=\"slidedeck-overlay slidedeck-overlay-type-facebook slidedeck-overlay-1\" data-popup-width=\"659\" data-popup-height=\"592\" data-type=\"facebook\"><span class=\"slidedeck-overlay-logo\"><\/span><span class=\"slidedeck-overlay-label\">Share<\/span><\/a><a href=\"https:\/\/twitter.com\/intent\/tweet?url=https%3A%2F%2Fapreis.eu%2Fenapreis%2Fshort-summary-of-documentary%2F%23SlideDeck-4492&via=slidedeck&related=slidedeck&text=Check+out+this+SlideDeck%21\" target=\"_blank\" class=\"slidedeck-overlay slidedeck-overlay-type-twitter slidedeck-overlay-2\" data-popup-width=\"466\" data-popup-height=\"484\" data-type=\"twitter\"><span class=\"slidedeck-overlay-logo\"><\/span><span class=\"slidedeck-overlay-label\">Tweet<\/span><\/a><\/span><\/div><a class=\"deck-navigation horizontal prev\" href=\"#prev-horizontal\"><span>Previous<\/span><\/a><a class=\"deck-navigation horizontal next\" href=\"#next-horizontal\"><span>Next<\/span><\/a><a class=\"deck-navigation vertical prev\" href=\"#prev-vertical\"><span>Previous<\/span><\/a><a class=\"deck-navigation vertical next\" href=\"#next-vertical\"><span>Next<\/span><\/a><\/div><\/div>\n<\/div>\n<\/div>\n<\/div>\n<\/div>\n","protected":false},"excerpt":{"rendered":"<p>Direction\u00a0 \u00a0Hugo Dayan Screenplay L\u00e9o Dayan Assistant director No\u00e9mie Marot Saf\u00e9ris Editing\u00a0 Hugo Dayan Lise Rouvelin Song\u00a0and music G\u00e9raldo Espindola &amp; Julien Dayan Interpreting &#8211; Translations Aude Lorion, Cecile Petigand, Claire Langevin,\u00a0 Genevi\u00e8ve Blan\u00e8s. Susan Slater Short summary A Brazilian [&hellip;]<\/p>\n","protected":false},"author":1,"featured_media":0,"parent":0,"menu_order":0,"comment_status":"closed","ping_status":"closed","template":"tpl_full_page.php","meta":[],"_links":{"self":[{"href":"https:\/\/apreis.eu\/enapreis\/wp-json\/wp\/v2\/pages\/3909"}],"collection":[{"href":"https:\/\/apreis.eu\/enapreis\/wp-json\/wp\/v2\/pages"}],"about":[{"href":"https:\/\/apreis.eu\/enapreis\/wp-json\/wp\/v2\/types\/page"}],"author":[{"embeddable":true,"href":"https:\/\/apreis.eu\/enapreis\/wp-json\/wp\/v2\/users\/1"}],"replies":[{"embeddable":true,"href":"https:\/\/apreis.eu\/enapreis\/wp-json\/wp\/v2\/comments?post=3909"}],"version-history":[{"count":10,"href":"https:\/\/apreis.eu\/enapreis\/wp-json\/wp\/v2\/pages\/3909\/revisions"}],"predecessor-version":[{"id":17181,"href":"https:\/\/apreis.eu\/enapreis\/wp-json\/wp\/v2\/pages\/3909\/revisions\/17181"}],"wp:attachment":[{"href":"https:\/\/apreis.eu\/enapreis\/wp-json\/wp\/v2\/media?parent=3909"}],"curies":[{"name":"wp","href":"https:\/\/api.w.org\/{rel}","templated":true}]}}