{"id":100,"date":"2012-02-21T21:57:22","date_gmt":"2012-02-21T21:57:22","guid":{"rendered":"https:\/\/siamtravelmap.com\/essas\/?page_id=100"},"modified":"2022-09-22T17:41:43","modified_gmt":"2022-09-22T15:41:43","slug":"scientific-and-ethics-council","status":"publish","type":"page","link":"https:\/\/apreis.eu\/essas\/eng\/team\/scientific-and-ethics-council\/","title":{"rendered":"Scientific and Ethics Council"},"content":{"rendered":"<p style=\"text-align: center;\"><strong><br \/>\n<\/strong><span style=\"font-size: large;\"><strong>\u00a0<span style=\"font-size: 20px;\">THE SCIENTIFIC AND ETHICS\u00a0COUNCIL<\/span><\/strong><\/span><\/p>\n<p style=\"text-align: center;\"><strong>\u00a0<\/strong><\/p>\n<p style=\"text-align: center;\"><img loading=\"lazy\" class=\"aligncenter wp-image-18856 size-full\" src=\"https:\/\/apreis.eu\/essas\/eng\/wp-content\/uploads\/2022\/09\/piments-2.jpg\" alt=\"\" width=\"400\" height=\"283\" srcset=\"https:\/\/apreis.eu\/essas\/eng\/wp-content\/uploads\/2022\/09\/piments-2.jpg 400w, https:\/\/apreis.eu\/essas\/eng\/wp-content\/uploads\/2022\/09\/piments-2-300x212.jpg 300w, https:\/\/apreis.eu\/essas\/eng\/wp-content\/uploads\/2022\/09\/piments-2-150x105.jpg 150w\" sizes=\"(max-width: 400px) 100vw, 400px\" \/><\/p>\n<p>&nbsp;<\/p>\n<h1 style=\"padding-left: 330px;\"><span style=\"color: #000000; font-size: x-small;\"><strong><a href=\"https:\/\/apreis.eu\/essas\/place\/flavio-aristone\/\"><span style=\"color: #000000;\">Flavio Aristone<\/span><\/a><\/strong>, <em>Universidade Federal do Mato Grosso do Sul , Brasil<\/em><\/span><\/h1>\n<h1 style=\"padding-left: 330px;\"><span style=\"font-size: x-small;\"><strong style=\"color: #000000; font-size: x-small;\"><a title=\"ANTONIO ELIZALDE HEVIA\" href=\"https:\/\/apreis.eu\/essas\/place\/antonio-elizalde-hevia\/\"><span style=\"color: #000000;\">Antonio Elizalde H<\/span><\/a><\/strong><strong style=\"color: #000000; font-size: x-small;\"><a title=\"ANTONIO ELIZALDE HEVIA\" href=\"https:\/\/apreis.eu\/essas\/place\/antonio-elizalde-hevia\/\"><span style=\"color: #000000;\">evia<\/span><\/a><\/strong><span style=\"color: #000000;\">,<\/span><em><strong><span style=\"color: #000000;\"> Universidad Bolivariana de Santiago, Chili<\/span><\/strong><\/em><\/span><\/h1>\n<h1 style=\"padding-left: 330px;\"><span style=\"font-size: x-small;\"><strong style=\"color: #000000; font-size: x-small;\"><a title=\"Hugo Dayan\" href=\"https:\/\/apreis.eu\/essas\/eng\/place\/hugo-dayan\/\"><span style=\"color: #000000;\">Hugo Dayan<\/span><\/a><\/strong><span style=\"color: #000000;\">, <em>Universit\u00e9 Pierre et Marie-Curie (UPMC)<\/em><\/span><\/span><\/h1>\n<h1 style=\"padding-left: 330px;\"><span style=\"font-size: x-small;\"><strong style=\"color: #000000; font-size: x-small;\"><a title=\"Pablo Guerra\" href=\"https:\/\/apreis.eu\/essas\/place\/pablo-guerra\/\"><span style=\"color: #000000;\">Pablo Guerra<\/span><\/a><\/strong><span style=\"color: #000000;\">, <em>Universidad de la Rep\u00fablica, Uruguay<\/em><\/span><\/span><\/h1>\n<h1 style=\"padding-left: 330px;\"><span style=\"font-size: x-small;\"><a style=\"font-size: x-small;\" href=\"https:\/\/apreis.eu\/essas\/place\/andre-joyal\/\"><span style=\"color: #000000;\"><strong>Andr\u00e9 Joyal<\/strong><\/span><\/a><span style=\"color: #000000;\">, <em>Universit\u00e9 de Quebec Trois Rivi\u00e8res, Canada<\/em><\/span><\/span><\/h1>\n<h1 style=\"padding-left: 330px;\"><span style=\"font-size: x-small;\"><strong style=\"color: #000000; font-size: x-small;\"><a title=\"Cleonice Alexandre Le Bourlegat\" href=\"https:\/\/apreis.eu\/essas\/place\/cleonice-le-bourlegat\/\"><span style=\"color: #000000;\">Cl\u00e9onice le Bourlegat<\/span><\/a><\/strong><span style=\"color: #000000;\">,<\/span><strong style=\"color: #000000; font-size: x-small;\">\u00a0<\/strong><em style=\"color: #000000; font-size: x-small;\">presidente\u00a0 do\u00a0\u00a0CSE,<\/em><em><span style=\"color: #000000;\">\u00a0Universidade Cat\u00f3lica Dom Bosco, MS-Brasil<\/span><\/em><\/span><\/h1>\n<h1 style=\"padding-left: 330px;\"><span style=\"font-size: x-small;\"><a style=\"font-size: x-small;\" href=\"https:\/\/apreis.eu\/essas\/place\/sabrina-liberatoscioli\/\"><span style=\"color: #000000;\"><strong>Sabrina Liberatoscioli<\/strong><\/span><\/a><span style=\"color: #000000;\">, <em>ONG Centro Studi Americanistici, Italia<\/em><\/span><\/span><\/h1>\n<h1 style=\"padding-left: 330px;\"><span style=\"font-size: x-small;\"><strong style=\"color: #000000; font-size: x-small;\"><a title=\"NICOLAS MEYER\" href=\"https:\/\/apreis.eu\/essas\/place\/nicolas-meyer\/\"><span style=\"color: #000000;\">Nicolas Meyer<\/span><\/a><\/strong><span style=\"color: #000000;\">, <em>ONG Nuestras Huellas, Argentina \u00a0<\/em><\/span><\/span><\/h1>\n<h1 style=\"padding-left: 330px;\"><strong style=\"font-size: x-small;\"><span style=\"color: #000000;\"><a href=\"https:\/\/apreis.eu\/essas\/place\/dalva-mirian-coura-aveiro\/\"><span style=\"color: #000000;\">Dalva Mirian Coura\u00a0<\/span><\/a><a href=\"https:\/\/apreis.eu\/essas\/place\/dalva-mirian-coura-aveiro\/\"><span style=\"color: #000000;\">Aveiro<\/span><\/a><\/span>,\u00a0<\/strong><em style=\"color: #000000; font-size: x-small;\">\u00a0Incubadora Tecnol\u00f3gica de Cooperativas Populares da Universidade Federal de Mato Grosso do Sul Brasil<\/em><\/h1>\n<h1 style=\"padding-left: 330px;\"><span style=\"font-size: x-small;\"><a style=\"font-size: x-small;\" href=\"https:\/\/apreis.eu\/essas\/place\/silvana-parente\/\"><span style=\"color: #000000;\"><strong>Silvana Parente<\/strong><\/span><\/a><span style=\"color: #000000;\">,\u00a0<em>Insitute\u00a0 Asessoria para o Desenvolvimento Humano, Brasil<\/em><\/span><\/span><\/h1>\n<h1 style=\"padding-left: 330px;\"><span style=\"font-size: x-small;\"><a style=\"font-size: x-small;\" href=\"https:\/\/apreis.eu\/essas\/place\/dominique-vanneste\/\"><span style=\"color: #000000;\"><strong>Dominique Vanneste<\/strong><\/span><\/a><span style=\"color: #000000;\">,\u00a0<em>Universit\u00e9 Catholique de Leuven, Belgique<\/em><\/span><\/span><\/h1>\n<h1 style=\"padding-left: 330px;\"><span style=\"font-size: x-small;\"><strong style=\"color: #000000; font-size: x-small;\"><a title=\"Tania Zapata\" href=\"https:\/\/apreis.eu\/essas\/place\/tania-zapata\/\"><span style=\"color: #000000;\">Tania Zapata<\/span><\/a><\/strong><span style=\"color: #000000;\">,<\/span><span style=\"color: #000000;\">\u00a0<em>Instituto de Assessoria para o Desinvolvimento Humano, Brasil<\/em><\/span><\/span><\/h1>\n<h1 style=\"padding-left: 330px;\"><span style=\"font-size: x-small;\"><a style=\"font-size: x-small;\" href=\"https:\/\/apreis.eu\/essas\/place\/naoufel-ziadi\/\"><span style=\"color: #000000;\"><strong>Naouffel Ziadi<\/strong><\/span><\/a><span style=\"color: #000000;\">,\u00a0<em>Centre d\u2019Etudes et de Recherches Economiques et Sociales, Tunisie<\/em><\/span><\/span><\/h1>\n<div style=\"padding-left: 120px; text-align: justify;\">\n<p>&nbsp;<\/p>\n<p><span style=\"font-size: x-small;\"><span style=\"font-size: small;\"><strong>THE SCIENTIFIC AND ETHICS COUNCIL<\/strong><strong>\u00a0\u00a0<\/strong><\/span><strong><br \/>\n<\/strong><\/span><span style=\"font-size: small;\">Members of the Scientific and Ethics Council are proposed by partners of the program and are appointed on the basis of their skills in sustainable development, local development and solidarity economy by the scientific director of the program ESSAS.<br \/>\nThe Scientific and Ethics Council is an advisory body whose purpose is to ensure ethical and scientific relevance of the approach and results.<br \/>\nIt meets at the demand of the scientific program or his (her) chair for:<br \/>\n* Make a comment about the program flow<br \/>\n* Review and advise on the scientific relevance of the approach<br \/>\n* Organize the scientific evaluation of the approach and results under the conditions determined by the Scientific Program<br \/>\n* To give an opinion on the accession of new partners that may be involved or participate in the program<br \/>\n* Carry out a review of scientific activity. For evaluation, the Board may rely, as appropriate, on the experts it designates and which defines the missions. However the scientific department of the program may request an evaluation of its activities by an external authority.<br \/>\n* Make any proposal on new scientific collaboration networks and extensions of the initial program<br \/>\n* Ensure the requirements of maintaining the objectives, scientific and ethical program in its later developments.<\/span><\/p>\n<p>&nbsp;<\/p>\n<\/div>\n<div style=\"padding-left: 60px;\"><span style=\"font-size: small;\">\u00a0<\/span><\/div>\n","protected":false},"excerpt":{"rendered":"<p>\u00a0THE SCIENTIFIC AND ETHICS\u00a0COUNCIL \u00a0 &nbsp; Flavio Aristone, Universidade Federal do Mato Grosso do Sul , Brasil Antonio Elizalde Hevia, Universidad Bolivariana de Santiago, Chili Hugo Dayan, Universit\u00e9 Pierre et Marie-Curie (UPMC) Pablo Guerra, Universidad de la Rep\u00fablica, Uruguay Andr\u00e9 [&hellip;]<\/p>\n","protected":false},"author":50,"featured_media":0,"parent":3020,"menu_order":0,"comment_status":"open","ping_status":"open","template":"tpl_full_page.php","meta":[],"_links":{"self":[{"href":"https:\/\/apreis.eu\/essas\/eng\/wp-json\/wp\/v2\/pages\/100"}],"collection":[{"href":"https:\/\/apreis.eu\/essas\/eng\/wp-json\/wp\/v2\/pages"}],"about":[{"href":"https:\/\/apreis.eu\/essas\/eng\/wp-json\/wp\/v2\/types\/page"}],"author":[{"embeddable":true,"href":"https:\/\/apreis.eu\/essas\/eng\/wp-json\/wp\/v2\/users\/50"}],"replies":[{"embeddable":true,"href":"https:\/\/apreis.eu\/essas\/eng\/wp-json\/wp\/v2\/comments?post=100"}],"version-history":[{"count":5,"href":"https:\/\/apreis.eu\/essas\/eng\/wp-json\/wp\/v2\/pages\/100\/revisions"}],"predecessor-version":[{"id":18857,"href":"https:\/\/apreis.eu\/essas\/eng\/wp-json\/wp\/v2\/pages\/100\/revisions\/18857"}],"up":[{"embeddable":true,"href":"https:\/\/apreis.eu\/essas\/eng\/wp-json\/wp\/v2\/pages\/3020"}],"wp:attachment":[{"href":"https:\/\/apreis.eu\/essas\/eng\/wp-json\/wp\/v2\/media?parent=100"}],"curies":[{"name":"wp","href":"https:\/\/api.w.org\/{rel}","templated":true}]}}