{"id":18635,"date":"2020-09-15T07:49:30","date_gmt":"2020-09-15T05:49:30","guid":{"rendered":"https:\/\/apreis.eu\/essas\/eng\/?page_id=18635"},"modified":"2020-09-19T14:05:14","modified_gmt":"2020-09-19T12:05:14","slug":"cookies-policy","status":"publish","type":"page","link":"https:\/\/apreis.eu\/essas\/eng\/cookies-policy\/","title":{"rendered":"COOKIES POLICY"},"content":{"rendered":"<p style=\"text-align: center;\"><span style=\"font-size: 24px;\"><strong>COOKIES POLICY<\/strong><\/span><\/p>\n<p>&nbsp;<\/p>\n<p>The website, https:\/\/apreis.eu\/essas\/eng, uses cookies and cookie technologies. Cookies are also placed by third parties.<br \/>\nA cookie is a simple small file sent with the pages of this website and stored by your browser. The information stored there may be sent back to our servers or those of the third parties concerned on a subsequent visit.<\/p>\n<h2>What are the scripts?<\/h2>\n<p>A script is a piece of code that is used to make a website work properly and interactively. This code is used on the site&#8217;s server or on your device.<\/p>\n<h2>Cookies<\/h2>\n<p class=\"cmplz-subtitle\">1 Cookies techniques ou fonctionnels<\/p>\n<p>Certains cookies assurent le fonctionnement correct\u00a0 de certaines parties du site web et la prise en compte de vos pr\u00e9f\u00e9rences en tant qu\u2019utilisateur. En pla\u00e7ant des cookies fonctionnels, nous vous facilitons, et en toute s\u00e9curit\u00e9,\u00a0la visite de notre site web.<\/p>\n<p class=\"cmplz-subtitle\">2 Cookies analytiques<\/p>\n<p>Les statistiques sont suivies de fa\u00e7on anonyme, aucune permission n\u2019est donc demand\u00e9e pour placer des cookies analytiques.<\/p>\n<p class=\"cmplz-subtitle\">3\u00a0 Cookies des r\u00e9seaux sociaux<\/p>\n<p>Nous avons sur notre site web des liens de partage vers Vimeo ,\u00a0 Facebook et Twitter.\u00a0 Ces liens\u00a0 peuvent \u00e9galement\u00a0 traiter certaines informations\u00a0 sur lesquelles\u00a0 n\u2019avons aucun contr\u00f4le sur le processus employ\u00e9 par ces r\u00e9seaux sociaux pour collecter des informations relatives \u00e0 votre navigation sur notre site et associ\u00e9es aux donn\u00e9es personnelles dont ils disposent. Pour contr\u00f4ler la gestion de ces cookies, vous pouvez vous rendre sur cette <a href=\"https:\/\/apreis.eu\/apreiseng\/configure-your-brownser\/\" rel=\"noopener noreferrer\">PAGE<\/a>\u00a0 .<\/p>\n<h2>Your rights regarding personal data<\/h2>\n<p>Vous avez les droits suivants concernant vos donn\u00e9es personnelles\u00a0:<\/p>\n<ul>\n<li>Vous avez le droit de savoir pourquoi vos donn\u00e9es personnelles sont n\u00e9cessaires, ce qui leur arrivera et combien de temps elles seront conserv\u00e9es.<\/li>\n<li>Droit d\u2019acc\u00e8s\u00a0: vous avez le droit d\u2019acc\u00e9der \u00e0 vos donn\u00e9es personnelles que nous connaissons.<\/li>\n<li>Droit de rectification\u00a0: vous avez le droit \u00e0 tout moment de compl\u00e9ter, corriger, faire supprimer ou bloquer vos donn\u00e9es personnelles.<\/li>\n<li>Si vous nous donnez votre consentement pour le traitement de vos donn\u00e9es, vous avez le droit de r\u00e9voquer ce consentement et de faire supprimer vos donn\u00e9es personnelles.<\/li>\n<li>Droit de transf\u00e9rer vos donn\u00e9es\u00a0: vous avez le droit de demander toutes vos donn\u00e9es personnelles au responsable du traitement et de les transf\u00e9rer dans leur int\u00e9gralit\u00e9 \u00e0 un autre responsable du traitement.<\/li>\n<li>Droit d\u2019opposition\u00a0: vous pouvez vous opposer au traitement de vos donn\u00e9es. Nous obtemp\u00e9rerons, \u00e0 moins que certaines raisons ne justifient ce traitement.<\/li>\n<\/ul>\n<p>Pour exercer ces droits, vous pouvez nous contacter en nous \u00e9crivant aux coordonn\u00e9es\u00a0 indiqu\u00e9es au bas cette page. Si vous avez une plainte concernant la fa\u00e7on dont\u00a0 vos donn\u00e9es sont trait\u00e9es , nous aimerions en \u00eatre inform\u00e9, Vous avez \u00e9galement le droit de d\u00e9poser une plainte aupr\u00e8s de l\u2019autorit\u00e9 charg\u00e9e de la protection des donn\u00e9es, comme le CEPD).<\/p>\n<h2>Enable\/disable and delete cookies<\/h2>\n<p>Vous pouvez utiliser votre navigateur internet pour supprimer automatiquement ou manuellement les cookies. Vous pouvez \u00e9galement sp\u00e9cifier que certains cookies ne peuvent pas \u00eatre plac\u00e9s. Une autre option consiste \u00e0 modifier les r\u00e9glages de votre navigateur internet afin que vous receviez un message \u00e0 chaque fois qu\u2019un cookie est plac\u00e9. Pour plus d\u2019informations sur ces options, reportez-vous aux instructions de la page <a href=\"https:\/\/apreis.eu\/essas\/eng\/configure-your-brownser\/\" target=\"_blank\" rel=\"noopener noreferrer\">Configurer votre navigateur<\/a> .<\/p>\n<p>Veuillez noter que notre site web peut ne pas marcher correctement si tous les cookies sont d\u00e9sactiv\u00e9s. Si vous supprimez les cookies dans votre navigateur, ils seront de nouveau plac\u00e9s apr\u00e8s votre consentement lorsque vous revisiterez le site web.<\/p>\n<h2>Contact details<\/h2>\n<p>For questions and\/or comments on our cookies policy , please contact us using the following contact details :<\/p>\n<p>APREIS<br \/>\n29 rue de l \u2018\u00eele de conge 94430 Chennevieres<br \/>\nFrance<br \/>\nSite web\u00a0:\u00a0<a href=\"https:\/\/apreis.eu\/essas\/eng\">https:\/\/apreis.eu\/essas\/eng<\/a><br \/>\nE-mail\u00a0:\u00a0<a href=\"mailto:apreis@apreis.eu\">apreis@apreis.eu<\/a><\/p>\n<p>&nbsp;<\/p>\n<p>This cookie policy was last updated on 11\/09\/2020 and applies to the European Economic Area<\/p>\n","protected":false},"excerpt":{"rendered":"<p>COOKIES POLICY &nbsp; The website, https:\/\/apreis.eu\/essas\/eng, uses cookies and cookie technologies. Cookies are also placed by third parties. A cookie is a simple small file sent with the pages of this website and stored by your browser. The information stored [&hellip;]<\/p>\n","protected":false},"author":50,"featured_media":0,"parent":0,"menu_order":0,"comment_status":"closed","ping_status":"closed","template":"tpl_full_page.php","meta":[],"_links":{"self":[{"href":"https:\/\/apreis.eu\/essas\/eng\/wp-json\/wp\/v2\/pages\/18635"}],"collection":[{"href":"https:\/\/apreis.eu\/essas\/eng\/wp-json\/wp\/v2\/pages"}],"about":[{"href":"https:\/\/apreis.eu\/essas\/eng\/wp-json\/wp\/v2\/types\/page"}],"author":[{"embeddable":true,"href":"https:\/\/apreis.eu\/essas\/eng\/wp-json\/wp\/v2\/users\/50"}],"replies":[{"embeddable":true,"href":"https:\/\/apreis.eu\/essas\/eng\/wp-json\/wp\/v2\/comments?post=18635"}],"version-history":[{"count":5,"href":"https:\/\/apreis.eu\/essas\/eng\/wp-json\/wp\/v2\/pages\/18635\/revisions"}],"predecessor-version":[{"id":18852,"href":"https:\/\/apreis.eu\/essas\/eng\/wp-json\/wp\/v2\/pages\/18635\/revisions\/18852"}],"wp:attachment":[{"href":"https:\/\/apreis.eu\/essas\/eng\/wp-json\/wp\/v2\/media?parent=18635"}],"curies":[{"name":"wp","href":"https:\/\/api.w.org\/{rel}","templated":true}]}}