{"id":100,"date":"2012-02-21T21:57:22","date_gmt":"2012-02-21T21:57:22","guid":{"rendered":"https:\/\/siamtravelmap.com\/essas\/esp\/?page_id=100"},"modified":"2016-12-09T17:14:46","modified_gmt":"2016-12-09T16:14:46","slug":"consejo-cientifico-e-etico","status":"publish","type":"page","link":"https:\/\/apreis.eu\/essas\/esp\/equipo\/consejo-cientifico-e-etico\/","title":{"rendered":"EL CONSEJO CIENTIFICO Y \u00c9TICO"},"content":{"rendered":"<h3 style=\"text-align: center;\"><strong><span style=\"font-size: large;\">EL CONSEJO CIENTIFICO Y \u00c9TICO (CSE)<\/span><\/strong><\/h3>\n<p>&nbsp;<\/p>\n<p><img loading=\"lazy\" class=\"aligncenter\" title=\"soucoupe ptit\" src=\"https:\/\/apreis.eu\/essas\/wp-content\/uploads\/2012\/06\/soucoupe-ptit.jpg\" alt=\"\" width=\"650\" height=\"438\" \/><\/p>\n<h3 style=\"text-align: center;\"><\/h3>\n<h3 style=\"padding-left: 330px;\"><span style=\"color: #000000;\"><strong><span style=\"font-size: small;\"><span style=\"font-size: x-small;\"><a href=\"https:\/\/apreis.eu\/essas\/place\/flavio-aristone\/\"><span style=\"color: #000000;\">Flavio<\/span><\/a><a href=\"https:\/\/apreis.eu\/essas\/place\/flavio-aristone\/\"><span style=\"color: #000000;\">\u00a0Aristone<\/span><\/a>, <\/span><\/span><\/strong><span style=\"font-size: small;\"><span style=\"font-size: x-small;\">Universidade Federal do <strong>Mato Grosso do Sul, Brasil<br \/>\n<\/strong><\/span><\/span><\/span><span style=\"color: #000000;\"><strong><span style=\"font-size: x-small;\"><a title=\"ANTONIO ELIZALDE HEVIA\" href=\"https:\/\/apreis.eu\/essas\/esp\/place\/antonio-elizalde-hevia\/\"><span style=\"color: #000000;\">Antonio Elizalde Hevia<\/span><\/a><\/span><span style=\"font-size: x-small;\">, <\/span><span style=\"font-size: x-small;\">\u00a0Universidad Bolivariana de Santiago, Chili<br \/>\n<\/span><\/strong><\/span><span style=\"color: #000000;\"><strong><span style=\"font-size: x-small;\"><a title=\"HUGO DAYAN\" href=\"https:\/\/apreis.eu\/essas\/place\/hugo-dayan\/\"><span style=\"color: #000000;\">Hugo Dayan<\/span><\/a><\/span><span style=\"font-size: x-small;\">, <\/span><span style=\"font-size: x-small;\">\u00a0Universit\u00e9 Pierre et Marie-Curie (UPMC)<br \/>\n<\/span><\/strong><\/span><span style=\"color: #000000;\"><strong><span style=\"font-size: x-small;\"><a title=\"Pablo Guerra\" href=\"https:\/\/apreis.eu\/essas\/esp\/place\/pablo-guerra\/\"><span style=\"color: #000000;\">Pablo Guerra<\/span><\/a>, Universidad de la Rep\u00fablica, Uruguay<br \/>\n<\/span><\/strong><\/span><span style=\"color: #000000;\"><strong><span style=\"font-size: x-small;\"><a style=\"color: #000000;\" href=\"https:\/\/apreis.eu\/essas\/esp\/place\/sergio-miguel-gutierrez-perez\/\">Sergio Miguel Guti\u00e9rrez P\u00e9rez<\/a><\/span><\/strong><strong><span style=\"font-size: x-small;\"><span style=\"color: #000000;\">,<\/span> \u00a0CIOEC,\u00a0<\/span><span style=\"font-size: x-small;\">Bolivia<br \/>\n<\/span><\/strong><\/span><span style=\"color: #000000;\"><strong><span style=\"font-size: x-small;\"><a href=\"https:\/\/apreis.eu\/essas\/esp\/place\/andre-joyal\/\"><span style=\"color: #000000;\">Andr\u00e9 Joyal<\/span><\/a>, Universit\u00e9 de Quebec Trois Rivi\u00e8res, Canada<br \/>\n<\/span><\/strong><\/span><span style=\"color: #000000;\"><strong><span style=\"font-size: x-small;\"><a title=\"Cleonice Alexandre Le Bourlegat\" href=\"https:\/\/apreis.eu\/essas\/esp\/place\/cleonice-le-bourlegat\/\"><span style=\"color: #000000;\">Cl\u00e9onice le Bourlegat<\/span><\/a>,\u00a0<em>presidente\u00a0 do\u00a0\u00a0CSE,<\/em>\u00a0Universidade Cat\u00f3lica Dom Bosco, MS-Brasil<br \/>\n<\/span><\/strong><\/span><span style=\"color: #000000;\"><strong><span style=\"font-size: x-small;\"><a href=\"https:\/\/apreis.eu\/essas\/esp\/place\/sabrina-liberatoscioli\/\"><span style=\"color: #000000;\">Sabrina Liberatoscioli<\/span><\/a>, ONG Centro Studi Americanistici, Italia<br \/>\n<\/span><\/strong><\/span><span style=\"color: #000000;\"><strong><span style=\"font-size: x-small;\"><a title=\"NICOLAS MEYER\" href=\"https:\/\/apreis.eu\/essas\/esp\/place\/nicolas-meyer\/\"><span style=\"color: #000000;\">Nicolas Meyer<\/span><\/a>, ONG Nuestras Huellas, Argentina<br \/>\n<\/span><\/strong><\/span><span style=\"color: #000000;\"><strong><span style=\"font-size: x-small;\">Dalva Mirian Coura Aveiro, Incubadora Tecnol\u00f3gica de Cooperativas Populares, <\/span><span style=\"font-size: xx-small;\">Universidade Federal do MS, Brasil<br \/>\n<\/span><\/strong><\/span><span style=\"color: #000000;\"><strong><span style=\"font-size: x-small;\"><a href=\"https:\/\/apreis.eu\/essas\/esp\/place\/silvana-parente\/\"><span style=\"color: #000000;\">Silvana Parente,<\/span><\/a>\u00a0Insitute\u00a0 Asessoria para o Desenvolvimento Humano, Brasil<br \/>\n<\/span><\/strong><\/span><span style=\"color: #000000;\"><strong><span style=\"font-size: x-small;\"><a href=\"https:\/\/apreis.eu\/essas\/esp\/place\/dominique-vanneste\/\"><span style=\"color: #000000;\">Dominique Vanneste<\/span><\/a>,\u00a0Universit\u00e9 Catholique de Louvain, Belgique<br \/>\n<\/span><\/strong><\/span><span style=\"color: #000000;\"><strong><span style=\"font-size: x-small;\"><a title=\"Tania Zapata\" href=\"https:\/\/apreis.eu\/essas\/esp\/place\/tania-zapata\/\"><span style=\"color: #000000;\">Tania Zapata<\/span><\/a>,\u00a0Instituto de Assessoria para o Desinvolvimento Humano, Brasil<br \/>\n<\/span><\/strong><\/span><span style=\"color: #000000;\"><strong><span style=\"font-size: x-small;\"><a href=\"https:\/\/apreis.eu\/essas\/esp\/place\/naoufel-ziadi\/\"><span style=\"color: #000000;\">Naouffel Ziadi<\/span><\/a>,\u00a0Centre d\u2019Etudes et de Recherches Economiques et Sociales, Tunisie<\/span><\/strong><\/span><\/h3>\n<h3 style=\"text-align: justify; padding-left: 180px;\"><\/h3>\n<p>&nbsp;<\/p>\n<h3 style=\"padding-left: 150px;\"><span style=\"font-size: small;\">EL CONSEJO CIENTIFICO Y ETICO<\/span><\/h3>\n<p style=\"text-align: justify; padding-left: 150px;\"><span style=\"font-size: small;\">Los miembros del Consejo Cient\u00edfico y \u00c9tico son propuestos por las organizaciones socias del programa y nombrados por el director cient\u00edfico seg\u00fan sus competencias en materia de desarrollo\u00a0sustentable, de desarrollo local y de Econom\u00eda Solidaria.<\/span><br \/>\n<span style=\"font-size: small;\"> El Consejo Cient\u00edfico y \u00c9tico es una instancia de consulta cuyo objetivo es velar por la calidad \u00e9tica y por la pertinencia cient\u00edfica del procedimiento y de los resultados.\u00a0Se re\u00fane a petici\u00f3n de su presidente u de la Direcci\u00f3n Cient\u00edfica del programa para :<\/span><\/p>\n<p style=\"text-align: justify; padding-left: 150px;\"><span style=\"font-size: small;\">\u2022Dar su opini\u00f3n sobre el desarrollo del programa.<br \/>\n<\/span><span style=\"font-size: small;\">\u2022Examinar y dar su opini\u00f3n sobre la pertinencia cient\u00edfica del procedimiento.<br \/>\n<\/span><span style=\"font-size: small;\">\u2022Organizar la evaluaci\u00f3n cient\u00edfica del procedimiento y de los resultados bajo las condiciones determinadas por la Direcci\u00f3n Cient\u00edfica del programa.<br \/>\n<\/span><span style=\"font-size: small;\">\u2022Dar su opini\u00f3n sobre la adhesi\u00f3n de nuevas organizaciones asociadas u colaborativas<br \/>\n<\/span><span style=\"font-size: small;\">\u2022Evaluar la actividad cient\u00edfica, para lo cual puede apoyarse en expertos externos definiendo previamente sus misiones. Sin embargo, la Direcci\u00f3n Cient\u00edfica puede recurrir a instancias externas para pedir una evaluaci\u00f3n de sus actividades<br \/>\n<\/span><span style=\"font-size: small;\">\u2022Formular propuestas de nuevas redes de colaboraci\u00f3n cient\u00edficas o complementarias a la red inicial del programa.<br \/>\n<\/span><span style=\"font-size: small;\">\u2022Velar por las condiciones del mantenimiento de los objetivos cient\u00edficos y \u00e9ticos del programa en sus desarrollos ulteriores.<\/span><\/p>\n<p style=\"text-align: justify; padding-left: 150px;\">\n","protected":false},"excerpt":{"rendered":"<p>EL CONSEJO CIENTIFICO Y \u00c9TICO (CSE) &nbsp; Flavio\u00a0Aristone, Universidade Federal do Mato Grosso do Sul, Brasil Antonio Elizalde Hevia, \u00a0Universidad Bolivariana de Santiago, Chili Hugo Dayan, \u00a0Universit\u00e9 Pierre et Marie-Curie (UPMC) Pablo Guerra, Universidad de la Rep\u00fablica, Uruguay Sergio Miguel [&hellip;]<\/p>\n","protected":false},"author":84,"featured_media":0,"parent":1444,"menu_order":0,"comment_status":"open","ping_status":"open","template":"tpl_full_page.php","meta":[],"_links":{"self":[{"href":"https:\/\/apreis.eu\/essas\/esp\/wp-json\/wp\/v2\/pages\/100"}],"collection":[{"href":"https:\/\/apreis.eu\/essas\/esp\/wp-json\/wp\/v2\/pages"}],"about":[{"href":"https:\/\/apreis.eu\/essas\/esp\/wp-json\/wp\/v2\/types\/page"}],"author":[{"embeddable":true,"href":"https:\/\/apreis.eu\/essas\/esp\/wp-json\/wp\/v2\/users\/84"}],"replies":[{"embeddable":true,"href":"https:\/\/apreis.eu\/essas\/esp\/wp-json\/wp\/v2\/comments?post=100"}],"version-history":[{"count":4,"href":"https:\/\/apreis.eu\/essas\/esp\/wp-json\/wp\/v2\/pages\/100\/revisions"}],"predecessor-version":[{"id":6958,"href":"https:\/\/apreis.eu\/essas\/esp\/wp-json\/wp\/v2\/pages\/100\/revisions\/6958"}],"up":[{"embeddable":true,"href":"https:\/\/apreis.eu\/essas\/esp\/wp-json\/wp\/v2\/pages\/1444"}],"wp:attachment":[{"href":"https:\/\/apreis.eu\/essas\/esp\/wp-json\/wp\/v2\/media?parent=100"}],"curies":[{"name":"wp","href":"https:\/\/api.w.org\/{rel}","templated":true}]}}