{"id":105,"date":"2012-02-21T22:03:05","date_gmt":"2012-02-21T22:03:05","guid":{"rendered":"https:\/\/siamtravelmap.com\/essas\/esp\/?page_id=105"},"modified":"2017-05-06T15:17:47","modified_gmt":"2017-05-06T13:17:47","slug":"socios","status":"publish","type":"page","link":"https:\/\/apreis.eu\/essas\/esp\/equipo\/socios\/","title":{"rendered":"SOCIOS"},"content":{"rendered":"<div id=\"post-15\">\n<p style=\"text-align: center;\"><strong><span style=\"font-size: medium;\">E<\/span><\/strong>CONOMIA<strong> <span style=\"font-size: medium;\">S<\/span><\/strong>OLIDARIA<strong> <span style=\"font-size: medium;\">S<\/span><\/strong>USTENTABLE<\/p>\n<p style=\"text-align: center;\"><img loading=\"lazy\" class=\"aligncenter wp-image-999 size-full\" src=\"https:\/\/apreis.eu\/essas\/esp\/wp-content\/uploads\/2012\/06\/logo_essas_a-e1484670640208.png\" alt=\"\" width=\"150\" height=\"150\" \/><\/p>\n<p style=\"text-align: center;\">\u00a0EN<strong> <span style=\"font-size: medium;\">A<\/span><\/strong>MERICA DEL<strong> <span style=\"font-size: medium;\">S<\/span><\/strong>UR<\/p>\n<p>&nbsp;<\/p>\n<p>&nbsp;<\/p>\n<p style=\"text-align: center;\"><span style=\"font-size: x-large;\"><strong>LOS SOCIOS<\/strong><\/span><\/p>\n<p>&nbsp;<\/p>\n<div id=\"post-15\">\n<p style=\"text-align: center;\"><strong>Universidade Cat\u00f3lica Dom Bosco \u00a0(Brasil), \u00a0Universit\u00e9 de Paris I Panth\u00e9on-Sorbonne<\/strong><\/p>\n<p style=\"text-align: center;\"><img loading=\"lazy\" class=\"aligncenter\" title=\"europe-drapeau\" src=\"https:\/\/apreis.eu\/essas\/esp\/wp-content\/uploads\/2012\/02\/europe-drapeau-150x105.jpg\" alt=\"\" width=\"108\" height=\"76\" \/><img loading=\"lazy\" class=\"alignnone wp-image-3299 size-full aligncenter\" src=\"https:\/\/apreis.eu\/essas\/essfr\/wp-content\/uploads\/2012\/07\/Erasmus-Mundus120x64.jpg\" width=\"120\" height=\"64\" \/><\/p>\n<p style=\"text-align: center;\"><strong>Katholieke Universiteit Leuven (Belgium),\u00a0Universit\u00e0 degli Studi di Padova (Italia)<\/strong><\/p>\n<\/div>\n<div>\n<p>\u00a0 \u00a0 \u00a0 \u00a0 \u00a0 \u00a0 \u00a0 \u00a0 \u00a0 \u00a0 \u00a0 \u00a0 \u00a0 \u00a0 \u00a0 \u00a0 \u00a0 \u00a0 \u00a0 \u00a0 \u00a0 \u00a0 \u00a0 \u00a0 \u00a0 \u00a0 \u00a0 \u00a0<img loading=\"lazy\" class=\"alignnone wp-image-6791 size-thumbnail\" src=\"https:\/\/apreis.eu\/essas\/essfr\/wp-content\/uploads\/2012\/07\/NH-logo-600x220-1345667775-300X300-150x105.jpg\" width=\"150\" height=\"105\" \/>\u00a0 \u00a0 \u00a0 \u00a0\u00a0\u00a0 \u00a0 \u00a0 \u00a0\u00a0<img loading=\"lazy\" src=\"https:\/\/apreis.eu\/essas\/esp\/wp-content\/uploads\/2013\/07\/polis-150x75.png\" alt=\"polis-150x75\" width=\"100\" height=\"50\" \/>\u00a0 \u00a0 \u00a0 \u00a0<img loading=\"lazy\" class=\"alignnone wp-image-2581 size-full\" src=\"https:\/\/apreis.eu\/essas\/essfr\/wp-content\/uploads\/2012\/07\/iadh.png\" width=\"60\" height=\"60\" \/>\u00a0 \u00a0<img loading=\"lazy\" class=\"alignnone wp-image-2546 size-full\" src=\"https:\/\/apreis.eu\/essas\/essfr\/wp-content\/uploads\/2012\/08\/logo-Itcp-ufms-oficial-2-1345326513-300X300-2-e1484674408251.jpg\" width=\"200\" height=\"200\" \/><\/p>\n<h2><\/h2>\n<h2><\/h2>\n<h2>\u00a0 \u00a0 \u00a0 \u00a0 \u00a0 \u00a0 \u00a0 \u00a0 \u00a0 \u00a0 \u00a0 \u00a0 \u00a0 \u00a0 \u00a0\u00a0<img loading=\"lazy\" class=\"alignnone wp-image-810 size-full\" src=\"https:\/\/apreis.eu\/essas\/essfr\/wp-content\/uploads\/2012\/03\/travolution-e1484674204245.png\" width=\"210\" height=\"56\" \/>\u00a0 \u00a0 \u00a0 \u00a0 \u00a0\u00a0<img loading=\"lazy\" class=\"alignnone wp-image-1400 size-full\" src=\"https:\/\/apreis.eu\/essas\/essfr\/wp-content\/uploads\/2012\/02\/logo_apreis_a-e1484268100999.png\" width=\"90\" height=\"90\" \/>\u00a0 \u00a0 \u00a0<img loading=\"lazy\" title=\"logo.OFOR_-300x55\" src=\"https:\/\/apreis.eu\/essas\/wp-content\/uploads\/2012\/07\/logo.OFOR_-300x55.jpg\" alt=\"\" width=\"200\" height=\"53\" \/><\/h2>\n<h2><\/h2>\n<h2><\/h2>\n<h2>\u00a0 \u00a0 \u00a0 \u00a0 \u00a0 \u00a0 \u00a0 \u00a0 \u00a0 \u00a0 \u00a0 \u00a0 \u00a0 \u00a0 \u00a0 \u00a0 \u00a0 \u00a0 \u00a0 \u00a0 \u00a0 \u00a0 \u00a0 \u00a0 \u00a0 \u00a0 \u00a0 \u00a0 \u00a0 \u00a0<img loading=\"lazy\" class=\"alignnone\" src=\"https:\/\/apreis.eu\/essas\/esp\/wp-content\/uploads\/2013\/07\/CCU-150x105.png\" alt=\"CCU-150x105\" width=\"120\" height=\"95\" \/>\u00a0 \u00a0 \u00a0 \u00a0 \u00a0 \u00a0\u00a0<img loading=\"lazy\" class=\"alignnone wp-image-2887\" src=\"https:\/\/apreis.eu\/essas\/wp-content\/uploads\/2013\/10\/LOGOCIOEC-300x260.jpg\" sizes=\"(max-width: 180px) 100vw, 180px\" srcset=\"https:\/\/apreis.eu\/essas\/essfr\/wp-content\/uploads\/2013\/10\/LOGOCIOEC-300x260.jpg 300w, https:\/\/apreis.eu\/essas\/essfr\/wp-content\/uploads\/2013\/10\/LOGOCIOEC.jpg 886w\" alt=\"LOGOCIOEC\" width=\"180\" height=\"156\" \/><\/h2>\n<p>&nbsp;<\/p>\n<\/div>\n<\/div>\n<div>\n<p align=\"center\"><span style=\"font-size: medium;\"><strong>LAS<\/strong>\u00a0<strong>PRINCIPIOS\u00a0DE COOPERACI\u00d3N\u00a0<\/strong><strong>ENTRE LAS ORGANIZACIONES ASOCIADAS\u00a0<\/strong><\/span><\/p>\n<p style=\"text-align: justify;\">Un acuerdo de cooperaci\u00f3n es una relaci\u00f3n substancial entre organizaciones que implica una distribuci\u00f3n de responsabilidades sobre las actividades del programa. Para facilitar el buen desarrollo de las mismas, todas las organizaciones participantes toman acta del acuerdo y aceptan los siguientes principios :<\/p>\n<ol>\n<li style=\"text-align: justify;\">Todos las organizaciones asociadas conocen el programa ESSAS, entendieron su papel y sus obligaciones en la acci\u00f3n ESSAS y aceptaron las reglas que la rigen antes de su presentaci\u00f3n a terceros.<\/li>\n<li style=\"text-align: justify;\">Todos las organizaciones asociadas conceden el poder a la organizaci\u00f3n l\u00edder de la acci\u00f3n, APREIS, para firmar cualquier contrato y para representarlas en todas las relaciones con terceros en el marco de la implementaci\u00f3n del programa.<\/li>\n<li style=\"text-align: justify;\">La organizaci\u00f3n l\u00edder, APREIS, debe consultar regularmente a las organizaciones asociadas e informarlas plenamente sobre el desarrollo de las actividades.<\/li>\n<li style=\"text-align: justify;\">Cada organizaci\u00f3n debe informar plenamente la organizaci\u00f3n l\u00edder y a las otras organizaciones asociadas sobre las actividades e iniciativas que emprendan, en el marco del programa, ante terceros.<\/li>\n<li style=\"text-align: justify;\">Cada\u00a0organizaci\u00f3n\u00a0debe mencionar, durante el desarrollo de sus actividades en el marco del programa, a la organizaci\u00f3n l\u00edder y\u00a0a todos las dem\u00e1s organizaciones asociadas.<\/li>\n<li style=\"text-align: justify;\">Todos las organizaciones asociadas deben recibir copias de los informes \u2013escritos y financieros- presentados a terceros.<\/li>\n<li style=\"text-align: justify;\">Los cambios substanciales o las extensiones significativas de las actividades deben ser aceptados por todas las organizaciones del acuerdo antes de ser presentados a terceros. Si no se llega a un consenso, la organizaci\u00f3n l\u00edder debe mencionarlo al momento de presentar a terceros los nuevos desarrollos del programa.<\/li>\n<\/ol>\n<p style=\"text-align: center;\"><strong><span style=\"font-size: 2em;\">\u00a0 \u00a0<\/span><\/strong><\/p>\n<h3 style=\"text-align: center;\">Participan en la Financiaci\u00f3n<\/h3>\n<p>&nbsp;<\/p>\n<h1>\u00a0 \u00a0 \u00a0 \u00a0 \u00a0 \u00a0 \u00a0 \u00a0 \u00a0 \u00a0 \u00a0 \u00a0 \u00a0 \u00a0\u00a0<img loading=\"lazy\" class=\"alignnone wp-image-1058 size-full\" src=\"https:\/\/apreis.eu\/essas\/essfr\/wp-content\/uploads\/2012\/06\/europe-drapeau-e1484268210919.jpg\" width=\"90\" height=\"61\" \/>\u00a0 <img loading=\"lazy\" class=\"alignnone wp-image-3299 size-full\" src=\"https:\/\/apreis.eu\/essas\/essfr\/wp-content\/uploads\/2012\/07\/Erasmus-Mundus120x64.jpg\" width=\"120\" height=\"64\" \/>\u00a0 \u00a0 \u00a0\u00a0<img loading=\"lazy\" class=\"alignnone wp-image-1400 size-full\" src=\"https:\/\/apreis.eu\/essas\/essfr\/wp-content\/uploads\/2012\/02\/logo_apreis_a-e1484268100999.png\" width=\"90\" height=\"90\" \/>\u00a0 \u00a0<a href=\"https:\/\/www.iledefrance.fr\/\"><img loading=\"lazy\" class=\"alignnone wp-image-1034 size-full\" src=\"https:\/\/apreis.eu\/essas\/essfr\/wp-content\/uploads\/2012\/05\/Logo_Conseil_Rgional51-e1484268410233.jpg\" width=\"180\" height=\"51\" \/><\/a><\/h1>\n<p><span style=\"font-size: 2em;\">\u00a0<\/span><\/p>\n<h1 style=\"text-align: center;\"><strong>\u00a0<\/strong><\/h1>\n<\/div>\n","protected":false},"excerpt":{"rendered":"<p>ECONOMIA SOLIDARIA SUSTENTABLE \u00a0EN AMERICA DEL SUR &nbsp; &nbsp; LOS SOCIOS &nbsp; Universidade Cat\u00f3lica Dom Bosco \u00a0(Brasil), \u00a0Universit\u00e9 de Paris I Panth\u00e9on-Sorbonne Katholieke Universiteit Leuven (Belgium),\u00a0Universit\u00e0 degli Studi di Padova (Italia) \u00a0 \u00a0 \u00a0 \u00a0 \u00a0 \u00a0 \u00a0 \u00a0 \u00a0 [&hellip;]<\/p>\n","protected":false},"author":84,"featured_media":0,"parent":1444,"menu_order":0,"comment_status":"open","ping_status":"open","template":"tpl_full_page.php","meta":[],"_links":{"self":[{"href":"https:\/\/apreis.eu\/essas\/esp\/wp-json\/wp\/v2\/pages\/105"}],"collection":[{"href":"https:\/\/apreis.eu\/essas\/esp\/wp-json\/wp\/v2\/pages"}],"about":[{"href":"https:\/\/apreis.eu\/essas\/esp\/wp-json\/wp\/v2\/types\/page"}],"author":[{"embeddable":true,"href":"https:\/\/apreis.eu\/essas\/esp\/wp-json\/wp\/v2\/users\/84"}],"replies":[{"embeddable":true,"href":"https:\/\/apreis.eu\/essas\/esp\/wp-json\/wp\/v2\/comments?post=105"}],"version-history":[{"count":5,"href":"https:\/\/apreis.eu\/essas\/esp\/wp-json\/wp\/v2\/pages\/105\/revisions"}],"predecessor-version":[{"id":7101,"href":"https:\/\/apreis.eu\/essas\/esp\/wp-json\/wp\/v2\/pages\/105\/revisions\/7101"}],"up":[{"embeddable":true,"href":"https:\/\/apreis.eu\/essas\/esp\/wp-json\/wp\/v2\/pages\/1444"}],"wp:attachment":[{"href":"https:\/\/apreis.eu\/essas\/esp\/wp-json\/wp\/v2\/media?parent=105"}],"curies":[{"name":"wp","href":"https:\/\/api.w.org\/{rel}","templated":true}]}}