{"id":12,"date":"2012-02-20T08:12:32","date_gmt":"2012-02-20T08:12:32","guid":{"rendered":"https:\/\/siamtravelmap.com\/essas\/esp\/?page_id=12"},"modified":"2020-08-02T16:18:14","modified_gmt":"2020-08-02T14:18:14","slug":"equipo_de_direccion","status":"publish","type":"page","link":"https:\/\/apreis.eu\/essas\/esp\/equipo\/equipo_de_direccion\/","title":{"rendered":"EL EQUIPO DE DIRECCION"},"content":{"rendered":"<p style=\"text-align: center;\"><strong>\u00a0<span style=\"font-size: large;\">EL EQUIPO DE\u00a0<strong>DIRECCI\u00d3N<\/strong><\/span><\/strong><\/p>\n<p>&nbsp;<\/p>\n<p><img loading=\"lazy\" class=\"aligncenter wp-image-7071 size-full\" src=\"https:\/\/apreis.eu\/essas\/esp\/wp-content\/uploads\/2012\/02\/piments-2-e1484675307509.jpg\" width=\"450\" height=\"318\" \/><\/p>\n<p>&nbsp;<\/p>\n<p>&nbsp;<\/p>\n<p>&nbsp;<\/p>\n<p><span style=\"font-size: large;\"><strong>LA DIRECCI\u00d3N\u00a0GENERAL\u00a0<\/strong><\/span><\/p>\n<p><strong>Gian Pietro Armanetti<\/strong>, Presidente de la APREIS (<em>European and International Actors, Practices and Research for Sustainability)<\/em><\/p>\n<p>&nbsp;<\/p>\n<p><span style=\"font-size: large;\"><strong>LA DIRECCI\u00d3N<\/strong>\u00a0CIENTIFICA<\/span><\/p>\n<p><strong>L\u00e9o Dayan,<\/strong> Universit\u00e9 de Paris I Panth\u00e9on Sorbonne, France. Director\u00a0cient\u00edfico\u00a0de la APREIS<\/p>\n<p><strong><span style=\"text-decoration: underline;\">\u00a0<\/span><\/strong><\/p>\n<p><span style=\"font-size: large;\"><strong>EL CONSEJO CIENTIFICO Y <\/strong><strong>\u00c9<\/strong>TICO ( CSE)\u00a0<\/span><\/p>\n<p><span style=\"color: #000000;\"><strong><a title=\"ANTONIO ELIZALDE HEVIA\" href=\"https:\/\/apreis.eu\/essas\/esp\/place\/antonio-elizalde-hevia\/\"><span style=\"color: #000000;\">Antonio Elizalde Hevia<\/span><\/a><\/strong>, Universidad Bolivariana de Santiago, Chili<\/span><\/p>\n<p><span style=\"color: #000000;\"><strong><a style=\"color: #000000;\" href=\"https:\/\/apreis.eu\/essas\/place\/hugo-dayan\/\" target=\"_blank\" rel=\"noopener noreferrer\">Hugo Dayan<\/a><\/strong><\/span><strong><span style=\"color: #000000;\">,<\/span>\u00a0<\/strong><span style=\"color: #000000;\"><span style=\"color: #000000;\">Universit\u00e9 Pierre et Marie-Curie (UPMC)<\/span><strong><a title=\"Pablo Guerra\" href=\"https:\/\/apreis.eu\/essas\/esp\/place\/pablo-guerra\/\"><span style=\"color: #000000;\"><br \/>\n<\/span><\/a><\/strong><\/span><\/p>\n<p><span style=\"color: #000000;\"><strong><a title=\"Pablo Guerra\" href=\"https:\/\/apreis.eu\/essas\/esp\/place\/pablo-guerra\/\"><span style=\"color: #000000;\">Pablo Guerra<\/span><\/a><\/strong>, Universidad de la Rep\u00fablica, Uruguay\u00a0<\/span><\/p>\n<p><span style=\"color: #000000;\"><a href=\"https:\/\/apreis.eu\/essas\/esp\/place\/sergio-miguel-gutierrez-perez\/\"><span style=\"color: #000000;\"><strong>Sergio Miguel Guti\u00e9rrez P\u00e9rez<\/strong><\/span><\/a>,<\/span> CIOEC, Bolivia<\/p>\n<p><span style=\"color: #000000;\"><a href=\"https:\/\/apreis.eu\/essas\/esp\/place\/andre-joyal\/\"><span style=\"color: #000000;\"><strong>Andr\u00e9 Joyal<\/strong><\/span><\/a>, Universit\u00e9 de Quebec Trois Rivi\u00e8res, Canada\u00a0<\/span><\/p>\n<p><span style=\"color: #000000;\"><strong><a title=\"Cleonice Alexandre Le Bourlegat\" href=\"https:\/\/apreis.eu\/essas\/esp\/place\/cleonice-le-bourlegat\/\"><span style=\"color: #000000;\">Cl\u00e9onice le Bourlegat<\/span><\/a><\/strong>,<strong>\u00a0<\/strong><em>presidente\u00a0 do\u00a0\u00a0CSE,<\/em>\u00a0Universidade Cat\u00f3lica Dom Bosco, MS-Brasil\u00a0<\/span><\/p>\n<p><span style=\"color: #000000;\"><a href=\"https:\/\/apreis.eu\/essas\/esp\/place\/sabrina-liberatoscioli\/\"><span style=\"color: #000000;\"><strong>Sabrina Liberatoscioli<\/strong><\/span><\/a>, ONG Centro Studi Americanistici, Italia\u00a0<\/span><\/p>\n<p><span style=\"color: #000000;\"><strong><a title=\"NICOLAS MEYER\" href=\"https:\/\/apreis.eu\/essas\/esp\/place\/nicolas-meyer\/\"><span style=\"color: #000000;\">Nicolas Meyer<\/span><\/a><\/strong>, ONG Nuestras Huellas, Argentina<\/span><\/p>\n<p><strong><a href=\"https:\/\/apreis.eu\/essas\/place\/dalva-mirian-coura-aveiro\/\"><span style=\"color: #000000;\">Dalva <\/span><\/a><a href=\"https:\/\/apreis.eu\/essas\/place\/dalva-mirian-coura-aveiro\/\"><span style=\"color: #000000;\">Mirian<\/span> <span style=\"color: #000000;\">Coura Aveiro<\/span><\/a><\/strong><strong><span style=\"color: #000000;\">, \u00a0<\/span><\/strong><span style=\"color: #000000;\">Incubadora Tecnol\u00f3gica de Cooperativas Populares da Universidade Federal de Mato Grosso do Sul<\/span><span style=\"color: #000000;\">, <\/span><span style=\"color: #000000;\">Campo Grande\/ Brasil<\/span><\/p>\n<p><span style=\"color: #000000;\"><a href=\"https:\/\/apreis.eu\/essas\/esp\/place\/silvana-parente\/\"><span style=\"color: #000000;\"><strong>Silvana Parente<\/strong>,<\/span><\/a>\u00a0Insitute\u00a0 Asessoria para o Desenvolvimento Humano, Brasil\u00a0<\/span><\/p>\n<p><span style=\"color: #000000;\"><a href=\"https:\/\/apreis.eu\/essas\/esp\/place\/dominique-vanneste\/\"><span style=\"color: #000000;\"><strong>Dominique Vanneste<\/strong><\/span><\/a>,\u00a0Universit\u00e9 Catholique de Louvain, Belgique\u00a0<\/span><\/p>\n<p><span style=\"color: #000000;\"><strong><a title=\"Tania Zapata\" href=\"https:\/\/apreis.eu\/essas\/esp\/place\/tania-zapata\/\"><span style=\"color: #000000;\">Tania Zapata<\/span><\/a><\/strong>,\u00a0Instituto de Assessoria para o Desinvolvimento Humano, Brasil\u00a0<\/span><\/p>\n<p><span style=\"color: #000000;\"><a href=\"https:\/\/apreis.eu\/essas\/esp\/place\/naoufel-ziadi\/\"><span style=\"color: #000000;\"><strong>Naouffel Ziadi<\/strong><\/span><\/a>,\u00a0Centre d\u2019Etudes et de Recherches Economiques et Sociales, Tunisie<\/span><\/p>\n<p>&nbsp;<\/p>\n<p><span style=\"font-size: large;\"><strong>LOS SOCIOS<\/strong><\/span><\/p>\n<p><span style=\"color: #000000;\"><strong><a href=\"https:\/\/apreis.eu\/essas\/esp\/place\/apreis\/\"><span style=\"color: #000000;\">APREIS<\/span><\/a>\u00a0<\/strong><em>(European and International Actors, Practices and Research for Sustainability) &#8211;<\/em> Paris, France<\/span><\/p>\n<p><strong><span style=\"color: #000000;\"><a href=\"https:\/\/apreis.eu\/essas\/esp\/place\/coordinadora-de-integracion-de-organizaciones-economicas-campesinas-indigenas-originarias-de-bolivia-cioec-bolivia\/\"><span style=\"color: #000000;\">CIOEC<\/span><\/a><\/span>\u00a0<\/strong>(Coordinadora de Integraci\u00f3n de Organizaciones Econ\u00f3micas Campesinas, Indigenas, Originarias de Bolivia) \u00a0, La Paz ,\u00a0Bolivia<\/p>\n<p><span style=\"color: #000000;\"><strong>CCU\u00a0<\/strong>(Centro Cooperativista Uruguayo) &#8211;\u00a0 Montevideo- Uruguay<\/span><\/p>\n<p><span style=\"color: #000000;\"><strong><a href=\"https:\/\/apreis.eu\/essas\/esp\/place\/erasmus-mundus-master-sustainable-territorial-development\/\"><span style=\"color: #000000;\">Erasmus Mundus Master<\/span><\/a> &#8211;\u00a0<\/strong>Sustainable Territorial Development<strong><em><br \/>\n<\/em><\/strong><span style=\"font-size: x-small;\">Universidade Cat\u00f3lica Dom Bosco-MS\/Brasil ;\u00a0Universit\u00e9 de Paris I Panth\u00e9on Sorbonne\/France;<br \/>\n<\/span><span style=\"font-size: x-small;\">KULeuven\/Belgium,\u00a0Universit\u00e0 Degli Studi di Padova\/Italia<\/span><\/span><\/p>\n<p><span style=\"color: #000000;\"><strong><a href=\"https:\/\/apreis.eu\/essas\/esp\/place\/instituto-de-assessoria-para-o-desenvolvimento-humana-iadh\/\"><span style=\"color: #000000;\">IADH<\/span><\/a> \u00a0<\/strong><em>(<\/em><em>Instituto de Assessoria para o Desinvolvimento Humano)<\/em> <strong>&#8211;<\/strong> Recife, Brasil<\/span><\/p>\n<p><span style=\"color: #000000;\"><strong><a href=\"https:\/\/apreis.eu\/essas\/place\/incubadora-tecnologica-de-cooperativa-populares-da-ufms\/\"><span style=\"color: #000000;\">Incubadora Tecnol\u00f3gica de Cooperativa Populares da Universidade Federal de Mato Grosso do Sul<\/span><\/a> \u00a0<\/strong>(UFMS) , Campo Grande \/Brasil<\/span><\/p>\n<p><span style=\"color: #000000;\"><a href=\"https:\/\/apreis.eu\/essas\/esp\/place\/nuestras-huellas\/\"><span style=\"color: #000000;\"><strong>Nuestras Huellas<\/strong><\/span><\/a> <strong>&#8211;<\/strong> Buenos Aires, Argentina<\/span><\/p>\n<p><span style=\"color: #000000;\"><strong><a href=\"https:\/\/apreis.eu\/essas\/esp\/place\/one-face-one-race\/\"><span style=\"color: #000000;\">One Face One Race<\/span><\/a> &#8211;<\/strong> Brussels, Belgium<\/span><\/p>\n<p><strong><a href=\"https:\/\/apreis.eu\/essas\/esp\/place\/revista-polis\/\"><span style=\"color: #000000;\">Polis<\/span><\/a><\/strong><span style=\"color: #000000;\"><strong>\u00a0<\/strong><\/span><span style=\"color: #000000;\"><span style=\"color: #000000;\"><strong> &#8211;\u00a0<\/strong><\/span><em>Revista Latinoamericana<\/em><em>\u00a0 <\/em>editada por la Universidad Bolivariana \u2013 Santiago, Chile.<\/span><\/p>\n<p><span style=\"color: #333300;\"><a href=\"https:\/\/www.travolution.org\/about-us\/\"><span style=\"color: #333300;\"><strong>Travolution<\/strong><\/span><\/a><\/span><span style=\"color: #000000;\"> <strong>&#8211;<\/strong> Santiago, Chile<\/span><\/p>\n<p>&nbsp;<\/p>\n<p style=\"text-align: center;\"><span style=\"font-size: large;\"><strong>LOS SOCIOS\u00a0FINANCIEROS\u00a0<\/strong><\/span>\u00a0<span style=\"font-size: 13px;\">\u00a0 \u00a0 \u00a0 \u00a0 \u00a0<\/span><\/p>\n<p style=\"text-align: center;\"><span style=\"font-size: 13px;\"> \u00a0 \u00a0 \u00a0 \u00a0 \u00a0 \u00a0 \u00a0 \u00a0 \u00a0 \u00a0 \u00a0\u00a0<\/span><\/p>\n<h1>\u00a0 \u00a0 \u00a0 \u00a0 \u00a0 \u00a0 \u00a0 \u00a0 \u00a0 \u00a0 \u00a0 \u00a0\u00a0<img loading=\"lazy\" class=\"alignnone wp-image-1524 size-full\" src=\"https:\/\/apreis.eu\/essas\/esp\/wp-content\/uploads\/2012\/02\/europe-drapeau-e1484670459547.jpg\" width=\"100\" height=\"68\" \/>\u00a0<img loading=\"lazy\" class=\"alignnone wp-image-6549 size-thumbnail\" src=\"https:\/\/apreis.eu\/essas\/esp\/wp-content\/uploads\/2012\/07\/Erasmus-Mundus11-150x80.png\" alt=\"Erasmus-Mundus1\" width=\"150\" height=\"80\" \/>\u00a0 \u00a0 \u00a0<img loading=\"lazy\" class=\"alignnone wp-image-6467 size-full\" src=\"https:\/\/apreis.eu\/essas\/esp\/wp-content\/uploads\/2012\/07\/logo_apreis_a-e1421365623171.png\" width=\"120\" height=\"120\" \/>\u00a0 \u00a0\u00a0<a href=\"https:\/\/www.iledefrance.fr\/\"><img loading=\"lazy\" class=\"alignnone wp-image-268 size-full\" src=\"https:\/\/apreis.eu\/essas\/esp\/wp-content\/uploads\/2012\/02\/ile-de-france.png\" width=\"195\" height=\"47\" \/><\/a><\/h1>\n<p>&nbsp;<\/p>\n<p>&nbsp;<\/p>\n<p style=\"text-align: center;\"><img loading=\"lazy\" class=\"aligncenter\" title=\"jusfruits\" src=\"https:\/\/apreis.eu\/essas\/wp-content\/uploads\/2014\/05\/jusfruits-341x250.jpg\" alt=\"\" width=\"341\" height=\"250\" \/><\/p>\n<p style=\"text-align: center;\">\n","protected":false},"excerpt":{"rendered":"<p>\u00a0EL EQUIPO DE\u00a0DIRECCI\u00d3N &nbsp; &nbsp; &nbsp; &nbsp; LA DIRECCI\u00d3N\u00a0GENERAL\u00a0 Gian Pietro Armanetti, Presidente de la APREIS (European and International Actors, Practices and Research for Sustainability) &nbsp; LA DIRECCI\u00d3N\u00a0CIENTIFICA L\u00e9o Dayan, Universit\u00e9 de Paris I Panth\u00e9on Sorbonne, France. Director\u00a0cient\u00edfico\u00a0de la APREIS [&hellip;]<\/p>\n","protected":false},"author":84,"featured_media":0,"parent":1444,"menu_order":0,"comment_status":"open","ping_status":"open","template":"tpl_full_page.php","meta":[],"_links":{"self":[{"href":"https:\/\/apreis.eu\/essas\/esp\/wp-json\/wp\/v2\/pages\/12"}],"collection":[{"href":"https:\/\/apreis.eu\/essas\/esp\/wp-json\/wp\/v2\/pages"}],"about":[{"href":"https:\/\/apreis.eu\/essas\/esp\/wp-json\/wp\/v2\/types\/page"}],"author":[{"embeddable":true,"href":"https:\/\/apreis.eu\/essas\/esp\/wp-json\/wp\/v2\/users\/84"}],"replies":[{"embeddable":true,"href":"https:\/\/apreis.eu\/essas\/esp\/wp-json\/wp\/v2\/comments?post=12"}],"version-history":[{"count":5,"href":"https:\/\/apreis.eu\/essas\/esp\/wp-json\/wp\/v2\/pages\/12\/revisions"}],"predecessor-version":[{"id":16990,"href":"https:\/\/apreis.eu\/essas\/esp\/wp-json\/wp\/v2\/pages\/12\/revisions\/16990"}],"up":[{"embeddable":true,"href":"https:\/\/apreis.eu\/essas\/esp\/wp-json\/wp\/v2\/pages\/1444"}],"wp:attachment":[{"href":"https:\/\/apreis.eu\/essas\/esp\/wp-json\/wp\/v2\/media?parent=12"}],"curies":[{"name":"wp","href":"https:\/\/api.w.org\/{rel}","templated":true}]}}