{"id":1477,"date":"2012-07-09T22:46:10","date_gmt":"2012-07-10T02:46:10","guid":{"rendered":"https:\/\/apreis.eu\/essas\/esp\/?page_id=1477"},"modified":"2019-03-26T12:08:32","modified_gmt":"2019-03-26T11:08:32","slug":"essas-am-lat","status":"publish","type":"page","link":"https:\/\/apreis.eu\/essas\/esp\/","title":{"rendered":"PROGRAMA ESSAS"},"content":{"rendered":"<p style=\"text-align: center;\" align=\"center\"><span style=\"font-family: verdana, geneva; font-size: large;\"><strong>Sacar a la luz el rol de los actores de la econom\u00eda solidaria<br \/>\ny\u00a0territorializar la sustentabilidad<\/strong><\/span><\/p>\n<p>&nbsp;<\/p>\n<p style=\"text-align: justify;\" align=\"center\"><span style=\"font-size: 10pt; font-family: verdana, geneva;\">Inventariar, clasificar, mapear, difundir, compartir, discutir, expandir y articular las innovaciones sustentables locales de la econom\u00eda solidaria, en l\u00edneas colaborativas y a trav\u00e9s de v\u00ednculos interactivos, puede contribuir a su crecimiento, a su sustentabilidad, a su coherencia de conjunto y al desarrollo local en Am\u00e9rica del Sur.<\/span><span style=\"font-size: 10pt; font-family: verdana, geneva;\">Tambi\u00e9n puede ser \u00fatil para el surgimiento institucional y cient\u00edfico a escala mundial de este tercer polo de racionalidad econ\u00f3mica que se est\u00e1 renovando y que requiere la implementaci\u00f3n de la sustentabilidade\u00a0a nivel local para lograr una sustentabilidade global en la que se reconozca a la Sociedad Civil como un actor de peso.<\/span><\/p>\n<p style=\"text-align: justify;\"><span style=\"font-size: 10pt; font-family: verdana, geneva;\">El programa ESSAS que mapea una econom\u00eda basada en el principio de reciprocidad, concebido por personas asociadas libremente para dar una respuesta ciudadana a las necesidades locales -creando enlaces materiales e inmateriales y nuevas relaciones de solidaridad local-, se centrar\u00e1 inicialmente en seis aspectos claves\u00a0: \u00a0*\u00a0la Agricultura urbana y rural\u00a0 *las Finanzas\u00a0 *la Fabricaci\u00f3n de bienes a partir de la reutilizaci\u00f3n de desperdicios *el\u00a0 Comercio *el Turismo\u00a0 *los \u00a0Producciones culturales,\u00a0artesanales y\/o art\u00edsticas<\/span><\/p>\n<p style=\"text-align: justify;\"><span style=\"font-size: 10pt; font-family: verdana, geneva;\">Posteriormente, la cartograf\u00eda continuar\u00e1 y ser\u00e1 expandida por los actores de la Econom\u00eda Solidaria a trav\u00e9s de la red interactiva creada por el programa ESSAS y ser\u00e1 extendida a los continentes Europeo y Africano.<\/span><\/p>\n<p align=\"center\"><span style=\"font-size: 18pt; background-color: #ab4946;\"><strong><span style=\"color: #ffffff;\"><br \/>\n<span style=\"color: #000000; background-color: #ffffff;\">\u00a0 \u00a0 \u00a0 <span style=\"font-size: 14pt;\"><span style=\"color: #000000; font-size: 20px;\"><a style=\"color: #000000;\" href=\"https:\/\/apreis.eu\/essas\/esp\/mapa\/\" target=\"_blank\" rel=\"noopener noreferrer\">ABRIR \u00a0LA \u00a0MAPA<\/a><\/span> \u00a0<\/span>\u00a0 \u00a0 \u00a0<\/span><\/span><\/strong><\/span><\/p>\n<p style=\"text-align: center;\"><a href=\"https:\/\/apreis.eu\/essas\/esp\/mapa\/\" target=\"_blank\" rel=\"noopener noreferrer\"><span style=\"font-family: verdana, geneva;\"><img loading=\"lazy\" class=\"aligncenter wp-image-1481\" style=\"border: 4px solid black;\" title=\"Intro commune ESSAS\" src=\"https:\/\/apreis.eu\/essas\/esp\/wp-content\/uploads\/2012\/07\/Intro-commune-ESSAS.jpg\" alt=\"\" width=\"330\" height=\"473\" srcset=\"https:\/\/apreis.eu\/essas\/esp\/wp-content\/uploads\/2012\/07\/Intro-commune-ESSAS.jpg 230w, https:\/\/apreis.eu\/essas\/esp\/wp-content\/uploads\/2012\/07\/Intro-commune-ESSAS-209x300.jpg 209w\" sizes=\"(max-width: 330px) 100vw, 330px\" \/><\/span><\/a><\/p>\n<p>&nbsp;<\/p>\n<p><strong style=\"text-align: center;\"><span style=\"font-size: large;\">\u00bf\u00a0Usted es un actor\u00a0de la econom\u00eda\u00a0solidaria?<\/span><\/strong><\/p>\n<p>Si quiere describir\u00a0su\u00a0experiencia\u00a0y\u00a0aparecer\u00a0sobre el mapa, <span style=\"color: #333399;\"><strong>Clic abajo<\/strong>:<\/span><\/p>\n<div class=\"tbl-actor-activity\">\n<div class=\"col\">\n<div class=\"title\">POLOS DE ATIVIDADES<\/div>\n<div class=\"cell\"><span style=\"color: #000000;\">&#8211; <a href=\"https:\/\/apreis.eu\/essas\/esp\/?ptype=post_listing\"><span style=\"color: #000000;\">Agricultura<\/span><\/a><\/span><\/div>\n<div class=\"cell\"><span style=\"color: #000000;\">&#8211; <a href=\"https:\/\/apreis.eu\/essas\/esp\/?ptype=post_listing\"><span style=\"color: #000000;\">Fabricaci\u00f3n\u00a0de\u00a0bienes a partir de desperdicios<\/span><\/a><\/span><\/div>\n<div class=\"cell\"><span style=\"color: #000000;\">&#8211; <a href=\"https:\/\/apreis.eu\/essas\/esp\/?ptype=post_listing\"><span style=\"color: #000000;\">Comercio<\/span><\/a><\/span><\/div>\n<div class=\"cell\"><span style=\"color: #000000;\">&#8211; <a href=\"https:\/\/apreis.eu\/essas\/esp\/?ptype=post_listing\"><span style=\"color: #000000;\">Finanzas<\/span><\/a><\/span><\/div>\n<div class=\"cell\"><span style=\"color: #000000;\">&#8211; <a href=\"https:\/\/apreis.eu\/essas\/esp\/?ptype=post_listing\"><span style=\"color: #000000;\">Producci\u00f3n cultural, art\u00edstica y\/o artesanal<\/span><\/a><\/span><\/div>\n<div class=\"cell\"><span style=\"color: #000000;\">&#8211; <a href=\"https:\/\/apreis.eu\/essas\/esp\/?ptype=post_listing\"><span style=\"color: #000000;\">Turismo<\/span><\/a><\/span><\/div>\n<\/div>\n<div class=\"col\">\n<div class=\"title\">ACTORES<\/div>\n<div class=\"cell\"><span style=\"color: #000000;\">&#8211; <a href=\"https:\/\/apreis.eu\/essas\/esp\/?ptype=post_listing\"><span style=\"color: #000000;\">Investigadores \/ Profesionales t\u00e9cnicos<\/span><\/a><\/span><\/div>\n<div class=\"cell\"><span style=\"color: #000000;\">&#8211; <a href=\"https:\/\/apreis.eu\/essas\/esp\/?ptype=post_listing\"><span style=\"color: #000000;\">Estruturas profesionales civiles que participan al programa ESSAS<\/span><\/a><\/span><\/div>\n<div class=\"cell\"><span style=\"color: #000000;\">&#8211; <a href=\"https:\/\/apreis.eu\/essas\/esp\/?ptype=post_listing\"><span style=\"color: #000000;\">Estruturas civiles de apoyo a la econom\u00eda solidaria<\/span><\/a><\/span><\/div>\n<div class=\"cell\"><span style=\"color: #000000;\">&#8211; <a href=\"https:\/\/apreis.eu\/essas\/esp\/?ptype=post_listing\"><span style=\"color: #000000;\">Estruturas profesionales y\u00a0civiles de la\u00a0econom\u00eda solidaria<\/span><\/a><\/span><\/div>\n<\/div>\n<\/div>\n<p style=\"text-align: center;\"><span style=\"font-family: verdana, geneva;\"><strong><span style=\"font-size: medium;\">\u00a0<\/span><\/strong><\/span><\/p>\n<p style=\"text-align: left;\"><span style=\"font-size: large;\"><strong>\u00bfSe interesan\u00a0por la\u00a0econom\u00eda\u00a0solidaria?<\/strong><\/span><\/p>\n<p>Si quiere contribuir a la realizaci\u00f3n del Programa ESSAS,\u00a0interactuar\u00a0con este o implementar un proyecto de economia solidaria\u00a0<strong>:\u00a0<a href=\"https:\/\/apreis.eu\/essas\/esp\/interacciones\/contactos\/\"><span style=\"color: #333399;\">Pulsar aqu\u00ed<\/span><\/a><\/strong><\/p>\n","protected":false},"excerpt":{"rendered":"<p>Sacar a la luz el rol de los actores de la econom\u00eda solidaria y\u00a0territorializar la sustentabilidad &nbsp; Inventariar, clasificar, mapear, difundir, compartir, discutir, expandir y articular las innovaciones sustentables locales de la econom\u00eda solidaria, en l\u00edneas colaborativas y a trav\u00e9s [&hellip;]<\/p>\n","protected":false},"author":84,"featured_media":0,"parent":0,"menu_order":0,"comment_status":"open","ping_status":"open","template":"","meta":[],"_links":{"self":[{"href":"https:\/\/apreis.eu\/essas\/esp\/wp-json\/wp\/v2\/pages\/1477"}],"collection":[{"href":"https:\/\/apreis.eu\/essas\/esp\/wp-json\/wp\/v2\/pages"}],"about":[{"href":"https:\/\/apreis.eu\/essas\/esp\/wp-json\/wp\/v2\/types\/page"}],"author":[{"embeddable":true,"href":"https:\/\/apreis.eu\/essas\/esp\/wp-json\/wp\/v2\/users\/84"}],"replies":[{"embeddable":true,"href":"https:\/\/apreis.eu\/essas\/esp\/wp-json\/wp\/v2\/comments?post=1477"}],"version-history":[{"count":4,"href":"https:\/\/apreis.eu\/essas\/esp\/wp-json\/wp\/v2\/pages\/1477\/revisions"}],"predecessor-version":[{"id":16630,"href":"https:\/\/apreis.eu\/essas\/esp\/wp-json\/wp\/v2\/pages\/1477\/revisions\/16630"}],"wp:attachment":[{"href":"https:\/\/apreis.eu\/essas\/esp\/wp-json\/wp\/v2\/media?parent=1477"}],"curies":[{"name":"wp","href":"https:\/\/api.w.org\/{rel}","templated":true}]}}