{"id":890,"date":"2012-05-31T09:21:45","date_gmt":"2012-05-31T07:21:45","guid":{"rendered":"https:\/\/apreis.eu\/essas\/esp\/?page_id=890"},"modified":"2019-03-26T12:18:44","modified_gmt":"2019-03-26T11:18:44","slug":"mapa","status":"publish","type":"page","link":"https:\/\/apreis.eu\/essas\/esp\/mapa\/","title":{"rendered":"MAPA ESSAS"},"content":{"rendered":"<p style=\"text-align: center;\"><span style=\"font-size: 14pt;\"><strong>INNOVACIONES LOCALES SUSTENTABLES DE LA ECONOMIA SOLIDARIA<\/strong><\/span><\/p>\n<p style=\"text-align: center;\"><span style=\"font-size: 14pt;\"><strong>EN AM\u00c9RICA DEL SUR<\/strong><\/span><\/p>\n<p>&nbsp;<\/p>\n<p style=\"text-align: justify;\">Inventariar, clasificar, mapear, difundir, compartir, discutir, expandir y articular las innovaciones sustentables locales de la econom\u00eda solidaria, en l\u00edneas colaborativas y a trav\u00e9s de v\u00ednculos interactivos, puede contribuir a su crecimiento, a su sustentabilidad, a su coherencia de conjunto y al desarrollo local en Am\u00e9rica del Sur.\u00a0Tambi\u00e9n puede ser \u00fatil para el surgimiento institucional y cient\u00edfico a escala mundial de este tercer polo de racionalidad econ\u00f3mica que se est\u00e1 renovando y que requiere la implementaci\u00f3n de la sustentabilidade a nivel local para lograr una sustentabilidade global en la que se reconozca a la Sociedad Civil como un actor de peso.<\/p>\n<div>La\u00a0cartograf\u00eda\u00a0ESSAS\u00a0se centrar\u00e1 inicialmente en siete aspectos claves\u00a0:<\/div>\n<div><strong>*Agricultura urbana y rural \u00a0 \u00a0*Fabricaci\u00f3n de bienes a partir de la reutilizaci\u00f3n de los residuos \u00a0 \u00a0*Comercio \u00a0 \u00a0*Finanzas \u00a0 *Turismo \u00a0 *Producciones culturales, art\u00edsticas y\/o\u00a0artesanales \u00a0 \u00a0*Acciones\u00a0culturales,\u00a0formativos, educativos\u00a0o\u00a0deportivos.<\/strong><\/div>\n<p>&nbsp;<\/p>\n<div style=\"text-align: center;\"><span style=\"font-size: 24pt;\"><strong>MAPA ESSAS GLOBAL<\/strong><\/span><\/div>\n<div style=\"text-align: center;\"><span style=\"font-size: 12pt;\">\u00a0<\/span><\/div>\n<div style=\"text-align: center;\"><span style=\"font-size: 10pt;\">Inventario. Cartograf\u00eda. Inclusi\u00f3n en la Rede<\/span><\/div>\n<div style=\"text-align: center;\"><\/div>\n<p style=\"text-align: center;\"><iframe src=\"https:\/\/www.google.com\/maps\/d\/u\/0\/embed?mid=ziJ_gGP_umZc.k-8saYbYaqes\" width=\"776\" height=\"576\" frameborder=\"0\" marginwidth=\"0\" marginheight=\"0\" scrolling=\"no\"><\/iframe><\/p>\n<p>&nbsp;<\/p>\n<p><strong>\u00bf\u00a0<\/strong>Usted es un actor<strong>\u00a0de la econom\u00eda\u00a0solidaria?<\/strong><\/p>\n<p>Si quiere describir\u00a0su\u00a0experiencia\u00a0y\u00a0aparecer\u00a0sobre el mapa :\u00a0<a href=\"https:\/\/apreis.eu\/essas\/esp\/interacciones\/contactos\/\"><strong>Pulsar aqui<\/strong><\/a><\/p>\n<p><strong>\u00bfSe interesan\u00a0por la\u00a0econom\u00eda\u00a0solidaria?<\/strong><\/p>\n<p>Si quiere contribuir a la realizaci\u00f3n del Programa ESSAS,\u00a0interactuar\u00a0con este o implementar un proyecto de economia solidaria\u00a0<strong>: <a href=\"https:\/\/apreis.eu\/essas\/esp\/interacciones\/contactos\/\" rel=\"noopener\">Pulsar aqui<\/a><\/strong><\/p>\n","protected":false},"excerpt":{"rendered":"<p>INNOVACIONES LOCALES SUSTENTABLES DE LA ECONOMIA SOLIDARIA EN AM\u00c9RICA DEL SUR &nbsp; Inventariar, clasificar, mapear, difundir, compartir, discutir, expandir y articular las innovaciones sustentables locales de la econom\u00eda solidaria, en l\u00edneas colaborativas y a trav\u00e9s de v\u00ednculos interactivos, puede contribuir [&hellip;]<\/p>\n","protected":false},"author":84,"featured_media":0,"parent":0,"menu_order":0,"comment_status":"open","ping_status":"open","template":"tpl_full_page.php","meta":[],"_links":{"self":[{"href":"https:\/\/apreis.eu\/essas\/esp\/wp-json\/wp\/v2\/pages\/890"}],"collection":[{"href":"https:\/\/apreis.eu\/essas\/esp\/wp-json\/wp\/v2\/pages"}],"about":[{"href":"https:\/\/apreis.eu\/essas\/esp\/wp-json\/wp\/v2\/types\/page"}],"author":[{"embeddable":true,"href":"https:\/\/apreis.eu\/essas\/esp\/wp-json\/wp\/v2\/users\/84"}],"replies":[{"embeddable":true,"href":"https:\/\/apreis.eu\/essas\/esp\/wp-json\/wp\/v2\/comments?post=890"}],"version-history":[{"count":3,"href":"https:\/\/apreis.eu\/essas\/esp\/wp-json\/wp\/v2\/pages\/890\/revisions"}],"predecessor-version":[{"id":16632,"href":"https:\/\/apreis.eu\/essas\/esp\/wp-json\/wp\/v2\/pages\/890\/revisions\/16632"}],"wp:attachment":[{"href":"https:\/\/apreis.eu\/essas\/esp\/wp-json\/wp\/v2\/media?parent=890"}],"curies":[{"name":"wp","href":"https:\/\/api.w.org\/{rel}","templated":true}]}}