{"id":92,"date":"2012-02-21T21:48:49","date_gmt":"2012-02-21T21:48:49","guid":{"rendered":"https:\/\/siamtravelmap.com\/essas\/esp\/?page_id=92"},"modified":"2016-11-10T20:27:16","modified_gmt":"2016-11-10T19:27:16","slug":"sintesis","status":"publish","type":"page","link":"https:\/\/apreis.eu\/essas\/esp\/sintesis\/","title":{"rendered":"ESSAS: Sintesis"},"content":{"rendered":"<p>&nbsp;<\/p>\n<p style=\"padding-left: 30px; text-align: center;\" align=\"center\">INNOVACIONES SUSTENTABLES LOCALES\u00a0DE LA ECONOMIA SOLIDARIA\u00a0EN EL \u00a0AMERICA DEL SUR<\/p>\n<p align=\"center\"><span style=\"font-size: medium;\"><strong><\/strong><strong><\/strong><strong>Sacar a la luz el <\/strong><strong><\/strong><strong>\u00a0rol<\/strong>\u00a0de los actores de la econom\u00eda solidaria<br \/>\ny\u00a0territorializar la sustentabilidade<br \/>\n<\/span><\/p>\n<p>&nbsp;<\/p>\n<p style=\"text-align: justify;\">Inventariar, clasificar, mapear, difundir, compartir, discutir, expandir y articular las innovaciones sustentables locales de la econom\u00eda solidaria, en l\u00edneas colaborativas y a trav\u00e9s de v\u00ednculos interactivos, puede contribuir a su crecimiento, a su sostenibilidad, a su coherencia de conjunto y al desarrollo local en Am\u00e9rica Latina. Tambi\u00e9n puede ser \u00fatil para el surgimiento institucional y cient\u00edfico a escala mundial de este tercer polo de racionalidad econ\u00f3mica que se est\u00e1 renovando y que requiere la implementaci\u00f3n de la sustentabilidad a nivel local para lograr una sustentabilidad global en la que se reconozca a la Sociedad Civil como a un actor de peso.<br \/>\nEl programa ESSAS,\u00a0que mapea una econom\u00eda basada en el principio de reciprocidad y concebida por personas asociadas libremente para dar una respuesta ciudadana a las necesidades locales -creando v\u00ednculos materiales e inmateriales y nuevas relaciones de solidaridad local-, se centrar\u00e1 inicialmente en seis campos claves\u00a0:<br \/>\n*\u00a0Agricultura urbana y rural \u00a0*\u00a0Finanzas \u00a0*\u00a0Fabricaci\u00f3n de bienes a partir de la reutilizaci\u00f3n de desechos \u00a0 *\u00a0Comercio solidario \u00a0 *\u00a0Turismo \u00a0 *\u00a0Producciones \u00a0culturales,\u00a0artesanales o art\u00edsticas.<\/p>\n<p style=\"text-align: justify;\">Este programa propone a la comunidad regional se considere a tambi\u00e9n protagonista en el control de la descentralizaci\u00f3n del desarrollo sustentable de la econom\u00eda global y de apoyar el desarrollo en la escala mundial de tercer polo de racionalidad econ\u00f3mico que permite el desarrollo sustentable dar sentido y la direcci\u00f3n a la globalizaci\u00f3n econ\u00f3mica : territorializar el desarrollo sustentable.<br \/>\nPosteriormente, la cartograf\u00eda continuar\u00e1 y ser\u00e1 expandida por los actores de la Econom\u00eda Solidaria a trav\u00e9s de la red interactiva creada por el programa ESSAS y ser\u00e1 extendida a los continentes europeo y africano.<\/p>\n<p style=\"text-align: justify;\"><strong><br \/>\nMision y objetivos del programa<\/strong><\/p>\n<p style=\"text-align: justify;\">Introduciendo en su objetivo social la adaptaci\u00f3n de las necesidades humanas a las capacidades globales de la naturaleza, este polo, basado en l\u00f3gicas diferentes a las de la rivalidad o a las de regulaciones centralizadas, podr\u00eda estar en condiciones de renovar los enfoques econ\u00f3micos e internacionales del desarrollo sustentable; el cual se encuentra a\u00fan dominado por las racionalidades conjugadas o en competencia, pero igualmente impotentes, del binomio Estado-Mercado.<\/p>\n<p>&nbsp;<\/p>\n<p><img loading=\"lazy\" class=\"aligncenter\" title=\"cg\" src=\"https:\/\/apreis.eu\/essas\/esp\/wp-content\/uploads\/2012\/02\/cg-300x225.jpg\" alt=\"\" width=\"450\" height=\"337\" \/><br \/>\nLa Econom\u00eda Solidaria, basada en el principio de reciprocidad, participa a la eficiencia econ\u00f3mica y social de los modos de organizaci\u00f3n econ\u00f3micos locales, y no carece de un \u00abesp\u00edritu empresarial\u00bb ni tampoco de una \u201cpropensi\u00f3n al riesgo\u201d. Esto es cierto en Am\u00e9rica latina y particularmente en Brasil, donde la Econom\u00eda Solidaria est\u00e1 presente localmente en varios campos de actividad y se expresa a trav\u00e9s de su funci\u00f3n contributiva y redistributiva localizada que mezcla flujos materiales y flujos simb\u00f3licos. Su funcionamiento reposa en una hibridaci\u00f3n equilibrada, asociativamente construida, entre l\u00f3gicas diversas (recursos comerciales, recursos no comerciales de la redistribuci\u00f3n, los recursos no monetarios, los recursos monetarios producto de intercambios justos y\/o de finanzas solidarias).<\/p>\n<p style=\"text-align: justify;\">El programa ESSAS, que conjuga conceptos, trabajos de terreno y tecnolog\u00edas avanzadas de la informaci\u00f3n, permitir\u00e1 suscitar el debate, estimular la investigaci\u00f3n, sensibilizar las poblaciones y desarrollar la capacidad reflexiva de los actores de la Econom\u00eda Solidaria. Dar\u00e1 visibilidad a las actividades que responden a los criterios de sustentabilidad contribuir\u00e1 al desarrollo de la cooperaci\u00f3n, a los intercambios de informaci\u00f3n y de buenas pr\u00e1cticas entre los actores y facilitar\u00e1 las articulaciones locales, continentales e intercontinentales; aumentando de esta manera la coherencia global de sus actividades. Permitiendo las transferencias de informaci\u00f3n entre sus actores y los productores de conocimientos, podr\u00eda ayudar a la Econom\u00eda Solidaria a ser reconocida como un actor eficaz y sustentable de la econom\u00eda local y de sus servicios; y a convertirse en un polo local de la regulaci\u00f3n descentralizada de la sostenibilidad de la econom\u00eda mundial.<\/p>\n<p style=\"text-align: justify;\">Los procedimientos cient\u00edficos y los valores eticos del Programa ESSAS participar\u00e1n en la resoluci\u00f3n en el traje del que el coop\u00e9ratisme a\u00fan sufre de una imagen negativa\u00a0en Am\u00e9rica Latina,\u00a0\u00a0consecuencia de los v\u00ednculos pol\u00edticos de sus reg\u00edmenes anteriores.<\/p>\n<p style=\"text-align: justify;\">A largo plazo, el desarrollo de este polo de racionalidad econ\u00f3mica, que re\u00fane autonom\u00eda dom\u00e9stica, responsabilidad social, creaci\u00f3n civil y nuevos lazos sociales tanto a escala local como a escala mundial, les dar\u00e1 a sus actores el poder de contribuir a la formulaci\u00f3n de pol\u00edticas p\u00fablicas, locales y mundiales m\u00e1s equilibradas y coherentes. Aumentar\u00e1 el poder de influencia del actor local y del actor civil mundial sobre los agentes de la econom\u00eda de Mercado para que adopten comportamientos m\u00e1s \u00e9ticos y m\u00e1s responsables que mejoren la protecci\u00f3n de la naturaleza, el respeto de la diversidad cultural, los derechos humanos y el bienestar de las poblaciones, de las cuales depende la sustentabilidad de la econom\u00eda, lo cual debe ser su objetivo final.<\/p>\n<p style=\"text-align: justify;\">En consecuencia, la econom\u00eda solidaria es ni una econom\u00eda de la pobreza\u00a0\u00a0 ni una econom\u00eda para los pobres. Es una ambici\u00f3n que debe permitir el (re)territorializacion del desarrollo sustentable que no es un concepto territorial pero un concepto hol\u00edstica y global.<br \/>\nAtando protecci\u00f3n medioambiental, competitividad e inclusi\u00f3n social, \u00a0pensando el lugar como un territorio de iniciativas y proyectos, preservando autonom\u00eda del desarrollo local, articulando el desarrollo sustentable local para el desarrollo sustentable global, insistiendo en la necesidad de asociar innovaciones, sustentabilidad y econom\u00eda solidaria, conjugando combate contra la pobreza y la sustentabilidad medioambiental e inscribi\u00e9ndolos en el contexto del desarrollo local y de sus articulaciones con al regulaci\u00f3n descentralizada por la sustentabilidad de la econom\u00eda mundial, el Programa ESSAS ofrece una alternativa a las pol\u00edticas institucionales de la lucha contra la pobreza que se establecen sobre la asistencia. La realizaci\u00f3n de esta alternativa exige primer o conocimiento y el reconocimiento de los conocimientos t\u00e9cnicos populares locales y la utilidad social, a escala local, nacional y mundial, de los actores \u00a0de la econom\u00eda solidaria, la formaci\u00f3n de sus directores y la calificaci\u00f3n de sus emprendimientos.<\/p>\n<p>&nbsp;<\/p>\n<p style=\"text-align: center;\"><img loading=\"lazy\" class=\"aligncenter\" style=\"border: 1px solid black;\" title=\"Natal 8\" src=\"https:\/\/apreis.eu\/essas\/esp\/wp-content\/uploads\/2012\/02\/Natal-8-300x242.jpg\" alt=\"\" width=\"450\" height=\"337\" \/><\/p>\n<p>&nbsp;<\/p>\n<p style=\"text-align: justify;\">Permitir una auto estimaci\u00f3n individual y colectivo de los actores directos de la econom\u00eda solidaria, deber\u00eda ser el objetivo prioritario de las estructuras institucionales y no institucionales que participan en esta lucha, cuyos productores institucionales y no institucionales de conocimientos.<br \/>\nConcentrando en la integraci\u00f3n de la protecci\u00f3n medioambiental y los sistemas de informaci\u00f3n en la econom\u00eda solidaria, el programa ESSAS puede trasladar la eficacia local y el inter\u00e9s nacional de los agentes de una econom\u00eda que participa en la cohesi\u00f3n social en Sudam\u00e9rica y especialmente en Brasil. El programa puede definir las actividades que dibujan a las comunidades locales globales. Localizadas, pero vinculados local, nacional y global, son capaces de actuar para el desarrollo sustentable global y su aplicaci\u00f3n por el local.<\/p>\n","protected":false},"excerpt":{"rendered":"<p>&nbsp; INNOVACIONES SUSTENTABLES LOCALES\u00a0DE LA ECONOMIA SOLIDARIA\u00a0EN EL \u00a0AMERICA DEL SUR Sacar a la luz el \u00a0rol\u00a0de los actores de la econom\u00eda solidaria y\u00a0territorializar la sustentabilidade &nbsp; Inventariar, clasificar, mapear, difundir, compartir, discutir, expandir y articular las innovaciones sustentables locales [&hellip;]<\/p>\n","protected":false},"author":84,"featured_media":0,"parent":0,"menu_order":0,"comment_status":"open","ping_status":"open","template":"tpl_full_page.php","meta":[],"_links":{"self":[{"href":"https:\/\/apreis.eu\/essas\/esp\/wp-json\/wp\/v2\/pages\/92"}],"collection":[{"href":"https:\/\/apreis.eu\/essas\/esp\/wp-json\/wp\/v2\/pages"}],"about":[{"href":"https:\/\/apreis.eu\/essas\/esp\/wp-json\/wp\/v2\/types\/page"}],"author":[{"embeddable":true,"href":"https:\/\/apreis.eu\/essas\/esp\/wp-json\/wp\/v2\/users\/84"}],"replies":[{"embeddable":true,"href":"https:\/\/apreis.eu\/essas\/esp\/wp-json\/wp\/v2\/comments?post=92"}],"version-history":[{"count":1,"href":"https:\/\/apreis.eu\/essas\/esp\/wp-json\/wp\/v2\/pages\/92\/revisions"}],"predecessor-version":[{"id":6650,"href":"https:\/\/apreis.eu\/essas\/esp\/wp-json\/wp\/v2\/pages\/92\/revisions\/6650"}],"wp:attachment":[{"href":"https:\/\/apreis.eu\/essas\/esp\/wp-json\/wp\/v2\/media?parent=92"}],"curies":[{"name":"wp","href":"https:\/\/api.w.org\/{rel}","templated":true}]}}