{"id":105,"date":"2012-02-21T22:03:05","date_gmt":"2012-02-21T22:03:05","guid":{"rendered":"https:\/\/siamtravelmap.com\/essas\/?page_id=105"},"modified":"2022-10-04T00:46:30","modified_gmt":"2022-10-03T22:46:30","slug":"partenaires","status":"publish","type":"page","link":"https:\/\/apreis.eu\/essas\/essfr\/equipe\/partenaires\/","title":{"rendered":"PARTENAIRES"},"content":{"rendered":"<div id=\"post-15\">\n<h3 style=\"text-align: center;\"><img loading=\"lazy\" class=\"aligncenter\" style=\"border: 0px;\" src=\"https:\/\/apreis.eu\/essas\/wp-content\/uploads\/2012\/06\/essas_center1.png\" alt=\"essas_center1.png (315\u00d7246)\" width=\"252\" height=\"197\" \/><\/h3>\n<p>&nbsp;<\/p>\n<div id=\"post-15\">\n<p style=\"text-align: center;\"><strong><span style=\"font-size: 28px;\">\u00a0<\/span><\/strong><\/p>\n<p style=\"text-align: center;\"><strong><span style=\"font-size: 28px;\">PARTENAIRES<\/span><\/strong><\/p>\n<p>&nbsp;<\/p>\n<p style=\"text-align: center;\"><strong>Universidade Cat\u00f3lica Dom Bosco \u00a0(Brasil), \u00a0Universit\u00e9 de Paris I Panth\u00e9on-Sorbonne<\/strong><\/p>\n<p style=\"text-align: center;\"><img loading=\"lazy\" class=\"aligncenter size-full wp-image-16998\" src=\"https:\/\/apreis.eu\/essas\/essfr\/wp-content\/uploads\/2020\/06\/European-Commission-1-1-e1592996124656.gif\" alt=\"\" width=\"105\" height=\"70\" \/> <img loading=\"lazy\" class=\"alignnone wp-image-3299 size-full\" src=\"https:\/\/apreis.eu\/essas\/essfr\/wp-content\/uploads\/2012\/07\/Erasmus-Mundus120x64.jpg\" width=\"120\" height=\"64\" \/><\/p>\n<p style=\"text-align: center;\"><strong>Katholieke Universiteit Leuven (Belgium),\u00a0Universit\u00e0 degli Studi di Padova (Italia)<\/strong><\/p>\n<\/div>\n<div>\n<p style=\"text-align: center;\">\u00a0 \u00a0 \u00a0 \u00a0 \u00a0 \u00a0 \u00a0 \u00a0 \u00a0 \u00a0 \u00a0 \u00a0 \u00a0 \u00a0 \u00a0 \u00a0 \u00a0 \u00a0 \u00a0 \u00a0 \u00a0 \u00a0 \u00a0 \u00a0 \u00a0 \u00a0 \u00a0 <img loading=\"lazy\" class=\"aligncenter size-full wp-image-17283\" src=\"https:\/\/apreis.eu\/essas\/essfr\/wp-content\/uploads\/2022\/09\/NH-logo-600x220-1345667775-300X300-e1484268709157.jpg\" alt=\"\" width=\"100\" height=\"100\" \/>\u00a0 \u00a0 \u00a0 \u00a0 \u00a0 \u00a0 \u00a0 \u00a0\u00a0<img loading=\"lazy\" class=\"aligncenter size-full wp-image-17004\" src=\"https:\/\/apreis.eu\/essas\/essfr\/wp-content\/uploads\/2020\/06\/Polis-e1592996443741.jpg\" alt=\"\" width=\"140\" height=\"60\" \/>\u00a0 \u00a0 \u00a0 \u00a0\u00a0 \u00a0<img loading=\"lazy\" class=\"alignnone wp-image-2546 size-full\" src=\"https:\/\/apreis.eu\/essas\/essfr\/wp-content\/uploads\/2012\/08\/logo-Itcp-ufms-oficial-2-1345326513-300X300-2-e1484674408251.jpg\" width=\"200\" height=\"200\" \/><\/p>\n<h2><img loading=\"lazy\" class=\"aligncenter size-full wp-image-16999\" src=\"https:\/\/apreis.eu\/essas\/essfr\/wp-content\/uploads\/2020\/06\/IADH-Gespar.jpg\" alt=\"\" width=\"150\" height=\"63\" \/><\/h2>\n<h2><img loading=\"lazy\" class=\"wp-image-810 size-full aligncenter\" src=\"https:\/\/apreis.eu\/essas\/essfr\/wp-content\/uploads\/2012\/03\/travolution-e1484674204245.png\" width=\"210\" height=\"56\" \/><br \/>\n<img loading=\"lazy\" class=\"aligncenter size-full wp-image-17276\" src=\"https:\/\/apreis.eu\/essas\/essfr\/wp-content\/uploads\/2022\/09\/logo_APREIS-ok-e1663933827337.png\" alt=\"\" width=\"130\" height=\"130\" \/> \u00a0 \u00a0<img loading=\"lazy\" class=\"aligncenter\" title=\"logo.OFOR_-300x55\" src=\"https:\/\/apreis.eu\/essas\/wp-content\/uploads\/2012\/07\/logo.OFOR_-300x55.jpg\" alt=\"\" width=\"200\" height=\"53\" \/>\u00a0 \u00a0\u00a0\u00a0 \u00a0 \u00a0 \u00a0 \u00a0 <img loading=\"lazy\" class=\"aligncenter wp-image-17009 size-full\" src=\"https:\/\/apreis.eu\/essas\/essfr\/wp-content\/uploads\/2020\/06\/CCU-1.png\" alt=\"\" width=\"150\" height=\"175\" \/>\u00a0 \u00a0 \u00a0 \u00a0 \u00a0 \u00a0\u00a0<img loading=\"lazy\" class=\"wp-image-2887 aligncenter\" style=\"border: 0px;\" src=\"https:\/\/apreis.eu\/essas\/wp-content\/uploads\/2013\/10\/LOGOCIOEC-300x260.jpg\" alt=\"LOGOCIOEC\" width=\"180\" height=\"156\" srcset=\"https:\/\/apreis.eu\/essas\/essfr\/wp-content\/uploads\/2013\/10\/LOGOCIOEC-300x260.jpg 300w, https:\/\/apreis.eu\/essas\/essfr\/wp-content\/uploads\/2013\/10\/LOGOCIOEC.jpg 886w\" sizes=\"(max-width: 180px) 100vw, 180px\" \/><\/h2>\n<p>&nbsp;<\/p>\n<\/div>\n<p align=\"center\"><strong><br \/>\nLES\u00a0\u00a0PRINCIPES D&rsquo;UNE BONNE COOPERATION \u00a0ENTRE LES\u00a0ORGANISATIONS\u00a0DU PROGRAMME \u00a0ESSAS<\/strong><\/p>\n<p>Un partenariat est une relation substantielle entre organisations impliquant une r\u00e9partition des responsabilit\u00e9s dans l\u2019action programm\u00e9e. Afin de faciliter le bon d\u00e9roulement de l\u2019action, tous les partenaires en prennent acte en acceptant les principes de bon partenariat d\u00e9finis ci-apr\u00e8s:<\/p>\n<p>1. Tous les partenaires associ\u00e9s ont pris connaissance du programme ESSAS avant sa pr\u00e9sentation aux Tiers et ont compris leur r\u00f4le et leurs obligations dans l\u2019action entreprise.<br \/>\n2. Tous les partenaires associ\u00e9s donnent mandat au partenaire leader de l\u2019 action, l\u2019APREIS, pour signer tout contrat et pour les repr\u00e9senter dans toutes les relations avec des tiers dans le cadre de la mise en \u0153uvre de l\u2019action.<br \/>\n3. Le partenaire leader de l\u2019action, l\u2019APREIS, doit consulter r\u00e9guli\u00e8rement les partenaires associ\u00e9s et les informer pleinement du d\u00e9roulement de l\u2019action.<br \/>\n4.Les partenaires associ\u00e9s doivent informer pleinement tous les partenaires de l\u2019action des initiatives qu\u2019ils entreprennent aupr\u00e8s des tiers.<br \/>\n5. Chaque partenaire associ\u00e9 doit mentionner dans ses actions de mise en \u0153uvre du programme ESSAS le partenaire leader et tous les partenaires associ\u00e9s au programme<br \/>\n6. Tous les partenaires associ\u00e9s doivent recevoir les copies des rapports \u2013 narratifs et financiers \u2013 pr\u00e9sent\u00e9s aux Tiers<br \/>\n7. Les changements substantiels ou les extensions majeures de l\u2019action doivent \u00eatre accept\u00e9s par tous les partenaires avant d\u2019\u00eatre propos\u00e9s \u00e0 des Tiers. Si aucun consensus entre partenaires ne peut \u00eatre trouv\u00e9, le partenaire leader du programme doit le signaler aux tiers lorsqu\u2019il leur pr\u00e9sente les nouveaux d\u00e9veloppements du programme.<\/p>\n<p>&nbsp;<\/p>\n<p style=\"text-align: center;\"><strong><span style=\"font-size: 2em;\">\u00a0<span style=\"font-size: 20px;\"> \u00a0\u00a0<\/span><\/span><span style=\"font-size: 20px;\">Participent\u00a0au\u00a0financement du programme ESSAS<\/span><\/strong><\/p>\n<h1><img loading=\"lazy\" class=\"size-full wp-image-16998 aligncenter\" src=\"https:\/\/apreis.eu\/essas\/essfr\/wp-content\/uploads\/2020\/06\/European-Commission-1-1-e1592996124656.gif\" alt=\"\" width=\"105\" height=\"70\" \/><img loading=\"lazy\" class=\"alignnone wp-image-3299 size-full aligncenter\" src=\"https:\/\/apreis.eu\/essas\/essfr\/wp-content\/uploads\/2012\/07\/Erasmus-Mundus120x64.jpg\" width=\"120\" height=\"64\" \/>\u00a0 \u00a0 <img loading=\"lazy\" class=\"size-full wp-image-17276 aligncenter\" src=\"https:\/\/apreis.eu\/essas\/essfr\/wp-content\/uploads\/2022\/09\/logo_APREIS-ok-e1663933827337.png\" alt=\"\" width=\"130\" height=\"130\" \/> <a href=\"https:\/\/www.iledefrance.fr\/\"><img loading=\"lazy\" class=\"alignnone wp-image-1034 size-full aligncenter\" src=\"https:\/\/apreis.eu\/essas\/essfr\/wp-content\/uploads\/2012\/05\/Logo_Conseil_Rgional51-e1484268410233.jpg\" width=\"180\" height=\"51\" \/><\/a><\/h1>\n<\/div>\n","protected":false},"excerpt":{"rendered":"<p>&nbsp; \u00a0 PARTENAIRES &nbsp; Universidade Cat\u00f3lica Dom Bosco \u00a0(Brasil), \u00a0Universit\u00e9 de Paris I Panth\u00e9on-Sorbonne Katholieke Universiteit Leuven (Belgium),\u00a0Universit\u00e0 degli Studi di Padova (Italia) \u00a0 \u00a0 \u00a0 \u00a0 \u00a0 \u00a0 \u00a0 \u00a0 \u00a0 \u00a0 \u00a0 \u00a0 \u00a0 \u00a0 \u00a0 \u00a0 \u00a0 [&hellip;]<\/p>\n","protected":false},"author":50,"featured_media":0,"parent":3020,"menu_order":0,"comment_status":"open","ping_status":"open","template":"tpl_full_page.php","meta":[],"_links":{"self":[{"href":"https:\/\/apreis.eu\/essas\/essfr\/wp-json\/wp\/v2\/pages\/105"}],"collection":[{"href":"https:\/\/apreis.eu\/essas\/essfr\/wp-json\/wp\/v2\/pages"}],"about":[{"href":"https:\/\/apreis.eu\/essas\/essfr\/wp-json\/wp\/v2\/types\/page"}],"author":[{"embeddable":true,"href":"https:\/\/apreis.eu\/essas\/essfr\/wp-json\/wp\/v2\/users\/50"}],"replies":[{"embeddable":true,"href":"https:\/\/apreis.eu\/essas\/essfr\/wp-json\/wp\/v2\/comments?post=105"}],"version-history":[{"count":5,"href":"https:\/\/apreis.eu\/essas\/essfr\/wp-json\/wp\/v2\/pages\/105\/revisions"}],"predecessor-version":[{"id":17370,"href":"https:\/\/apreis.eu\/essas\/essfr\/wp-json\/wp\/v2\/pages\/105\/revisions\/17370"}],"up":[{"embeddable":true,"href":"https:\/\/apreis.eu\/essas\/essfr\/wp-json\/wp\/v2\/pages\/3020"}],"wp:attachment":[{"href":"https:\/\/apreis.eu\/essas\/essfr\/wp-json\/wp\/v2\/media?parent=105"}],"curies":[{"name":"wp","href":"https:\/\/api.w.org\/{rel}","templated":true}]}}