{"id":12,"date":"2012-02-20T08:12:32","date_gmt":"2012-02-20T08:12:32","guid":{"rendered":"https:\/\/siamtravelmap.com\/essas\/?page_id=12"},"modified":"2023-01-14T12:24:14","modified_gmt":"2023-01-14T11:24:14","slug":"essas_brasil","status":"publish","type":"page","link":"https:\/\/apreis.eu\/essas\/essfr\/","title":{"rendered":"PROGRAMME ESSAS"},"content":{"rendered":"<p style=\"text-align: center;\"><span style=\"font-family: verdana, geneva; font-size: 16px;\"><strong>Mettre en lumi\u00e8re\u00a0<\/strong><strong>le r\u00f4le\u00a0<\/strong><strong>des acteurs de l&rsquo;\u00e9conomie solidaire<br \/>\n<\/strong><strong>et\u00a0t<\/strong><strong>erritorialiser le d\u00e9veloppement durable\u00a0<\/strong><\/span><\/p>\n<p style=\"text-align: center;\"><span style=\"font-family: verdana, geneva; font-size: 12px;\"><strong>\u00a0<\/strong><\/span><\/p>\n<p style=\"text-align: justify;\">Identifier, classer, cartographier, diffuser, partager, discuter, essaimer\u00a0et articuler en lignes collaboratives et interactives, les\u00a0innovations durables\u00a0locales\u00a0de l&rsquo;\u00e9conomie solidaire\u00a0peuvent contribuer \u00e0 la coh\u00e9rence, au\u00a0d\u00e9veloppement et \u00e0 la durabilit\u00e9 \u00a0de cette \u00e9conomie et permettre la territorialisation de la durabilit\u00e9, l&rsquo;auto estimation de ses acteurs et le d\u00e9veloppement local en Am\u00e9rique Latine.<br \/>\nMais cette action peut \u00e9galement servir \u00e0 l&rsquo;\u00e9mergence\u00a0institutionnelle et scientifique de ce troisi\u00e8me p\u00f4le de la rationalit\u00e9 \u00e9conomique\u00a0\u00e0 l&rsquo;\u00e9chelle mondiale. Ce\u00a0p\u00f4le\u00a0construit et requiert la mise en oeuvre par le local de\u00a0la durabilit\u00e9 globale, durabilit\u00e9 globale\u00a0\u00a0dans laquelle\u00a0\u00a0l&rsquo;acteur civil serait\u00a0reconnu comme un partenaire majeur.<\/p>\n<p style=\"text-align: justify;\">Le\u00a0programme ESSAS de cartographie d&rsquo;une \u00e9conomie fond\u00e9e sur la r\u00e9ciprocit\u00e9 et con\u00e7ue par des personnes\u00a0qui s&rsquo;associent librement, \u00a0r\u00e9pondent civilement\u00a0aux besoins locaux et cr\u00e9ent localement des liens mat\u00e9riels et immat\u00e9riels \u00a0et de nouvelles relations\u00a0 de solidarit\u00e9, \u00a0se consacre\u00a0 initialement \u00e0 ces \u00a0sept domaines cl\u00e9s: \u00a0* Agriculture rurale et urbaine. * Fabrication de biens \u00e0 partir de\u00a0\u00a0la r\u00e9cup\u00e9ration\u00a0des d\u00e9chets. * Commerce.\u00a0* Finances. *Tourisme. * Production culturelle, artistique ou\u00a0artisanale. * Actions culturelles, formatives, \u00e9ducatives ou sportives.<\/p>\n<p style=\"text-align: justify;\">Cette cartographie sera par la suite\u00a0amplifi\u00e9e\u00a0par les acteurs professionnels de l&rsquo;\u00e9conomie solidaire \u00a0eux m\u00eames puis\u00a0\u00a0\u00e9tendue aux continents europ\u00e9ens et africain.<\/p>\n<p>&nbsp;<\/p>\n<p style=\"text-align: center;\"><span style=\"font-size: 20px; color: #000000; background-color: #ffffff;\"><strong><a style=\"color: #000000; background-color: #ffffff;\" href=\"https:\/\/apreis.eu\/essas\/essfr\/mapa\/\" target=\"_blank\" rel=\"noopener noreferrer\">OUVRIR LA CARTE<\/a><\/strong><\/span><\/p>\n<p><a href=\"https:\/\/apreis.eu\/essas\/essfr\/mapa\/\" target=\"_blank\" rel=\"noopener noreferrer\"><img loading=\"lazy\" class=\"aligncenter wp-image-3935\" src=\"https:\/\/apreis.eu\/essas\/essfr\/wp-content\/uploads\/2012\/02\/Intro-commune-ESSAS.jpg\" alt=\"Intro-commune-ESSAS\" width=\"330\" height=\"473\" srcset=\"https:\/\/apreis.eu\/essas\/essfr\/wp-content\/uploads\/2012\/02\/Intro-commune-ESSAS.jpg 230w, https:\/\/apreis.eu\/essas\/essfr\/wp-content\/uploads\/2012\/02\/Intro-commune-ESSAS-209x300.jpg 209w\" sizes=\"(max-width: 330px) 100vw, 330px\" \/><\/a><\/p>\n<p style=\"text-align: left;\"><span style=\"font-size: medium; font-family: verdana, geneva;\"><strong>\u00a0ETES VOUS UN ACTEUR DE L&rsquo;ECONOMIE SOLIDAIRE ?<\/strong><\/span><\/p>\n<p style=\"text-align: justify;\"><span style=\"font-family: verdana, geneva;\"> Si vous souhaitez, d\u00e9crire votre exp\u00e9rience et appara\u00eetre sur la carte : <\/span><strong><span style=\"color: #000000;\">Cliquer ci dessous<\/span>\u00a0<\/strong><\/p>\n<table style=\"height: 52px; width: 99.0891%; border-collapse: collapse; border-style: dashed; border-color: #030303; background-color: #ffffff;\">\n<tbody>\n<tr style=\"height: 37px; border-style: solid; border-color: #080707;\">\n<td style=\"width: 344.553px; height: 52px; vertical-align: top; border-style: solid; border-color: #000000; background-color: #ffffff;\">\n<div class=\"cell\" style=\"text-align: center;\">\n<p><span style=\"font-family: georgia, palatino, serif;\"><strong><span style=\"color: #000000;\"><br \/>\nPOLES\u00a0\u00a0D\u2019ACTIVITES<\/span><\/strong><\/span><\/p>\n<p><a href=\"https:\/\/apreis.eu\/essas\/essfr?ptype=post_listing\" target=\"_blank\" rel=\"noopener noreferrer\"><span style=\"font-family: 'times new roman', times, serif;\"><strong><span style=\"color: #000000; font-size: 12px;\">Agriculture<\/span><\/strong><\/span><\/a><\/p>\n<\/div>\n<div class=\"cell\" style=\"text-align: center;\"><a href=\"https:\/\/apreis.eu\/essas\/essfr?ptype=post_listing\" target=\"_blank\" rel=\"noopener noreferrer\"><span style=\"font-family: 'times new roman', times, serif;\"><strong><span style=\"color: #000000; font-size: 12px;\">Fabrication de biens \u00e0 partir des d\u00e9chets<\/span><\/strong><\/span><\/a><\/div>\n<div class=\"cell\" style=\"text-align: center;\"><a href=\"https:\/\/apreis.eu\/essas\/essfr?ptype=post_listing\" target=\"_blank\" rel=\"noopener noreferrer\"><span style=\"font-family: 'times new roman', times, serif;\"><strong><span style=\"color: #000000; font-size: 12px;\">Commerce<\/span><\/strong><\/span><\/a><\/div>\n<div class=\"cell\" style=\"text-align: center;\"><a href=\"https:\/\/apreis.eu\/essas\/essfr?ptype=post_listing\" target=\"_blank\" rel=\"noopener noreferrer\"><span style=\"font-family: 'times new roman', times, serif;\"><strong><span style=\"color: #000000; font-size: 12px;\">Finances<\/span><\/strong><\/span><\/a><\/div>\n<div class=\"cell\" style=\"text-align: center;\"><a href=\"https:\/\/apreis.eu\/essas\/essfr?ptype=post_listing\" target=\"_blank\" rel=\"noopener noreferrer\"><span style=\"font-family: 'times new roman', times, serif;\"><strong><span style=\"color: #000000; font-size: 12px;\">Production\u00a0 culturelle, art\u00edstique ou artisanale<\/span><\/strong><\/span><\/a><\/div>\n<div class=\"cell\" style=\"text-align: center;\"><span style=\"color: #000000; font-size: 12px; font-family: georgia, palatino, serif;\"><span style=\"font-family: 'times new roman', times, serif;\"><strong><a href=\"https:\/\/apreis.eu\/essas\/essfr?ptype=post_listing\" target=\"_blank\" rel=\"noopener noreferrer\"><span style=\"color: #000000;\">Tourisme<\/span><\/a><br \/>\n<\/strong><\/span><br \/>\n<\/span><\/div>\n<\/td>\n<td style=\"width: 348.557px; height: 52px; vertical-align: top; border-style: solid; border-color: #000000; background-color: #ffffff;\">\n<div class=\"title\" style=\"text-align: center;\">\n<p><span style=\"color: #000000; font-family: georgia, palatino, serif;\"><strong><br \/>\nACTEURS<\/strong><\/span><\/p>\n<p><span style=\"color: #000000;\"><a style=\"color: #000000;\" href=\"https:\/\/apreis.eu\/essas\/essfr?ptype=post_listing\" target=\"_blank\" rel=\"noopener noreferrer\"><span style=\"font-family: 'times new roman', times, serif; font-size: 12px;\"><strong>Chercheurs\/Professionels<\/strong><\/span><\/a><\/span><\/p>\n<\/div>\n<div class=\"cell\" style=\"text-align: center;\"><a href=\"https:\/\/apreis.eu\/essas\/essfr?ptype=post_listing\" target=\"_blank\" rel=\"noopener noreferrer\"><span style=\"font-family: 'times new roman', times, serif; font-size: 12px;\"><strong><span style=\"color: #000000;\">Structures professionnelles et civiles du programme ESSAS<\/span><\/strong><\/span><\/a><\/div>\n<div class=\"cell\" style=\"text-align: center;\"><a href=\"https:\/\/apreis.eu\/essas\/essfr?ptype=post_listing\" target=\"_blank\" rel=\"noopener noreferrer\"><span style=\"font-family: 'times new roman', times, serif; font-size: 12px;\"><strong><span style=\"color: #000000;\">Structures civiles d&rsquo;appui \u00e0 l&rsquo; \u00e9conomie solidaire<\/span><\/strong><\/span><\/a><\/div>\n<div class=\"cell\" style=\"text-align: center;\"><a href=\"https:\/\/apreis.eu\/essas\/essfr?ptype=post_listing\" target=\"_blank\" rel=\"noopener noreferrer\"><span style=\"font-family: georgia, palatino, serif; font-size: 10px;\"><strong><span style=\"color: #000000;\"><span style=\"font-size: 12px; font-family: 'times new roman', times, serif;\">Structures professionnelles et civiles d&rsquo;\u00e9conomie soli<\/span>daire<\/span><\/strong><\/span><\/a><\/div>\n<\/td>\n<\/tr>\n<\/tbody>\n<\/table>\n<p><strong><span style=\"font-family: verdana, geneva; font-size: medium;\">ETES VOUS INT\u00c9RESS\u00c9S PAR L&rsquo;ECONOMIE SOLIDAIRE ?\u00a0<\/span><\/strong><\/p>\n<p style=\"text-align: justify;\"><span style=\"font-family: verdana, geneva;\"> Si vous souhaitez contribuer \u00e0\u00a0la r\u00e9alisation du Programme ESSAS,\u00a0interagir avec lui ou mettre en \u0153uvre un projet d&rsquo;\u00e9conomie solidaire<strong>\u00a0:\u00a0<span style=\"color: #000000;\"><a style=\"color: #000000;\" href=\"https:\/\/apreis.eu\/essas\/essfr\/interaction\/contacts\/\" rel=\"noopener noreferrer\">Cliquer ici\u00a0<\/a>\u00a0\u00a0<\/span><\/strong><\/span><\/p>\n<p>&nbsp;<\/p>\n<p style=\"text-align: center;\"><span style=\"font-size: 24px;\"><strong>LES PARTENAIRES<\/strong><\/span><\/p>\n<p>&nbsp;<\/p>\n<p><img loading=\"lazy\" class=\"size-full wp-image-1034 aligncenter\" src=\"https:\/\/apreis.eu\/essas\/essfr\/wp-content\/uploads\/2012\/05\/Logo_Conseil_Rgional51-e1484268410233.jpg\" alt=\"\" width=\"180\" height=\"51\" \/><\/p>\n<p>&nbsp;<\/p>\n<table style=\"border-collapse: collapse; width: 100%;\">\n<tbody>\n<tr>\n<td style=\"width: 33.3333%;\"><img loading=\"lazy\" class=\"aligncenter\" src=\"https:\/\/apreis.eu\/essas\/essfr\/wp-content\/uploads\/2020\/06\/Erasmus-Mundus-1.png\" alt=\"\" width=\"150\" height=\"80\" \/><\/td>\n<td style=\"width: 33.3333%;\"><img loading=\"lazy\" class=\"aligncenter\" src=\"https:\/\/apreis.eu\/essas\/essfr\/wp-content\/uploads\/2020\/06\/European-Commission-1-1.gif\" alt=\"\" width=\"150\" height=\"100\" \/><\/td>\n<td style=\"width: 33.3333%;\"><img loading=\"lazy\" class=\"aligncenter\" style=\"padding-left: 13px;\" src=\"https:\/\/apreis.eu\/essas\/essfr\/wp-content\/uploads\/2020\/06\/Universities.png\" width=\"295px\" height=\"81px\" \/><\/td>\n<\/tr>\n<\/tbody>\n<\/table>\n<div><\/div>\n<div id=\"right-column-partner\">\n<div class=\"row\" style=\"height: 41px;\"><center><img loading=\"lazy\" class=\"alignnone\" src=\"https:\/\/apreis.eu\/essas\/essfr\/wp-content\/uploads\/2020\/06\/One-Face-One-Race.jpg\" width=\"285px\" height=\"52px\" \/><\/center><\/div>\n<\/div>\n<p>&nbsp;<\/p>\n<table style=\"border-collapse: collapse; width: 100%;\">\n<tbody>\n<tr>\n<td style=\"width: 100%;\"><\/td>\n<\/tr>\n<\/tbody>\n<\/table>\n<p>&nbsp;<\/p>\n<table style=\"border-collapse: collapse; width: 100%; height: 22px;\">\n<tbody>\n<tr style=\"height: 22px;\">\n<td style=\"width: 33.3333%; height: 22px;\"><img loading=\"lazy\" class=\"aligncenter\" src=\"https:\/\/apreis.eu\/essas\/essfr\/wp-content\/uploads\/2020\/06\/Polis.jpg\" alt=\"\" width=\"150\" height=\"64\" \/><\/td>\n<td style=\"width: 33.3333%; height: 22px;\"><img loading=\"lazy\" class=\"aligncenter\" src=\"https:\/\/apreis.eu\/essas\/essfr\/wp-content\/uploads\/2020\/06\/Nuestras-Huellas.png\" alt=\"\" width=\"150\" height=\"64\" \/><\/td>\n<td style=\"width: 33.3333%; height: 22px;\"><img loading=\"lazy\" class=\"aligncenter\" src=\"https:\/\/apreis.eu\/essas\/essfr\/wp-content\/uploads\/2020\/06\/IADH-Gespar.jpg\" alt=\"\" width=\"150\" height=\"63\" \/><\/td>\n<\/tr>\n<\/tbody>\n<\/table>\n<p>&nbsp;<\/p>\n<table style=\"border-collapse: collapse; width: 100%;\">\n<tbody>\n<tr>\n<td style=\"width: 25%;\"><img loading=\"lazy\" class=\"aligncenter\" src=\"https:\/\/apreis.eu\/essas\/essfr\/wp-content\/uploads\/2012\/03\/travolution-e1484674204245.png\" alt=\"\" width=\"210\" height=\"56\" \/><\/td>\n<td style=\"width: 25%;\"><img loading=\"lazy\" class=\"aligncenter\" src=\"https:\/\/apreis.eu\/essas\/essfr\/wp-content\/uploads\/2015\/01\/LOGO CIOEC-1420757638.jpg\" alt=\"\" width=\"137\" height=\"137\" \/><\/td>\n<td style=\"width: 25%;\"><img loading=\"lazy\" class=\"aligncenter\" src=\"https:\/\/apreis.eu\/essas\/essfr\/wp-content\/uploads\/2020\/06\/CCU-1-e1592996729572.png\" alt=\"\" width=\"90\" height=\"105\" \/><\/td>\n<td style=\"width: 25%;\"><img loading=\"lazy\" class=\"aligncenter\" src=\"https:\/\/apreis.eu\/essas\/essfr\/wp-content\/uploads\/2020\/06\/logo-Itcp-ufms-oficial-198x200-1-3.jpg\" width=\"138px\" height=\"140px\" \/><\/td>\n<\/tr>\n<\/tbody>\n<\/table>\n<div><\/div>\n<div id=\"right-column-partner\"><center><img loading=\"lazy\" class=\"aligncenter wp-image-17132 size-full\" src=\"https:\/\/apreis.eu\/essas\/essfr\/wp-content\/uploads\/2021\/02\/logo_APREIS-e1612435153482.png\" alt=\"\" width=\"120\" height=\"120\" \/><\/center><\/div>\n","protected":false},"excerpt":{"rendered":"<p>Mettre en lumi\u00e8re\u00a0le r\u00f4le\u00a0des acteurs de l&rsquo;\u00e9conomie solidaire et\u00a0territorialiser le d\u00e9veloppement durable\u00a0 \u00a0 Identifier, classer, cartographier, diffuser, partager, discuter, essaimer\u00a0et articuler en lignes collaboratives et interactives, les\u00a0innovations durables\u00a0locales\u00a0de l&rsquo;\u00e9conomie solidaire\u00a0peuvent contribuer \u00e0 la coh\u00e9rence, au\u00a0d\u00e9veloppement et \u00e0 la durabilit\u00e9 \u00a0de [&hellip;]<\/p>\n","protected":false},"author":50,"featured_media":0,"parent":0,"menu_order":0,"comment_status":"open","ping_status":"open","template":"","meta":[],"_links":{"self":[{"href":"https:\/\/apreis.eu\/essas\/essfr\/wp-json\/wp\/v2\/pages\/12"}],"collection":[{"href":"https:\/\/apreis.eu\/essas\/essfr\/wp-json\/wp\/v2\/pages"}],"about":[{"href":"https:\/\/apreis.eu\/essas\/essfr\/wp-json\/wp\/v2\/types\/page"}],"author":[{"embeddable":true,"href":"https:\/\/apreis.eu\/essas\/essfr\/wp-json\/wp\/v2\/users\/50"}],"replies":[{"embeddable":true,"href":"https:\/\/apreis.eu\/essas\/essfr\/wp-json\/wp\/v2\/comments?post=12"}],"version-history":[{"count":5,"href":"https:\/\/apreis.eu\/essas\/essfr\/wp-json\/wp\/v2\/pages\/12\/revisions"}],"predecessor-version":[{"id":17391,"href":"https:\/\/apreis.eu\/essas\/essfr\/wp-json\/wp\/v2\/pages\/12\/revisions\/17391"}],"wp:attachment":[{"href":"https:\/\/apreis.eu\/essas\/essfr\/wp-json\/wp\/v2\/media?parent=12"}],"curies":[{"name":"wp","href":"https:\/\/api.w.org\/{rel}","templated":true}]}}