{"id":2036,"date":"2012-07-31T07:24:44","date_gmt":"2012-07-31T05:24:44","guid":{"rendered":"https:\/\/apreis.eu\/essas\/?page_id=2036"},"modified":"2017-01-12T19:29:39","modified_gmt":"2017-01-12T18:29:39","slug":"cse","status":"publish","type":"page","link":"https:\/\/apreis.eu\/essas\/essfr\/equipe\/cse\/","title":{"rendered":"CSE"},"content":{"rendered":"<p style=\"text-align: center;\"><strong><br \/>\n <\/strong><span style=\"font-size: large;\"><strong>LE\u00a0CONSEIL<\/strong><strong>\u00a0SCIENTIFIQUE<\/strong><strong>\u00a0<\/strong><strong>ET<\/strong><strong>\u00a0E<\/strong><strong>THIQUE<\/strong><strong>\u00a0 (<\/strong><strong>CSE<\/strong><strong>)<\/strong><\/span><\/p>\n<p style=\"text-align: center;\"><strong><br \/>\n <\/strong><\/p>\n<p style=\"text-align: center;\"><img loading=\"lazy\" class=\"aligncenter\" title=\"soucoupe ptit\" src=\"https:\/\/apreis.eu\/essas\/wp-content\/uploads\/2012\/06\/soucoupe-ptit.jpg\" alt=\"\" width=\"650\" height=\"438\" \/><\/p>\n<p>&nbsp;<\/p>\n<h1 style=\"padding-left: 330px;\"><span style=\"color: #000000; font-size: 10px; font-family: tahoma, arial, helvetica, sans-serif;\"><strong>F<\/strong><strong><a href=\"https:\/\/apreis.eu\/essas\/place\/flavio-aristone\/\"><span style=\"color: #000000;\">lavio Aristone<\/span><\/a><\/strong>, <em>Universidade Federal do Mato Grosso do Sul , Brasil<\/em><\/span><\/h1>\n<h1 style=\"text-align: left;\"><span style=\"font-size: 10px; font-family: tahoma, arial, helvetica, sans-serif;\"><strong>\u00a0 \u00a0 \u00a0 \u00a0 \u00a0 \u00a0 \u00a0 \u00a0 \u00a0 \u00a0 \u00a0 \u00a0 \u00a0 \u00a0 \u00a0 \u00a0 \u00a0 \u00a0 \u00a0 \u00a0 \u00a0 \u00a0 \u00a0 \u00a0 \u00a0 \u00a0 \u00a0 \u00a0 \u00a0 \u00a0 \u00a0 \u00a0 \u00a0 \u00a0 \u00a0 \u00a0 \u00a0 \u00a0 \u00a0 \u00a0 \u00a0 \u00a0 \u00a0 \u00a0 \u00a0 \u00a0 \u00a0 \u00a0 \u00a0 \u00a0<span style=\"color: #000000;\"> \u00a0 \u00a0 \u00a0 \u00a0 \u00a0 <a style=\"color: #000000;\" href=\"https:\/\/apreis.eu\/essas\/place\/hugo-dayan\/\">Hugo Dayan<\/a><\/span><\/strong><span style=\"color: #000000;\"><strong>,<\/strong><\/span><em><strong>\u00a0<\/strong>Universit\u00e9 Pierre et Marie-Curie (UPMC), Paris<\/em><\/span><\/h1>\n<h1 style=\"padding-left: 330px;\"><span style=\"font-size: x-small;\"><strong style=\"color: #000000; font-size: x-small;\"><a title=\"ANTONIO ELIZALDE HEVIA\" href=\"https:\/\/apreis.eu\/essas\/place\/antonio-elizalde-hevia\/\"><span style=\"color: #000000;\">Antonio Elizalde H<\/span><\/a><\/strong><strong style=\"color: #000000; font-size: x-small;\"><a title=\"ANTONIO ELIZALDE HEVIA\" href=\"https:\/\/apreis.eu\/essas\/place\/antonio-elizalde-hevia\/\"><span style=\"color: #000000;\">evia<\/span><\/a><\/strong><span style=\"color: #000000;\">,<\/span><em><strong><span style=\"color: #000000;\"> Universidad Bolivariana de Santiago, Chili<\/span><\/strong><\/em><\/span><\/h1>\n<h1 style=\"padding-left: 330px;\"><span style=\"font-size: x-small;\"><strong style=\"color: #000000; font-size: x-small;\"><a title=\"Pablo Guerra\" href=\"https:\/\/apreis.eu\/essas\/place\/pablo-guerra\/\"><span style=\"color: #000000;\">Pablo Guerra<\/span><\/a><\/strong><span style=\"color: #000000;\">, <em>Universidad de la Rep\u00fablica, Uruguay<\/em><\/span><\/span><\/h1>\n<h1 style=\"padding-left: 330px;\"><span style=\"font-size: x-small;\"><a style=\"font-size: x-small;\" href=\"https:\/\/apreis.eu\/essas\/place\/andre-joyal\/\"><span style=\"color: #000000;\"><strong>Andr\u00e9 Joyal<\/strong><\/span><\/a><span style=\"color: #000000;\">, <em>Universit\u00e9 de Quebec Trois Rivi\u00e8res, Canada<\/em><\/span><\/span><\/h1>\n<h1 style=\"padding-left: 330px;\"><span style=\"font-size: x-small; font-family: tahoma, arial, helvetica, sans-serif;\"><strong style=\"color: #000000; font-size: x-small;\"><a title=\"Cleonice Alexandre Le Bourlegat\" href=\"https:\/\/apreis.eu\/essas\/place\/cleonice-le-bourlegat\/\"><span style=\"color: #000000;\">Cl\u00e9onice le Bourlegat<\/span><\/a><\/strong><span style=\"color: #000000;\">,<\/span><strong style=\"color: #000000; font-size: x-small;\">\u00a0<\/strong><em style=\"color: #000000; font-size: x-small;\">presidente\u00a0 do\u00a0\u00a0CSE,<\/em><em><span style=\"color: #000000;\">\u00a0Universidade Cat\u00f3lica Dom Bosco, MS-Brasil<\/span><\/em><\/span><\/h1>\n<h1 style=\"padding-left: 330px;\"><span style=\"font-size: x-small; font-family: tahoma, arial, helvetica, sans-serif;\"><a style=\"font-size: x-small;\" href=\"https:\/\/apreis.eu\/essas\/place\/sabrina-liberatoscioli\/\"><span style=\"color: #000000;\"><strong>Sabrina Liberatoscioli<\/strong><\/span><\/a><span style=\"color: #000000;\">, <em>ONG Centro Studi Americanistici, Italia<\/em><\/span><\/span><\/h1>\n<h1 style=\"padding-left: 330px;\"><span style=\"font-size: x-small; font-family: tahoma, arial, helvetica, sans-serif;\"><strong style=\"color: #000000; font-size: x-small;\"><a title=\"NICOLAS MEYER\" href=\"https:\/\/apreis.eu\/essas\/place\/nicolas-meyer\/\"><span style=\"color: #000000;\">Nicolas Meyer<\/span><\/a><\/strong><span style=\"color: #000000;\">, <em>ONG Nuestras Huellas, Argentina \u00a0<\/em><\/span><\/span><\/h1>\n<h1 style=\"padding-left: 330px;\"><span style=\"font-family: tahoma, arial, helvetica, sans-serif;\"><strong style=\"font-size: x-small;\"><span style=\"color: #000000;\"><a href=\"https:\/\/apreis.eu\/essas\/place\/dalva-mirian-coura-aveiro\/\"><span style=\"color: #000000;\">Dalva Mirian Coura\u00a0<\/span><\/a><a href=\"https:\/\/apreis.eu\/essas\/place\/dalva-mirian-coura-aveiro\/\"><span style=\"color: #000000;\">Aveiro<\/span><\/a><\/span>,\u00a0<\/strong><em style=\"color: #000000; font-size: x-small;\">\u00a0Incubadora Tecnol\u00f3gica de Cooperativas Populares da Universidade Federal de Mato Grosso do Sul Brasil<\/em><\/span><\/h1>\n<h1 style=\"padding-left: 330px;\"><span style=\"font-size: x-small; font-family: tahoma, arial, helvetica, sans-serif;\"><a style=\"font-size: x-small;\" href=\"https:\/\/apreis.eu\/essas\/place\/silvana-parente\/\"><span style=\"color: #000000;\"><strong>Silvana Parente<\/strong><\/span><\/a><span style=\"color: #000000;\">,\u00a0<em>Insitute\u00a0 Asessoria para o Desenvolvimento Humano, Brasil<\/em><\/span><\/span><\/h1>\n<h1 style=\"padding-left: 330px;\"><span style=\"font-size: x-small; font-family: tahoma, arial, helvetica, sans-serif;\"><a style=\"font-size: x-small;\" href=\"https:\/\/apreis.eu\/essas\/place\/dominique-vanneste\/\"><span style=\"color: #000000;\"><strong>Dominique Vanneste<\/strong><\/span><\/a><span style=\"color: #000000;\">,\u00a0<em>Universit\u00e9 Catholique de Leuven, Belgique<\/em><\/span><\/span><\/h1>\n<h1 style=\"padding-left: 330px;\"><span style=\"font-size: x-small; font-family: tahoma, arial, helvetica, sans-serif;\"><strong style=\"color: #000000; font-size: x-small;\"><a title=\"Tania Zapata\" href=\"https:\/\/apreis.eu\/essas\/place\/tania-zapata\/\"><span style=\"color: #000000;\">Tania Zapata<\/span><\/a><\/strong><span style=\"color: #000000;\">,<\/span><span style=\"color: #000000;\">\u00a0<em>Instituto de Assessoria para o Desinvolvimento Humano, Brasil<\/em><\/span><\/span><\/h1>\n<h1 style=\"padding-left: 330px;\"><span style=\"font-size: x-small; font-family: tahoma, arial, helvetica, sans-serif;\"><a style=\"font-size: x-small;\" href=\"https:\/\/apreis.eu\/essas\/place\/naoufel-ziadi\/\"><span style=\"color: #000000;\"><strong>Naouffel Ziadi<\/strong><\/span><\/a><span style=\"color: #000000;\">,\u00a0<em>Centre d\u2019Etudes et de Recherches Economiques et Sociales, Tunisie<\/em><\/span><\/span><\/h1>\n<div style=\"padding-left: 120px; text-align: justify;\">\n<p>&nbsp;<\/p>\n<p style=\"text-align: center;\"><span style=\"font-size: x-small;\"><span style=\"font-size: small;\"><strong>\u00a0LE CONSEIL SCIENTIFIQUE ET ETHIQUE\u00a0\u00a0<\/strong><\/span><\/span><\/p>\n<p>Les membres du Conseil Scientifique et Ethique sont propos\u00e9s par les partenaires du programme et sont nomm\u00e9s sur la base de leurs comp\u00e9tences\u00a0 en mati\u00e8re de d\u00e9veloppement durable, de d\u00e9veloppement local et d\u2019\u00e9conomie solidaire par le (la) directeur (trice) scientifique du programme ESSAS.<br \/>\n Le Conseil Scientifique et Ethique est une instance consultative dont l\u2019objet est de veiller \u00e0 l\u2019\u00e9thique et \u00e0 la pertinence scientifique de la d\u00e9marche et des r\u00e9sultats .<br \/>\n Il se r\u00e9unit \u00e0 la demande de la direction scientifique du programme ou de son (sa) pr\u00e9sident (e)\u00a0 pour\u00a0:<\/p>\n<p>* Rendre un avis sur le d\u00e9roulement du programme<br \/>\n * Examiner et donner son avis sur la pertinence scientifique de la d\u00e9marche<br \/>\n * Organiser l\u2019\u00e9valuation scientifique de la d\u00e9marche et des r\u00e9sultats dans les conditions\u00a0\u00a0 d\u00e9termin\u00e9es par la Direction Scientifique\u00a0 du Programme<br \/>\n * Rendre un avis sur l\u2019adh\u00e9sion de nouveaux partenaires susceptibles d\u2019\u00eatre associ\u00e9es ou de\u00a0 collaborer au programme<br \/>\n * Proc\u00e9der \u00e0 l\u2019\u00e9valuation de l\u2019activit\u00e9 scientifique. Pour l\u2019\u00e9valuation, le Conseil peut s\u2019appuyer, en\u00a0 tant que de besoin, sur des experts qu\u2019il d\u00e9signe et dont il d\u00e9finit les missions. Cependant\u00a0 la Direction scientifique du programme peut demander une \u00e9valuation de ses activit\u00e9s par une instance ext\u00e9rieure.<br \/>\n * Formuler toute proposition sur de nouveaux r\u00e9seaux de collaboration scientifique et sur les extensions du programme\u00a0 initial<br \/>\n * Veiller aux conditions du maintien des objectifs, scientifique et \u00e9thique, du programme dans ses d\u00e9veloppements ult\u00e9rieurs.<\/p>\n<\/div>\n<div style=\"padding-left: 60px;\"><span style=\"font-size: small;\">\u00a0<\/span><\/div>\n","protected":false},"excerpt":{"rendered":"<p>LE\u00a0CONSEIL\u00a0SCIENTIFIQUE\u00a0ET\u00a0ETHIQUE\u00a0 (CSE) &nbsp; Flavio Aristone, Universidade Federal do Mato Grosso do Sul , Brasil \u00a0 \u00a0 \u00a0 \u00a0 \u00a0 \u00a0 \u00a0 \u00a0 \u00a0 \u00a0 \u00a0 \u00a0 \u00a0 \u00a0 \u00a0 \u00a0 \u00a0 \u00a0 \u00a0 \u00a0 \u00a0 \u00a0 \u00a0 \u00a0 \u00a0 \u00a0 [&hellip;]<\/p>\n","protected":false},"author":50,"featured_media":0,"parent":3020,"menu_order":0,"comment_status":"closed","ping_status":"closed","template":"tpl_full_page.php","meta":[],"_links":{"self":[{"href":"https:\/\/apreis.eu\/essas\/essfr\/wp-json\/wp\/v2\/pages\/2036"}],"collection":[{"href":"https:\/\/apreis.eu\/essas\/essfr\/wp-json\/wp\/v2\/pages"}],"about":[{"href":"https:\/\/apreis.eu\/essas\/essfr\/wp-json\/wp\/v2\/types\/page"}],"author":[{"embeddable":true,"href":"https:\/\/apreis.eu\/essas\/essfr\/wp-json\/wp\/v2\/users\/50"}],"replies":[{"embeddable":true,"href":"https:\/\/apreis.eu\/essas\/essfr\/wp-json\/wp\/v2\/comments?post=2036"}],"version-history":[{"count":0,"href":"https:\/\/apreis.eu\/essas\/essfr\/wp-json\/wp\/v2\/pages\/2036\/revisions"}],"up":[{"embeddable":true,"href":"https:\/\/apreis.eu\/essas\/essfr\/wp-json\/wp\/v2\/pages\/3020"}],"wp:attachment":[{"href":"https:\/\/apreis.eu\/essas\/essfr\/wp-json\/wp\/v2\/media?parent=2036"}],"curies":[{"name":"wp","href":"https:\/\/api.w.org\/{rel}","templated":true}]}}