{"id":92,"date":"2012-02-21T21:48:49","date_gmt":"2012-02-21T21:48:49","guid":{"rendered":"https:\/\/siamtravelmap.com\/essas\/?page_id=92"},"modified":"2015-03-12T00:24:56","modified_gmt":"2015-03-11T23:24:56","slug":"impacts","status":"publish","type":"page","link":"https:\/\/apreis.eu\/essas\/essfr\/impacts\/","title":{"rendered":"ESSAS : IMPACTS ECONONOMIQUES ET INTERNATIONAUX"},"content":{"rendered":"<h3>\u00a0<\/h3>\n<p style=\"text-align: center;\"><span style=\"font-size: 16px;\"><strong>Les Communaut\u00e9s \u00a0R\u00e9gionales<\/strong><\/span><\/p>\n<p style=\"text-align: center;\"><span style=\"font-size: 16px;\"> Territoire global d\u2019initiatives civiles et institutionnelles coop\u00e9ratives d\u00e9centralis\u00e9es\u00a0<\/span><\/p>\n<p style=\"text-align: center;\"><span style=\"font-size: 16px;\"><strong>Pour la durabilit\u00e9 de \u00a0l\u2019\u00e9conomie mondiale<\/strong><\/span><\/p>\n<p>&nbsp;<\/p>\n<p><strong>1.Permettre au local de jouer un r\u00f4le dans les approches \u00e9conomiques et internationales de la durabilit\u00e9 globale de l\u2019\u00e9conomie mondiale<\/strong><\/p>\n<p>\u00a0La territorialisation des politiques publiques invite les acteurs civils \u00e0 participer au d\u00e9veloppement local. La globalisation \u00e9conomique rend, sous des formes multiples et \u00e0 des degr\u00e9s divers, les communaut\u00e9s locales mondialis\u00e9es et multiculturelles. L\u2019imp\u00e9ratif de durabilit\u00e9 s\u2019affiche dans les orientations majeures des collectivit\u00e9s territoriales. L\u2019obligation de comp\u00e9titivit\u00e9 incite le territoire \u00e0 devenir le chef d\u2019orchestre de son propre d\u00e9veloppement.Or, l\u2019acteur local \u00a0n\u2019a pas \u00e9t\u00e9 introduit dans le processus amont des n\u00e9gociations des Conf\u00e9rences Internationales sur le Climat de Copenhague en 2009, de Cancun en 2010 et de Durban 2012.<br \/>Pourtant\u00a0:<\/p>\n<p>&#8211; les fonds communautaires destin\u00e9s \u00e0 la politique de coh\u00e9sion territoriale et de comp\u00e9titivit\u00e9 soient le premier poste de d\u00e9penses de l\u2019Union Europ\u00e9enne,<br \/>&#8211; les collectivit\u00e9s locales mettent en \u0153uvre environ deux tiers de la l\u00e9gislation communautaire,<br \/>&#8211; les initiatives en faveur du d\u00e9veloppement durable des collectivit\u00e9s locales ont plus d&rsquo;impact que les mesures prises par plusieurs \u00c9tats,<br \/>&#8211; 85 % des investissements de la durabilit\u00e9 environnementale sont, en Europe, r\u00e9alis\u00e9s par les collectivit\u00e9s locales <br \/>&#8211; le Trait\u00e9 de Lisbonne, entr\u00e9 en vigueur en 2010, affirme, dans ses textes de 2007, le principe primordial de \u201cl\u2019autonomie locale\u201d,\u00a0<\/p>\n<p><span style=\"font-size: 14px;\">\u00a0Comment donc articuler durabilit\u00e9 locale, <em>qui n\u2019a de sens que dans la durabilit\u00e9 globale<\/em>, comp\u00e9titivit\u00e9 locale, <em>qui n\u00e9cessite des synergies intersectorielles, <\/em>solidarit\u00e9 sociale, <em>qui exige une \u00e9chelle nationale r\u00e9gulatrice et cadre, <\/em>syst\u00e8me \u00e9conomique mondial de distribution spatiale des activit\u00e9s, de l\u2019emploi et des revenus, <em>qui recompose les acteurs, les fronti\u00e8res, les secteurs et les march\u00e9s, <\/em>et interculturalit\u00e9 des soci\u00e9t\u00e9s, <em>qui fait surgir le culturel et l\u2019interculturel comme<\/em> <em>la quatri\u00e8me composante du d\u00e9veloppement durable, <\/em>afin de permettre au local de jouer un r\u00f4le dans les approches \u00e9conomiques et internationales de la durabilit\u00e9 globale de l\u2019\u00e9conomie mondiale ?<\/span><\/p>\n<p>&nbsp;<\/p>\n<p>\u00a0<strong>2.(re)Territorialiser le concept global de durabilit\u00e9<\/strong><\/p>\n<p>\u00a0La durabilit\u00e9, par les solidarit\u00e9s qu\u2019elle requiert dans sa construction, ne peut \u00eatre un concept territorial.\u00a0 Comment donc et sur quelle base (re)territorialiser ce concept global ? Telle est la question ultime que doit r\u00e9soudre dans ses pratiques le d\u00e9veloppement d\u2019un territoire.<br \/>La r\u00e9ponse est indissociable de la reconnaissance d\u2019un bien collectif mondial, <em>dont la biodiversit\u00e9 culturelle et naturelle, la connaissance et les droits humains<\/em>. La convention-cadre sign\u00e9e au sommet de Canc\u00f9n, qui permet aux R\u00e9gions d\u2019assister \u00a0\u00e0 terme\u00a0 non plus comme observateurs locaux de n\u00e9gociations internationales mais dor\u00e9navant comme acteurs mondiaux, pourrait donner sens et direction \u00e0 la mise en \u0153uvre de la durabilit\u00e9 par le local et pour la durabilit\u00e9 globale.<a href=\"#_ftn1\" name=\"_ftnref1\">[1]<\/a>\u00a0<br \/>Le\u00a0 principe d\u2019autonomie \u00a0du d\u00e9veloppement local doit donc\u00a0 inscrire le projet de durabilit\u00e9 locale dans le cadre du projet interculturel mondial de durabilit\u00e9 globale et conduire au d\u00e9veloppement des coop\u00e9rations d\u00e9centralis\u00e9es entre acteurs locaux mondiaux (civils et institutionnels).<br \/>Ce principe doit\u00a0 permettre de r\u00e9\u00e9quilibrer les deux p\u00f4les dominants de la rationalit\u00e9 \u00e9conomique (Etat, March\u00e9) par le d\u00e9veloppement d\u2019une rationalit\u00e9 \u00e9conomique locale privil\u00e9giant \u00a0le principe de r\u00e9ciprocit\u00e9, la r\u00e8gle de la proximit\u00e9, les strat\u00e9gies coop\u00e9ratives et le devoir individuel de responsabilit\u00e9 sociale, \u00a0qui sont autant de conditions de durabilit\u00e9 du d\u00e9veloppement local.<\/p>\n<p>&nbsp;<\/p>\n<p><strong>3. Le territoire, un faisceau d\u2019interactions entre acteurs, <em>intra et extra muros<\/em><\/strong><\/p>\n<p>La \u00a0d\u00e9marche d\u2019autonomie du d\u00e9veloppement local r\u00e9clame non seulement la reconnaissance institutionnelle de l\u2019acteur civil dans les modes de gouvernance locale, mais aussi la valorisation du travail collaboratif et interactif des communaut\u00e9s, <em>virtuelles ou physiques <\/em>et des r\u00e9seaux, <em>formels ou informels<\/em>, forg\u00e9s par les acteurs de la soci\u00e9t\u00e9 civile, par leurs interactions locales, nationales et mondiales dans le champ des pratiques du d\u00e9veloppement, de la coop\u00e9ration internationale d\u00e9centralis\u00e9e, du dialogue interculturel, de la protection environnementale, de la connaissance, \u00a0des solidarit\u00e9s et des r\u00e9gulations locales de l\u2019\u00e9conomie mondiale.<\/p>\n<p>Un territoire n\u2019est pas tant de droit que territoire d\u2019initiatives et projets qui ont du sens pour les populations locales et qui permettent la durabilit\u00e9 locale et globale.Le territoire appara\u00eet ainsi tout autre qu\u2019un simple changement d\u2019\u00e9chelle ou une alternative \u00e0 la mondialisation.<br \/>ll est un faisceau d\u2019interactions entre tous les acteurs, <strong><em>intra et extra muros,<\/em><\/strong> une construction sociale et culturelle qui ne se contente pas, dans le domaine \u00e9conomique, \u00e0 valoriser les ressources locales. La construction \u00e9conomique\u00a0 locale b\u00e2tit le local dans le mondial, <strong>coop\u00e8re \u00e0 la protection du bien collectif mondial<\/strong> et articule l\u2019\u00e9conomique au social et au culturel, tous ces lieux o\u00f9 se jouent le futur de la durabilit\u00e9 globale et donc l\u2019avenir du local, des lieux o\u00f9 s\u2019\u00e9vitent \u00a0deux \u00e9cueils sym\u00e9triques\u00a0: consid\u00e9rer le territoire comme simple reflet du monde global ou le conduire \u00e0 la tentation du repli sur lui-m\u00eame.<\/p>\n<p>Souligner que la durabilit\u00e9 locale est aussi un mode d\u2019organisation et de gestion de la durabilit\u00e9 globale, doit conduire \u00e0\u00a0 identifier ses structures, ses dynamiques, ses projets et ses acteurs afin que la part d\u2019autonomie r\u00e9elle du local dans ses choix de d\u00e9veloppement puisse trouver une part de son sens dans la r\u00e9gulation d\u00e9centralis\u00e9e de la durabilit\u00e9 globale de l\u2019\u00e9conomie mondiale. <br \/>Pour faire du d\u00e9veloppement durable une priorit\u00e9 locale, <em>qui n\u2019a de sens que dans la durabilit\u00e9 globale<\/em>, \u00a0l\u2019acteur institutionnel et civil local doit donc porter attention aux initiatives qui produisent des synergies informationnelles, des dynamiques civiles et des strat\u00e9gies coop\u00e9ratives qui permettent de le mettre en \u0153uvre sur le terrain.<\/p>\n<p>&nbsp;<\/p>\n<p><strong>4.L\u2019\u00e9conomie solidaire,\u00a0 n\u2019est pas une \u00e9conomie pour \u00ab\u00a0 pauvres\u00a0\u00bb et elle ne se r\u00e9duit pas\u00a0 au seul enjeu de l\u2019emploi.<\/strong><\/p>\n<p>A terme, le d\u00e9veloppement\u00a0 de ce p\u00f4le de rationalit\u00e9 \u00e9conomique, qui\u00a0 r\u00e9unit autonomie domestique, responsabilit\u00e9 sociale, cr\u00e9ation\u00a0 civile et nouveaux liens sociaux\u00a0 \u00e0 l\u2019\u00e9chelle locale comme \u00e0 l\u2019\u00e9chelle mondiale,\u00a0 donnera \u00a0\u00e0 leurs acteurs le pouvoir de contribuer \u00e0 la formulation\u00a0 de politiques publiques, locale et mondiale, plus \u00e9quilibr\u00e9es et plus coh\u00e9rentes.<br \/>Il augmentera le pouvoir d\u2019influence de l\u2019acteur local et de l\u2019acteur civil mondial sur les agents de l\u2019\u00e9conomie de march\u00e9 pour qu\u2019ils adoptent des comportements plus \u00e9thiques et plus responsables qui am\u00e9liorent\u00a0 la protection de la nature, le respect de la diversit\u00e9 culturelle, les droits humains et le bien \u00eatre des populations, dont d\u00e9pend la durabilit\u00e9 de l\u2019\u00e9conomie et doit \u00eatre son but.<br \/>Ni d\u00e9pourvue d\u2019 \u201cesprit d\u2019entreprise\u201d ni d\u00e9nu\u00e9e d\u2019esprit de risque,\u00a0 l\u2019\u00e9conomie solidaire participe \u00e0 l\u2019efficience \u00e9conomique et sociale des modes d\u2019organisation du local et des modes de r\u00e9gulation nationale en Am\u00e9rique latine et notamment au Br\u00e9sil o\u00f9 elle est pr\u00e9sente localement dans plusieurs champs d&rsquo;activit\u00e9.<\/p>\n<p>En int\u00e9grant la protection environnementale et les technologies de l\u2019information, l\u2019\u00e9conomie solidaire pourrait offrir un volet d\u2019une strat\u00e9gie locale de d\u00e9veloppement conjuguant \u00a0\u00a0autonomie du d\u00e9veloppement local et \u00a0territorialisation \u00a0du d\u00e9veloppement durable. Cette \u00e9conomie , <em>associ\u00e9e \u00e0 la mise en place d\u2019une l\u2019\u00e9conomie d\u2019\u00e9co liaisons locales <a href=\"#_ftn3\" name=\"_ftnref3\"><strong>[2]<\/strong><\/a> <\/em>est un des volets d\u2019un syst\u00e8me\u00a0 permettant \u00a0une r\u00e9gulation d\u00e9centralis\u00e9e de la durabilit\u00e9 de l\u2019\u00e9conomie mondiale, cette durabilit\u00e9 qui, en consacrant l\u2019existence d\u2019un bien commun mondial, globalise les d\u00e9veloppements et d\u00e9cloisonne les identit\u00e9s.<\/p>\n<p>&nbsp;<\/p>\n<p><a href=\"#_ftnref1\" name=\"_ftn1\">[1]<\/a> En cet important exemple, on attend proposition des r\u00e9gions sur les questions\u00a0 des sources de financement et des crit\u00e8res d\u2019affectation des Fonds verts, dont la mise en place a \u00e9t\u00e9 d\u00e9cid\u00e9 lors de ce sommet.<br \/><a href=\"#_ftnref3\" name=\"_ftn3\">[2]<\/a>\u00a0 Dayan L (2011)\u00a0 \u00a0L\u2019Ing\u00e9nierie du D\u00e9veloppement local durable \u00e0 l\u2019\u00e9preuve de l\u2019Etat, du March\u00e9 et du Mondial\u00a0 <em>.<\/em><em>in<\/em> <em>\u00a0L\u2019ing\u00e9nierie de territoire \u00e0 l&rsquo;\u00e9preuve du d\u00e9veloppement durable\u00a0 (dir\u00a0: <\/em>Dayan L, Joyal A et\u00a0 Lardon S) . AgroParisTech\u00a0 &#8211;\u00a0 APREIS \u2013 CNFPT.\u00a0 Paris. L\u2019Harmattan 2011.\u00a0 p.27 &#8211; 52<\/p>\n","protected":false},"excerpt":{"rendered":"<p>\u00a0 Les Communaut\u00e9s \u00a0R\u00e9gionales Territoire global d\u2019initiatives civiles et institutionnelles coop\u00e9ratives d\u00e9centralis\u00e9es\u00a0 Pour la durabilit\u00e9 de \u00a0l\u2019\u00e9conomie mondiale &nbsp; 1.Permettre au local de jouer un r\u00f4le dans les approches \u00e9conomiques et internationales de la durabilit\u00e9 globale de l\u2019\u00e9conomie mondiale \u00a0La [&hellip;]<\/p>\n","protected":false},"author":50,"featured_media":0,"parent":0,"menu_order":0,"comment_status":"open","ping_status":"open","template":"","meta":[],"_links":{"self":[{"href":"https:\/\/apreis.eu\/essas\/essfr\/wp-json\/wp\/v2\/pages\/92"}],"collection":[{"href":"https:\/\/apreis.eu\/essas\/essfr\/wp-json\/wp\/v2\/pages"}],"about":[{"href":"https:\/\/apreis.eu\/essas\/essfr\/wp-json\/wp\/v2\/types\/page"}],"author":[{"embeddable":true,"href":"https:\/\/apreis.eu\/essas\/essfr\/wp-json\/wp\/v2\/users\/50"}],"replies":[{"embeddable":true,"href":"https:\/\/apreis.eu\/essas\/essfr\/wp-json\/wp\/v2\/comments?post=92"}],"version-history":[{"count":0,"href":"https:\/\/apreis.eu\/essas\/essfr\/wp-json\/wp\/v2\/pages\/92\/revisions"}],"wp:attachment":[{"href":"https:\/\/apreis.eu\/essas\/essfr\/wp-json\/wp\/v2\/media?parent=92"}],"curies":[{"name":"wp","href":"https:\/\/api.w.org\/{rel}","templated":true}]}}