{"id":105,"date":"2012-02-21T22:03:05","date_gmt":"2012-02-21T22:03:05","guid":{"rendered":"https:\/\/siamtravelmap.com\/essas\/?page_id=105"},"modified":"2022-10-04T00:47:44","modified_gmt":"2022-10-03T22:47:44","slug":"parceiros","status":"publish","type":"page","link":"https:\/\/apreis.eu\/essas\/equipe\/parceiros\/","title":{"rendered":"Parceiros"},"content":{"rendered":"<div id=\"post-15\">\n<h3><\/h3>\n<p style=\"text-align: center;\"><img loading=\"lazy\" class=\"aligncenter\" style=\"border: 0px;\" src=\"https:\/\/apreis.eu\/essas\/wp-content\/uploads\/2012\/06\/essas_center1.png\" alt=\"essas_center1.png (315\u00d7246)\" width=\"252\" height=\"197\" \/><\/p>\n<p>&nbsp;<\/p>\n<div id=\"post-15\">\n<div id=\"post-15\">\n<p style=\"text-align: center;\"><span style=\"font-size: 14px;\"><strong><span style=\"text-decoration: underline;\">U<\/span>niversidade Cat\u00f3lica Dom Bosco \u00a0(Brasil), \u00a0Universit\u00e9 de Paris I Panth\u00e9on-Sorbonne<\/strong><\/span><\/p>\n<p style=\"text-align: center;\"><img loading=\"lazy\" class=\"aligncenter size-full wp-image-16998\" src=\"https:\/\/apreis.eu\/essas\/essfr\/wp-content\/uploads\/2020\/06\/European-Commission-1-1-e1592996124656.gif\" alt=\"\" width=\"105\" height=\"70\" \/> <img loading=\"lazy\" class=\"alignnone wp-image-3299 size-full\" src=\"https:\/\/apreis.eu\/essas\/essfr\/wp-content\/uploads\/2012\/07\/Erasmus-Mundus120x64.jpg\" width=\"120\" height=\"64\" \/><\/p>\n<p style=\"text-align: center;\"><strong>Katholieke Universiteit Leuven (Belgium),\u00a0Universit\u00e0 degli Studi di Padova (Italia)<\/strong><\/p>\n<\/div>\n<div>\n<p style=\"text-align: center;\">\u00a0 \u00a0 \u00a0 \u00a0 \u00a0 \u00a0 \u00a0 \u00a0 \u00a0 \u00a0 \u00a0 \u00a0 \u00a0 \u00a0 \u00a0 \u00a0 \u00a0 \u00a0 \u00a0 \u00a0 \u00a0 \u00a0 \u00a0 \u00a0 \u00a0 \u00a0 \u00a0 <img loading=\"lazy\" class=\"aligncenter size-full wp-image-17283\" src=\"https:\/\/apreis.eu\/essas\/essfr\/wp-content\/uploads\/2022\/09\/NH-logo-600x220-1345667775-300X300-e1484268709157.jpg\" alt=\"\" width=\"100\" height=\"100\" \/>\u00a0 \u00a0 \u00a0 \u00a0 \u00a0 \u00a0 \u00a0 \u00a0\u00a0<img loading=\"lazy\" class=\"aligncenter size-full wp-image-17004\" src=\"https:\/\/apreis.eu\/essas\/essfr\/wp-content\/uploads\/2020\/06\/Polis-e1592996443741.jpg\" alt=\"\" width=\"140\" height=\"60\" \/>\u00a0 \u00a0 \u00a0 \u00a0\u00a0 \u00a0<img loading=\"lazy\" class=\"alignnone wp-image-2546 size-full\" src=\"https:\/\/apreis.eu\/essas\/essfr\/wp-content\/uploads\/2012\/08\/logo-Itcp-ufms-oficial-2-1345326513-300X300-2-e1484674408251.jpg\" width=\"200\" height=\"200\" \/><\/p>\n<h2><img loading=\"lazy\" class=\"aligncenter size-full wp-image-16999\" src=\"https:\/\/apreis.eu\/essas\/essfr\/wp-content\/uploads\/2020\/06\/IADH-Gespar.jpg\" alt=\"\" width=\"150\" height=\"63\" \/><\/h2>\n<h2><img loading=\"lazy\" class=\"wp-image-810 size-full aligncenter\" src=\"https:\/\/apreis.eu\/essas\/essfr\/wp-content\/uploads\/2012\/03\/travolution-e1484674204245.png\" width=\"210\" height=\"56\" \/><br \/>\n<img loading=\"lazy\" class=\"aligncenter size-full wp-image-17276\" src=\"https:\/\/apreis.eu\/essas\/essfr\/wp-content\/uploads\/2022\/09\/logo_APREIS-ok-e1663933827337.png\" alt=\"\" width=\"130\" height=\"130\" \/> \u00a0 \u00a0<img loading=\"lazy\" class=\"aligncenter\" title=\"logo.OFOR_-300x55\" src=\"https:\/\/apreis.eu\/essas\/wp-content\/uploads\/2012\/07\/logo.OFOR_-300x55.jpg\" alt=\"\" width=\"200\" height=\"53\" \/>\u00a0 \u00a0\u00a0\u00a0 \u00a0 \u00a0 \u00a0 \u00a0 <img loading=\"lazy\" class=\"aligncenter wp-image-17009 size-full\" src=\"https:\/\/apreis.eu\/essas\/essfr\/wp-content\/uploads\/2020\/06\/CCU-1.png\" alt=\"\" width=\"150\" height=\"175\" \/>\u00a0 \u00a0 \u00a0 \u00a0 \u00a0 \u00a0\u00a0<img loading=\"lazy\" class=\"wp-image-2887 aligncenter\" style=\"border: 0px;\" src=\"https:\/\/apreis.eu\/essas\/wp-content\/uploads\/2013\/10\/LOGOCIOEC-300x260.jpg\" alt=\"LOGOCIOEC\" width=\"180\" height=\"156\" srcset=\"https:\/\/apreis.eu\/essas\/wp-content\/uploads\/2013\/10\/LOGOCIOEC-300x260.jpg 300w, https:\/\/apreis.eu\/essas\/wp-content\/uploads\/2013\/10\/LOGOCIOEC.jpg 886w\" sizes=\"(max-width: 180px) 100vw, 180px\" \/><\/h2>\n<p>&nbsp;<\/p>\n<\/div>\n<\/div>\n<p align=\"center\"><strong>OS PRINICIPIOS DA BOA\u00a0 PARCERIA\u00a0ENTRE AS ORGANIZA\u00c7\u00c3OS DO PROGRAMA \u00a0ESSAS<\/strong><\/p>\n<p style=\"text-align: justify;\">Uma parceria \u00e9 uma rela\u00e7\u00e3o substancial entre organiza\u00e7\u00f5es que implica numa reparti\u00e7\u00e3o de responsabilidades na a\u00e7\u00e3o programada. Para facilitar o desenrolar da a\u00e7\u00e3o, todos os parceiros subscrevem os princ\u00edpios das boas pr\u00e1ticas de parceria a seguir:<\/p>\n<p style=\"text-align: justify;\">1. Todos os parceiros associados foram informados do programa ESSAS antes da sua apresenta\u00e7\u00e3o a terceiros e compreenderam o seu papel e suas obriga\u00e7\u00f5es na a\u00e7\u00e3o.<br \/>\n2. Todos os parceiros associados d\u00e3o poder ao parceiro l\u00edder da a\u00e7\u00e3o, a APREIS para assinar qualquer contrato e para represent\u00e1-los em todas as rela\u00e7\u00f5es com terceiros no \u00e2mbito da pr\u00e1tica da a\u00e7\u00e3o.<br \/>\n3. O parceiro l\u00edder da a\u00e7\u00e3o, a APREIS, deve consultar regularmente os parceiros associados e inform\u00e1-los integralmente sobre o desenrolar da a\u00e7\u00e3o.<br \/>\n4. Cada parceiro deve informar a todos os seus parceiros das iniciativas que empreendam junto a terceiros no \u00e2mbito da pr\u00e1tica da a\u00e7\u00e3o.<br \/>\n5. Cada organiza\u00e7\u00e3o deve mencionar em suas a\u00e7\u00f5es na execu\u00e7\u00e3o do programa ESSAS o parceiro l\u00edder e todos os parceiros associados.<br \/>\n6. Todos os parceiros associados devem receber c\u00f3pias dos relat\u00f3rios &#8211; narrativos e financeiros -apresentados aos terceiros<br \/>\n7. As mudan\u00e7as substanciais ou grandes extens\u00f5es da a\u00e7\u00e3o devem ser aceitas por todos os s\u00f3cios antes de serem submetidas aos Terceiros. Se nenhum consenso entre os parceiros for encontrado, o parceiro l\u00edder do programa deve informar aos terceiros quando lhes vai apresentar os novos desenvolvimentos do programa.<\/p>\n<p>&nbsp;<\/p>\n<p style=\"text-align: center;\"><span style=\"font-size: 20px;\"><strong>\u00a0 \u00a0\u00a0Participam no financiamento do programa ESSAS<\/strong><\/span><\/p>\n<h1 style=\"text-align: center;\">\u00a0<img loading=\"lazy\" class=\"alignnone wp-image-1058 size-full\" src=\"https:\/\/apreis.eu\/essas\/essfr\/wp-content\/uploads\/2012\/06\/europe-drapeau-e1484268210919.jpg\" width=\"90\" height=\"61\" \/>\u00a0 <img loading=\"lazy\" class=\"alignnone wp-image-3299 size-full aligncenter\" src=\"https:\/\/apreis.eu\/essas\/essfr\/wp-content\/uploads\/2012\/07\/Erasmus-Mundus120x64.jpg\" width=\"120\" height=\"64\" \/>\u00a0 \u00a0 <img loading=\"lazy\" class=\"size-full wp-image-17276 aligncenter\" src=\"https:\/\/apreis.eu\/essas\/essfr\/wp-content\/uploads\/2022\/09\/logo_APREIS-ok-e1663933827337.png\" alt=\"\" width=\"130\" height=\"130\" \/> <a href=\"https:\/\/www.iledefrance.fr\/\"><img loading=\"lazy\" class=\"alignnone wp-image-1034 size-full aligncenter\" src=\"https:\/\/apreis.eu\/essas\/essfr\/wp-content\/uploads\/2012\/05\/Logo_Conseil_Rgional51-e1484268410233.jpg\" width=\"180\" height=\"51\" \/><\/a><\/h1>\n<\/div>\n","protected":false},"excerpt":{"rendered":"<p>&nbsp; Universidade Cat\u00f3lica Dom Bosco \u00a0(Brasil), \u00a0Universit\u00e9 de Paris I Panth\u00e9on-Sorbonne Katholieke Universiteit Leuven (Belgium),\u00a0Universit\u00e0 degli Studi di Padova (Italia) \u00a0 \u00a0 \u00a0 \u00a0 \u00a0 \u00a0 \u00a0 \u00a0 \u00a0 \u00a0 \u00a0 \u00a0 \u00a0 \u00a0 \u00a0 \u00a0 \u00a0 \u00a0 \u00a0 \u00a0 [&hellip;]<\/p>\n","protected":false},"author":50,"featured_media":0,"parent":3020,"menu_order":0,"comment_status":"open","ping_status":"open","template":"tpl_full_page.php","meta":[],"_links":{"self":[{"href":"https:\/\/apreis.eu\/essas\/wp-json\/wp\/v2\/pages\/105"}],"collection":[{"href":"https:\/\/apreis.eu\/essas\/wp-json\/wp\/v2\/pages"}],"about":[{"href":"https:\/\/apreis.eu\/essas\/wp-json\/wp\/v2\/types\/page"}],"author":[{"embeddable":true,"href":"https:\/\/apreis.eu\/essas\/wp-json\/wp\/v2\/users\/50"}],"replies":[{"embeddable":true,"href":"https:\/\/apreis.eu\/essas\/wp-json\/wp\/v2\/comments?post=105"}],"version-history":[{"count":9,"href":"https:\/\/apreis.eu\/essas\/wp-json\/wp\/v2\/pages\/105\/revisions"}],"predecessor-version":[{"id":17142,"href":"https:\/\/apreis.eu\/essas\/wp-json\/wp\/v2\/pages\/105\/revisions\/17142"}],"up":[{"embeddable":true,"href":"https:\/\/apreis.eu\/essas\/wp-json\/wp\/v2\/pages\/3020"}],"wp:attachment":[{"href":"https:\/\/apreis.eu\/essas\/wp-json\/wp\/v2\/media?parent=105"}],"curies":[{"name":"wp","href":"https:\/\/api.w.org\/{rel}","templated":true}]}}