{"id":12,"date":"2012-02-20T08:12:32","date_gmt":"2012-02-20T08:12:32","guid":{"rendered":"https:\/\/siamtravelmap.com\/essas\/?page_id=12"},"modified":"2019-03-26T12:00:08","modified_gmt":"2019-03-26T11:00:08","slug":"essas_brasil","status":"publish","type":"page","link":"https:\/\/apreis.eu\/essas\/","title":{"rendered":"PROGRAMA ESSAS"},"content":{"rendered":"<p style=\"text-align: center;\"><span style=\"font-family: verdana, geneva; font-size: 16px;\"><strong>PARA TRAZER\u00a0A LUZ<br \/>\nO PAPEL DOS\u00a0ATORES DA ECONOMIA SOLIDARIA<\/strong><br \/>\n<strong>E TERRITORIALIZAR O DESENVOLIMENTO SUSTENTAVEL <\/strong><\/span><\/p>\n<p style=\"text-align: center;\"><span style=\"font-family: verdana, geneva; font-size: large;\"><strong>\u00a0<\/strong><\/span><\/p>\n<p style=\"text-align: justify;\">Inventariar classificar, mapear, difundir, partilhar, discutir, semear e articular,<em>\u00a0em linhas colaborativas e em liga\u00e7\u00f5es interativas,<\/em> as inova\u00e7\u00f5es sustent\u00e1veis locais da economia solid\u00e1ria podem contribuir conjuntamente na\u00a0 coer\u00eancia,\u00a0 crescimento e sustentabilidade e permitir a territorializa\u00e7\u00e3o\u00a0da sustentabilidade, a \u00a0auto-estima dos actores e o desenvolvimento local na Am\u00e9rica Latina..<br \/>\nMas esta\u00a0ac\u00e7\u00e3o pode tamb\u00e9m servir \u00e0 emerg\u00eancia institucional e cient\u00edfica na escala mundial deste terceiro polo de racionalidade econ\u00f4mica, que reatualiza e requer a pr\u00e1tica da sustentabilidade pelo local e para a sustentabilidade global e na qual o ator civil \u00e9 reconhecido como um parceiro maior.<br \/>\nO programa ESSAS de mapeamento de uma economia,<em>\u00a0baseada no princ\u00edpio\u00a0 da reciprocidade e concebida por pessoas que se associam livremente e respondem civilmente \u00e0s necessidades locais<\/em>\u00a0<em>e\u00a0criando elos materiais e imateriais e novas rela\u00e7\u00f5es de solidariedade local<\/em>, contemplara inicialmente sete campos chaves : \u00a0*Agricultura rural e urbana \u00a0* Fabrica\u00e7\u00e3o de bens a partir da recupera\u00e7\u00e3o dos residuos \u00a0*Com\u00e9rcio \u00a0\u00a0*Finan\u00e7a \u00a0\u00a0*Turismo \u00a0\u00a0*Produ\u00e7\u00e3o cultural, art\u00edstica e artesanal \u00a0*\u00a0Ac\u00e7\u00f5es culturais, \u00a0formativas, educativas ou desportivas<br \/>\nEste mapeamento ser\u00e1 posteriormente continuado e ampliado pelos atores da economia solid\u00e1ria e ser\u00e1 estendido aos continentes europeu e africano.<\/p>\n<p>&nbsp;<\/p>\n<p style=\"text-align: center;\"><span style=\"font-size: 18pt; color: #000000; background-color: #ffffff;\">\u00a0 <\/span><span style=\"color: #000000; background-color: #ffffff;\">\u00a0<span style=\"font-size: 20px;\">\u00a0<\/span><\/span><span style=\"color: #000000; font-size: 20px; background-color: #ffffff;\"><a style=\"color: #000000; background-color: #ffffff;\" href=\"https:\/\/apreis.eu\/essas\/mapa\/\"><strong>EXIBIR\u00a0\u00a0 MAPA<\/strong><\/a>\u00a0 \u00a0\u00a0<\/span><\/p>\n<p style=\"text-align: center;\">\u00a0<a href=\"https:\/\/apreis.eu\/essas\/mapa\/\"><img loading=\"lazy\" class=\"aligncenter wp-image-1820\" style=\"border: 0px;\" title=\"map.aquarelle_bresil\" src=\"https:\/\/apreis.eu\/essas\/wp-content\/uploads\/2012\/02\/map.aquarelle_bresil1.gif\" alt=\"\" width=\"568\" height=\"558\" srcset=\"https:\/\/apreis.eu\/essas\/wp-content\/uploads\/2012\/02\/map.aquarelle_bresil1.gif 710w, https:\/\/apreis.eu\/essas\/wp-content\/uploads\/2012\/02\/map.aquarelle_bresil1-300x294.gif 300w\" sizes=\"(max-width: 568px) 100vw, 568px\" \/><\/a><\/p>\n<p>&nbsp;<\/p>\n<p style=\"text-align: left;\"><span style=\"font-size: medium; font-family: verdana, geneva;\"><strong>VOC\u00ca \u00a0\u00c9\u00a0ATOR DA ECONOMIA SOLIDARIA ?<\/strong><\/span><\/p>\n<p style=\"text-align: justify;\"><span style=\"font-family: verdana, geneva;\"> Se sim, gostaria de descrever sua\u00a0experi\u00eancia e aparecer sobre o mapa:<br \/>\n<\/span><strong><span style=\"color: #000000;\">Clicar<\/span> <span style=\"color: #000000;\"><strong>abaixo<\/strong><\/span><\/strong><\/p>\n<div class=\"tbl-actor-activity\">\n<div class=\"col\">\n<div class=\"cell\"><span style=\"color: #000000;\"><strong>POLOS DE ATIVIDADES<\/strong><\/span><\/div>\n<div class=\"cell\"><span style=\"color: #000000;\"><a href=\"https:\/\/apreis.eu\/essas\/?ptype=post_listing\"><span style=\"color: #000000;\">Agricultura<\/span><\/a><\/span><\/div>\n<div class=\"cell\"><span style=\"color: #000000;\"><a href=\"https:\/\/apreis.eu\/essas\/?ptype=post_listing\"><span style=\"color: #000000;\">Fabrica\u00e7\u00e3o de\u00a0bens\u00a0a partir\u00a0dos desperdicios<\/span><\/a><\/span><\/div>\n<div class=\"cell\"><span style=\"color: #000000;\"><a href=\"https:\/\/apreis.eu\/essas\/?ptype=post_listing\"><span style=\"color: #000000;\">Comercio<\/span><\/a><\/span><\/div>\n<div class=\"cell\"><span style=\"color: #000000;\"><a href=\"https:\/\/apreis.eu\/essas\/?ptype=post_listing\"><span style=\"color: #000000;\">Finanzas<\/span><\/a><\/span><\/div>\n<div class=\"cell\"><span style=\"color: #000000;\"><a href=\"https:\/\/apreis.eu\/essas\/?ptype=post_listing\"><span style=\"color: #000000;\">Produ\u00e7\u00e3o cultural, art\u00edstica ou artesanal<\/span><\/a><\/span><\/div>\n<div class=\"cell\"><span style=\"color: #000000;\"><a href=\"https:\/\/apreis.eu\/essas\/?ptype=post_listing\"><span style=\"color: #000000;\">Turismo<\/span><\/a><\/span><\/div>\n<\/div>\n<div class=\"col\">\n<div class=\"title\"><span style=\"color: #000000;\"><strong>ATORES<\/strong><\/span><\/div>\n<div class=\"cell\"><span style=\"color: #000000;\"><a href=\"https:\/\/apreis.eu\/essas\/?ptype=post_listing\"><span style=\"color: #000000;\">Pesquisadores\/ Profissionais T\u00e9cnicos<\/span><\/a><\/span><\/div>\n<div class=\"cell\"><span style=\"color: #000000;\"><a href=\"https:\/\/apreis.eu\/essas\/?ptype=post_listing\"><span style=\"color: #000000;\">Estruturas profissionais e civis que participam no programa ESSAS<\/span><\/a><\/span><\/div>\n<div class=\"cell\"><span style=\"color: #000000;\"><a href=\"https:\/\/apreis.eu\/essas\/?ptype=post_listing\"><span style=\"color: #000000;\">Estruturas civis d\u2019apoio \u00e0 economia solid\u00e1ria<\/span><\/a><\/span><\/div>\n<div class=\"cell\"><span style=\"color: #000000;\"><a href=\"https:\/\/apreis.eu\/essas\/?ptype=post_listing\"><span style=\"color: #000000;\">Estruturas profissionais e civis da economia solid\u00e1ria<\/span><\/a><\/span><\/div>\n<\/div>\n<\/div>\n<p style=\"text-align: center;\"><span style=\"font-family: verdana, geneva;\"><strong><span style=\"font-size: medium;\">\u00a0<\/span><\/strong><\/span><\/p>\n<p style=\"text-align: left;\"><span style=\"font-family: verdana, geneva;\"><strong><span style=\"font-size: medium;\">SAO INTERESSADOS PELA ECONOMIA SOLID<strong>\u00c1<\/strong>RIA ?\u00a0<\/span><\/strong><\/span><\/p>\n<p style=\"text-align: justify;\"><span style=\"font-family: verdana, geneva;\"> Se quiser contribuir para a realiza\u00e7\u00e3o do Programa ESSAS ou interagir com ele ou implementar um projecto de economia solid\u00e1ria<strong>\u00a0:\u00a0<span style=\"color: #000000;\"><a href=\"https:\/\/apreis.eu\/essas\/interacoes\/contatos\/\" rel=\"noopener\"><span style=\"color: #000000;\">Clicar aqui<\/span><\/a>\u00a0\u00a0<\/span><\/strong><\/span><\/p>\n","protected":false},"excerpt":{"rendered":"<p>PARA TRAZER\u00a0A LUZ O PAPEL DOS\u00a0ATORES DA ECONOMIA SOLIDARIA E TERRITORIALIZAR O DESENVOLIMENTO SUSTENTAVEL \u00a0 Inventariar classificar, mapear, difundir, partilhar, discutir, semear e articular,\u00a0em linhas colaborativas e em liga\u00e7\u00f5es interativas, as inova\u00e7\u00f5es sustent\u00e1veis locais da economia solid\u00e1ria podem contribuir conjuntamente [&hellip;]<\/p>\n","protected":false},"author":50,"featured_media":0,"parent":0,"menu_order":0,"comment_status":"open","ping_status":"open","template":"","meta":[],"_links":{"self":[{"href":"https:\/\/apreis.eu\/essas\/wp-json\/wp\/v2\/pages\/12"}],"collection":[{"href":"https:\/\/apreis.eu\/essas\/wp-json\/wp\/v2\/pages"}],"about":[{"href":"https:\/\/apreis.eu\/essas\/wp-json\/wp\/v2\/types\/page"}],"author":[{"embeddable":true,"href":"https:\/\/apreis.eu\/essas\/wp-json\/wp\/v2\/users\/50"}],"replies":[{"embeddable":true,"href":"https:\/\/apreis.eu\/essas\/wp-json\/wp\/v2\/comments?post=12"}],"version-history":[{"count":5,"href":"https:\/\/apreis.eu\/essas\/wp-json\/wp\/v2\/pages\/12\/revisions"}],"predecessor-version":[{"id":16628,"href":"https:\/\/apreis.eu\/essas\/wp-json\/wp\/v2\/pages\/12\/revisions\/16628"}],"wp:attachment":[{"href":"https:\/\/apreis.eu\/essas\/wp-json\/wp\/v2\/media?parent=12"}],"curies":[{"name":"wp","href":"https:\/\/api.w.org\/{rel}","templated":true}]}}