{"id":16985,"date":"2019-04-22T16:41:58","date_gmt":"2019-04-22T14:41:58","guid":{"rendered":"https:\/\/apreis.eu\/essas\/?page_id=16985"},"modified":"2019-04-22T16:41:58","modified_gmt":"2019-04-22T14:41:58","slug":"configurar-seu-navegador","status":"publish","type":"page","link":"https:\/\/apreis.eu\/essas\/configurar-seu-navegador\/","title":{"rendered":"CONFIGURAR SEU NAVEGADOR"},"content":{"rendered":"<p>&nbsp;<\/p>\n<p style=\"text-align: center;\"><strong><span style=\"font-size: 28px;\">CONFIGURAR SEU NAVEGADOR<\/span><\/strong><\/p>\n<p>&nbsp;<\/p>\n<p>Nous n\u2019avons aucun contr\u00f4le sur le processus employ\u00e9 par les r\u00e9seaux sociaux pour collecter des informations relatives \u00e0 votre navigation sur notre site et associ\u00e9es aux donn\u00e9es personnelles dont ils disposent. Nous vous invitons \u00e0 consulter les politiques de protection de la vie priv\u00e9e de ces r\u00e9seaux sociaux afin de prendre connaissance des finalit\u00e9s d\u2019utilisation, notamment publicitaires, des informations de navigation qu\u2019ils peuvent recueillir gr\u00e2ce \u00e0 ces boutons applicatifs. Ces politiques de protection doivent notamment vous permettre d\u2019exercer vos choix et droits aupr\u00e8s de ces r\u00e9seaux sociaux, notamment en param\u00e9trant vos comptes d\u2019utilisation de chacun de ces r\u00e9seaux.<\/p>\n<p>Pour la gestion des cookies et de vos choix, la configuration de chaque navigateur est diff\u00e9rente. Elle est d\u00e9crite dans le menu d\u2019aide de votre navigateur, qui vous permettra de savoir de quelle mani\u00e8re modifier vos souhaits en mati\u00e8re de cookies. Pour :<\/p>\n<p>\u2013 Firefox : https:\/\/support.mozilla.org\/fr\/kb\/activer-desactiver-cookies-preferences<\/p>\n<p>\u2013 Google Chrome : https:\/\/support.google.com\/chrome\/answer\/95647?hl=fr<\/p>\n<p>\u2013 Safari : https:\/\/support.apple.com\/fr-fr\/guide\/safari\/sfri11471\/mac<\/p>\n<p>\u2013 Microsoft Internet Explorer : https:\/\/support.microsoft.com\/fr-fr\/help\/17442\/windows-internet-explorer-delete-manage-cookies<\/p>\n<p>Vous pouvez \u00e9galement param\u00e9trer votre navigateur afin que celui-ci envoie un code signalant aux sites Web que vous ne souhaitez pas \u00eatre suivis (option \u00ab Do No Track \u00bb). Pour :<\/p>\n<p>\u2013 Firefox : https:\/\/support.mozilla.org\/fr\/kb\/comment-activer-option-ne-pas-pister<\/p>\n<p>\u2013 Chrome : https:\/\/support.google.com\/chrome\/answer\/2790761?hl=fr<\/p>\n<p>\u2013 Safari : https:\/\/support.apple.com\/kb\/PH21416?locale=fr_FR<\/p>\n<p>\u2013 Internet Explorer : https:\/\/support.microsoft.com\/fr-fr\/help\/17288\/windows-internet-explorer-11-use-do-not-track<\/p>\n<p>En savoir plus : https:\/\/fr.wikipedia.org\/wiki\/Do_Not_Track<\/p>\n<p>Si vous ne souhaitez pas que notre site enregistre des Cookies \u00e9mis par les r\u00e9seaux sociaux dans votre navigateur , vous pouvez cliquer sur les liens de d\u00e9sactivation suivants qui enregistreront au sein de votre navigateur un Cookie ayant pour unique objet de neutraliser l\u2019utilisation des autres cookies provenant d\u2019un m\u00eame \u00e9metteur. D\u00e9sactiver ces Cookies emp\u00eachera donc toute interaction avec le ou les r\u00e9seaux sociaux concern\u00e9s<\/p>\n<p>Pour FACEBOOK : https:\/\/www.facebook.com\/help\/568137493302217<br \/>\nPour TWITTER : https:\/\/support.twitter.com\/articles\/20171379#<br \/>\nPour GOOGLE + : https:\/\/support.google.com\/accounts\/answer\/61416?hl=fr<br \/>\nPour LINKEDIN : https:\/\/www.linkedin.com\/legal\/cookie-policy<br \/>\nPour YAHOO : https:\/\/policies.yahoo.com\/us\/en\/yahoo\/privacy\/topics\/cookies\/index.htm<br \/>\nPour YOUTUBE : https:\/\/support.google.com\/accounts\/answer\/61416?hl=fr<br \/>\nPour vous guider dans la d\u00e9marche de limiter vos traces sur le web, si vous le souhaitez, et en ayant conscience que cela pourra d\u00e9grader votre navigation sur notre site et l\u2019acc\u00e8s \u00e0 nos services et\/ou \u00e0 votre abonnement, nous vous invitons \u00e0 consulter la page suivante :<\/p>\n<p>https:\/\/www.cnil.fr\/vos-droits\/vos-traces\/les-cookies\/conseils-aux-internautes\/<\/p>\n<p>La CNIL (Commission Nationale Informatique et Libert\u00e9s) a r\u00e9alis\u00e9 une vid\u00e9o pour tout savoir sur les cookies. La vid\u00e9o est accessible ici : https:\/\/www.cnil.fr\/vos-droits\/vos-traces\/les-cookies\/#c5554<\/p>\n<p>\u00a9 2019 APREIS \/ br .<\/p>\n","protected":false},"excerpt":{"rendered":"<p>&nbsp; CONFIGURAR SEU NAVEGADOR &nbsp; Nous n\u2019avons aucun contr\u00f4le sur le processus employ\u00e9 par les r\u00e9seaux sociaux pour collecter des informations relatives \u00e0 votre navigation sur notre site et associ\u00e9es aux donn\u00e9es personnelles dont ils disposent. Nous vous invitons \u00e0 [&hellip;]<\/p>\n","protected":false},"author":50,"featured_media":0,"parent":0,"menu_order":0,"comment_status":"closed","ping_status":"closed","template":"tpl_full_page.php","meta":[],"_links":{"self":[{"href":"https:\/\/apreis.eu\/essas\/wp-json\/wp\/v2\/pages\/16985"}],"collection":[{"href":"https:\/\/apreis.eu\/essas\/wp-json\/wp\/v2\/pages"}],"about":[{"href":"https:\/\/apreis.eu\/essas\/wp-json\/wp\/v2\/types\/page"}],"author":[{"embeddable":true,"href":"https:\/\/apreis.eu\/essas\/wp-json\/wp\/v2\/users\/50"}],"replies":[{"embeddable":true,"href":"https:\/\/apreis.eu\/essas\/wp-json\/wp\/v2\/comments?post=16985"}],"version-history":[{"count":1,"href":"https:\/\/apreis.eu\/essas\/wp-json\/wp\/v2\/pages\/16985\/revisions"}],"predecessor-version":[{"id":16986,"href":"https:\/\/apreis.eu\/essas\/wp-json\/wp\/v2\/pages\/16985\/revisions\/16986"}],"wp:attachment":[{"href":"https:\/\/apreis.eu\/essas\/wp-json\/wp\/v2\/media?parent=16985"}],"curies":[{"name":"wp","href":"https:\/\/api.w.org\/{rel}","templated":true}]}}