{"id":17041,"date":"2020-09-18T14:15:22","date_gmt":"2020-09-18T12:15:22","guid":{"rendered":"https:\/\/apreis.eu\/essas\/?page_id=17041"},"modified":"2020-09-18T14:23:54","modified_gmt":"2020-09-18T12:23:54","slug":"politica-de-cookies","status":"publish","type":"page","link":"https:\/\/apreis.eu\/essas\/politica-de-cookies\/","title":{"rendered":"POL\u00cdTICA DE COOKIES"},"content":{"rendered":"<div id=\"container\" class=\"clear\">\n<div class=\"content content_full\">\n<div class=\"entry\">\n<div id=\"post_17075\" class=\"single clear post-17075 page type-page status-publish hentry\">\n<div class=\"post-content\">\n<div id=\"cmplz-document\" class=\"cmplz-document cookie-statement\">\n<p style=\"text-align: center;\"><strong><span style=\"font-size: 24pt;\">POL\u00cdTICA DE COOKIES<\/span><\/strong><\/p>\n<p>&nbsp;<\/p>\n<p><span style=\"font-size: 14pt;\">Le site web, https:\/\/apreis.eu\/essas utilise des cookies et des technologies li\u00e9es aux cookies. Des cookies sont \u00e9galement plac\u00e9s par des tierces parties<\/span><\/p>\n<p>&nbsp;<\/p>\n<h2><strong><span style=\"font-size: 18pt;\">O que s\u00e3o cookies ?<\/span><\/strong><\/h2>\n<p>Un cookie est une quantit\u00e9 simple d&#8217;informations envoy\u00e9e avec les pages de ce site web et stock\u00e9 par votre navigateur . Les informations qui y sont stock\u00e9es peuvent \u00eatre renvoy\u00e9es aux serveurs\u00a0 du dite ou aux serveurs des tierces parties concern\u00e9es lors d\u2019une visite ult\u00e9rieure.<\/p>\n<h2><span style=\"font-size: 18pt;\"><strong>O que s\u00e3o scripts ?<\/strong><\/span><\/h2>\n<p>Un script est un \u00e9l\u00e9ment de code utilis\u00e9 pour qu&#8217;un site web fonctionne correctement et de mani\u00e8re interactive. Ce code est ex\u00e9cut\u00e9 sur le serveur du site ou sur votre appareil.<\/p>\n<h2><strong>Cookies<\/strong><\/h2>\n<p class=\"cmplz-subtitle\">1 Cookies techniques ou fonctionnels<\/p>\n<p>Certains cookies assurent le fonctionnement correct de certaines parties du site web et la prise en compte de vos pr\u00e9f\u00e9rences en tant qu\u2019utilisateur. En pla\u00e7ant des cookies fonctionnels, nous vous facilitons la visite de notre site web. Ainsi, vous n\u2019avez pas besoin de saisir \u00e0 plusieurs reprises les m\u00eames informations lors de la visite de notre site web. Nous pouvons placer ces cookies sans votre consentement.<\/p>\n<p class=\"cmplz-subtitle\">2 Cookies analytiques<\/p>\n<p>Les statistiques sont suivies de fa\u00e7on anonyme, aucune permission n\u2019est donc demand\u00e9e pour placer des cookies analytiques.<\/p>\n<p class=\"cmplz-subtitle\">3\u00a0 Cookies des r\u00e9seaux sociaux<\/p>\n<p>Nous avons sur notre site web des liens de partage vers Facebook et Twitter.\u00a0 Ces liens\u00a0 peuvent \u00e9galement\u00a0 traiter certaines informations\u00a0 sur lesquelles\u00a0 n\u2019avons aucun contr\u00f4le sur le processus employ\u00e9 par ces r\u00e9seaux sociaux pour collecter des informations relatives \u00e0 votre navigation sur notre site et associ\u00e9es aux donn\u00e9es personnelles dont ils disposent. Pour contr\u00f4ler la gestion de ces cookies, vous pouvez vous rendre sur cette <a href=\"https:\/\/apreis.eu\/essas\/configurar-su-navegador\/\" rel=\"noopener noreferrer\">PAGE<\/a>\u00a0 .<\/p>\n<h2><span style=\"font-size: 18pt;\"><strong>Seus direitos em rela\u00e7\u00e3o aos dados pessoais <\/strong><\/span><\/h2>\n<p>Vous avez les droits suivants concernant vos donn\u00e9es personnelles\u00a0:<\/p>\n<ul>\n<li>Vous avez le droit de savoir pourquoi vos donn\u00e9es personnelles sont n\u00e9cessaires, ce qui leur arrivera et combien de temps elles seront conserv\u00e9es.<\/li>\n<li>Droit d\u2019acc\u00e8s\u00a0: vous avez le droit d\u2019acc\u00e9der \u00e0 vos donn\u00e9es personnelles que nous connaissons.<\/li>\n<li>Droit de rectification\u00a0: vous avez le droit \u00e0 tout moment de compl\u00e9ter, corriger, faire supprimer ou bloquer vos donn\u00e9es personnelles.<\/li>\n<li>Si vous nous donnez votre consentement pour le traitement de vos donn\u00e9es, vous avez le droit de r\u00e9voquer ce consentement et de faire supprimer vos donn\u00e9es personnelles.<\/li>\n<li>Droit de transf\u00e9rer vos donn\u00e9es\u00a0: vous avez le droit de demander toutes vos donn\u00e9es personnelles au responsable du traitement et de les transf\u00e9rer dans leur int\u00e9gralit\u00e9 \u00e0 un autre responsable du traitement.<\/li>\n<li>Droit d\u2019opposition\u00a0: vous pouvez vous opposer au traitement de vos donn\u00e9es. Nous obtemp\u00e9rerons, \u00e0 moins que certaines raisons ne justifient ce traitement.<\/li>\n<\/ul>\n<p>Pour exercer ces droits, vous pouvez nous contacter en nous \u00e9crivant aux coordonn\u00e9es\u00a0 indiqu\u00e9es au bas cette page. Si vous avez une plainte concernant la fa\u00e7on dont\u00a0 vos donn\u00e9es sont trait\u00e9es , nous aimerions en \u00eatre inform\u00e9, Vous avez \u00e9galement le droit de d\u00e9poser une plainte aupr\u00e8s de l\u2019autorit\u00e9 charg\u00e9e de la protection des donn\u00e9es, comme le CEPD).<\/p>\n<h2><span style=\"font-size: 18pt;\"><strong>Ativar \/ desativar e remover cookies <\/strong><\/span><\/h2>\n<p>Vous pouvez utiliser votre navigateur internet pour supprimer automatiquement ou manuellement les cookies. Vous pouvez \u00e9galement sp\u00e9cifier que certains cookies ne peuvent pas \u00eatre plac\u00e9s. Une autre option consiste \u00e0 modifier les r\u00e9glages de votre navigateur internet afin que vous receviez un message \u00e0 chaque fois qu\u2019un cookie est plac\u00e9. Pour plus d\u2019informations sur ces options, reportez-vous aux instructions de la page <a href=\"https:\/\/apreis.eu\/essas\/configurar-su-navegador\/\">Configurer votre navigateur .<\/a><\/p>\n<p>Veuillez noter que notre site web peut ne pas marcher correctement si tous les cookies sont d\u00e9sactiv\u00e9s. Si vous supprimez les cookies dans votre navigateur, ils seront de nouveau plac\u00e9s apr\u00e8s votre consentement lorsque vous revisiterez le site.<\/p>\n<p>&nbsp;<\/p>\n<p><span style=\"font-size: 18pt;\"><strong>Informa\u00e7\u00f5es de contato<\/strong><\/span><\/p>\n<p>Si tiene preguntas y \/ o comentarios sobre nuestra pol\u00edtica de cookies y esta declaraci\u00f3n, comun\u00edquese con nosotros utilizando los siguientes datos de contacto:<\/p>\n<p>APREIS<br \/>\n29 rue de l &#8216;\u00eele de conge 94430 Chennevieres<br \/>\nFrance<br \/>\nSite web : apreis.eu\/essas<br \/>\nE-mail\u00a0:\u00a0<a href=\"mailto:apreis@apreis.eu\">apreis@apreis.eu<\/a><\/p>\n<\/div>\n<p>&nbsp;<\/p>\n<p>Esta pol\u00edtica de cookies se actualiz\u00f3 por \u00faltima vez el 09\/11\/2020 y se aplica al Espacio Econ\u00f3mico Europeo.<\/p>\n<\/div>\n<\/div>\n<\/div>\n<\/div>\n<\/div>\n","protected":false},"excerpt":{"rendered":"<p>POL\u00cdTICA DE COOKIES &nbsp; Le site web, https:\/\/apreis.eu\/essas utilise des cookies et des technologies li\u00e9es aux cookies. Des cookies sont \u00e9galement plac\u00e9s par des tierces parties &nbsp; O que s\u00e3o cookies ? Un cookie est une quantit\u00e9 simple d&#8217;informations envoy\u00e9e [&hellip;]<\/p>\n","protected":false},"author":50,"featured_media":0,"parent":0,"menu_order":0,"comment_status":"closed","ping_status":"closed","template":"tpl_full_page.php","meta":[],"_links":{"self":[{"href":"https:\/\/apreis.eu\/essas\/wp-json\/wp\/v2\/pages\/17041"}],"collection":[{"href":"https:\/\/apreis.eu\/essas\/wp-json\/wp\/v2\/pages"}],"about":[{"href":"https:\/\/apreis.eu\/essas\/wp-json\/wp\/v2\/types\/page"}],"author":[{"embeddable":true,"href":"https:\/\/apreis.eu\/essas\/wp-json\/wp\/v2\/users\/50"}],"replies":[{"embeddable":true,"href":"https:\/\/apreis.eu\/essas\/wp-json\/wp\/v2\/comments?post=17041"}],"version-history":[{"count":2,"href":"https:\/\/apreis.eu\/essas\/wp-json\/wp\/v2\/pages\/17041\/revisions"}],"predecessor-version":[{"id":17043,"href":"https:\/\/apreis.eu\/essas\/wp-json\/wp\/v2\/pages\/17041\/revisions\/17043"}],"wp:attachment":[{"href":"https:\/\/apreis.eu\/essas\/wp-json\/wp\/v2\/media?parent=17041"}],"curies":[{"name":"wp","href":"https:\/\/api.w.org\/{rel}","templated":true}]}}