{"id":2036,"date":"2012-07-31T07:24:44","date_gmt":"2012-07-31T05:24:44","guid":{"rendered":"https:\/\/apreis.eu\/essas\/?page_id=2036"},"modified":"2016-12-09T16:36:09","modified_gmt":"2016-12-09T15:36:09","slug":"cse","status":"publish","type":"page","link":"https:\/\/apreis.eu\/essas\/equipe\/cse\/","title":{"rendered":"CSE"},"content":{"rendered":"<p style=\"text-align: center;\"><strong><br \/>\n<\/strong><span style=\"font-size: large;\"><strong>O CONSELHO<\/strong><strong>\u00a0CIENT\u00cdFICO<\/strong><strong>\u00a0<\/strong><strong>E<\/strong><strong>\u00a0<\/strong><strong>\u00c9TICO<\/strong><strong>\u00a0 (<\/strong><strong>CSE<\/strong><strong>)<\/strong><\/span><\/p>\n<p style=\"text-align: center;\"><strong><br \/>\n<\/strong><\/p>\n<p style=\"text-align: center;\"><img loading=\"lazy\" class=\"aligncenter\" title=\"soucoupe ptit\" src=\"https:\/\/apreis.eu\/essas\/wp-content\/uploads\/2012\/06\/soucoupe-ptit.jpg\" alt=\"\" width=\"650\" height=\"438\" \/><\/p>\n<p>&nbsp;<\/p>\n<h1 style=\"padding-left: 330px;\"><span style=\"color: #000000; font-size: x-small;\"><strong>F<\/strong><strong><a href=\"https:\/\/apreis.eu\/essas\/place\/flavio-aristone\/\"><span style=\"color: #000000;\">lavio Aristone<\/span><\/a><\/strong>, <em>Universidade Federal do Mato Grosso do Sul , Brasil<\/em><\/span><\/h1>\n<h1 style=\"padding-left: 330px;\"><span style=\"font-size: x-small;\"><strong style=\"color: #000000; font-size: x-small;\"><a title=\"ANTONIO ELIZALDE HEVIA\" href=\"https:\/\/apreis.eu\/essas\/place\/antonio-elizalde-hevia\/\"><span style=\"color: #000000;\">Antonio Elizalde H<\/span><\/a><\/strong><strong style=\"color: #000000; font-size: x-small;\"><a title=\"ANTONIO ELIZALDE HEVIA\" href=\"https:\/\/apreis.eu\/essas\/place\/antonio-elizalde-hevia\/\"><span style=\"color: #000000;\">evia<\/span><\/a><\/strong><span style=\"color: #000000;\">,<\/span><em><span style=\"color: #000000;\"> Universidad Bolivariana de Santiago, Chili<\/span><\/em><\/span><\/h1>\n<h1 style=\"padding-left: 330px;\"><span style=\"font-size: x-small;\"><span style=\"color: #000000;\"><strong><a style=\"color: #000000;\" href=\"https:\/\/apreis.eu\/essas\/place\/hugo-dayan\/\">Hugo Dayan<\/a><\/strong><strong>,<\/strong><\/span><em><strong><span style=\"color: #000000;\">\u00a0<\/span><\/strong><span style=\"color: #000000;\">Universit\u00e9 Pierre et Marie-Curie (UPMC)<\/span><\/em><\/span><\/h1>\n<h1 style=\"padding-left: 330px;\"><span style=\"font-size: x-small;\"><strong style=\"color: #000000; font-size: x-small;\"><a title=\"Pablo Guerra\" href=\"https:\/\/apreis.eu\/essas\/place\/pablo-guerra\/\"><span style=\"color: #000000;\">Pablo Guerra<\/span><\/a><\/strong><span style=\"color: #000000;\">, <em>Universidad de la Rep\u00fablica, Uruguay<\/em><\/span><\/span><\/h1>\n<h1 style=\"padding-left: 330px;\"><span style=\"font-size: x-small;\"><a style=\"font-size: x-small;\" href=\"https:\/\/apreis.eu\/essas\/place\/andre-joyal\/\"><span style=\"color: #000000;\"><strong>Andr\u00e9 Joyal<\/strong><\/span><\/a><span style=\"color: #000000;\">, <em>Universit\u00e9 de Quebec Trois Rivi\u00e8res, Canada<\/em><\/span><\/span><\/h1>\n<h1 style=\"padding-left: 330px;\"><span style=\"font-size: x-small;\"><strong style=\"color: #000000; font-size: x-small;\"><a title=\"Cleonice Alexandre Le Bourlegat\" href=\"https:\/\/apreis.eu\/essas\/place\/cleonice-le-bourlegat\/\"><span style=\"color: #000000;\">Cl\u00e9onice le Bourlegat<\/span><\/a><\/strong><span style=\"color: #000000;\">,<\/span><strong style=\"color: #000000; font-size: x-small;\">\u00a0<\/strong><em style=\"color: #000000; font-size: x-small;\">presidente\u00a0 do\u00a0\u00a0CSE,<\/em><em><span style=\"color: #000000;\">\u00a0Universidade Cat\u00f3lica Dom Bosco, MS-Brasil<\/span><\/em><\/span><\/h1>\n<h1 style=\"padding-left: 330px;\"><span style=\"font-size: x-small;\"><a style=\"font-size: x-small;\" href=\"https:\/\/apreis.eu\/essas\/place\/sabrina-liberatoscioli\/\"><span style=\"color: #000000;\"><strong>Sabrina Liberatoscioli<\/strong><\/span><\/a><span style=\"color: #000000;\">, <em>ONG Centro Studi Americanistici, Italia<\/em><\/span><\/span><\/h1>\n<h1 style=\"padding-left: 330px;\"><span style=\"font-size: x-small;\"><strong style=\"color: #000000; font-size: x-small;\"><a title=\"NICOLAS MEYER\" href=\"https:\/\/apreis.eu\/essas\/place\/nicolas-meyer\/\"><span style=\"color: #000000;\">Nicolas Meyer<\/span><\/a><\/strong><span style=\"color: #000000;\">, <em>ONG Nuestras Huellas, Argentina \u00a0<\/em><\/span><\/span><\/h1>\n<h1 style=\"padding-left: 330px;\"><strong style=\"font-size: x-small;\"><span style=\"color: #000000;\"><a href=\"https:\/\/apreis.eu\/essas\/place\/dalva-mirian-coura-aveiro\/\"><span style=\"color: #000000;\">Dalva Mirian Coura\u00a0<\/span><\/a><a href=\"https:\/\/apreis.eu\/essas\/place\/dalva-mirian-coura-aveiro\/\"><span style=\"color: #000000;\">Aveiro<\/span><\/a><\/span>,\u00a0<\/strong><em style=\"color: #000000; font-size: x-small;\">\u00a0Incubadora Tecnol\u00f3gica de Cooperativas Populares da Universidade Federal de Mato Grosso do Sul Brasil<\/em><\/h1>\n<h1 style=\"padding-left: 330px;\"><span style=\"font-size: x-small;\"><a style=\"font-size: x-small;\" href=\"https:\/\/apreis.eu\/essas\/place\/silvana-parente\/\"><span style=\"color: #000000;\"><strong>Silvana Parente<\/strong><\/span><\/a><span style=\"color: #000000;\">,\u00a0<em>Insitute\u00a0 Asessoria para o Desenvolvimento Humano, Brasil<\/em><\/span><\/span><\/h1>\n<h1 style=\"padding-left: 330px;\"><span style=\"font-size: x-small;\"><a style=\"font-size: x-small;\" href=\"https:\/\/apreis.eu\/essas\/place\/dominique-vanneste\/\"><span style=\"color: #000000;\"><strong>Dominique Vanneste<\/strong><\/span><\/a><span style=\"color: #000000;\">,\u00a0<em>Universit\u00e9 Catholique de Leuven, Belgique<\/em><\/span><\/span><\/h1>\n<h1 style=\"padding-left: 330px;\"><span style=\"font-size: x-small;\"><strong style=\"color: #000000; font-size: x-small;\"><a title=\"Tania Zapata\" href=\"https:\/\/apreis.eu\/essas\/place\/tania-zapata\/\"><span style=\"color: #000000;\">Tania Zapata<\/span><\/a><\/strong><span style=\"color: #000000;\">,<\/span><span style=\"color: #000000;\">\u00a0<em>Instituto de Assessoria para o Desinvolvimento Humano, Brasil<\/em><\/span><\/span><\/h1>\n<h1 style=\"padding-left: 330px;\"><span style=\"font-size: x-small;\"><a style=\"font-size: x-small;\" href=\"https:\/\/apreis.eu\/essas\/place\/naoufel-ziadi\/\"><span style=\"color: #000000;\"><strong>Naouffel Ziadi<\/strong><\/span><\/a><span style=\"color: #000000;\">,\u00a0<em>Centre d\u2019Etudes et de Recherches Economiques et Sociales, Tunisie<\/em><\/span><\/span><\/h1>\n<div style=\"padding-left: 120px; text-align: justify;\">\n<p>&nbsp;<\/p>\n<p><span style=\"font-size: x-small;\"><span style=\"font-size: small;\"><strong>O CONSELHO<\/strong><strong>\u00a0CIENT\u00cdFICO<\/strong><strong>\u00a0<\/strong><strong>E<\/strong><strong>\u00a0<\/strong><strong>\u00c9TICO<\/strong><strong>\u00a0 (<\/strong><strong>CSE<\/strong><\/span><strong><span style=\"font-size: small;\">)<\/span><br \/>\n<\/strong><\/span><span style=\"font-size: small;\">Os membros do Conselho cient\u00edfico e \u00e9tica s\u00e3o propostos pelos parceiros do programa e s\u00e3o nomeados com base na sua especializa\u00e7\u00e3o em desenvolvimento sustent\u00e1vel, desenvolvimento local e economia solid\u00e1ria pelo diretor cientifico do programa ESSAS.<br \/>\nO Conselho Cient\u00edfico e \u00c9tico \u00e9 um \u00f3rg\u00e3o consultivo, cujo objetivo \u00e9 garantir uma abordagem \u00e9tica e cient\u00edfica da pesquisa e dos resultados. O Conselho atende a pedido do seu presidente\u00a0ou da Dire\u00e7\u00e3o cient\u00edfica do programa para :<br \/>\n*Dar um parecer sobre o andamento do programa<br \/>\n*Examinar e dar seu parecer sobre a pertin\u00eancia cient\u00edfica\u00a0do andamento<br \/>\n*Organizar a avalia\u00e7\u00e3o cientifica do andamento e dos resultados nas condi\u00e7\u00f5es estabelecidas pela Dire\u00e7\u00e3o Cientifica do Programa<br \/>\n*Dar um parecer sobre a ades\u00e3o de novos parceiros suscet\u00edveis de serem associados ou de participar do programa<br \/>\n*Realizar a avalia\u00e7\u00e3o da atividade cient\u00edfica. Para a avalia\u00e7\u00e3o, o Conselho pode se apoiar, conforme necess\u00e1rio, em especialistas que ele nomeia e define as miss\u00f5es. No entanto a Dire\u00e7\u00e3o cient\u00edfica\u00a0do programa pode solicitar uma avalia\u00e7\u00e3o de suas atividades por uma inst\u00e2ncia externa.<br \/>\n*Formular todas as proposi\u00e7\u00f5es de novas redes de colabora\u00e7\u00e3o cient\u00edfica e sobre as extens\u00f5es do programa inicial<br \/>\n*Zelar pelas condi\u00e7\u00f5es de manuten\u00e7\u00e3o dos objetivos cient\u00edficos\u00a0e \u00e9ticos do programa em seus desenvolvimentos ulteriores.<\/span><\/p>\n<\/div>\n<div style=\"padding-left: 60px;\"><span style=\"font-size: small;\">\u00a0<\/span><\/div>\n","protected":false},"excerpt":{"rendered":"<p>O CONSELHO\u00a0CIENT\u00cdFICO\u00a0E\u00a0\u00c9TICO\u00a0 (CSE) &nbsp; Flavio Aristone, Universidade Federal do Mato Grosso do Sul , Brasil Antonio Elizalde Hevia, Universidad Bolivariana de Santiago, Chili Hugo Dayan,\u00a0Universit\u00e9 Pierre et Marie-Curie (UPMC) Pablo Guerra, Universidad de la Rep\u00fablica, Uruguay Andr\u00e9 Joyal, Universit\u00e9 de [&hellip;]<\/p>\n","protected":false},"author":50,"featured_media":0,"parent":3020,"menu_order":0,"comment_status":"closed","ping_status":"closed","template":"tpl_full_page.php","meta":[],"_links":{"self":[{"href":"https:\/\/apreis.eu\/essas\/wp-json\/wp\/v2\/pages\/2036"}],"collection":[{"href":"https:\/\/apreis.eu\/essas\/wp-json\/wp\/v2\/pages"}],"about":[{"href":"https:\/\/apreis.eu\/essas\/wp-json\/wp\/v2\/types\/page"}],"author":[{"embeddable":true,"href":"https:\/\/apreis.eu\/essas\/wp-json\/wp\/v2\/users\/50"}],"replies":[{"embeddable":true,"href":"https:\/\/apreis.eu\/essas\/wp-json\/wp\/v2\/comments?post=2036"}],"version-history":[{"count":3,"href":"https:\/\/apreis.eu\/essas\/wp-json\/wp\/v2\/pages\/2036\/revisions"}],"predecessor-version":[{"id":6968,"href":"https:\/\/apreis.eu\/essas\/wp-json\/wp\/v2\/pages\/2036\/revisions\/6968"}],"up":[{"embeddable":true,"href":"https:\/\/apreis.eu\/essas\/wp-json\/wp\/v2\/pages\/3020"}],"wp:attachment":[{"href":"https:\/\/apreis.eu\/essas\/wp-json\/wp\/v2\/media?parent=2036"}],"curies":[{"name":"wp","href":"https:\/\/api.w.org\/{rel}","templated":true}]}}