{"id":3692,"date":"2014-06-21T03:55:27","date_gmt":"2014-06-21T01:55:27","guid":{"rendered":"https:\/\/apreis.eu\/essas\/?page_id=3692"},"modified":"2022-09-22T18:57:37","modified_gmt":"2022-09-22T16:57:37","slug":"contatos","status":"publish","type":"page","link":"https:\/\/apreis.eu\/essas\/interacoes\/contatos\/","title":{"rendered":"CONTATOS"},"content":{"rendered":"<div>\n<div style=\"text-align: right;\"><span style=\"font-size: large;\"><strong>CONTATOS ESSAS<\/strong><\/span><\/div>\n<p>&nbsp;<\/p>\n<p style=\"text-align: center;\"><img loading=\"lazy\" class=\"aligncenter\" title=\"couleur\" src=\"https:\/\/apreis.eu\/essas\/wp-content\/uploads\/2012\/06\/couleur.jpg\" alt=\"\" width=\"465\" height=\"333\" \/><\/p>\n<p>&nbsp;<\/p>\n<\/div>\n<p><strong>\u00a0<span style=\"font-size: large;\">CONTATOS ESSAS<\/span><\/strong><\/p>\n<p style=\"text-align: center;\"><div role=\"form\" class=\"wpcf7\" id=\"wpcf7-f7122-o1\" lang=\"pt-BR\" dir=\"ltr\">\n<div class=\"screen-reader-response\"><p role=\"status\" aria-live=\"polite\" aria-atomic=\"true\"><\/p> <ul><\/ul><\/div>\n<form action=\"\/essas\/wp-json\/wp\/v2\/pages\/3692#wpcf7-f7122-o1\" method=\"post\" class=\"wpcf7-form init\" novalidate=\"novalidate\" data-status=\"init\">\n<div style=\"display: none;\">\n<input type=\"hidden\" name=\"_wpcf7\" value=\"7122\" \/>\n<input type=\"hidden\" name=\"_wpcf7_version\" value=\"5.4.1\" \/>\n<input type=\"hidden\" name=\"_wpcf7_locale\" value=\"pt_BR\" \/>\n<input type=\"hidden\" name=\"_wpcf7_unit_tag\" value=\"wpcf7-f7122-o1\" \/>\n<input type=\"hidden\" name=\"_wpcf7_container_post\" value=\"0\" \/>\n<input type=\"hidden\" name=\"_wpcf7_posted_data_hash\" value=\"\" \/>\n<\/div>\n<p><label> Seu nome (obrigat\u00f3rio)<br \/>\n    <span class=\"wpcf7-form-control-wrap your-name\"><input type=\"text\" name=\"your-name\" value=\"\" size=\"40\" class=\"wpcf7-form-control wpcf7-text wpcf7-validates-as-required\" aria-required=\"true\" aria-invalid=\"false\" \/><\/span> <\/label><\/p>\n<p><label> Seu e-mail (obrigat\u00f3rio)<br \/>\n    <span class=\"wpcf7-form-control-wrap your-email\"><input type=\"email\" name=\"your-email\" value=\"\" size=\"40\" class=\"wpcf7-form-control wpcf7-text wpcf7-email wpcf7-validates-as-required wpcf7-validates-as-email\" aria-required=\"true\" aria-invalid=\"false\" \/><\/span> <\/label><\/p>\n<p><label> Assunto<br \/>\n    <span class=\"wpcf7-form-control-wrap your-subject\"><input type=\"text\" name=\"your-subject\" value=\"\" size=\"40\" class=\"wpcf7-form-control wpcf7-text\" aria-invalid=\"false\" \/><\/span> <\/label><\/p>\n<p><label> Sua mensagem<br \/>\n    <span class=\"wpcf7-form-control-wrap your-message\"><textarea name=\"your-message\" cols=\"40\" rows=\"10\" class=\"wpcf7-form-control wpcf7-textarea\" aria-invalid=\"false\"><\/textarea><\/span> <\/label><\/p>\n<p><span class=\"wpcf7-form-control-wrap change-the-name-if-you-wish\"><span class=\"wpcf7-form-control wpcf7-acceptance\"><span class=\"wpcf7-list-item\"><label><input type=\"checkbox\" name=\"change-the-name-if-you-wish\" value=\"1\" aria-invalid=\"false\" \/><span class=\"wpcf7-list-item-label\">Eu entendo que meu nome e email ser\u00e3o registrados para nos permitir entrar em contato com voc\u00ea. Para mais informa\u00e7\u00f5es, ler <a href=\"https:\/\/apreis.eu\/essas\/politica-de-privacidade\/\" target=\"_blank\" rel=\"noopener\"> nossa politica de privacidade <\/a><\/span><\/label><\/span><\/span><\/span><\/p>\n<p><input type=\"submit\" value=\"Enviar\" class=\"wpcf7-form-control wpcf7-submit\" \/><\/p>\n<p style=\"display: none !important;\"><label>&#916;<textarea name=\"_wpcf7_ak_hp_textarea\" cols=\"45\" rows=\"8\" maxlength=\"100\"><\/textarea><\/label><input type=\"hidden\" id=\"ak_js_1\" name=\"_wpcf7_ak_js\" value=\"139\"\/><script>document.getElementById( \"ak_js_1\" ).setAttribute( \"value\", ( new Date() ).getTime() );<\/script><\/p><div class=\"wpcf7-response-output\" aria-hidden=\"true\"><\/div><\/form><\/div><\/p>\n","protected":false},"excerpt":{"rendered":"<p>CONTATOS ESSAS &nbsp; &nbsp; \u00a0CONTATOS ESSAS<\/p>\n","protected":false},"author":50,"featured_media":0,"parent":1533,"menu_order":4,"comment_status":"closed","ping_status":"closed","template":"tpl_full_page.php","meta":[],"_links":{"self":[{"href":"https:\/\/apreis.eu\/essas\/wp-json\/wp\/v2\/pages\/3692"}],"collection":[{"href":"https:\/\/apreis.eu\/essas\/wp-json\/wp\/v2\/pages"}],"about":[{"href":"https:\/\/apreis.eu\/essas\/wp-json\/wp\/v2\/types\/page"}],"author":[{"embeddable":true,"href":"https:\/\/apreis.eu\/essas\/wp-json\/wp\/v2\/users\/50"}],"replies":[{"embeddable":true,"href":"https:\/\/apreis.eu\/essas\/wp-json\/wp\/v2\/comments?post=3692"}],"version-history":[{"count":4,"href":"https:\/\/apreis.eu\/essas\/wp-json\/wp\/v2\/pages\/3692\/revisions"}],"predecessor-version":[{"id":7128,"href":"https:\/\/apreis.eu\/essas\/wp-json\/wp\/v2\/pages\/3692\/revisions\/7128"}],"up":[{"embeddable":true,"href":"https:\/\/apreis.eu\/essas\/wp-json\/wp\/v2\/pages\/1533"}],"wp:attachment":[{"href":"https:\/\/apreis.eu\/essas\/wp-json\/wp\/v2\/media?parent=3692"}],"curies":[{"name":"wp","href":"https:\/\/api.w.org\/{rel}","templated":true}]}}