{"id":781,"date":"2012-05-28T11:40:36","date_gmt":"2012-05-28T09:40:36","guid":{"rendered":"https:\/\/apreis.eu\/essas\/?page_id=781"},"modified":"2015-12-17T16:04:25","modified_gmt":"2015-12-17T15:04:25","slug":"sintese","status":"publish","type":"page","link":"https:\/\/apreis.eu\/essas\/sintese\/","title":{"rendered":"PROGRAMA ESSAS : Sintese"},"content":{"rendered":"<p style=\"text-align: justify;\" align=\"center\"><strong><strong>\u00a0\u00a0<\/strong><\/strong><\/p>\n<p style=\"text-align: center;\" align=\"center\">INOVA\u00c7\u00d5ES LOCAIS SUSTENTAVEIS DA ECONOMIA SOLIDARIA\u00a0NA AMERICA DO SUL<br \/>\nCriterios.\u00a0Campos de aplica\u00e7\u00e3o.\u00a0Invent\u00e1rio. Mapeamento. Inclus\u00e3o em rede<\/p>\n<p align=\"center\"><strong style=\"font-size: medium;\">P\u00f4r em luz \u00a0o papel \u00a0dos atores da economia solid\u00e1ria<br \/>\n<\/strong><strong style=\"font-size: medium;\">e <\/strong><strong style=\"font-size: medium;\">territorializar o desenvolvimento sustent\u00e1vel<\/strong><\/p>\n<p>&nbsp;<\/p>\n<p style=\"text-align: justify;\">Inventariar, classificar, mapear, difundir, partilhar, discutir, semear e articular,\u00a0<em>em linhas colaborativas e em liga\u00e7\u00f5es interativas<\/em>, as inova\u00e7\u00f5es sustent\u00e1veis locais da economia solid\u00e1ria podem contribuir conjuntamente na sua coer\u00eancia, seu crescimento e sua sustentabilidade e permitir a territorializa\u00e7\u00e3o\u00a0da sustentabilidade, a\u00a0 estimativa dos seus atores e o desenvolvimento local na Am\u00e9rica Latina.<br \/>\nMas este programa pode tamb\u00e9m servir \u00e0 emerg\u00eancia institucional e cient\u00edfica na escala mundial deste terceiro polo de racionalidade econ\u00f4mica, que reatualiza e requer a pr\u00e1tica da sustentabilidade pelo local e para a sustentabilidade global e na qual o ator civil \u00e9 reconhecido como um parceiro maior.<br \/>\nO programa de mapeamento de uma economia,\u00a0<em>baseado no princ\u00edpio\u00a0 da reciprocidade e concebido por pessoas que se associam livremente e respondem civilmente \u00e0s necessidades locais criando elos materiais e imateriais e novas rela\u00e7\u00f5es de solidariedade local<\/em>, contemplara inicialmente seis campos chaves :\u00a0*Fabrica\u00e7\u00e3o de bens a partir da recupera\u00e7\u00e3o do lixo ou de materiais renov\u00e1veis\u00a0\u00a0*Turismo \u00a0 \u00a0*Finan\u00e7as \u00a0 *Agricultura rural e urbana\u00a0*Produ\u00e7\u00e3o cultural, art\u00edstica e artesanal\u00a0\u00a0<span style=\"font-size: small;\">*Com\u00e9rcio<\/span><\/p>\n<p style=\"text-align: justify;\">Este programa prop\u00f5e \u00e0s comunidades locais de considerar-se como atores da regula\u00e7\u00e3o descentralizada da sustentabilidade da economia global e de apoiar o desenvolvimento na escala mundial de um terceiro p\u00f3lo de racionalidade econ\u00f4mica que permita a sustentabilidade de dar senso e dire\u00e7\u00e3o \u00e0 globaliza\u00e7\u00e3o econ\u00f4mica : territorializar o desenvolvimento sustent\u00e1vel.<br \/>\nO mapeamento ser\u00e1 posteriormente continuado e ampliado pelos atores da economia solid\u00e1ria por meio da implanta\u00e7\u00e3o da rede ESSAS \u00a0e ser\u00e1 estendido aos continentes europeu e africano.<\/p>\n<p style=\"text-align: justify;\"><span style=\"font-size: small;\"><strong><br \/>\nPertin\u00eancia. Objetivos. \u00a0<\/strong><\/span><\/p>\n<p style=\"text-align: justify;\">Ao introduzir em seu objeto social o imperativo da adapta\u00e7\u00e3o das necessidades humanas \u00e0s capacidades globais da natureza, este polo, constru\u00eddo sobre l\u00f3gicas diferentes daquelas baseadas em rivalidades ou regula\u00e7\u00f5es centralizadas, poderia ser capaz de renovar as abordagens econ\u00f4micas e internacionais do desenvolvimento sustent\u00e1vel, ainda dominadas pelas racionalidades, conjugadas ou concorrentes, mas tanto quanto impotentes, da dupla Estado-Mercado.<\/p>\n<p>&nbsp;<\/p>\n<p style=\"text-align: center;\"><img loading=\"lazy\" class=\"aligncenter\" style=\"border: 1px solid black;\" title=\"cg\" src=\"https:\/\/apreis.eu\/essas\/esp\/wp-content\/uploads\/2012\/02\/cg-300x225.jpg\" alt=\"\" width=\"450\" height=\"337\" \/><\/p>\n<p>&nbsp;<\/p>\n<p style=\"text-align: justify;\">Fundamentada no principio da reciprocidade, sem\u00a0 estar desprovida do \u201cespirito de empresa\u201d e do espirito de risco,\u00a0 a economia solid\u00e1ria participa da efici\u00eancia econ\u00f4mica e social dos modos de organiza\u00e7\u00e3o econ\u00f4mica local. \u00c9 o caso na Am\u00e9rica Latina e principalmente no Brasil em que ela se encontra presente localmente em v\u00e1rios campos de atividades e se manifesta por uma implica\u00e7\u00e3o contributiva e redistributiva localizada, misturando fluxos materiais e fluxos simb\u00f3licos.\u00a0 Seu funcionamento baseia-se num hibridismo equilibrado, associativamente constru\u00eddo, entre diversas l\u00f3gicas (recursos de mercado, recursos n\u00e3o mercantis da redistribui\u00e7\u00e3o, recursos n\u00e3o monet\u00e1rios, recursos monet\u00e1rios obtidos de interc\u00e2mbios equit\u00e1veis ou de finan\u00e7as solidarias).<\/p>\n<p style=\"text-align: justify;\">O programa ESSAS, que alia conceitos, trabalho de campo e tecnologias avan\u00e7adas da informa\u00e7\u00e3o, vai permitir o debate, estimular a pesquisa, sensibilizar as popula\u00e7\u00f5es\u00a0 e desenvolver a capacidade de reflex\u00e3o dos atores da economia solid\u00e1ria. Ele tornar\u00e1 vis\u00edveis as atividades da economia solid\u00e1ria que respondem aos crit\u00e9rios da sustentabilidade. Ele contribuir\u00e1 ao desenvolvimento das coopera\u00e7\u00f5es, dos interc\u00e2mbios de informa\u00e7\u00e3o e das boas pr\u00e1ticas entre seus atores e ainda facilitar\u00e1 suas articula\u00e7\u00f5es locais, continentais e intercontinentais. Portanto, ele aumentar\u00e1 a coer\u00eancia do conjunto de suas atividades. Ao permitir as trocas de informa\u00e7\u00e3o entre seus atores e os produtores de conhecimentos, poderia ainda ajudar a economia solid\u00e1ria a ser reconhecida como um ator de efici\u00eancia e de sustentabilidade da economia local e de suas amenidades e, a tornar-se um polo local de regula\u00e7\u00e3o decentralizada da sustentabilidade da economia mundial.<\/p>\n<p style=\"text-align: justify;\">Os procedimentos cient\u00edficos e os valores \u00e9ticos do Programa ESSAS participar\u00e3o na resolu\u00e7\u00e3o ao fato de que, em Am\u00e9rica Latina e nomeadamente o Brasil, o cooperativismo ainda sofre de uma imagem negativa, conseq\u00fc\u00eancia dos v\u00ednculos pol\u00edticos dos seus regimes anteriores.<\/p>\n<p style=\"text-align: justify;\">Em longo prazo, o desenvolvimento deste polo de racionalidade econ\u00f4mica, que\u00a0 re\u00fane autonomia dom\u00e9stica, responsabilidade social, cria\u00e7\u00e3o\u00a0 civil e novos elos sociais\u00a0 tanto na escala local como na mundial,\u00a0 dar\u00e1\u00a0 a seus atores o poder de contribuir na formula\u00e7\u00e3o\u00a0 de politicas p\u00fablicas, local e mundial, mais equilibradas e mais coerentes. \u00a0Aumentar\u00e1 desse modo, o poder de influ\u00eancia do ator local e do ator civil mundial sobre os agentes da economia de mercado para que estes adotem comportamentos mais \u00e9ticos e mais respons\u00e1veis, na melhoria da prote\u00e7\u00e3o da natureza, no respeito \u00e0 diversidade cultural, nos direitos humanos e no bem estar das popula\u00e7\u00f5es, de quem depende a sustentabilidade da economia e deve ser o seu objetivo.<\/p>\n<p style=\"text-align: justify;\">Consequentemente, a economia solid\u00e1ria\u00a0 \u00e9 nem uma economia da pobreza\u00a0\u00a0 nem uma economia para os pobres. \u00c9 uma ambi\u00e7\u00e3o que deve permitir a (re) territorializa\u00e7\u00e3o da sustentabilidade que n\u00e3o \u00e9 um conceito territorial mas um conceito hol\u00edstico e global.<\/p>\n<p style=\"text-align: justify;\">Ligando prote\u00e7\u00e3o ambiental, desempenho\u00a0e inclus\u00e3o social, pensando o local como territ\u00f3rio de iniciativas e de projetos, preservando a autonomia do desenvolvimento local, articulando a sustentabilidade local para a sustentabilidade global,\u00a0 insistindo sobre a necessidade de associar inova\u00e7\u00f5es, sustentabilidade e economia solid\u00e1ria, conjugando luta contra a pobreza e sustentabilidade ambiental e inserindo-as no \u00a0contexto do desenvolvimento local nas suas articula\u00e7\u00f5es com a regula\u00e7\u00e3o descentralizada da sustentabilidade da economia mundial, o Programa ESSAS oferece uma alternativa \u00e0s pol\u00edticas institucionais da luta contra a pobreza que s\u00e3o fundadas sobre a assist\u00eancia.<\/p>\n<p style=\"text-align: justify;\">A realiza\u00e7\u00e3o desta alternativa exige primeiro o conhecimento e o reconhecimento dos\u00a0 \u201csaber-fazer\u201d populares locais e a utilidade social, \u00e0 escala local, nacional \u00a0e mundial, dos atores da economia solidaria, \u00a0a forma\u00e7\u00e3o dos seus gestores e a capacita\u00e7\u00e3o dos seus empreendedores.<\/p>\n<p>&nbsp;<\/p>\n<p style=\"text-align: center;\"><img loading=\"lazy\" class=\"aligncenter\" style=\"border: 1px solid black;\" title=\"Natal 8\" src=\"https:\/\/apreis.eu\/essas\/esp\/wp-content\/uploads\/2012\/02\/Natal-8-300x242.jpg\" alt=\"\" width=\"450\" height=\"337\" \/><\/p>\n<p>&nbsp;<\/p>\n<p style=\"text-align: justify;\">Permitir a auto estimativa individual e colectiva dos actores\u00a0 directos da economia solid\u00e1ria, deveria ser o objectivo\u00a0 priorit\u00e1rio dos estruturas institucionais e n\u00e3o institucionais que participam \u00a0nesta luta, cujo os produtores institucionais e n\u00e3o institucionais de conhecimentos.<\/p>\n<p style=\"text-align: justify;\">Focando na integra\u00e7\u00e3o da prote\u00e7\u00e3o ambiental e dos sistemas de informa\u00e7\u00e3o na economia solidaria, o programa ESSAS pode destacar a efici\u00eancia local e o interesse nacional dos agentes de uma economia que participa na coes\u00e3o social na Am\u00e9rica do Sul e especialmente no Brasil. O programa pode identificar as atividades que desenham as comunidades locais globais. Localizadas, mas interligadas local, nacional e global, elas s\u00e3o capazes de agir para a sustentabilidade global e sua implementa\u00e7\u00e3o pelo local.<\/p>\n<p>&nbsp;<\/p>\n","protected":false},"excerpt":{"rendered":"<p>\u00a0\u00a0 INOVA\u00c7\u00d5ES LOCAIS SUSTENTAVEIS DA ECONOMIA SOLIDARIA\u00a0NA AMERICA DO SUL Criterios.\u00a0Campos de aplica\u00e7\u00e3o.\u00a0Invent\u00e1rio. Mapeamento. Inclus\u00e3o em rede P\u00f4r em luz \u00a0o papel \u00a0dos atores da economia solid\u00e1ria e territorializar o desenvolvimento sustent\u00e1vel &nbsp; Inventariar, classificar, mapear, difundir, partilhar, discutir, semear [&hellip;]<\/p>\n","protected":false},"author":50,"featured_media":0,"parent":0,"menu_order":0,"comment_status":"open","ping_status":"open","template":"tpl_full_page.php","meta":[],"_links":{"self":[{"href":"https:\/\/apreis.eu\/essas\/wp-json\/wp\/v2\/pages\/781"}],"collection":[{"href":"https:\/\/apreis.eu\/essas\/wp-json\/wp\/v2\/pages"}],"about":[{"href":"https:\/\/apreis.eu\/essas\/wp-json\/wp\/v2\/types\/page"}],"author":[{"embeddable":true,"href":"https:\/\/apreis.eu\/essas\/wp-json\/wp\/v2\/users\/50"}],"replies":[{"embeddable":true,"href":"https:\/\/apreis.eu\/essas\/wp-json\/wp\/v2\/comments?post=781"}],"version-history":[{"count":4,"href":"https:\/\/apreis.eu\/essas\/wp-json\/wp\/v2\/pages\/781\/revisions"}],"predecessor-version":[{"id":6724,"href":"https:\/\/apreis.eu\/essas\/wp-json\/wp\/v2\/pages\/781\/revisions\/6724"}],"wp:attachment":[{"href":"https:\/\/apreis.eu\/essas\/wp-json\/wp\/v2\/media?parent=781"}],"curies":[{"name":"wp","href":"https:\/\/api.w.org\/{rel}","templated":true}]}}