{"id":90,"date":"2012-02-21T21:46:35","date_gmt":"2012-02-21T21:46:35","guid":{"rendered":"https:\/\/siamtravelmap.com\/essas\/?page_id=90"},"modified":"2012-08-06T21:23:17","modified_gmt":"2012-08-06T19:23:17","slug":"tarefas","status":"publish","type":"page","link":"https:\/\/apreis.eu\/essas\/tarefas\/","title":{"rendered":"TAREFAS"},"content":{"rendered":"<p style=\"text-align: justify;\"><span style=\"font-size: x-large;\"><strong>TAREFAS<\/strong><\/span><\/p>\n<p style=\"text-align: center;\"><span style=\"font-size: large;\"><strong>P\u00f4r em luz \u00a0o papel \u00a0dos atores da economia solid\u00e1ria<br \/>\n<\/strong><strong>e\u00a0<\/strong><strong>territorializar o desenvolvimento sustent\u00e1vel<\/strong><\/span><\/p>\n<p>&nbsp;<\/p>\n<p style=\"text-align: center;\"><img loading=\"lazy\" class=\"aligncenter  wp-image-2314\" title=\"La luz (2)\" src=\"https:\/\/apreis.eu\/essas\/wp-content\/uploads\/2012\/02\/La-luz-2.jpg\" alt=\"\" width=\"512\" height=\"384\" srcset=\"https:\/\/apreis.eu\/essas\/wp-content\/uploads\/2012\/02\/La-luz-2.jpg 640w, https:\/\/apreis.eu\/essas\/wp-content\/uploads\/2012\/02\/La-luz-2-300x225.jpg 300w\" sizes=\"(max-width: 512px) 100vw, 512px\" \/><\/p>\n<p>1. Definir os crit\u00e9rios t\u00e9cnicos e pr\u00e1ticos das inova\u00e7\u00f5es sustent\u00e1veis da Economia Solidaria<\/p>\n<p>2. Inventariar no campo as atividades inovadoras sustent\u00e1veis de economia solid\u00e1ria<\/p>\n<p>3. Modelar qualitativamente as atividades sustent\u00e1veis da economia solid\u00e1ria.<\/p>\n<p>4. Criar um site digital interativo web2.0 e incluir na rede os atores da economia solid\u00e1ria para poderem acessar diretamente suas informa\u00e7\u00f5es, para divulgar e compartilhar suas boas pr\u00e1ticas e seus projetos.<\/p>\n<p>5. Mapear e em seguida difundir para fazer conhecer os atores, as iniciativas e as atividades inovastes da Economia Solidaria na Am\u00e9rica do Sul.<\/p>\n<p>6. Por em rede os atores inovadores da economia solid\u00e1ria Sul-americana e os produtores institucionais e n\u00e3o institucionais de conhecimentos, que lhes permita compartilhar suas informa\u00e7\u00f5es, refor\u00e7ar o conhecimento e a pesquisa da economia solid\u00e1ria, melhorar as pr\u00e1ticas, estudar os modos de transposi\u00e7\u00e3o culturais e metodol\u00f3gicos, ajudar na decis\u00e3o dos atores p\u00fablicos e permitir a dissemina\u00e7\u00e3o.<\/p>\n<p>7. Desenvolver as rela\u00e7\u00f5es de compartilhamento de informa\u00e7\u00f5es e conhecimentos entre os atores, profissionais pr\u00e1ticos e pesquisadores, incluindo Europa, \u00c1frica e Am\u00e9rica do Sul.<\/p>\n<p>8. Promover a ado\u00e7\u00e3o dos princ\u00edpios de sustentabilidade na economia solid\u00e1ria.<\/p>\n<p>9. Promover os atores e as atividades de economia solid\u00e1ria que atendem aos crit\u00e9rios de sustentabilidade. Facilitar as coopera\u00e7\u00f5es e as articula\u00e7\u00f5es locais entre todos os seus atores.<\/p>\n<p>10. Tornar vis\u00edveis as iniciativas de sustentabilidade, colocadas em pr\u00e1tica pelos empreendedores da economia solid\u00e1ria e promover as iniciativas promissoras.<\/p>\n<p>11. Promover os micro-projetos de desenvolvimento local sustent\u00e1vel da economia solid\u00e1ria combinando o Primeiro Objetivo do Mil\u00e9nio para o Desenvolvimento, a redu\u00e7\u00e3o da pobreza extrema e a fome, a prote\u00e7\u00e3o ambiental.<\/p>\n<p>12. Fazer da rede ESSAS sua pr\u00f3pria rede, por meio de sua inclus\u00e3o nela, de modo a permitir que esse mapeamento seja continuado e ampliado pelos mesmos atores da economia solid\u00e1ria em n\u00edvel intercontinental,\u00a0come\u00e7ando\u00a0pela\u00a0Europa.<\/p>\n<p style=\"text-align: justify; padding-left: 150px;\">\n","protected":false},"excerpt":{"rendered":"<p>TAREFAS P\u00f4r em luz \u00a0o papel \u00a0dos atores da economia solid\u00e1ria e\u00a0territorializar o desenvolvimento sustent\u00e1vel &nbsp; 1. Definir os crit\u00e9rios t\u00e9cnicos e pr\u00e1ticos das inova\u00e7\u00f5es sustent\u00e1veis da Economia Solidaria 2. Inventariar no campo as atividades inovadoras sustent\u00e1veis de economia solid\u00e1ria [&hellip;]<\/p>\n","protected":false},"author":50,"featured_media":0,"parent":0,"menu_order":0,"comment_status":"open","ping_status":"open","template":"tpl_full_page.php","meta":[],"_links":{"self":[{"href":"https:\/\/apreis.eu\/essas\/wp-json\/wp\/v2\/pages\/90"}],"collection":[{"href":"https:\/\/apreis.eu\/essas\/wp-json\/wp\/v2\/pages"}],"about":[{"href":"https:\/\/apreis.eu\/essas\/wp-json\/wp\/v2\/types\/page"}],"author":[{"embeddable":true,"href":"https:\/\/apreis.eu\/essas\/wp-json\/wp\/v2\/users\/50"}],"replies":[{"embeddable":true,"href":"https:\/\/apreis.eu\/essas\/wp-json\/wp\/v2\/comments?post=90"}],"version-history":[{"count":0,"href":"https:\/\/apreis.eu\/essas\/wp-json\/wp\/v2\/pages\/90\/revisions"}],"wp:attachment":[{"href":"https:\/\/apreis.eu\/essas\/wp-json\/wp\/v2\/media?parent=90"}],"curies":[{"name":"wp","href":"https:\/\/api.w.org\/{rel}","templated":true}]}}